{"id":6946,"date":"2025-12-28T15:24:55","date_gmt":"2025-12-28T15:24:55","guid":{"rendered":"https:\/\/bondagefurniture.eu\/?post_type=product&#038;p=6946"},"modified":"2026-01-12T11:44:39","modified_gmt":"2026-01-12T11:44:39","slug":"connecteur-coude-90-degres-bondage-furniture-kopie","status":"publish","type":"product","link":"https:\/\/bondagefurniture.eu\/fr\/produit\/connecteur-coude-90-degres-bondage-furniture-kopie\/","title":{"rendered":"Pi\u00e8ce \u00e0 \u0153illet avec deux trous de per\u00e7age | Bondage Furniture"},"content":{"rendered":"<p data-start=\"73\" data-end=\"429\">Ce connecteur permet de combiner nos tubes avec d&rsquo;autres mat\u00e9riaux de mani\u00e8re s\u00fbre et stable. Il peut \u00eatre viss\u00e9 sans effort sur des panneaux en bois ou fix\u00e9 \u00e0 des meubles existants.  Ce composant polyvalent vous ouvre de toutes nouvelles possibilit\u00e9s de conception &#8211; des adaptations individuelles aux cr\u00e9ations de meubles enti\u00e8rement nouvelles.<\/p>\n<p data-start=\"431\" data-end=\"623\">Pour l&rsquo;inspiration, des id\u00e9es de montage et des instructions pratiques \u00e9tape par \u00e9tape, nous vous recommandons nos tutoriels dans le <a href=\"https:\/\/www.bondage-furniture-magazine.com\/\" target=\"_blank\" rel=\"noopener\"><strong data-start=\"541\" data-end=\"571\">Bondage Furniture Magazine<\/strong><\/a>.<\/p>\n<p>Mat\u00e9riau : fonte<br \/>\nJusqu&rsquo;\u00e0 8 mm de taille de vis.<\/p>\n<p><span style=\"color: #ff0000;\"><strong>Le coussin n&rsquo;est pas inclus, il sert uniquement \u00e0 illustrer l&rsquo;application !<\/strong><\/span><\/p>\n","protected":false},"excerpt":{"rendered":"<p>incl. TVA sauf pour le Royaume-Uni, la Norv\u00e8ge et la Suisse<\/p>\n<p>Ce connecteur permet de combiner nos tubes avec d&rsquo;autres mat\u00e9riaux de mani\u00e8re s\u00fbre et stable. Il peut \u00eatre viss\u00e9 sans effort sur des panneaux en bois ou fix\u00e9 \u00e0 des meubles existants. <\/p>\n<p>Mat\u00e9riau : fonte<\/p>\n<p><span style=\"color: #008080;\">D\u00e9lai de livraison : 14 jours<\/span><\/p>\n<p>&nbsp;<\/p>\n","protected":false},"featured_media":6958,"template":"","meta":{"om_disable_all_campaigns":false,"_monsterinsights_skip_tracking":false,"_monsterinsights_sitenote_active":false,"_monsterinsights_sitenote_note":"","_monsterinsights_sitenote_category":0,"site-sidebar-layout":"default","site-content-layout":"","ast-site-content-layout":"default","site-content-style":"default","site-sidebar-style":"default","ast-global-header-display":"","ast-banner-title-visibility":"","ast-main-header-display":"","ast-hfb-above-header-display":"","ast-hfb-below-header-display":"","ast-hfb-mobile-header-display":"","site-post-title":"","ast-breadcrumbs-content":"","ast-featured-img":"","footer-sml-layout":"","ast-disable-related-posts":"","theme-transparent-header-meta":"default","adv-header-id-meta":"","stick-header-meta":"","header-above-stick-meta":"","header-main-stick-meta":"","header-below-stick-meta":"","astra-migrate-meta-layouts":"set","ast-page-background-enabled":"default","ast-page-background-meta":{"desktop":{"background-color":"var(--ast-global-color-4)","background-image":"","background-repeat":"repeat","background-position":"center center","background-size":"auto","background-attachment":"scroll","background-type":"","background-media":"","overlay-type":"","overlay-color":"","overlay-opacity":"","overlay-gradient":""},"tablet":{"background-color":"","background-image":"","background-repeat":"repeat","background-position":"center center","background-size":"auto","background-attachment":"scroll","background-type":"","background-media":"","overlay-type":"","overlay-color":"","overlay-opacity":"","overlay-gradient":""},"mobile":{"background-color":"","background-image":"","background-repeat":"repeat","background-position":"center center","background-size":"auto","background-attachment":"scroll","background-type":"","background-media":"","overlay-type":"","overlay-color":"","overlay-opacity":"","overlay-gradient":""}},"ast-content-background-meta":{"desktop":{"background-color":"var(--ast-global-color-5)","background-image":"","background-repeat":"repeat","background-position":"center center","background-size":"auto","background-attachment":"scroll","background-type":"","background-media":"","overlay-type":"","overlay-color":"","overlay-opacity":"","overlay-gradient":""},"tablet":{"background-color":"var(--ast-global-color-5)","background-image":"","background-repeat":"repeat","background-position":"center center","background-size":"auto","background-attachment":"scroll","background-type":"","background-media":"","overlay-type":"","overlay-color":"","overlay-opacity":"","overlay-gradient":""},"mobile":{"background-color":"var(--ast-global-color-5)","background-image":"","background-repeat":"repeat","background-position":"center center","background-size":"auto","background-attachment":"scroll","background-type":"","background-media":"","overlay-type":"","overlay-color":"","overlay-opacity":"","overlay-gradient":""}}},"product_brand":[],"product_cat":[167],"product_tag":[],"class_list":{"0":"post-6946","1":"product","2":"type-product","3":"status-publish","4":"has-post-thumbnail","6":"product_cat-composants-pour-meubles-sm","7":"desktop-align-left","8":"tablet-align-left","9":"mobile-align-left","11":"first","12":"instock","13":"taxable","14":"shipping-taxable","15":"purchasable","16":"product-type-variable"},"aioseo_notices":[],"jetpack_sharing_enabled":true,"_links":{"self":[{"href":"https:\/\/bondagefurniture.eu\/fr\/wp-json\/wp\/v2\/product\/6946","targetHints":{"allow":["GET"]}}],"collection":[{"href":"https:\/\/bondagefurniture.eu\/fr\/wp-json\/wp\/v2\/product"}],"about":[{"href":"https:\/\/bondagefurniture.eu\/fr\/wp-json\/wp\/v2\/types\/product"}],"wp:featuredmedia":[{"embeddable":true,"href":"https:\/\/bondagefurniture.eu\/fr\/wp-json\/wp\/v2\/media\/6958"}],"wp:attachment":[{"href":"https:\/\/bondagefurniture.eu\/fr\/wp-json\/wp\/v2\/media?parent=6946"}],"wp:term":[{"taxonomy":"product_brand","embeddable":true,"href":"https:\/\/bondagefurniture.eu\/fr\/wp-json\/wp\/v2\/product_brand?post=6946"},{"taxonomy":"product_cat","embeddable":true,"href":"https:\/\/bondagefurniture.eu\/fr\/wp-json\/wp\/v2\/product_cat?post=6946"},{"taxonomy":"product_tag","embeddable":true,"href":"https:\/\/bondagefurniture.eu\/fr\/wp-json\/wp\/v2\/product_tag?post=6946"}],"curies":[{"name":"wp","href":"https:\/\/api.w.org\/{rel}","templated":true}]}}