{"id":6885,"date":"2025-12-28T13:35:23","date_gmt":"2025-12-28T13:35:23","guid":{"rendered":"https:\/\/bondagefurniture.eu\/?post_type=product&#038;p=6885"},"modified":"2025-12-28T20:56:30","modified_gmt":"2025-12-28T20:56:30","slug":"set-banc-bdsm-avec-chaise-de-bondage-et-barre-decartement-bondage-furniture-kopie-2","status":"publish","type":"product","link":"https:\/\/bondagefurniture.eu\/fr\/produit\/set-banc-bdsm-avec-chaise-de-bondage-et-barre-decartement-bondage-furniture-kopie-2\/","title":{"rendered":"Ensemble &#8211; Banc BDSM avec deux coussins de si\u00e8ge Heavy Duty et chaise | Bondage Furniture"},"content":{"rendered":"<h2><strong>BDSM Banc Set <\/strong><strong>avec coussins Heavy Duty,<\/strong><\/h2>\n<h2><strong>avec chaise de bondage et barre d&rsquo;\u00e9cartement  <\/strong><\/h2>\n<p><strong>D\u00e9couvrez les nombreuses possibilit\u00e9s !<\/strong><\/p>\n<p data-start=\"129\" data-end=\"580\">Le <strong>banc BDSM avec coussins Heavy Duty est l&rsquo;un des meubles les plus polyvalents<\/strong> de notre gamme. Il ne sert pas seulement de banc classique et robuste, mais peut \u00eatre transform\u00e9 en un meuble de bondage fonctionnel en un clin d&rsquo;\u0153il. Vous profitez ainsi d&rsquo;une double utilit\u00e9 sans avoir \u00e0 \u00ab\u00a0cacher\u00a0\u00bb le meuble en permanence. Dans sa forme de base, le banc est imm\u00e9diatement pr\u00eat \u00e0 l&#8217;emploi &#8211; il suffit de fixer les attaches et c&rsquo;est parti.   <\/p>\n<p data-start=\"582\" data-end=\"955\">En <strong>combinaison avec notre chaise modulaire<\/strong>, qui offre de nombreux accessoires suppl\u00e9mentaires, <strong>les possibilit\u00e9s d&rsquo;utilisation se multiplient<\/strong> consid\u00e9rablement. Vous trouverez \u00e9galement des instructions d\u00e9taill\u00e9es, \u00e9tape par \u00e9tape, pour certains des montages et variantes les plus populaires. Vous trouverez encore plus d&rsquo;id\u00e9es, d&rsquo;extensions et d&rsquo;inspiration dans notre <a href=\"https:\/\/www.bondage-furniture-magazine.com\/\" target=\"_blank\" rel=\"noopener\"><strong data-start=\"924\" data-end=\"954\">Bondage Furniture Magazine<\/strong><\/a>.  <\/p>\n<h3 data-start=\"582\" data-end=\"955\"><strong>Ensemble de banc BDSM avec coussins Heavy Duty est l&rsquo;un des meubles les plus polyvalents<\/strong><\/h3>\n<p>En tant que set avec la <strong>chaise de bondage (set compl\u00e9mentaire)<\/strong>, il est non seulement possible d&rsquo;\u00e9carter les bras ou les jambes en continu, mais aussi de modifier la hauteur et l&rsquo;inclinaison du banc. En retournant le banc, il devient un parfait agenouilloir pour le\/la partenaire de jeu soumis(e). Ceux qui le souhaitent peuvent aussi poser le banc retourn\u00e9 directement sur un lit ou sur le sol. Ici, il y a en plus des possibilit\u00e9s passionnantes d&rsquo;utiliser le Bondage Bank (voir galerie).<\/p>\n<p>La <strong>chaise de bondage<\/strong> peut \u00eatre utilis\u00e9e comme meuble de bondage \u00e0 part enti\u00e8re, mais elle sert \u00e9galement de compl\u00e9ment \u00e0 tous nos autres meubles. Les \u00e9l\u00e9ments de la chaise ont \u00e9t\u00e9 choisis de mani\u00e8re \u00e0 vous offrir de nombreuses possibilit\u00e9s en combinaison avec le banc, le majordome ou la table. Nos <strong>instructions fournies<\/strong> vous donnent d\u00e9j\u00e0 quelques id\u00e9es de ce qui est possible. Comme nos autres meubles, la chaise ne doit pas \u00eatre enti\u00e8rement d\u00e9mont\u00e9e lorsqu&rsquo;elle n&rsquo;est pas utilis\u00e9e, mais peut \u00eatre utilis\u00e9e discr\u00e8tement comme porte-photos.<\/p>\n<p><a href=\"https:\/\/www.bondage-furniture-magazine.com\/collections\/one-bench-one-chair-set-three-attractive-options-hardly-any-conversion-required-part-1\"><img loading=\"lazy\" decoding=\"async\" class=\"wp-image-6730 alignleft\" src=\"https:\/\/bondagefurniture.eu\/wp-content\/uploads\/2025\/10\/Bondage-Furniture-Magazine-Tutorial-bdsm-moebel-bondage-furninture-shop-300x300.jpg\" alt=\"\" width=\"253\" height=\"253\" srcset=\"https:\/\/bondagefurniture.eu\/wp-content\/uploads\/2025\/10\/Bondage-Furniture-Magazine-Tutorial-bdsm-moebel-bondage-furninture-shop-300x300.jpg 300w, https:\/\/bondagefurniture.eu\/wp-content\/uploads\/2025\/10\/Bondage-Furniture-Magazine-Tutorial-bdsm-moebel-bondage-furninture-shop-1024x1024.jpg 1024w, https:\/\/bondagefurniture.eu\/wp-content\/uploads\/2025\/10\/Bondage-Furniture-Magazine-Tutorial-bdsm-moebel-bondage-furninture-shop-150x150.jpg 150w, https:\/\/bondagefurniture.eu\/wp-content\/uploads\/2025\/10\/Bondage-Furniture-Magazine-Tutorial-bdsm-moebel-bondage-furninture-shop-768x768.jpg 768w, https:\/\/bondagefurniture.eu\/wp-content\/uploads\/2025\/10\/Bondage-Furniture-Magazine-Tutorial-bdsm-moebel-bondage-furninture-shop-800x800.jpg 800w, https:\/\/bondagefurniture.eu\/wp-content\/uploads\/2025\/10\/Bondage-Furniture-Magazine-Tutorial-bdsm-moebel-bondage-furninture-shop-100x100.jpg 100w, https:\/\/bondagefurniture.eu\/wp-content\/uploads\/2025\/10\/Bondage-Furniture-Magazine-Tutorial-bdsm-moebel-bondage-furninture-shop.jpg 1080w\" sizes=\"auto, (max-width: 253px) 100vw, 253px\" \/><\/a><\/p>\n<p><strong>Un autre beau tutoriel sur la banque avec un ensemble de chaises<\/strong><\/p>\n<p>Vous ne voulez pas passer trop de temps \u00e0 visser, mais plut\u00f4t passer rapidement \u00e0 l&rsquo;action ? \ud83d\ude0f<br \/>\nDans notre tutoriel, nous vous montrons comment monter le banc en combinaison avec l&rsquo;ensemble de chaises de mani\u00e8re \u00e0 ce que vous puissiez passer de trois variantes de bondage diff\u00e9rentes sans trop de transformations.<br \/>\nPlus de tension, plus de contr\u00f4le &#8211; parfait pour des sessions intenses et excitantes \ud83d\ude08\u2764\ufe0f<\/p>\n<p><strong>Cliquez ici pour voir la vid\u00e9o : <\/strong><a href=\"https:\/\/www.bondage-furniture-magazine.com\/collections\/one-bench-one-chair-set-three-attractive-options-hardly-any-conversion-required-part-1\" target=\"_blank\" rel=\"noopener\"><strong>Lien<\/strong><\/a><\/p>\n<p>&nbsp;<\/p>\n<h4><\/h4>\n<h4><strong>Remarque sur le contenu de la livraison de nos ensembles de bancs BDSM :<\/strong><\/h4>\n<p>&nbsp;<\/p>\n<p>Les images servent d&rsquo;exemples des possibilit\u00e9s que vous offre l&rsquo;article command\u00e9. Les ensembles de liens, les barres de godes et autres accessoires ne sont pas inclus. Selon la constitution physique, il se peut que tous les exemples pr\u00e9sent\u00e9s ne puissent pas \u00eatre mis en pratique. Vous trouverez le contenu exact de la livraison dans la description ci-dessous.<br \/>\n<strong><span style=\"color: #ff0000;\">Veuillez commander les sets de menottes s\u00e9par\u00e9ment !<\/span><\/strong><\/p>\n<p><strong>Contenu de la livraison Banc BDSM :<br \/>\n<\/strong><\/p>\n<p>8x tubes de diff\u00e9rentes longueurs<br \/>\n4x raccords en croix avec trou (en fonte et test\u00e9s par le T\u00dcV)<br \/>\n1x cl\u00e9 Allen adapt\u00e9e<br \/>\n8 bouchons de tubes en plastique<br \/>\n2 coussins Heavy Duty en similicuir,<br \/>\nInstructions (aussi pour les variantes)2 coussins de si\u00e8ge en similicuir, y compris Cl\u00e9 Allen.<\/p>\n<p><strong>Contenu de la livraison : chaise de bondage :<br \/>\n<\/strong><\/p>\n<p>10x Tubes de diff\u00e9rentes longueurs<br \/>\n6x Raccords en croix (en fonte et test\u00e9s par le T\u00dcV)<br \/>\n2x Raccords en T (en fonte et test\u00e9s par le T\u00dcV)<br \/>\n1x Cl\u00e9 Allen adapt\u00e9e<br \/>\n18 Bouchons de tubes en plastique<br \/>\n4 \u00e9crous en \u00e9toile (mont\u00e9s)<br \/>\nInstructions (\u00e9galement pour les variantes)<\/p>\n<p>+ <strong>barre d&rsquo;\u00e9cartement avec deux connecteurs rapides doubles<\/strong><\/p>\n<p><strong>Variantes possibles <\/strong>(les deux meubles sont envoy\u00e9s avec la m\u00eame s\u00e9lection) :<\/p>\n<p><strong>Variante tubes :<\/strong> laqu\u00e9 noir, aluminium argent\u00e9 ou acier galvanis\u00e9 argent\u00e9<br \/>\n<strong>Variante connecteur :<\/strong> argent galvanis\u00e9 ou laqu\u00e9 noir<br \/>\n<strong>Variante connecteur transversal :<\/strong> couleur comme les autres tubes, bois de h\u00eatre<br \/>\n<strong>Barre d&rsquo;\u00e9cartement :<\/strong> aluminium ou bois de h\u00eatre<\/p>\n<p><strong>Veuillez imp\u00e9rativement respecter nos <a href=\"https:\/\/bondagefurniture.eu\/fr\/consignes-de-securite\/\">consignes de s\u00e9curit\u00e9 pour l&rsquo;utilisation des meubles de bondage<\/a>!<\/strong><\/p>\n<p><strong>Type : Kit<br \/>\n<\/strong>Nos produits sont des kits. Avec les \u00e9l\u00e9ments que nous fournissons, vous pouvez construire les variantes les plus diverses du meuble de bondage. Mais chaque meuble peut \u00e9galement \u00eatre compos\u00e9 d&rsquo;au moins une variante pour en faire un objet d&rsquo;usage quotidien.<br \/>\nLes suggestions que nous vous fournissons ne sont donn\u00e9es qu&rsquo;\u00e0 titre indicatif. Comme il s&rsquo;agit d&rsquo;un kit qui peut varier \u00e0 volont\u00e9, nous ne pouvons pas \u00eatre tenus responsables d&rsquo;une mauvaise utilisation des meubles.<\/p>\n","protected":false},"excerpt":{"rendered":"<p>incl. TVA sauf pour le Royaume-Uni, la Norv\u00e8ge et la Suisse<\/p>\n<p data-start=\"129\" data-end=\"580\">Le <strong>banc BDSM avec coussins Heavy Duty est l&rsquo;un des meubles les plus polyvalents<\/strong> de notre gamme. Il ne sert pas seulement de banc classique et robuste, mais peut \u00eatre transform\u00e9 en un meuble de bondage fonctionnel en un clin d&rsquo;\u0153il. Vous profitez ainsi d&rsquo;une double utilit\u00e9 sans avoir \u00e0 \u00ab\u00a0cacher\u00a0\u00bb le meuble en permanence. Dans sa forme de base, le banc est imm\u00e9diatement pr\u00eat \u00e0 l&#8217;emploi &#8211; il suffit de fixer les attaches et c&rsquo;est parti.   <\/p>\n<p data-start=\"582\" data-end=\"955\">En <strong>combinaison avec notre chaise modulaire<\/strong>, qui offre de nombreux accessoires suppl\u00e9mentaires, <strong>les possibilit\u00e9s d&rsquo;utilisation se multiplient<\/strong> consid\u00e9rablement. Vous trouverez \u00e9galement des instructions d\u00e9taill\u00e9es, \u00e9tape par \u00e9tape, pour certains des montages et variantes les plus populaires. Vous trouverez encore plus d&rsquo;id\u00e9es, d&rsquo;extensions et d&rsquo;inspiration dans notre <a href=\"https:\/\/www.bondage-furniture-magazine.com\/\" target=\"_blank\" rel=\"noopener\"><strong data-start=\"924\" data-end=\"954\">Bondage Furniture Magazine<\/strong><\/a>.  <\/p>\n<p><span style=\"color: #025877;\">D\u00e9lai de livraison : 14 jours<\/span><\/p>\n","protected":false},"featured_media":6939,"template":"","meta":{"om_disable_all_campaigns":false,"_monsterinsights_skip_tracking":false,"_monsterinsights_sitenote_active":false,"_monsterinsights_sitenote_note":"","_monsterinsights_sitenote_category":0,"site-sidebar-layout":"default","site-content-layout":"","ast-site-content-layout":"default","site-content-style":"default","site-sidebar-style":"default","ast-global-header-display":"","ast-banner-title-visibility":"","ast-main-header-display":"","ast-hfb-above-header-display":"","ast-hfb-below-header-display":"","ast-hfb-mobile-header-display":"","site-post-title":"","ast-breadcrumbs-content":"","ast-featured-img":"","footer-sml-layout":"","ast-disable-related-posts":"","theme-transparent-header-meta":"default","adv-header-id-meta":"","stick-header-meta":"","header-above-stick-meta":"","header-main-stick-meta":"","header-below-stick-meta":"","astra-migrate-meta-layouts":"set","ast-page-background-enabled":"default","ast-page-background-meta":{"desktop":{"background-color":"var(--ast-global-color-4)","background-image":"","background-repeat":"repeat","background-position":"center center","background-size":"auto","background-attachment":"scroll","background-type":"","background-media":"","overlay-type":"","overlay-color":"","overlay-opacity":"","overlay-gradient":""},"tablet":{"background-color":"","background-image":"","background-repeat":"repeat","background-position":"center center","background-size":"auto","background-attachment":"scroll","background-type":"","background-media":"","overlay-type":"","overlay-color":"","overlay-opacity":"","overlay-gradient":""},"mobile":{"background-color":"","background-image":"","background-repeat":"repeat","background-position":"center center","background-size":"auto","background-attachment":"scroll","background-type":"","background-media":"","overlay-type":"","overlay-color":"","overlay-opacity":"","overlay-gradient":""}},"ast-content-background-meta":{"desktop":{"background-color":"var(--ast-global-color-5)","background-image":"","background-repeat":"repeat","background-position":"center center","background-size":"auto","background-attachment":"scroll","background-type":"","background-media":"","overlay-type":"","overlay-color":"","overlay-opacity":"","overlay-gradient":""},"tablet":{"background-color":"var(--ast-global-color-5)","background-image":"","background-repeat":"repeat","background-position":"center center","background-size":"auto","background-attachment":"scroll","background-type":"","background-media":"","overlay-type":"","overlay-color":"","overlay-opacity":"","overlay-gradient":""},"mobile":{"background-color":"var(--ast-global-color-5)","background-image":"","background-repeat":"repeat","background-position":"center center","background-size":"auto","background-attachment":"scroll","background-type":"","background-media":"","overlay-type":"","overlay-color":"","overlay-opacity":"","overlay-gradient":""}}},"product_brand":[],"product_cat":[123,160,172,56],"product_tag":[103,104,91,88,92,89,85,344,105],"class_list":{"0":"post-6885","1":"product","2":"type-product","3":"status-publish","4":"has-post-thumbnail","6":"product_cat-banque-bdsm","7":"product_cat-meubles-bdsm","8":"product_cat-meubles-sm","9":"product_cat-sets-de-meubles-sm","10":"product_tag-banque-bdsm","11":"product_tag-banque-de-bondage","12":"product_tag-meubles-bdsm","13":"product_tag-meubles-damour","14":"product_tag-meubles-de-bondage","15":"product_tag-meubles-erotiques","16":"product_tag-meubles-sm","17":"product_tag-oreiller-heavy-duty","18":"product_tag-sm-genouillere","19":"desktop-align-left","20":"tablet-align-left","21":"mobile-align-left","23":"first","24":"instock","25":"taxable","26":"shipping-taxable","27":"purchasable","28":"product-type-variable"},"aioseo_notices":[],"jetpack_sharing_enabled":true,"_links":{"self":[{"href":"https:\/\/bondagefurniture.eu\/fr\/wp-json\/wp\/v2\/product\/6885","targetHints":{"allow":["GET"]}}],"collection":[{"href":"https:\/\/bondagefurniture.eu\/fr\/wp-json\/wp\/v2\/product"}],"about":[{"href":"https:\/\/bondagefurniture.eu\/fr\/wp-json\/wp\/v2\/types\/product"}],"wp:featuredmedia":[{"embeddable":true,"href":"https:\/\/bondagefurniture.eu\/fr\/wp-json\/wp\/v2\/media\/6939"}],"wp:attachment":[{"href":"https:\/\/bondagefurniture.eu\/fr\/wp-json\/wp\/v2\/media?parent=6885"}],"wp:term":[{"taxonomy":"product_brand","embeddable":true,"href":"https:\/\/bondagefurniture.eu\/fr\/wp-json\/wp\/v2\/product_brand?post=6885"},{"taxonomy":"product_cat","embeddable":true,"href":"https:\/\/bondagefurniture.eu\/fr\/wp-json\/wp\/v2\/product_cat?post=6885"},{"taxonomy":"product_tag","embeddable":true,"href":"https:\/\/bondagefurniture.eu\/fr\/wp-json\/wp\/v2\/product_tag?post=6885"}],"curies":[{"name":"wp","href":"https:\/\/api.w.org\/{rel}","templated":true}]}}