{"id":6790,"date":"2025-12-07T12:45:36","date_gmt":"2025-12-07T12:45:36","guid":{"rendered":"https:\/\/bondagefurniture.eu\/?post_type=product&#038;p=6790"},"modified":"2025-12-07T13:11:06","modified_gmt":"2025-12-07T13:11:06","slug":"banc-de-bondage-avec-deux-coussins-dassise-bondage-furniture-kopie","status":"publish","type":"product","link":"https:\/\/bondagefurniture.eu\/fr\/produit\/banc-de-bondage-avec-deux-coussins-dassise-bondage-furniture-kopie\/","title":{"rendered":"Banc de bondage avec deux coussins de si\u00e8ge Heavy Duty | Bondage Furniture"},"content":{"rendered":"<h2 data-start=\"210\" data-end=\"321\"><strong data-start=\"213\" data-end=\"321\">Banc de bondage avec coussins Heavy Duty &#8211; Le meuble BDSM ultime et extensible pour les sessions les plus exigeantes<\/strong><\/h2>\n<p data-start=\"323\" data-end=\"710\">Avec notre banc de bondage r\u00e9nov\u00e9, y compris le tout nouveau coussin Heavy Duty, nous pr\u00e9sentons l&rsquo;un des meubles BDSM les plus polyvalents et les plus sophistiqu\u00e9s que notre gamme ait jamais produit. Cette combinaison a \u00e9t\u00e9 sp\u00e9cialement con\u00e7ue pour les couples et les sessions exigeants qui appr\u00e9cient une stabilit\u00e9 maximale, une utilisation flexible et des options de bondage raffin\u00e9es. <\/p>\n<h3 data-start=\"712\" data-end=\"762\"><strong data-start=\"716\" data-end=\"762\">Discret au quotidien &#8211; intransigeant dans le jeu<\/strong><\/h3>\n<p data-start=\"763\" data-end=\"1086\">Dans sa forme de base, le banc ressemble \u00e0 un meuble haut de gamme et discret. Mais en un tour de main, il se transforme en un outil de bondage complet qui r\u00e9pond \u00e0 tous les besoins. Les points d&rsquo;attache se fixent rapidement, de sorte que le banc est imm\u00e9diatement pr\u00eat \u00e0 l&#8217;emploi, sans qu&rsquo;il soit n\u00e9cessaire de le pr\u00e9parer ou de l&rsquo;installer.  <\/p>\n<h3 data-start=\"1088\" data-end=\"1124\"><strong data-start=\"1092\" data-end=\"1124\">Options de bondage polyvalentes<\/strong><\/h3>\n<p data-start=\"1125\" data-end=\"1336\">Le banc peut \u00eatre utilis\u00e9 seul ou, en combinaison avec la chaise de bondage (vendue s\u00e9par\u00e9ment), il peut \u00eatre transform\u00e9 en un syst\u00e8me de bondage extr\u00eamement variable. Cela ouvre la voie \u00e0 des positions de jeu presque infinies : <\/p>\n<ul data-start=\"1338\" data-end=\"1758\">\n<li data-start=\"1338\" data-end=\"1437\">\n<p data-start=\"1340\" data-end=\"1437\"><strong data-start=\"1340\" data-end=\"1385\">\u00c9cartement progressif des bras et des jambes<\/strong> pour une fixation contr\u00f4l\u00e9e et personnalis\u00e9e<\/p>\n<\/li>\n<li data-start=\"1438\" data-end=\"1553\">\n<p data-start=\"1440\" data-end=\"1553\"><strong data-start=\"1440\" data-end=\"1485\">R\u00e9glage flexible de la hauteur et de l&rsquo;inclinaison<\/strong>, id\u00e9al pour diff\u00e9rents partenaires de jeu, sc\u00e9narios et pr\u00e9f\u00e9rences<\/p>\n<\/li>\n<li data-start=\"1554\" data-end=\"1673\">\n<p data-start=\"1556\" data-end=\"1673\"><strong data-start=\"1556\" data-end=\"1603\">Utilisation r\u00e9versible comme agenouilloir confortable<\/strong>, parfait pour les sessions o\u00f9 le d\u00e9vot est au centre de l&rsquo;attention.<\/p>\n<\/li>\n<li data-start=\"1674\" data-end=\"1758\">\n<p data-start=\"1676\" data-end=\"1758\"><strong data-start=\"1676\" data-end=\"1711\">Placement sur le lit ou au sol<\/strong> pour de nouvelles variantes de jeu particuli\u00e8rement intenses<\/p>\n<\/li>\n<\/ul>\n<p data-start=\"1760\" data-end=\"1904\">Notre galerie pr\u00e9sente de nombreuses autres applications cr\u00e9atives, des positions de contr\u00f4le classiques aux sc\u00e9narios les plus originaux.<\/p>\n<hr data-start=\"1906\" data-end=\"1909\">\n<h1 data-start=\"1911\" data-end=\"1987\"><strong data-start=\"1913\" data-end=\"1987\">Le nouveau coussin Heavy Duty &#8211; R\u00e9sistance maximale, libert\u00e9 maximale<\/strong><\/h1>\n<p data-start=\"1989\" data-end=\"2211\">Avec le coussin Heavy Duty, le Bondage Bank re\u00e7oit une mise \u00e0 jour qui le porte \u00e0 un niveau sup\u00e9rieur. Longtemps attendu et r\u00e9solument con\u00e7u pour une utilisation extr\u00eame, ce coussin est un v\u00e9ritable gamechanger dans le domaine du BDSM. <\/p>\n<h3 data-start=\"2213\" data-end=\"2262\"><strong data-start=\"2217\" data-end=\"2262\">Robuste, r\u00e9sistant et totalement fiable<\/strong><\/h3>\n<p data-start=\"2263\" data-end=\"2494\">Le coussin convient aux <strong data-start=\"2282\" data-end=\"2315\">personnes de toutes les cat\u00e9gories de poids<\/strong> et r\u00e9siste avec brio aux sessions les plus intenses. Qu&rsquo;il s&rsquo;agisse de mouvements dynamiques ou de charges statiques, l&rsquo;oreiller Heavy Duty reste stable, s\u00fbr et fid\u00e8le \u00e0 sa forme. <\/p>\n<h3 data-start=\"2496\" data-end=\"2538\"><strong data-start=\"2500\" data-end=\"2538\">Pens\u00e9 dans les moindres d\u00e9tails<\/strong><\/h3>\n<ul data-start=\"2539\" data-end=\"2780\">\n<li data-start=\"2539\" data-end=\"2629\">\n<p data-start=\"2541\" data-end=\"2629\"><strong data-start=\"2541\" data-end=\"2570\">Pas de vissage n\u00e9cessaire<\/strong> &#8211; le coussin est simplement plac\u00e9 entre deux tubes<\/p>\n<\/li>\n<li data-start=\"2630\" data-end=\"2694\">\n<p data-start=\"2632\" data-end=\"2694\"><strong data-start=\"2632\" data-end=\"2692\">Une conception sp\u00e9ciale emp\u00eache le glissement lat\u00e9ral<\/strong><\/p>\n<\/li>\n<li data-start=\"2695\" data-end=\"2780\">\n<p data-start=\"2697\" data-end=\"2780\"><strong data-start=\"2697\" data-end=\"2732\">Mat\u00e9riaux solides et durables<\/strong>, id\u00e9aux pour une utilisation fr\u00e9quente et exigeante<\/p>\n<\/li>\n<\/ul>\n<h3 data-start=\"2782\" data-end=\"2827\"><strong data-start=\"2786\" data-end=\"2827\">Extensible gr\u00e2ce aux filetages int\u00e9gr\u00e9s<\/strong><\/h3>\n<p data-start=\"2828\" data-end=\"2960\">Quatre filets soigneusement int\u00e9gr\u00e9s font de ce coussin un \u00e9l\u00e9ment modulable au sein de notre syst\u00e8me de mobilier de bondage.<\/p>\n<p data-start=\"2962\" data-end=\"3057\">Nos connecteurs rapides permettent de monter en toute s\u00e9curit\u00e9 des tubes transversaux suppl\u00e9mentaires &#8211; parfaits pour :<\/p>\n<ul data-start=\"3059\" data-end=\"3182\">\n<li data-start=\"3059\" data-end=\"3091\">\n<p data-start=\"3061\" data-end=\"3091\">points de fixation suppl\u00e9mentaires<\/p>\n<\/li>\n<li data-start=\"3092\" data-end=\"3130\">\n<p data-start=\"3094\" data-end=\"3130\">options de positionnement avanc\u00e9es<\/p>\n<\/li>\n<li data-start=\"3131\" data-end=\"3182\">\n<p data-start=\"3133\" data-end=\"3182\">le montage d&rsquo;accessoires ou d&rsquo;autres \u00e9quipements<\/p>\n<\/li>\n<\/ul>\n<p data-start=\"3184\" data-end=\"3277\">Ainsi, le Bondage Bank \u00e9volue avec vos fantasmes et peut \u00eatre reconfigur\u00e9 \u00e0 l&rsquo;infini.<\/p>\n<hr data-start=\"3279\" data-end=\"3282\">\n<h2 data-start=\"3284\" data-end=\"3327\"><strong data-start=\"3287\" data-end=\"3327\">Conclusion : un meuble qui en fait plus<\/strong><\/h2>\n<p data-start=\"3328\" data-end=\"3627\">La combinaison du banc de bondage et du coussin Heavy Duty allie confort, stabilit\u00e9 et une surprenante polyvalence. Que ce soit pour les d\u00e9butants, les couples Dom\/Sub avanc\u00e9s ou les joueurs BDSM exp\u00e9riment\u00e9s, ce meuble s&rsquo;adapte \u00e0 toutes les sessions et invite \u00e0 de nouvelles exp\u00e9riences. <\/p>\n<p data-start=\"3629\" data-end=\"3799\">Et le meilleur : dans notre magazine Bondage Furniture, nous pr\u00e9sentons r\u00e9guli\u00e8rement de nouvelles id\u00e9es, des montages et des inspirations pour vous permettre de tirer encore plus de votre banc.<\/p>\n<p>&nbsp;<\/p>\n<h3><strong>Remarque sur la livraison de notre banc de bondage :<\/strong><\/h3>\n<p>Les images servent d&rsquo;exemples des possibilit\u00e9s que vous offre l&rsquo;article command\u00e9. Les ensembles de liens, les barres de godes et autres accessoires ne sont pas inclus. Selon la constitution physique, il se peut que tous les exemples pr\u00e9sent\u00e9s ne puissent pas \u00eatre mis en pratique. Vous trouverez le contenu exact de la livraison dans la description ci-dessous.<br \/>\n<strong><span style=\"color: #ff0000;\">Veuillez commander les sets de menottes s\u00e9par\u00e9ment !<\/span><\/strong><\/p>\n<p><strong>Contenu de la livraison Bondage Bank :<br \/>\n<\/strong><\/p>\n<p>8x tubes de diff\u00e9rentes longueurs<br \/>\n4x raccords crois\u00e9s avec trou (en fonte et test\u00e9s par le T\u00dcV)<br \/>\n1x cl\u00e9 Allen adapt\u00e9e<br \/>\n8 bouchons de tubes en plastique<br \/>\n2x coussin d&rsquo;assise Heavy Duty en similicuir, sans raccords rapides ni tubes crois\u00e9s,<br \/>\n<strong>Peut \u00eatre command\u00e9 ici en suppl\u00e9ment : <a href=\"https:\/\/bondagefurniture.eu\/fr\/produkt\/coussin-universel-resistant-et-polyvalent-bondage-furniture\/\">raccord rapide adapt\u00e9 avec tube transversal<\/a><\/strong><br \/>\ny compris cl\u00e9 Allen.<br \/>\nInstructions (\u00e9galement pour les variantes) <\/p>\n<p><strong>Dimensions : <\/strong>50cm x 40cm x 106cm<\/p>\n<p><strong>Variantes possibles<\/strong>:<\/p>\n<p><strong>Variante Tubes :<\/strong> laqu\u00e9 noir, acier galvanis\u00e9 argent\u00e9<br \/>\n<strong>Variante connecteur :<\/strong> argent galvanis\u00e9 ou laqu\u00e9 noir<br \/>\n<strong>Variante connecteur transversal :<\/strong> couleur comme les autres tubes, bois de h\u00eatre<\/p>\n<p><strong>Veuillez imp\u00e9rativement respecter nos <a href=\"https:\/\/bondagefurniture.eu\/fr\/consignes-de-securite\/\">consignes de s\u00e9curit\u00e9 pour l&rsquo;utilisation des meubles de bondage<\/a>!<\/strong><\/p>\n<p><strong>Type : Kit<br \/>\n<\/strong>Nos produits sont des kits. Avec les \u00e9l\u00e9ments que nous fournissons, vous pouvez construire les variantes les plus diverses du meuble de bondage. Mais chaque meuble peut \u00e9galement \u00eatre compos\u00e9 d&rsquo;au moins une variante pour en faire un objet d&rsquo;usage quotidien.<br \/>\nLes suggestions que nous vous fournissons ne sont donn\u00e9es qu&rsquo;\u00e0 titre indicatif. Comme il s&rsquo;agit d&rsquo;un kit qui peut varier \u00e0 volont\u00e9, nous ne pouvons pas \u00eatre tenus responsables d&rsquo;une mauvaise utilisation des meubles.<\/p>\n","protected":false},"excerpt":{"rendered":"<p>incl. TVA sauf pour le Royaume-Uni, la Norv\u00e8ge et la Suisse<\/p>\n<p>Le banc BDSM avec coussin Heavy Duty est l&rsquo;un des meubles les plus polyvalents de notre gamme. Il ne sert pas seulement de banc classique robuste, mais peut \u00eatre transform\u00e9 en un meuble de bondage fonctionnel en un clin d&rsquo;\u0153il. Vous profitez ainsi d&rsquo;une double utilit\u00e9 sans avoir \u00e0 \u00ab\u00a0cacher\u00a0\u00bb le meuble en permanence. Dans sa forme de base, le banc est imm\u00e9diatement pr\u00eat \u00e0 l&#8217;emploi &#8211; il suffit d&rsquo;attacher les attaches et c&rsquo;est parti.   <\/p>\n<p><strong>Attention ! Veuillez commander les \u0153illets ou les attaches s\u00e9par\u00e9ment !<\/strong><\/p>\n<p><span style=\"color: #025877;\">D\u00e9lai de livraison : 14 jours<\/span><\/p>\n","protected":false},"featured_media":6824,"template":"","meta":{"om_disable_all_campaigns":false,"_monsterinsights_skip_tracking":false,"_monsterinsights_sitenote_active":false,"_monsterinsights_sitenote_note":"","_monsterinsights_sitenote_category":0,"site-sidebar-layout":"default","site-content-layout":"","ast-site-content-layout":"default","site-content-style":"default","site-sidebar-style":"default","ast-global-header-display":"","ast-banner-title-visibility":"","ast-main-header-display":"","ast-hfb-above-header-display":"","ast-hfb-below-header-display":"","ast-hfb-mobile-header-display":"","site-post-title":"","ast-breadcrumbs-content":"","ast-featured-img":"","footer-sml-layout":"","ast-disable-related-posts":"","theme-transparent-header-meta":"default","adv-header-id-meta":"","stick-header-meta":"","header-above-stick-meta":"","header-main-stick-meta":"","header-below-stick-meta":"","astra-migrate-meta-layouts":"set","ast-page-background-enabled":"default","ast-page-background-meta":{"desktop":{"background-color":"var(--ast-global-color-4)","background-image":"","background-repeat":"repeat","background-position":"center center","background-size":"auto","background-attachment":"scroll","background-type":"","background-media":"","overlay-type":"","overlay-color":"","overlay-opacity":"","overlay-gradient":""},"tablet":{"background-color":"","background-image":"","background-repeat":"repeat","background-position":"center center","background-size":"auto","background-attachment":"scroll","background-type":"","background-media":"","overlay-type":"","overlay-color":"","overlay-opacity":"","overlay-gradient":""},"mobile":{"background-color":"","background-image":"","background-repeat":"repeat","background-position":"center center","background-size":"auto","background-attachment":"scroll","background-type":"","background-media":"","overlay-type":"","overlay-color":"","overlay-opacity":"","overlay-gradient":""}},"ast-content-background-meta":{"desktop":{"background-color":"var(--ast-global-color-5)","background-image":"","background-repeat":"repeat","background-position":"center center","background-size":"auto","background-attachment":"scroll","background-type":"","background-media":"","overlay-type":"","overlay-color":"","overlay-opacity":"","overlay-gradient":""},"tablet":{"background-color":"var(--ast-global-color-5)","background-image":"","background-repeat":"repeat","background-position":"center center","background-size":"auto","background-attachment":"scroll","background-type":"","background-media":"","overlay-type":"","overlay-color":"","overlay-opacity":"","overlay-gradient":""},"mobile":{"background-color":"var(--ast-global-color-5)","background-image":"","background-repeat":"repeat","background-position":"center center","background-size":"auto","background-attachment":"scroll","background-type":"","background-media":"","overlay-type":"","overlay-color":"","overlay-opacity":"","overlay-gradient":""}}},"product_brand":[],"product_cat":[123,160,172,57],"product_tag":[103,104,91,88,92,89,85,105],"class_list":{"0":"post-6790","1":"product","2":"type-product","3":"status-publish","4":"has-post-thumbnail","6":"product_cat-banque-bdsm","7":"product_cat-meubles-bdsm","8":"product_cat-meubles-sm","9":"product_cat-nouveautes","10":"product_tag-banque-bdsm","11":"product_tag-banque-de-bondage","12":"product_tag-meubles-bdsm","13":"product_tag-meubles-damour","14":"product_tag-meubles-de-bondage","15":"product_tag-meubles-erotiques","16":"product_tag-meubles-sm","17":"product_tag-sm-genouillere","18":"desktop-align-left","19":"tablet-align-left","20":"mobile-align-left","22":"first","23":"instock","24":"taxable","25":"shipping-taxable","26":"purchasable","27":"product-type-variable"},"aioseo_notices":[],"jetpack_sharing_enabled":true,"_links":{"self":[{"href":"https:\/\/bondagefurniture.eu\/fr\/wp-json\/wp\/v2\/product\/6790","targetHints":{"allow":["GET"]}}],"collection":[{"href":"https:\/\/bondagefurniture.eu\/fr\/wp-json\/wp\/v2\/product"}],"about":[{"href":"https:\/\/bondagefurniture.eu\/fr\/wp-json\/wp\/v2\/types\/product"}],"wp:featuredmedia":[{"embeddable":true,"href":"https:\/\/bondagefurniture.eu\/fr\/wp-json\/wp\/v2\/media\/6824"}],"wp:attachment":[{"href":"https:\/\/bondagefurniture.eu\/fr\/wp-json\/wp\/v2\/media?parent=6790"}],"wp:term":[{"taxonomy":"product_brand","embeddable":true,"href":"https:\/\/bondagefurniture.eu\/fr\/wp-json\/wp\/v2\/product_brand?post=6790"},{"taxonomy":"product_cat","embeddable":true,"href":"https:\/\/bondagefurniture.eu\/fr\/wp-json\/wp\/v2\/product_cat?post=6790"},{"taxonomy":"product_tag","embeddable":true,"href":"https:\/\/bondagefurniture.eu\/fr\/wp-json\/wp\/v2\/product_tag?post=6790"}],"curies":[{"name":"wp","href":"https:\/\/api.w.org\/{rel}","templated":true}]}}