{"id":6604,"date":"2025-09-24T10:07:14","date_gmt":"2025-09-24T10:07:14","guid":{"rendered":"https:\/\/bondagefurniture.eu\/product\/composant-de-roue-a-rayons-pour-notre-mobilier-bdsm-bondage-furniture\/"},"modified":"2025-09-30T17:34:25","modified_gmt":"2025-09-30T17:34:25","slug":"composant-de-roue-a-rayons-pour-notre-mobilier-bdsm-bondage-furniture","status":"publish","type":"product","link":"https:\/\/bondagefurniture.eu\/fr\/produit\/composant-de-roue-a-rayons-pour-notre-mobilier-bdsm-bondage-furniture\/","title":{"rendered":"Composant de roue \u00e0 rayons pour notre mobilier BDSM | Bondage Furniture"},"content":{"rendered":"<h2 data-start=\"102\" data-end=\"166\"><strong data-start=\"102\" data-end=\"164\">Roue pivotante \u00e0 rayons &#8211; pour des constructions de bondage passionnantes<\/strong><\/h2>\n<p data-start=\"168\" data-end=\"565\">Notre <strong data-start=\"174\" data-end=\"193\">roue \u00e0 rayons<\/strong> est plus qu&rsquo;un simple composant technique &#8211; c&rsquo;est la cl\u00e9 de nouvelles possibilit\u00e9s excitantes dans votre <strong>configuration de bondage<\/strong>. Il vous permet de tendre des cordes ou des cha\u00eenes au millim\u00e8tre pr\u00e8s et de contr\u00f4ler ainsi parfaitement l&rsquo;intensit\u00e9 de vos s\u00e9ances. Que ce soit pour la construction d&rsquo;un banc d&rsquo;\u00e9tirement ou d&rsquo;autres constructions passionnantes, cette roue vous ouvre de toutes nouvelles voies. <\/p>\n<hr data-start=\"567\" data-end=\"570\">\n<h3 data-start=\"572\" data-end=\"605\"><strong data-start=\"576\" data-end=\"603\">Pr\u00e9cision et contr\u00f4le  <\/strong><\/h3>\n<p data-start=\"606\" data-end=\"887\">La <strong>roue \u00e0 rayons<\/strong> permet d&rsquo;ajuster la tension avec pr\u00e9cision &#8211; en commen\u00e7ant doucement ou en augmentant intens\u00e9ment. Le mouvement r\u00e9gulier procure des sensations contr\u00f4l\u00e9es et croissantes qui conviennent aussi bien \u00e0 une pratique ludique qu&rsquo;\u00e0 une pratique plus exigeante du bondage. <\/p>\n<hr data-start=\"889\" data-end=\"892\">\n<h3 data-start=\"894\" data-end=\"923\"><strong data-start=\"898\" data-end=\"921\">Flexibilit\u00e9 d&rsquo;utilisation<\/strong><\/h3>\n<p data-start=\"924\" data-end=\"1313\">Combinez-le avec vos meubles existants ou cr\u00e9ez une pi\u00e8ce enti\u00e8rement nouvelle &#8211; l&rsquo;imagination n&rsquo;a pas de limite.<\/p>\n<p data-start=\"924\" data-end=\"1313\">Dans notre <a href=\"https:\/\/www.bondage-furniture-magazine.com\/collections\" target=\"_blank\" rel=\"noopener\"><br \/>\n  <strong data-start=\"1168\" data-end=\"1198\">Bondage Furniture Magazine<\/strong><br \/>\n<\/a> vous trouverez de nombreuses id\u00e9es et inspirations sur la fa\u00e7on d&rsquo;int\u00e9grer ce composant dans vos constructions.<\/p>\n<p data-start=\"924\" data-end=\"1313\"><strong>Contenu de la livraison :<br \/>\n<\/strong>2x connecteur en croix<br \/>\n2x bague de r\u00e9glage<br \/>\n1x roue pivotante \u00e0 rayons<br \/>\n1x axe 8o cm<br \/>\n1x support d&rsquo;axe avec mousqueton<\/p>\n<hr data-start=\"1315\" data-end=\"1318\">\n<h3 data-start=\"1320\" data-end=\"1358\"><strong data-start=\"1324\" data-end=\"1356\">S\u00e9curit\u00e9 et responsabilit\u00e9<\/strong><\/h3>\n<p data-start=\"1359\" data-end=\"1692\">Le bondage repose sur la confiance et l&rsquo;attention. Veuillez lire nos r\u00e8gles de s\u00e9curit\u00e9 avant de l&rsquo;utiliser afin de garantir une exp\u00e9rience s\u00fbre et agr\u00e9able. Utilis\u00e9e correctement, la roue \u00e0 rayons apporte <strong data-start=\"1564\" data-end=\"1607\">des sensations de bondage intenses et excitantes<\/strong> qui \u00e9l\u00e8vent vos sessions \u00e0 un nouveau niveau &#8211; excitant, s\u00fbr et inoubliable.  <\/p>\n","protected":false},"excerpt":{"rendered":"<p>incl. TVA sauf pour le Royaume-Uni, la Norv\u00e8ge et la Suisse<\/p>\n<h2 data-start=\"102\" data-end=\"166\"><strong data-start=\"102\" data-end=\"164\">Roue pivotante \u00e0 rayons &#8211; pour des constructions de bondage passionnantes<\/strong><\/h2>\n<p data-start=\"168\" data-end=\"565\">Notre <strong data-start=\"174\" data-end=\"193\">roue \u00e0 rayons<\/strong> est plus qu&rsquo;un simple composant technique &#8211; c&rsquo;est la cl\u00e9 de nouvelles possibilit\u00e9s excitantes dans votre <strong>configuration de bondage<\/strong>. Il vous permet de tendre des cordes ou des cha\u00eenes au millim\u00e8tre pr\u00e8s et de contr\u00f4ler ainsi parfaitement l&rsquo;intensit\u00e9 de vos s\u00e9ances. Que ce soit pour la construction d&rsquo;un banc d&rsquo;\u00e9tirement ou d&rsquo;autres constructions passionnantes, cette roue vous ouvre de toutes nouvelles voies. <\/p>\n<p data-start=\"168\" data-end=\"565\"><strong>Contenu de la livraison :<br \/>\n<\/strong>2x connecteur en croix<br \/>\n2x bague de r\u00e9glage<br \/>\n1x roue pivotante \u00e0 rayons<br \/>\n1x axe 8o cm<br \/>\n1x support d&rsquo;axe avec mousqueton<\/p>\n<p data-start=\"168\" data-end=\"565\"><span style=\"color: #003366;\">D\u00e9lai de livraison : 14 jours<\/span><\/p>\n","protected":false},"featured_media":6596,"template":"","meta":{"om_disable_all_campaigns":false,"_monsterinsights_skip_tracking":false,"_monsterinsights_sitenote_active":false,"_monsterinsights_sitenote_note":"","_monsterinsights_sitenote_category":0,"site-sidebar-layout":"default","site-content-layout":"","ast-site-content-layout":"default","site-content-style":"default","site-sidebar-style":"default","ast-global-header-display":"","ast-banner-title-visibility":"","ast-main-header-display":"","ast-hfb-above-header-display":"","ast-hfb-below-header-display":"","ast-hfb-mobile-header-display":"","site-post-title":"","ast-breadcrumbs-content":"","ast-featured-img":"","footer-sml-layout":"","ast-disable-related-posts":"","theme-transparent-header-meta":"default","adv-header-id-meta":"","stick-header-meta":"","header-above-stick-meta":"","header-main-stick-meta":"","header-below-stick-meta":"","astra-migrate-meta-layouts":"default","ast-page-background-enabled":"default","ast-page-background-meta":{"desktop":{"background-color":"var(--ast-global-color-4)","background-image":"","background-repeat":"repeat","background-position":"center center","background-size":"auto","background-attachment":"scroll","background-type":"","background-media":"","overlay-type":"","overlay-color":"","overlay-opacity":"","overlay-gradient":""},"tablet":{"background-color":"","background-image":"","background-repeat":"repeat","background-position":"center center","background-size":"auto","background-attachment":"scroll","background-type":"","background-media":"","overlay-type":"","overlay-color":"","overlay-opacity":"","overlay-gradient":""},"mobile":{"background-color":"","background-image":"","background-repeat":"repeat","background-position":"center center","background-size":"auto","background-attachment":"scroll","background-type":"","background-media":"","overlay-type":"","overlay-color":"","overlay-opacity":"","overlay-gradient":""}},"ast-content-background-meta":{"desktop":{"background-color":"var(--ast-global-color-5)","background-image":"","background-repeat":"repeat","background-position":"center center","background-size":"auto","background-attachment":"scroll","background-type":"","background-media":"","overlay-type":"","overlay-color":"","overlay-opacity":"","overlay-gradient":""},"tablet":{"background-color":"var(--ast-global-color-5)","background-image":"","background-repeat":"repeat","background-position":"center center","background-size":"auto","background-attachment":"scroll","background-type":"","background-media":"","overlay-type":"","overlay-color":"","overlay-opacity":"","overlay-gradient":""},"mobile":{"background-color":"var(--ast-global-color-5)","background-image":"","background-repeat":"repeat","background-position":"center center","background-size":"auto","background-attachment":"scroll","background-type":"","background-media":"","overlay-type":"","overlay-color":"","overlay-opacity":"","overlay-gradient":""}}},"product_brand":[],"product_cat":[94,167,57,164],"product_tag":[189,114,104,87,190,129,179,91,88,92,319],"class_list":{"0":"post-6604","1":"product","2":"type-product","3":"status-publish","4":"has-post-thumbnail","6":"product_cat-accessoires-pour-meubles-sm","7":"product_cat-composants-pour-meubles-sm","8":"product_cat-nouveautes","9":"product_cat-plus-daccessoires-delirants","10":"product_tag-accessoires-bdsm","11":"product_tag-accessoires-pour-meubles-sm","12":"product_tag-banque-de-bondage","13":"product_tag-bondage-fr","14":"product_tag-equipement-sm","15":"product_tag-ligotage-extreme","16":"product_tag-menottes-sling","17":"product_tag-meubles-bdsm","18":"product_tag-meubles-damour","19":"product_tag-meubles-de-bondage","20":"product_tag-raccords-de-tuyaux","21":"desktop-align-left","22":"tablet-align-left","23":"mobile-align-left","25":"first","26":"instock","27":"taxable","28":"shipping-taxable","29":"purchasable","30":"product-type-variable"},"aioseo_notices":[],"jetpack_sharing_enabled":true,"_links":{"self":[{"href":"https:\/\/bondagefurniture.eu\/fr\/wp-json\/wp\/v2\/product\/6604","targetHints":{"allow":["GET"]}}],"collection":[{"href":"https:\/\/bondagefurniture.eu\/fr\/wp-json\/wp\/v2\/product"}],"about":[{"href":"https:\/\/bondagefurniture.eu\/fr\/wp-json\/wp\/v2\/types\/product"}],"wp:featuredmedia":[{"embeddable":true,"href":"https:\/\/bondagefurniture.eu\/fr\/wp-json\/wp\/v2\/media\/6596"}],"wp:attachment":[{"href":"https:\/\/bondagefurniture.eu\/fr\/wp-json\/wp\/v2\/media?parent=6604"}],"wp:term":[{"taxonomy":"product_brand","embeddable":true,"href":"https:\/\/bondagefurniture.eu\/fr\/wp-json\/wp\/v2\/product_brand?post=6604"},{"taxonomy":"product_cat","embeddable":true,"href":"https:\/\/bondagefurniture.eu\/fr\/wp-json\/wp\/v2\/product_cat?post=6604"},{"taxonomy":"product_tag","embeddable":true,"href":"https:\/\/bondagefurniture.eu\/fr\/wp-json\/wp\/v2\/product_tag?post=6604"}],"curies":[{"name":"wp","href":"https:\/\/api.w.org\/{rel}","templated":true}]}}