{"id":6545,"date":"2025-08-22T20:01:27","date_gmt":"2025-08-22T20:01:27","guid":{"rendered":"https:\/\/bondagefurniture.eu\/product\/coussin-universel-resistant-et-polyvalent-bondage-furniture\/"},"modified":"2025-12-28T14:20:21","modified_gmt":"2025-12-28T14:20:21","slug":"coussin-universel-resistant-et-polyvalent-bondage-furniture","status":"publish","type":"product","link":"https:\/\/bondagefurniture.eu\/fr\/produit\/coussin-universel-resistant-et-polyvalent-bondage-furniture\/","title":{"rendered":"Coussin Heavy-Duty &#8211; r\u00e9sistant et polyvalent | Bondage Furniture"},"content":{"rendered":"<h2><strong>Notre coussin Heavy-Duty &#8211; il est r\u00e9sistant et tr\u00e8s polyvalent un v\u00e9ritable <\/strong><strong>multitalent pour notre meuble de bondage<br \/>\n<\/strong><\/h2>\n<p>&nbsp;<\/p>\n<p><strong>Longtemps attendu, enfin arriv\u00e9 :<\/strong> notre <strong>coussin Heavy-Duty<\/strong> est un v\u00e9ritable multitalent et ouvre d&rsquo;innombrables nouvelles possibilit\u00e9s d&rsquo;utilisation de nos <a href=\"https:\/\/bondagefurniture.eu\/fr\/meubles-sm\/\">meubles BDSM<\/a> gr\u00e2ce \u00e0 ses filetages int\u00e9gr\u00e9s.<\/p>\n<ul>\n<li><strong>Extr\u00eamement r\u00e9sistant :<\/strong> convient \u00e0 toutes les personnes, quel que soit leur poids &#8211; le coussin r\u00e9siste m\u00eame aux sollicitations les plus intenses.<\/li>\n<li><strong>Conception bien pens\u00e9e :<\/strong> il se pose simplement entre deux tubes et ne n\u00e9cessite aucun vissage. Gr\u00e2ce \u00e0 sa conception sp\u00e9ciale, il ne peut pas se d\u00e9placer lat\u00e9ralement. <\/li>\n<li><strong>Extension flexible :<\/strong> quatre filetages int\u00e9gr\u00e9s permettent de monter des tubes transversaux suppl\u00e9mentaires avec nos raccords rapides. Cela cr\u00e9e une connexion stable sur laquelle d&rsquo;autres accessoires ou tubes peuvent \u00eatre fix\u00e9s. <\/li>\n<\/ul>\n<p>Les possibilit\u00e9s d&rsquo;utilisation sont presque illimit\u00e9es &#8211; dans notre <a href=\"www.bondage-furniture-magazine.com\" target=\"_blank\" rel=\"noopener\"><strong>Bondage Furniture Magazine<\/strong><\/a> nous pr\u00e9senterons r\u00e9guli\u00e8rement de nouveaux exemples d&rsquo;utilisation.<\/p>\n<h2><strong> <\/strong><\/h2>\n<h3><strong>Le coussin Heavy-Duty s&rsquo;adapte \u00e9galement \u00e0 notre banc, bureau et chaise longue<\/strong><\/h3>\n<p><strong> <\/strong><\/p>\n<p><strong>Transformation de meubles existants avec notre coussin Heavy-Duty<\/strong><\/p>\n<ul>\n<li><strong>Bureau et chaise longue :<\/strong> peuvent \u00eatre utilis\u00e9s imm\u00e9diatement sans pi\u00e8ces suppl\u00e9mentaires avec les coussins.<\/li>\n<li><strong>Banque :<\/strong> pour la conversion, vous n&rsquo;avez besoin que de deux petits tubes. Nous les proposons dans un kit de conversion avantageux. <\/li>\n<\/ul>\n<h3>Lors de l&rsquo;achat de meubles : des coussins Heavy-Duty plut\u00f4t que des coussins standard &#8211; pour une plus grande capacit\u00e9 de charge<\/h3>\n<p data-start=\"117\" data-end=\"250\">Au lieu des coussins standard, vous pouvez \u00e9quiper nos meubles <strong data-start=\"169\" data-end=\"202\">banc, bureau ou chaise longue de<\/strong> <strong data-start=\"212\" data-end=\"236\">deux coussins universels Heavy-Duty<\/strong>.<\/p>\n<p data-start=\"252\" data-end=\"350\">Cela apporte encore plus de <strong data-start=\"268\" data-end=\"311\">stabilit\u00e9, <\/strong>et <strong>des possibilit\u00e9s suppl\u00e9mentaires<\/strong> gr\u00e2ce aux filetages int\u00e9gr\u00e9s.<\/p>\n<p data-start=\"501\" data-end=\"580\"><strong><span style=\"color: #ff0000;\">Attention : cette option n&rsquo;est disponible qu&rsquo;en combinaison avec un nouvel achat des meubles mentionn\u00e9s.<\/span><\/strong><\/p>\n<p>&nbsp;<\/p>\n<p>Avec ce coussin, rendez votre <strong>mobilier BDSM<\/strong> encore plus polyvalent et cr\u00e9ez une base stable pour des sc\u00e9narios cr\u00e9atifs, s\u00fbrs et vari\u00e9s.<\/p>\n<p>Longueur : 40 cm<br \/>\nLargeur : 40 cm<br \/>\nHauteur : 6 cm<br \/>\nMat\u00e9riaux : similicuir, mousse \u00e0 froid, MDF teint\u00e9 dans la masse<br \/>\nCouleur : noir<\/p>\n<p><strong>Variations :<\/strong><\/p>\n<ul>\n<li>1x coussin<\/li>\n<li>2x Connecteur rapide avec barre 80 cm (sans coussin)<\/li>\n<li>Kit de conversion banc &#8211; 2x coussins avec deux barres courtes<\/li>\n<li>2x coussins Heavy-Duty au lieu de coussins standard <span style=\"color: #ff0000;\"><strong>(uniquement pour l&rsquo;achat d&rsquo;un nouveau meuble, banc, bureau ou chaise longue)<\/strong><\/span><\/li>\n<\/ul>\n","protected":false},"excerpt":{"rendered":"<p>incl. TVA sauf pour le Royaume-Uni, la Norv\u00e8ge et la Suisse<\/p>\n<h2><strong>Notre coussin Heavy-Duty &#8211; il est r\u00e9sistant et tr\u00e8s polyvalent un v\u00e9ritable <\/strong><strong>multitalent pour notre meuble de bondage<br \/>\n<\/strong><\/h2>\n<p><strong>Longtemps attendu, enfin arriv\u00e9 :<\/strong> notre <strong>coussin universel<\/strong> <strong>Heavy-Duty<\/strong> est un v\u00e9ritable multitalent et ouvre d&rsquo;innombrables nouvelles possibilit\u00e9s d&rsquo;utilisation de nos <a href=\"https:\/\/bondagefurniture.eu\/fr\/meubles-sm\/\">meubles BDSM<\/a> gr\u00e2ce \u00e0 ses filetages int\u00e9gr\u00e9s.<\/p>\n<p>Longueur : 40 cm, Largeur : 40 cm, Hauteur : 6 cm<br \/>\nMat\u00e9riau : similicuir, mousse \u00e0 froid, MDF teint\u00e9 dans la masse, Couleur : noir<\/p>\n<p><strong>Variations :<\/strong><\/p>\n<ul>\n<li>1x coussin<\/li>\n<li>2x Connecteur rapide avec barre 80 cm (sans coussin)<\/li>\n<li>Kit de conversion banc &#8211; 2x coussins avec deux barres courtes<\/li>\n<li>2x coussins Heavy-Duty au lieu de coussins standard <span style=\"color: #ff0000;\"><strong>(uniquement pour l&rsquo;achat d&rsquo;un nouveau meuble, banc, bureau ou chaise longue)<\/strong><\/span><\/li>\n<\/ul>\n<p><span style=\"color: #003366;\">D\u00e9lai de livraison : 14 jours<\/span><\/p>\n<p>&nbsp;<\/p>\n","protected":false},"featured_media":6513,"template":"","meta":{"om_disable_all_campaigns":false,"_monsterinsights_skip_tracking":false,"_monsterinsights_sitenote_active":false,"_monsterinsights_sitenote_note":"","_monsterinsights_sitenote_category":0,"site-sidebar-layout":"default","site-content-layout":"","ast-site-content-layout":"default","site-content-style":"default","site-sidebar-style":"default","ast-global-header-display":"","ast-banner-title-visibility":"","ast-main-header-display":"","ast-hfb-above-header-display":"","ast-hfb-below-header-display":"","ast-hfb-mobile-header-display":"","site-post-title":"","ast-breadcrumbs-content":"","ast-featured-img":"","footer-sml-layout":"","ast-disable-related-posts":"","theme-transparent-header-meta":"default","adv-header-id-meta":"","stick-header-meta":"","header-above-stick-meta":"","header-main-stick-meta":"","header-below-stick-meta":"","astra-migrate-meta-layouts":"default","ast-page-background-enabled":"default","ast-page-background-meta":{"desktop":{"background-color":"var(--ast-global-color-4)","background-image":"","background-repeat":"repeat","background-position":"center center","background-size":"auto","background-attachment":"scroll","background-type":"","background-media":"","overlay-type":"","overlay-color":"","overlay-opacity":"","overlay-gradient":""},"tablet":{"background-color":"","background-image":"","background-repeat":"repeat","background-position":"center center","background-size":"auto","background-attachment":"scroll","background-type":"","background-media":"","overlay-type":"","overlay-color":"","overlay-opacity":"","overlay-gradient":""},"mobile":{"background-color":"","background-image":"","background-repeat":"repeat","background-position":"center center","background-size":"auto","background-attachment":"scroll","background-type":"","background-media":"","overlay-type":"","overlay-color":"","overlay-opacity":"","overlay-gradient":""}},"ast-content-background-meta":{"desktop":{"background-color":"var(--ast-global-color-5)","background-image":"","background-repeat":"repeat","background-position":"center center","background-size":"auto","background-attachment":"scroll","background-type":"","background-media":"","overlay-type":"","overlay-color":"","overlay-opacity":"","overlay-gradient":""},"tablet":{"background-color":"var(--ast-global-color-5)","background-image":"","background-repeat":"repeat","background-position":"center center","background-size":"auto","background-attachment":"scroll","background-type":"","background-media":"","overlay-type":"","overlay-color":"","overlay-opacity":"","overlay-gradient":""},"mobile":{"background-color":"var(--ast-global-color-5)","background-image":"","background-repeat":"repeat","background-position":"center center","background-size":"auto","background-attachment":"scroll","background-type":"","background-media":"","overlay-type":"","overlay-color":"","overlay-opacity":"","overlay-gradient":""}}},"product_brand":[],"product_cat":[94,167,202],"product_tag":[114,91,92,203],"class_list":{"0":"post-6545","1":"product","2":"type-product","3":"status-publish","4":"has-post-thumbnail","6":"product_cat-accessoires-pour-meubles-sm","7":"product_cat-composants-pour-meubles-sm","8":"product_cat-rembourrages-coussins","9":"product_tag-accessoires-pour-meubles-sm","10":"product_tag-meubles-bdsm","11":"product_tag-meubles-de-bondage","12":"product_tag-rembourrage-et-coussins","13":"desktop-align-left","14":"tablet-align-left","15":"mobile-align-left","17":"first","18":"outofstock","19":"taxable","20":"shipping-taxable","21":"purchasable","22":"product-type-variable"},"aioseo_notices":[],"jetpack_sharing_enabled":true,"_links":{"self":[{"href":"https:\/\/bondagefurniture.eu\/fr\/wp-json\/wp\/v2\/product\/6545","targetHints":{"allow":["GET"]}}],"collection":[{"href":"https:\/\/bondagefurniture.eu\/fr\/wp-json\/wp\/v2\/product"}],"about":[{"href":"https:\/\/bondagefurniture.eu\/fr\/wp-json\/wp\/v2\/types\/product"}],"wp:featuredmedia":[{"embeddable":true,"href":"https:\/\/bondagefurniture.eu\/fr\/wp-json\/wp\/v2\/media\/6513"}],"wp:attachment":[{"href":"https:\/\/bondagefurniture.eu\/fr\/wp-json\/wp\/v2\/media?parent=6545"}],"wp:term":[{"taxonomy":"product_brand","embeddable":true,"href":"https:\/\/bondagefurniture.eu\/fr\/wp-json\/wp\/v2\/product_brand?post=6545"},{"taxonomy":"product_cat","embeddable":true,"href":"https:\/\/bondagefurniture.eu\/fr\/wp-json\/wp\/v2\/product_cat?post=6545"},{"taxonomy":"product_tag","embeddable":true,"href":"https:\/\/bondagefurniture.eu\/fr\/wp-json\/wp\/v2\/product_tag?post=6545"}],"curies":[{"name":"wp","href":"https:\/\/api.w.org\/{rel}","templated":true}]}}