{"id":6392,"date":"2025-07-30T15:05:46","date_gmt":"2025-07-30T15:05:46","guid":{"rendered":"https:\/\/bondagefurniture.eu\/product\/double-connecteur-rapide-composant-de-bricolage-bondage-furniture\/"},"modified":"2025-10-26T10:22:12","modified_gmt":"2025-10-26T10:22:12","slug":"double-connecteur-rapide-composant-de-bricolage-bondage-furniture","status":"publish","type":"product","link":"https:\/\/bondagefurniture.eu\/fr\/produit\/double-connecteur-rapide-composant-de-bricolage-bondage-furniture\/","title":{"rendered":"Double connecteur rapide &#8211; Composant de bricolage | Bondage Furniture"},"content":{"rendered":"<h1><strong>Le connecteur rapide double &#8211; pivotant, flexible, sans outils<\/strong><\/h1>\n<h2><span style=\"color: #003366;\">Le connecteur rapide avec un \u00e9crou de poign\u00e9e en \u00e9toile agr\u00e9able est la solution parfaite pour tous ceux qui souhaitent rendre leurs meubles de bondage flexibles et personnalis\u00e9s.<\/span><\/h2>\n<p>Ce composant pratique permet de relier deux tubes rapidement, en toute s\u00e9curit\u00e9 et sans aucun outil &#8211; id\u00e9al pour nos <strong>meubles<\/strong> modulaires <strong>BDSM<\/strong> et nos projets de bricolage cr\u00e9atifs.<\/p>\n<p><strong>Caract\u00e9ristiques :<\/strong><\/p>\n<ul>\n<li><strong>Deux variantes disponibles :<\/strong><br \/>\nVariante 1 : tournant librement sans r\u00e9sistance &#8211; id\u00e9al pour une mobilit\u00e9 flexible.<br \/>\nVariante 2 : avec r\u00e9sistance r\u00e9glable jusqu&rsquo;\u00e0 la fixation &#8211; peut \u00e9galement \u00eatre utilis\u00e9 seul comme support, par exemple pour des barres de godemich\u00e9 ou des vibromasseurs.<\/li>\n<\/ul>\n<ul>\n<li><strong>Fonction de pivot :<\/strong> permet une rotation libre au niveau de la jonction &#8211; pour des configurations dynamiques et une adaptabilit\u00e9 maximale.<\/li>\n<li><strong>Compatibilit\u00e9 :<\/strong> S&rsquo;adapte \u00e0 tous les syst\u00e8mes de tubes courants au sein de notre gamme de meubles de bondage.<\/li>\n<li><strong>Facilit\u00e9 de montage :<\/strong> technologie de connecteur rapide avec \u00e9crou \u00e0 poign\u00e9e en \u00e9toile &#8211; sans outil, rapide et s\u00fbr \u00e0 utiliser.<\/li>\n<\/ul>\n<h3>Qu&rsquo;il s&rsquo;agisse d&rsquo;une pi\u00e8ce de rechange ou d&rsquo;une extension, le double connecteur rapide ouvre de nouvelles perspectives pour la conception de votre \u00e9quipement de bondage individuel.<\/h3>\n","protected":false},"excerpt":{"rendered":"<p>incl. TVA sauf pour le Royaume-Uni, la Norv\u00e8ge et la Suisse<\/p>\n<h1><strong>Le connecteur rapide double &#8211; pivotant, flexible, sans outils<\/strong><\/h1>\n<h2>\n<span style=\"color: #008080;\">Le connecteur rapide avec un \u00e9crou de poign\u00e9e en \u00e9toile agr\u00e9able est la solution parfaite pour tous ceux qui souhaitent rendre leurs meubles de bondage flexibles et personnalis\u00e9s.<\/span><\/h2>\n<p>Ce composant pratique permet de relier deux tubes rapidement, en toute s\u00e9curit\u00e9 et sans aucun outil &#8211; id\u00e9al pour nos <strong>meubles<\/strong> modulaires <strong>BDSM<\/strong> et nos projets de bricolage cr\u00e9atifs.<\/p>\n<p><strong>Caract\u00e9ristiques :<\/strong><\/p>\n<ul>\n<li><strong>Deux variantes disponibles :<\/strong><br \/>\nVariante 1 : tournant librement sans r\u00e9sistance &#8211; id\u00e9al pour une mobilit\u00e9 flexible.<br \/>\nVariante 2 : avec r\u00e9sistance r\u00e9glable jusqu&rsquo;\u00e0 la fixation &#8211; peut \u00e9galement \u00eatre utilis\u00e9 seul comme support, par exemple pour des barres de godemich\u00e9 ou des vibromasseurs.<\/li>\n<\/ul>\n<p><span style=\"color: #008080;\">D\u00e9lai de livraison : 14 jours<\/span><\/p>\n","protected":false},"featured_media":6391,"template":"","meta":{"om_disable_all_campaigns":false,"_monsterinsights_skip_tracking":false,"_monsterinsights_sitenote_active":false,"_monsterinsights_sitenote_note":"","_monsterinsights_sitenote_category":0,"site-sidebar-layout":"default","site-content-layout":"","ast-site-content-layout":"default","site-content-style":"default","site-sidebar-style":"default","ast-global-header-display":"","ast-banner-title-visibility":"","ast-main-header-display":"","ast-hfb-above-header-display":"","ast-hfb-below-header-display":"","ast-hfb-mobile-header-display":"","site-post-title":"","ast-breadcrumbs-content":"","ast-featured-img":"","footer-sml-layout":"","ast-disable-related-posts":"","theme-transparent-header-meta":"default","adv-header-id-meta":"","stick-header-meta":"","header-above-stick-meta":"","header-main-stick-meta":"","header-below-stick-meta":"","astra-migrate-meta-layouts":"default","ast-page-background-enabled":"default","ast-page-background-meta":{"desktop":{"background-color":"var(--ast-global-color-4)","background-image":"","background-repeat":"repeat","background-position":"center center","background-size":"auto","background-attachment":"scroll","background-type":"","background-media":"","overlay-type":"","overlay-color":"","overlay-opacity":"","overlay-gradient":""},"tablet":{"background-color":"","background-image":"","background-repeat":"repeat","background-position":"center center","background-size":"auto","background-attachment":"scroll","background-type":"","background-media":"","overlay-type":"","overlay-color":"","overlay-opacity":"","overlay-gradient":""},"mobile":{"background-color":"","background-image":"","background-repeat":"repeat","background-position":"center center","background-size":"auto","background-attachment":"scroll","background-type":"","background-media":"","overlay-type":"","overlay-color":"","overlay-opacity":"","overlay-gradient":""}},"ast-content-background-meta":{"desktop":{"background-color":"var(--ast-global-color-5)","background-image":"","background-repeat":"repeat","background-position":"center center","background-size":"auto","background-attachment":"scroll","background-type":"","background-media":"","overlay-type":"","overlay-color":"","overlay-opacity":"","overlay-gradient":""},"tablet":{"background-color":"var(--ast-global-color-5)","background-image":"","background-repeat":"repeat","background-position":"center center","background-size":"auto","background-attachment":"scroll","background-type":"","background-media":"","overlay-type":"","overlay-color":"","overlay-opacity":"","overlay-gradient":""},"mobile":{"background-color":"var(--ast-global-color-5)","background-image":"","background-repeat":"repeat","background-position":"center center","background-size":"auto","background-attachment":"scroll","background-type":"","background-media":"","overlay-type":"","overlay-color":"","overlay-opacity":"","overlay-gradient":""}}},"product_brand":[],"product_cat":[167],"product_tag":[113,334,92],"class_list":{"0":"post-6392","1":"product","2":"type-product","3":"status-publish","4":"has-post-thumbnail","6":"product_cat-composants-pour-meubles-sm","7":"product_tag-accessoires-de-bondage","8":"product_tag-div-composant","9":"product_tag-meubles-de-bondage","10":"desktop-align-left","11":"tablet-align-left","12":"mobile-align-left","14":"first","15":"instock","16":"taxable","17":"shipping-taxable","18":"purchasable","19":"product-type-variable"},"aioseo_notices":[],"jetpack_sharing_enabled":true,"_links":{"self":[{"href":"https:\/\/bondagefurniture.eu\/fr\/wp-json\/wp\/v2\/product\/6392","targetHints":{"allow":["GET"]}}],"collection":[{"href":"https:\/\/bondagefurniture.eu\/fr\/wp-json\/wp\/v2\/product"}],"about":[{"href":"https:\/\/bondagefurniture.eu\/fr\/wp-json\/wp\/v2\/types\/product"}],"wp:featuredmedia":[{"embeddable":true,"href":"https:\/\/bondagefurniture.eu\/fr\/wp-json\/wp\/v2\/media\/6391"}],"wp:attachment":[{"href":"https:\/\/bondagefurniture.eu\/fr\/wp-json\/wp\/v2\/media?parent=6392"}],"wp:term":[{"taxonomy":"product_brand","embeddable":true,"href":"https:\/\/bondagefurniture.eu\/fr\/wp-json\/wp\/v2\/product_brand?post=6392"},{"taxonomy":"product_cat","embeddable":true,"href":"https:\/\/bondagefurniture.eu\/fr\/wp-json\/wp\/v2\/product_cat?post=6392"},{"taxonomy":"product_tag","embeddable":true,"href":"https:\/\/bondagefurniture.eu\/fr\/wp-json\/wp\/v2\/product_tag?post=6392"}],"curies":[{"name":"wp","href":"https:\/\/api.w.org\/{rel}","templated":true}]}}