{"id":6349,"date":"2025-07-25T14:58:59","date_gmt":"2025-07-25T14:58:59","guid":{"rendered":"https:\/\/bondagefurniture.eu\/product\/coussin-universel-pour-meubles-bdsm-bondage-furniture\/"},"modified":"2025-07-25T15:03:43","modified_gmt":"2025-07-25T15:03:43","slug":"coussin-universel-pour-meubles-bdsm-bondage-furniture","status":"publish","type":"product","link":"https:\/\/bondagefurniture.eu\/fr\/produit\/coussin-universel-pour-meubles-bdsm-bondage-furniture\/","title":{"rendered":"Coussin universel pour meubles BDSM | Bondage Furniture"},"content":{"rendered":"<h1>Coussins universels pour les meubles BDSM &#8211; Confort et fonctionnalit\u00e9 en m\u00eame temps<\/h1>\n<p>Ce <strong>coussin pour meubles BDSM<\/strong> est plus qu&rsquo;un simple rembourrage : c&rsquo;est un accessoire astucieux et fonctionnel qui s&rsquo;int\u00e8gre parfaitement \u00e0 notre syst\u00e8me de meubles BDSM modulaires en tubes d&rsquo;acier robustes. Qu&rsquo;il serve de dossier, de repose-t\u00eate ou de coussin d&rsquo;assise, ce coussin apporte le confort l\u00e0 o\u00f9 vous en avez besoin. <\/p>\n<p>&nbsp;<\/p>\n<h2>Utilisation flexible du coussin pour les meubles BDSM<\/h2>\n<p>\u00c9quip\u00e9 de deux syst\u00e8mes de connexion diff\u00e9rents, le <strong>coussin pour nos <a href=\"https:\/\/bondagefurniture.eu\/fr\/meubles-sm\/\">meubles de bondage<\/a><\/strong> peut \u00eatre fix\u00e9 de mani\u00e8re flexible &#8211; et ouvre ainsi d&rsquo;innombrables possibilit\u00e9s d&rsquo;utilisation. Sa construction robuste assure un soutien fiable, m\u00eame pendant les sessions dynamiques. Que ce soit pour un jeu dominant ou des pauses relaxantes, le coussin s&rsquo;adapte \u00e0 vos fantasmes.  <\/p>\n<p>&nbsp;<\/p>\n<h3>Pourquoi ce coussin pour meubles BDSM ne doit manquer dans aucun ensemble<\/h3>\n<p>Si vous souhaitez compl\u00e9ter votre mobilier BDSM, vous ne pouvez pas passer \u00e0 c\u00f4t\u00e9 de ce <strong>coussin pour <a href=\"https:\/\/bondagefurniture.eu\/fr\/meubles-sm\/\">mobilier BDSM<\/a><\/strong>. Non seulement il compl\u00e8te visuellement votre mobilier, mais il augmente \u00e9galement la fonctionnalit\u00e9 et la polyvalence de votre configuration de bondage. Id\u00e9al pour les d\u00e9butants* et les professionnels qui recherchent la qualit\u00e9, le confort et l&rsquo;adaptabilit\u00e9.  <\/p>\n<p>&nbsp;<\/p>\n<p><strong>Mat\u00e9riaux : <\/strong>MDF, similicuir, mousse, m\u00e9tal<br \/>\n<strong>Dimensions en cm :<\/strong> L\/L\/H. 20\/14\/3<\/p>\n<p>&nbsp;<\/p>\n<h3><strong>Caract\u00e9ristiques principales &#8211; Coussins pour meubles BDSM<\/strong><\/h3>\n<ul>\n<li><strong>Polyvalent<\/strong>: peut \u00eatre utilis\u00e9 comme support dorsal, appui-t\u00eate ou coussin d&rsquo;assise<\/li>\n<li><strong>Convient aux meubles BDSM en tubes d&rsquo;acier<\/strong>: Sp\u00e9cialement con\u00e7u pour notre syst\u00e8me modulaire<\/li>\n<li><strong>Deux options de fixation<\/strong>: Pour une fixation flexible et s\u00fbre sur diff\u00e9rentes parties du meuble<\/li>\n<li><strong>Finition de haute qualit\u00e9<\/strong>: mat\u00e9riaux robustes et faciles \u00e0 entretenir pour une utilisation durable<\/li>\n<li><strong>Confort et contr\u00f4le<\/strong>: am\u00e9liore le confort de couchage et d&rsquo;assise &#8211; id\u00e9al pour les sessions prolong\u00e9es<\/li>\n<li><strong>Accessoire indispensable<\/strong>: compl\u00e9ment parfait pour toute configuration de meuble BDSM<\/li>\n<\/ul>\n","protected":false},"excerpt":{"rendered":"<p>incl. TVA sauf pour le Royaume-Uni, la Norv\u00e8ge et la Suisse<\/p>\n<p>&nbsp;<\/p>\n<h2>Coussins universels pour les meubles BDSM &#8211; Confort et fonctionnalit\u00e9 en m\u00eame temps<\/h2>\n<p>Ce <strong>coussin pour meubles BDSM<\/strong> est plus qu&rsquo;un simple rembourrage : c&rsquo;est un accessoire astucieux et fonctionnel qui s&rsquo;int\u00e8gre parfaitement \u00e0 notre syst\u00e8me de meubles BDSM modulaires en tubes d&rsquo;acier robustes. Qu&rsquo;il serve de dossier, de repose-t\u00eate ou de coussin d&rsquo;assise, ce coussin apporte le confort l\u00e0 o\u00f9 vous en avez besoin. <\/p>\n<p><strong>Mat\u00e9riaux : <\/strong>MDF, similicuir, mousse, m\u00e9tal<br \/>\n<strong>Dimensions en cm :<\/strong> L\/L\/H. 20\/14\/3<\/p>\n<h3><strong>Caract\u00e9ristiques principales &#8211; Coussins pour meubles BDSM<\/strong><\/h3>\n<p>&nbsp;<\/p>\n<ul>\n<li><strong>Polyvalent<\/strong>: peut \u00eatre utilis\u00e9 comme support dorsal, appui-t\u00eate ou coussin d&rsquo;assise<\/li>\n<li><strong>Convient aux meubles BDSM en tubes d&rsquo;acier<\/strong>: Sp\u00e9cialement con\u00e7u pour notre syst\u00e8me modulaire<\/li>\n<li><strong>Deux options de fixation<\/strong>: Pour une fixation flexible et s\u00fbre sur diff\u00e9rentes parties du meuble<\/li>\n<li><strong>Finition de haute qualit\u00e9<\/strong>: mat\u00e9riaux robustes et faciles \u00e0 entretenir pour une utilisation durable<\/li>\n<li><strong>Confort et contr\u00f4le<\/strong>: am\u00e9liore le confort de couchage et d&rsquo;assise &#8211; id\u00e9al pour les sessions prolong\u00e9es<\/li>\n<li><strong>Accessoire indispensable<\/strong>: compl\u00e9ment parfait pour toute configuration de meuble BDSM<\/li>\n<\/ul>\n<p><span style=\"color: #003366;\">D\u00e9lai de livraison : 14 jours<\/span><\/p>\n<p>&nbsp;<\/p>\n","protected":false},"featured_media":6342,"template":"","meta":{"om_disable_all_campaigns":false,"_monsterinsights_skip_tracking":false,"_monsterinsights_sitenote_active":false,"_monsterinsights_sitenote_note":"","_monsterinsights_sitenote_category":0,"site-sidebar-layout":"default","site-content-layout":"","ast-site-content-layout":"default","site-content-style":"default","site-sidebar-style":"default","ast-global-header-display":"","ast-banner-title-visibility":"","ast-main-header-display":"","ast-hfb-above-header-display":"","ast-hfb-below-header-display":"","ast-hfb-mobile-header-display":"","site-post-title":"","ast-breadcrumbs-content":"","ast-featured-img":"","footer-sml-layout":"","ast-disable-related-posts":"","theme-transparent-header-meta":"default","adv-header-id-meta":"","stick-header-meta":"","header-above-stick-meta":"","header-main-stick-meta":"","header-below-stick-meta":"","astra-migrate-meta-layouts":"default","ast-page-background-enabled":"default","ast-page-background-meta":{"desktop":{"background-color":"var(--ast-global-color-4)","background-image":"","background-repeat":"repeat","background-position":"center center","background-size":"auto","background-attachment":"scroll","background-type":"","background-media":"","overlay-type":"","overlay-color":"","overlay-opacity":"","overlay-gradient":""},"tablet":{"background-color":"","background-image":"","background-repeat":"repeat","background-position":"center center","background-size":"auto","background-attachment":"scroll","background-type":"","background-media":"","overlay-type":"","overlay-color":"","overlay-opacity":"","overlay-gradient":""},"mobile":{"background-color":"","background-image":"","background-repeat":"repeat","background-position":"center center","background-size":"auto","background-attachment":"scroll","background-type":"","background-media":"","overlay-type":"","overlay-color":"","overlay-opacity":"","overlay-gradient":""}},"ast-content-background-meta":{"desktop":{"background-color":"var(--ast-global-color-5)","background-image":"","background-repeat":"repeat","background-position":"center center","background-size":"auto","background-attachment":"scroll","background-type":"","background-media":"","overlay-type":"","overlay-color":"","overlay-opacity":"","overlay-gradient":""},"tablet":{"background-color":"var(--ast-global-color-5)","background-image":"","background-repeat":"repeat","background-position":"center center","background-size":"auto","background-attachment":"scroll","background-type":"","background-media":"","overlay-type":"","overlay-color":"","overlay-opacity":"","overlay-gradient":""},"mobile":{"background-color":"var(--ast-global-color-5)","background-image":"","background-repeat":"repeat","background-position":"center center","background-size":"auto","background-attachment":"scroll","background-type":"","background-media":"","overlay-type":"","overlay-color":"","overlay-opacity":"","overlay-gradient":""}}},"product_brand":[],"product_cat":[167,202],"product_tag":[189,113,114,87,270,91,92,203],"class_list":{"0":"post-6349","1":"product","2":"type-product","3":"status-publish","4":"has-post-thumbnail","6":"product_cat-composants-pour-meubles-sm","7":"product_cat-rembourrages-coussins","8":"product_tag-accessoires-bdsm","9":"product_tag-accessoires-de-bondage","10":"product_tag-accessoires-pour-meubles-sm","11":"product_tag-bondage-fr","12":"product_tag-cuir-pu","13":"product_tag-meubles-bdsm","14":"product_tag-meubles-de-bondage","15":"product_tag-rembourrage-et-coussins","16":"desktop-align-left","17":"tablet-align-left","18":"mobile-align-left","20":"first","21":"instock","22":"taxable","23":"shipping-taxable","24":"purchasable","25":"product-type-variable"},"aioseo_notices":[],"jetpack_sharing_enabled":true,"_links":{"self":[{"href":"https:\/\/bondagefurniture.eu\/fr\/wp-json\/wp\/v2\/product\/6349","targetHints":{"allow":["GET"]}}],"collection":[{"href":"https:\/\/bondagefurniture.eu\/fr\/wp-json\/wp\/v2\/product"}],"about":[{"href":"https:\/\/bondagefurniture.eu\/fr\/wp-json\/wp\/v2\/types\/product"}],"wp:featuredmedia":[{"embeddable":true,"href":"https:\/\/bondagefurniture.eu\/fr\/wp-json\/wp\/v2\/media\/6342"}],"wp:attachment":[{"href":"https:\/\/bondagefurniture.eu\/fr\/wp-json\/wp\/v2\/media?parent=6349"}],"wp:term":[{"taxonomy":"product_brand","embeddable":true,"href":"https:\/\/bondagefurniture.eu\/fr\/wp-json\/wp\/v2\/product_brand?post=6349"},{"taxonomy":"product_cat","embeddable":true,"href":"https:\/\/bondagefurniture.eu\/fr\/wp-json\/wp\/v2\/product_cat?post=6349"},{"taxonomy":"product_tag","embeddable":true,"href":"https:\/\/bondagefurniture.eu\/fr\/wp-json\/wp\/v2\/product_tag?post=6349"}],"curies":[{"name":"wp","href":"https:\/\/api.w.org\/{rel}","templated":true}]}}