{"id":5923,"date":"2025-05-02T18:22:37","date_gmt":"2025-05-02T18:22:37","guid":{"rendered":"https:\/\/bondagefurniture.eu\/product\/barre-decartement-en-aluminium-ou-en-hetre-bondage-furniture\/"},"modified":"2025-05-02T18:22:37","modified_gmt":"2025-05-02T18:22:37","slug":"barre-decartement-en-aluminium-ou-en-hetre-bondage-furniture","status":"publish","type":"product","link":"https:\/\/bondagefurniture.eu\/fr\/produit\/barre-decartement-en-aluminium-ou-en-hetre-bondage-furniture\/","title":{"rendered":"Barre d&rsquo;\u00e9cartement en aluminium ou en h\u00eatre | Bondage Furniture"},"content":{"rendered":"<div class=\"product-addition-content\">\n<h1 class=\"product-info-title\">Barre d&rsquo;\u00e9cartement en aluminium ou en bois de h\u00eatre &#8211; convient \u00e0 notre syst\u00e8me de meubles de bondage<\/h1>\n<p>La <strong>barre d&rsquo;\u00e9cartement en<\/strong> <strong>bois de h\u00eatre ou en aluminium<\/strong> est l&rsquo;un des principaux compl\u00e9ments de nos meubles. Gr\u00e2ce \u00e0 ses deux raccords \u00e0 double vis, elle peut \u00eatre fix\u00e9e de mani\u00e8re tr\u00e8s flexible et rapide aux meubles. Il est maintenant possible d&rsquo;y fixer des menottes ou des entraves. Avec les kits de menottes correspondants, la barre peut \u00e9galement \u00eatre utilis\u00e9e sans nos meubles.   <\/p>\n<p>Un compl\u00e9ment id\u00e9al \u00e0 nos <a href=\"https:\/\/bondagefurniture.eu\/fr\/meubles-sm\/\"><strong>Meubles SM<\/strong><\/a>.<\/p>\n<p><strong>barre :<\/strong><\/p>\n<p>Longueur : 100cm<\/p>\n<p>Diam\u00e8tre : 3,5cm<\/p>\n<p><strong>Couleur :<\/strong> h\u00eatre naturel ou argent<br \/>\n<strong>Mat\u00e9riau :<\/strong> h\u00eatre non trait\u00e9 ou aluminium<\/p>\n<p><strong>Support :<\/strong><br \/>\nComprend 2x connecteurs \u00e0 double vis &#8211; m\u00e9tal noir et poign\u00e9e en plastique<\/p>\n<p><strong>Type<\/strong><strong><br \/>\n<\/strong>Le produit est livr\u00e9 pr\u00eat \u00e0 l&#8217;emploi.<br \/>\n<strong><br \/>\n<\/strong><\/p>\n<p><strong>Remarque :<br \/>\n<\/strong>La barre d&rsquo;\u00e9cartement n&rsquo;est pas adapt\u00e9e aux fixations en suspension libre !<\/p>\n<\/div>\n","protected":false},"excerpt":{"rendered":"<p>incl. TVA sauf pour le Royaume-Uni, la Norv\u00e8ge et la Suisse<\/p>\n<p>&nbsp;<\/p>\n<p><strong>Barre d&rsquo;\u00e9cartement en<\/strong> <strong>bois de h\u00eatre ou aluminium, y compris 2x connecteurs rapides doubles <\/strong><\/p>\n<p><strong>Tige : <\/strong>Longueur : 100cm Diam\u00e8tre : 3,5cm. <strong>Couleur :<\/strong> H\u00eatre naturel ou argent<br \/>\n<strong>Mat\u00e9riau :<\/strong> h\u00eatre non trait\u00e9 ou aluminium<br \/>\n<strong>Support : <\/strong>Comprend 2x connecteurs \u00e0 double vis &#8211; m\u00e9tal noir et poign\u00e9e en plastique<\/p>\n<p><strong>Attention ! Veuillez commander les \u0153illets ou les attaches s\u00e9par\u00e9ment !<\/p>\n<p><\/strong><\/p>\n<p>D\u00e9lai de livraison : 14 jours<\/p>\n","protected":false},"featured_media":5894,"template":"","meta":{"om_disable_all_campaigns":false,"_monsterinsights_skip_tracking":false,"_monsterinsights_sitenote_active":false,"_monsterinsights_sitenote_note":"","_monsterinsights_sitenote_category":0,"site-sidebar-layout":"default","site-content-layout":"","ast-site-content-layout":"default","site-content-style":"default","site-sidebar-style":"default","ast-global-header-display":"","ast-banner-title-visibility":"","ast-main-header-display":"","ast-hfb-above-header-display":"","ast-hfb-below-header-display":"","ast-hfb-mobile-header-display":"","site-post-title":"","ast-breadcrumbs-content":"","ast-featured-img":"","footer-sml-layout":"","ast-disable-related-posts":"","theme-transparent-header-meta":"default","adv-header-id-meta":"","stick-header-meta":"","header-above-stick-meta":"","header-main-stick-meta":"","header-below-stick-meta":"","astra-migrate-meta-layouts":"default","ast-page-background-enabled":"default","ast-page-background-meta":{"desktop":{"background-color":"var(--ast-global-color-4)","background-image":"","background-repeat":"repeat","background-position":"center center","background-size":"auto","background-attachment":"scroll","background-type":"","background-media":"","overlay-type":"","overlay-color":"","overlay-opacity":"","overlay-gradient":""},"tablet":{"background-color":"","background-image":"","background-repeat":"repeat","background-position":"center center","background-size":"auto","background-attachment":"scroll","background-type":"","background-media":"","overlay-type":"","overlay-color":"","overlay-opacity":"","overlay-gradient":""},"mobile":{"background-color":"","background-image":"","background-repeat":"repeat","background-position":"center center","background-size":"auto","background-attachment":"scroll","background-type":"","background-media":"","overlay-type":"","overlay-color":"","overlay-opacity":"","overlay-gradient":""}},"ast-content-background-meta":{"desktop":{"background-color":"var(--ast-global-color-5)","background-image":"","background-repeat":"repeat","background-position":"center center","background-size":"auto","background-attachment":"scroll","background-type":"","background-media":"","overlay-type":"","overlay-color":"","overlay-opacity":"","overlay-gradient":""},"tablet":{"background-color":"var(--ast-global-color-5)","background-image":"","background-repeat":"repeat","background-position":"center center","background-size":"auto","background-attachment":"scroll","background-type":"","background-media":"","overlay-type":"","overlay-color":"","overlay-opacity":"","overlay-gradient":""},"mobile":{"background-color":"var(--ast-global-color-5)","background-image":"","background-repeat":"repeat","background-position":"center center","background-size":"auto","background-attachment":"scroll","background-type":"","background-media":"","overlay-type":"","overlay-color":"","overlay-opacity":"","overlay-gradient":""}}},"product_brand":[],"product_cat":[94,167,164],"product_tag":[189,113,114,87,190,91,92],"class_list":{"0":"post-5923","1":"product","2":"type-product","3":"status-publish","4":"has-post-thumbnail","6":"product_cat-accessoires-pour-meubles-sm","7":"product_cat-composants-pour-meubles-sm","8":"product_cat-plus-daccessoires-delirants","9":"product_tag-accessoires-bdsm","10":"product_tag-accessoires-de-bondage","11":"product_tag-accessoires-pour-meubles-sm","12":"product_tag-bondage-fr","13":"product_tag-equipement-sm","14":"product_tag-meubles-bdsm","15":"product_tag-meubles-de-bondage","16":"desktop-align-left","17":"tablet-align-left","18":"mobile-align-left","20":"first","21":"instock","22":"taxable","23":"shipping-taxable","24":"purchasable","25":"product-type-variable"},"aioseo_notices":[],"jetpack_sharing_enabled":true,"_links":{"self":[{"href":"https:\/\/bondagefurniture.eu\/fr\/wp-json\/wp\/v2\/product\/5923","targetHints":{"allow":["GET"]}}],"collection":[{"href":"https:\/\/bondagefurniture.eu\/fr\/wp-json\/wp\/v2\/product"}],"about":[{"href":"https:\/\/bondagefurniture.eu\/fr\/wp-json\/wp\/v2\/types\/product"}],"wp:featuredmedia":[{"embeddable":true,"href":"https:\/\/bondagefurniture.eu\/fr\/wp-json\/wp\/v2\/media\/5894"}],"wp:attachment":[{"href":"https:\/\/bondagefurniture.eu\/fr\/wp-json\/wp\/v2\/media?parent=5923"}],"wp:term":[{"taxonomy":"product_brand","embeddable":true,"href":"https:\/\/bondagefurniture.eu\/fr\/wp-json\/wp\/v2\/product_brand?post=5923"},{"taxonomy":"product_cat","embeddable":true,"href":"https:\/\/bondagefurniture.eu\/fr\/wp-json\/wp\/v2\/product_cat?post=5923"},{"taxonomy":"product_tag","embeddable":true,"href":"https:\/\/bondagefurniture.eu\/fr\/wp-json\/wp\/v2\/product_tag?post=5923"}],"curies":[{"name":"wp","href":"https:\/\/api.w.org\/{rel}","templated":true}]}}