{"id":573,"date":"2023-10-08T19:45:31","date_gmt":"2023-10-08T19:45:31","guid":{"rendered":"https:\/\/bondagefurniture.eu\/product\/vibromasseur-de-massage-avec-support-pour-meubles-sm-de-bondage-furniture\/"},"modified":"2025-11-28T19:23:54","modified_gmt":"2025-11-28T19:23:54","slug":"vibrateur-massage-avec-support","status":"publish","type":"product","link":"https:\/\/bondagefurniture.eu\/fr\/produit\/vibrateur-massage-avec-support\/","title":{"rendered":"Vibromasseur de massage avec support pour meubles SM de Bondage Furniture"},"content":{"rendered":"<h2>Ce petit vibromasseur puissant avec support offre un maximum de plaisir en combinaison avec nos meubles SM.<\/h2>\n<p>Avec des vibrations puissantes et un dispositif de maintien flexible, il offre une stimulation excitante \u00e0 la personne immobilis\u00e9e et impuissante. Le support peut \u00eatre facilement fix\u00e9 sans outils \u00e0 l&rsquo;endroit souhait\u00e9 de notre meuble de bondage. En outre, il peut \u00eatre utilis\u00e9 sans le support pour permettre un plaisir polyvalent. Un \u00ab\u00a0must have\u00a0\u00bb pour tous les utilisateurs de nos meubles de bondage.<\/p>\n<h3><strong>1x vibromasseur puissant<\/strong><\/h3>\n<p><strong>10 niveaux avec diff\u00e9rents modes<\/strong><br \/>\n<strong>taille :<\/strong> 19,8 cm x 4,2 cm<br \/>\n<strong>Couleur :<\/strong> noir \/ argent m\u00e9tallique<br \/>\n<strong>Mat\u00e9riau :<\/strong> silicone + ABS<br \/>\n<strong>Alimentation :<\/strong> batterie au lithium int\u00e9gr\u00e9e rechargeable de 500mA<br \/>\n<strong>Temps de charge :<\/strong> plus de 3 heures<\/p>\n<p><strong>Temps d&rsquo;utilisation :<\/strong> plus de 2 heures \u00e0 100% de charge<br \/>\n<strong>Autre :<\/strong> rechargeable via USB<\/p>\n<h3><strong>Support<\/strong><\/h3>\n<p><strong>1x connecteur double<\/strong> &#8211; m\u00e9tal<br \/>\n<strong>1x tube d&rsquo;acier laqu\u00e9 noir 40cm avec bouchon de fermeture PE<\/strong><\/p>\n<p>(l&rsquo;utilisation peut laisser des traces de rayures)<\/p>\n<p><strong>Type<\/strong><strong><br \/>\n<\/strong>Kit (les diff\u00e9rents produits doivent \u00eatre assembl\u00e9s) Aucun outil n&rsquo;est n\u00e9cessaire.<strong>  Un compl\u00e9ment id\u00e9al \u00e0 nos meubles SM.<\/strong><\/p>\n","protected":false},"excerpt":{"rendered":"<p>&nbsp;<\/p>\n<p><strong>Ce petit vibromasseur puissant avec support offre un maximum de plaisir en combinaison avec nos meubles SM.<\/strong><\/p>\n<p>1x Vibromasseur Massager puissant \/ 10 niveaux avec diff\u00e9rents modes<\/p>\n<p><strong>Support :<br \/>\n<\/strong>1x double connecteur &#8211; m\u00e9tal<br \/>\n1x tube d&rsquo;acier laqu\u00e9 noir 40cm<\/p>\n<p><span style=\"color: #025877;\">D\u00e9lai de livraison : 14 jours maximum<\/span><\/p>\n","protected":false},"featured_media":571,"template":"","meta":{"om_disable_all_campaigns":false,"_monsterinsights_skip_tracking":false,"_monsterinsights_sitenote_active":false,"_monsterinsights_sitenote_note":"","_monsterinsights_sitenote_category":0,"site-sidebar-layout":"default","site-content-layout":"","ast-site-content-layout":"default","site-content-style":"default","site-sidebar-style":"default","ast-global-header-display":"","ast-banner-title-visibility":"","ast-main-header-display":"","ast-hfb-above-header-display":"","ast-hfb-below-header-display":"","ast-hfb-mobile-header-display":"","site-post-title":"","ast-breadcrumbs-content":"","ast-featured-img":"","footer-sml-layout":"","ast-disable-related-posts":"","theme-transparent-header-meta":"default","adv-header-id-meta":"","stick-header-meta":"","header-above-stick-meta":"","header-main-stick-meta":"","header-below-stick-meta":"","astra-migrate-meta-layouts":"default","ast-page-background-enabled":"default","ast-page-background-meta":{"desktop":{"background-color":"var(--ast-global-color-4)","background-image":"","background-repeat":"repeat","background-position":"center center","background-size":"auto","background-attachment":"scroll","background-type":"","background-media":"","overlay-type":"","overlay-color":"","overlay-opacity":"","overlay-gradient":""},"tablet":{"background-color":"","background-image":"","background-repeat":"repeat","background-position":"center center","background-size":"auto","background-attachment":"scroll","background-type":"","background-media":"","overlay-type":"","overlay-color":"","overlay-opacity":"","overlay-gradient":""},"mobile":{"background-color":"","background-image":"","background-repeat":"repeat","background-position":"center center","background-size":"auto","background-attachment":"scroll","background-type":"","background-media":"","overlay-type":"","overlay-color":"","overlay-opacity":"","overlay-gradient":""}},"ast-content-background-meta":{"desktop":{"background-color":"var(--ast-global-color-5)","background-image":"","background-repeat":"repeat","background-position":"center center","background-size":"auto","background-attachment":"scroll","background-type":"","background-media":"","overlay-type":"","overlay-color":"","overlay-opacity":"","overlay-gradient":""},"tablet":{"background-color":"var(--ast-global-color-5)","background-image":"","background-repeat":"repeat","background-position":"center center","background-size":"auto","background-attachment":"scroll","background-type":"","background-media":"","overlay-type":"","overlay-color":"","overlay-opacity":"","overlay-gradient":""},"mobile":{"background-color":"var(--ast-global-color-5)","background-image":"","background-repeat":"repeat","background-position":"center center","background-size":"auto","background-attachment":"scroll","background-type":"","background-media":"","overlay-type":"","overlay-color":"","overlay-opacity":"","overlay-gradient":""}}},"product_brand":[],"product_cat":[94,164,292],"product_tag":[87,90,92,86],"class_list":{"0":"post-573","1":"product","2":"type-product","3":"status-publish","4":"has-post-thumbnail","6":"product_cat-accessoires-pour-meubles-sm","7":"product_cat-plus-daccessoires-delirants","8":"product_cat-vibrateurs","9":"product_tag-bondage-fr","10":"product_tag-massage-fr","11":"product_tag-meubles-de-bondage","12":"product_tag-vibrateur","13":"desktop-align-left","14":"tablet-align-left","15":"mobile-align-left","17":"first","18":"instock","19":"taxable","20":"shipping-taxable","21":"purchasable","22":"product-type-simple"},"aioseo_notices":[],"jetpack_sharing_enabled":true,"_links":{"self":[{"href":"https:\/\/bondagefurniture.eu\/fr\/wp-json\/wp\/v2\/product\/573","targetHints":{"allow":["GET"]}}],"collection":[{"href":"https:\/\/bondagefurniture.eu\/fr\/wp-json\/wp\/v2\/product"}],"about":[{"href":"https:\/\/bondagefurniture.eu\/fr\/wp-json\/wp\/v2\/types\/product"}],"wp:featuredmedia":[{"embeddable":true,"href":"https:\/\/bondagefurniture.eu\/fr\/wp-json\/wp\/v2\/media\/571"}],"wp:attachment":[{"href":"https:\/\/bondagefurniture.eu\/fr\/wp-json\/wp\/v2\/media?parent=573"}],"wp:term":[{"taxonomy":"product_brand","embeddable":true,"href":"https:\/\/bondagefurniture.eu\/fr\/wp-json\/wp\/v2\/product_brand?post=573"},{"taxonomy":"product_cat","embeddable":true,"href":"https:\/\/bondagefurniture.eu\/fr\/wp-json\/wp\/v2\/product_cat?post=573"},{"taxonomy":"product_tag","embeddable":true,"href":"https:\/\/bondagefurniture.eu\/fr\/wp-json\/wp\/v2\/product_tag?post=573"}],"curies":[{"name":"wp","href":"https:\/\/api.w.org\/{rel}","templated":true}]}}