{"id":5688,"date":"2024-12-16T18:13:11","date_gmt":"2024-12-16T18:13:11","guid":{"rendered":"https:\/\/bondagefurniture.eu\/product\/vibrateur-en-silicone-avec-telecommande-et-ventouse-bondage-furniture\/"},"modified":"2025-03-03T20:47:13","modified_gmt":"2025-03-03T20:47:13","slug":"vibrateur-en-silicone-avec-telecommande-et-ventouse-bondage-furniture","status":"publish","type":"product","link":"https:\/\/bondagefurniture.eu\/fr\/produit\/vibrateur-en-silicone-avec-telecommande-et-ventouse-bondage-furniture\/","title":{"rendered":"Vibrateur en silicone avec t\u00e9l\u00e9commande et ventouse | Bondage Furniture"},"content":{"rendered":"<h2><strong>Vibrateur en silicone avec t\u00e9l\u00e9commande et ventouse<\/strong><\/h2>\n<p>D\u00e9couvrez le plaisir supr\u00eame avec notre <strong>vibromasseur en silicone<\/strong> de haute qualit\u00e9 <strong>avec t\u00e9l\u00e9commande et ventouse<\/strong> &#8211; un produit que nous avons soigneusement test\u00e9 et approuv\u00e9 comme \u00e9tant de premi\u00e8re qualit\u00e9.<\/p>\n<p><strong>Caract\u00e9ristiques<\/strong><\/p>\n<ul>\n<li><strong>Mat\u00e9riau de haute qualit\u00e9<\/strong>: Fabriqu\u00e9 en silicone m\u00e9dical, il est agr\u00e9ablement doux, doux pour la peau et durable.<\/li>\n<li><strong>Ventouse pratique<\/strong>: adh\u00e8re solidement aux surfaces lisses et permet une utilisation mains libres. Id\u00e9al pour les positions multiples et le plaisir cr\u00e9atif. <\/li>\n<li><strong>Contr\u00f4le facile<\/strong>: la t\u00e9l\u00e9commande sans fil offre un confort maximal et permet de r\u00e9gler l&rsquo;intensit\u00e9 et les modes de vibration selon vos pr\u00e9f\u00e9rences.<\/li>\n<\/ul>\n<h3><strong>Multiples possibilit\u00e9s d&rsquo;utilisation du <\/strong><strong>vibrateur en silicone avec t\u00e9l\u00e9commande et ventouse !<\/strong><\/h3>\n<p>Parfait en combinaison avec nos meubles de bondage exclusifs pour faire passer le plaisir \u00e0 un autre niveau.<\/p>\n<p>En compl\u00e9ment, nous recommandons<\/p>\n<ul>\n<li><a href=\"https:\/\/www.bondage-furniture.de\/p\/runde-metallplatte-fuer-dildos-mit-saugnapf-oder-bondage-furniture\"><strong>Plaque m\u00e9tallique ronde pour godemich\u00e9s avec ventouse.<\/strong><\/a> &#8211; Le connecteur rapide permet de la fixer en toute s\u00e9curit\u00e9 sur les tubes de nos meubles. Ainsi, vous amenez le vibrateur exactement l\u00e0 o\u00f9 vous en avez besoin &#8211; il n&rsquo;y a pas d&rsquo;\u00e9chappatoire ! <\/li>\n<li><a href=\"https:\/\/www.bondage-furniture.de\/p\/hueftgurt-mit-schrittgurt-passt-zu-unserem-bondage-moebel-system\"><strong>Ceinture avec entrejambe<\/strong><\/a><a href=\"https:\/\/www.bondage-furniture.de\/p\/hueftgurt-mit-schrittgurt-passt-zu-unserem-bondage-moebel-system\"><br \/>\n<\/a>&#8211; Pour une fixation s\u00fbre et personnalis\u00e9e. Une fois le vibromasseur ins\u00e9r\u00e9, la sangle d&rsquo;entrejambe permet d&#8217;emp\u00eacher le vibromasseur de glisser vers l&rsquo;ext\u00e9rieur. Cela est \u00e9galement possible pour une personne d\u00e9j\u00e0 fix\u00e9e.  <\/li>\n<\/ul>\n<p><strong>La t\u00e9l\u00e9commande ajoute au plaisir  <\/strong><\/p>\n<p>&#8230; que ce soit seul ou \u00e0 deux. Laissez libre cours \u00e0 votre imagination et profitez des nombreuses possibilit\u00e9s offertes par ce produit haut de gamme ! <\/p>\n<p><strong>Caract\u00e9ristiques du vibromasseur en silicone avec t\u00e9l\u00e9commande et ventouse<\/strong><\/p>\n<ul>\n<li>Imperm\u00e9able \u00e0 l&rsquo;eau<\/li>\n<li>T\u00e9l\u00e9commande jusqu&rsquo;\u00e0 10 m\u00e8tres de port\u00e9e<\/li>\n<li>Puissance : batterie int\u00e9gr\u00e9e, rechargeable par USB<\/li>\n<li>Temps de charge : 1,5 heure<\/li>\n<li>Temps de fonctionnement : 1 heure<\/li>\n<li>Fr\u00e9quence : 10 modes<\/li>\n<li>Mat\u00e9riau : silicone<\/li>\n<li>couleur : noir<\/li>\n<li>Taille : 16,6 cm de longueur, 3,6 cm de diam\u00e8tre maximum<\/li>\n<\/ul>\n","protected":false},"excerpt":{"rendered":"<p>incl. TVA sauf pour le Royaume-Uni, la Norv\u00e8ge et la Suisse<\/p>\n<h2><strong>Vibrateur en silicone avec t\u00e9l\u00e9commande et ventouse<\/strong><\/h2>\n<p>D\u00e9couvrez le plaisir supr\u00eame avec notre <strong>vibromasseur en silicone<\/strong> de haute qualit\u00e9 <strong>avec t\u00e9l\u00e9commande et ventouse<\/strong> &#8211; un produit que nous avons soigneusement test\u00e9 et approuv\u00e9 comme \u00e9tant de premi\u00e8re qualit\u00e9.<\/p>\n<p><strong>Caract\u00e9ristiques<\/strong><\/p>\n<ul>\n<li><strong>Mat\u00e9riau de haute qualit\u00e9<\/strong>: Fabriqu\u00e9 en silicone m\u00e9dical, il est agr\u00e9ablement doux, doux pour la peau et durable.<\/li>\n<li><strong>Ventouse pratique<\/strong>: adh\u00e8re solidement aux surfaces lisses et permet une utilisation mains libres. Id\u00e9al pour les positions multiples et le plaisir cr\u00e9atif. <\/li>\n<li><strong>Contr\u00f4le facile<\/strong>: la t\u00e9l\u00e9commande sans fil offre un confort maximal et permet de r\u00e9gler l&rsquo;intensit\u00e9 et les modes de vibration selon vos pr\u00e9f\u00e9rences.<\/li>\n<\/ul>\n<h3><strong>Caract\u00e9ristiques du vibromasseur en silicone avec t\u00e9l\u00e9commande et ventouse<\/strong><\/h3>\n<p>&nbsp;<\/p>\n<ul>\n<li>Imperm\u00e9able \u00e0 l&rsquo;eau<\/li>\n<li>T\u00e9l\u00e9commande jusqu&rsquo;\u00e0 10 m\u00e8tres de port\u00e9e<\/li>\n<li>Puissance : batterie int\u00e9gr\u00e9e, rechargeable par USB<\/li>\n<li>Temps de charge : 1,5 heure<\/li>\n<li>Temps de fonctionnement : 1 heure<\/li>\n<li>Fr\u00e9quence : 10 modes<\/li>\n<li>Mat\u00e9riau : silicone<\/li>\n<li>couleur : noir<\/li>\n<li>Taille : 16,6 cm de longueur, 3,6 cm de diam\u00e8tre maximum<\/li>\n<\/ul>\n<p><span style=\"color: #003366;\">D\u00e9lai de livraison : 14 jours maximum<\/span><\/p>\n","protected":false},"featured_media":5691,"template":"","meta":{"om_disable_all_campaigns":false,"_monsterinsights_skip_tracking":false,"_monsterinsights_sitenote_active":false,"_monsterinsights_sitenote_note":"","_monsterinsights_sitenote_category":0,"site-sidebar-layout":"default","site-content-layout":"","ast-site-content-layout":"default","site-content-style":"default","site-sidebar-style":"default","ast-global-header-display":"","ast-banner-title-visibility":"","ast-main-header-display":"","ast-hfb-above-header-display":"","ast-hfb-below-header-display":"","ast-hfb-mobile-header-display":"","site-post-title":"","ast-breadcrumbs-content":"","ast-featured-img":"","footer-sml-layout":"","ast-disable-related-posts":"","theme-transparent-header-meta":"default","adv-header-id-meta":"","stick-header-meta":"","header-above-stick-meta":"","header-main-stick-meta":"","header-below-stick-meta":"","astra-migrate-meta-layouts":"default","ast-page-background-enabled":"default","ast-page-background-meta":{"desktop":{"background-color":"var(--ast-global-color-4)","background-image":"","background-repeat":"repeat","background-position":"center center","background-size":"auto","background-attachment":"scroll","background-type":"","background-media":"","overlay-type":"","overlay-color":"","overlay-opacity":"","overlay-gradient":""},"tablet":{"background-color":"","background-image":"","background-repeat":"repeat","background-position":"center center","background-size":"auto","background-attachment":"scroll","background-type":"","background-media":"","overlay-type":"","overlay-color":"","overlay-opacity":"","overlay-gradient":""},"mobile":{"background-color":"","background-image":"","background-repeat":"repeat","background-position":"center center","background-size":"auto","background-attachment":"scroll","background-type":"","background-media":"","overlay-type":"","overlay-color":"","overlay-opacity":"","overlay-gradient":""}},"ast-content-background-meta":{"desktop":{"background-color":"var(--ast-global-color-5)","background-image":"","background-repeat":"repeat","background-position":"center center","background-size":"auto","background-attachment":"scroll","background-type":"","background-media":"","overlay-type":"","overlay-color":"","overlay-opacity":"","overlay-gradient":""},"tablet":{"background-color":"var(--ast-global-color-5)","background-image":"","background-repeat":"repeat","background-position":"center center","background-size":"auto","background-attachment":"scroll","background-type":"","background-media":"","overlay-type":"","overlay-color":"","overlay-opacity":"","overlay-gradient":""},"mobile":{"background-color":"var(--ast-global-color-5)","background-image":"","background-repeat":"repeat","background-position":"center center","background-size":"auto","background-attachment":"scroll","background-type":"","background-media":"","overlay-type":"","overlay-color":"","overlay-opacity":"","overlay-gradient":""}}},"product_brand":[],"product_cat":[94,295,57,164,292],"product_tag":[112,264,90,92,188,86],"class_list":{"0":"post-5688","1":"product","2":"type-product","3":"status-publish","4":"has-post-thumbnail","6":"product_cat-accessoires-pour-meubles-sm","7":"product_cat-godemiches","8":"product_cat-nouveautes","9":"product_cat-plus-daccessoires-delirants","10":"product_cat-vibrateurs","11":"product_tag-barre-de-godemiche","12":"product_tag-ceinture-de-chastete-fr","13":"product_tag-massage-fr","14":"product_tag-meubles-de-bondage","15":"product_tag-pantalon-godemiche","16":"product_tag-vibrateur","17":"desktop-align-left","18":"tablet-align-left","19":"mobile-align-left","21":"first","22":"instock","23":"taxable","24":"shipping-taxable","25":"purchasable","26":"product-type-simple"},"aioseo_notices":[],"jetpack_sharing_enabled":true,"_links":{"self":[{"href":"https:\/\/bondagefurniture.eu\/fr\/wp-json\/wp\/v2\/product\/5688","targetHints":{"allow":["GET"]}}],"collection":[{"href":"https:\/\/bondagefurniture.eu\/fr\/wp-json\/wp\/v2\/product"}],"about":[{"href":"https:\/\/bondagefurniture.eu\/fr\/wp-json\/wp\/v2\/types\/product"}],"wp:featuredmedia":[{"embeddable":true,"href":"https:\/\/bondagefurniture.eu\/fr\/wp-json\/wp\/v2\/media\/5691"}],"wp:attachment":[{"href":"https:\/\/bondagefurniture.eu\/fr\/wp-json\/wp\/v2\/media?parent=5688"}],"wp:term":[{"taxonomy":"product_brand","embeddable":true,"href":"https:\/\/bondagefurniture.eu\/fr\/wp-json\/wp\/v2\/product_brand?post=5688"},{"taxonomy":"product_cat","embeddable":true,"href":"https:\/\/bondagefurniture.eu\/fr\/wp-json\/wp\/v2\/product_cat?post=5688"},{"taxonomy":"product_tag","embeddable":true,"href":"https:\/\/bondagefurniture.eu\/fr\/wp-json\/wp\/v2\/product_tag?post=5688"}],"curies":[{"name":"wp","href":"https:\/\/api.w.org\/{rel}","templated":true}]}}