{"id":5456,"date":"2024-11-20T10:03:03","date_gmt":"2024-11-20T10:03:03","guid":{"rendered":"https:\/\/bondagefurniture.eu\/product\/ceinture-avec-sangle-dentrejambe-et-connecteur-a-vis-pour-nos-meubles-bdsm-bondage-furniture\/"},"modified":"2025-03-03T20:55:33","modified_gmt":"2025-03-03T20:55:33","slug":"ceinture-avec-sangle-dentrejambe-et-connecteur-a-vis-pour-nos-meubles-bdsm-bondage-furniture","status":"publish","type":"product","link":"https:\/\/bondagefurniture.eu\/fr\/produit\/ceinture-avec-sangle-dentrejambe-et-connecteur-a-vis-pour-nos-meubles-bdsm-bondage-furniture\/","title":{"rendered":"Ceinture avec sangle d&rsquo;entrejambe et connecteur \u00e0 vis pour nos meubles BDSM | Bondage Furniture"},"content":{"rendered":"<h2 class=\"product-addition-headline\">Ceinture avec sangle d&rsquo;entrejambe et connecteur \u00e0 visser compatible avec nos meubles de bondage<\/h2>\n<div class=\"product-addition-content\">\n<p>Pour attacher fermement la taille \u00e0 un meuble de bondage, la ceinture en cuir PU est exactement ce qu&rsquo;il vous faut. Elle s&rsquo;adapte rapidement et pr\u00e9cis\u00e9ment \u00e0 la taille de chacun et se fixe solidement aux tubes de nos meubles \u00e0 l&rsquo;aide du connecteur \u00e0 vis fourni.  On peut le fermer soit avec un petit mousqueton, soit avec un petit cadenas. Les deux sont inclus dans la livraison. Il est \u00e9galement possible d&rsquo;ajouter une sangle d&rsquo;entrejambe. Celle-ci est \u00e9galement r\u00e9glable en taille et peut \u00eatre s\u00e9curis\u00e9e par un cadenas ou un mousqueton. <\/p>\n<p><strong>Taille :<\/strong><br \/>\nLongueur : 104 cm Largeur : 4,5 cm<br \/>\nR\u00e9glable : de 58 \u00e0 101 cm<br \/>\nMat\u00e9riau : cuir PU \/ m\u00e9tal<br \/>\nCouleur : noir<br \/>\navec 2x mousquetons, avec 2x petits cadenas (verrouillables)<strong><br \/>\n<\/strong><br \/>\n<strong>Support :<\/strong><br \/>\n<strong>1x connecteur \u00e0 vis &#8211; <\/strong>m\u00e9tal et poign\u00e9e en plastique<\/p>\n<p><strong>Type<\/strong><strong><br \/>\n<\/strong>Le produit est livr\u00e9 pr\u00eat \u00e0 l&#8217;emploi.<strong><br \/>\n<\/strong><\/p>\n<p><strong>Attention : ne convient pas pour les fixations suspendues !<\/strong><\/p>\n<\/div>\n","protected":false},"excerpt":{"rendered":"<p>incl. TVA sauf pour le Royaume-Uni, la Norv\u00e8ge et la Suisse<\/p>\n<h2 class=\"product-addition-headline\">Ceinture avec sangle d&rsquo;entrejambe et connecteur \u00e0 visser compatible avec nos meubles de bondage<\/h2>\n<div class=\"product-addition-content\">\n<p>Pour attacher fermement la taille \u00e0 un meuble de bondage, la ceinture en cuir PU est exactement ce qu&rsquo;il vous faut. Elle s&rsquo;adapte rapidement et pr\u00e9cis\u00e9ment \u00e0 la taille de chacun et se fixe solidement aux tubes de nos meubles \u00e0 l&rsquo;aide du connecteur \u00e0 vis fourni.  On peut le fermer soit avec un petit mousqueton, soit avec un petit cadenas. Les deux sont inclus dans la livraison. Il est \u00e9galement possible d&rsquo;ajouter une sangle d&rsquo;entrejambe. Celle-ci est \u00e9galement r\u00e9glable en taille et peut \u00eatre s\u00e9curis\u00e9e par un cadenas ou un mousqueton. <\/p>\n<p><strong>Taille :<\/strong><br \/>\nLongueur : 104 cm Largeur : 4,5 cm<br \/>\nR\u00e9glable : de 58 \u00e0 101 cm<br \/>\nMat\u00e9riau : cuir PU \/ m\u00e9tal<br \/>\nCouleur : noir<br \/>\navec 2x mousquetons, avec 2x petits cadenas (verrouillables)<strong><br \/>\n<\/strong><br \/>\n<strong>Support :<\/strong><br \/>\n<strong>1x connecteur \u00e0 vis &#8211; <\/strong>m\u00e9tal et poign\u00e9e en plastique<\/p>\n<\/div>\n<p>D\u00e9lai de livraison : 14 jours maximum<\/p>\n","protected":false},"featured_media":5449,"template":"","meta":{"om_disable_all_campaigns":false,"_monsterinsights_skip_tracking":false,"_monsterinsights_sitenote_active":false,"_monsterinsights_sitenote_note":"","_monsterinsights_sitenote_category":0,"site-sidebar-layout":"default","site-content-layout":"","ast-site-content-layout":"default","site-content-style":"default","site-sidebar-style":"default","ast-global-header-display":"","ast-banner-title-visibility":"","ast-main-header-display":"","ast-hfb-above-header-display":"","ast-hfb-below-header-display":"","ast-hfb-mobile-header-display":"","site-post-title":"","ast-breadcrumbs-content":"","ast-featured-img":"","footer-sml-layout":"","ast-disable-related-posts":"","theme-transparent-header-meta":"default","adv-header-id-meta":"","stick-header-meta":"","header-above-stick-meta":"","header-main-stick-meta":"","header-below-stick-meta":"","astra-migrate-meta-layouts":"default","ast-page-background-enabled":"default","ast-page-background-meta":{"desktop":{"background-color":"var(--ast-global-color-4)","background-image":"","background-repeat":"repeat","background-position":"center center","background-size":"auto","background-attachment":"scroll","background-type":"","background-media":"","overlay-type":"","overlay-color":"","overlay-opacity":"","overlay-gradient":""},"tablet":{"background-color":"","background-image":"","background-repeat":"repeat","background-position":"center center","background-size":"auto","background-attachment":"scroll","background-type":"","background-media":"","overlay-type":"","overlay-color":"","overlay-opacity":"","overlay-gradient":""},"mobile":{"background-color":"","background-image":"","background-repeat":"repeat","background-position":"center center","background-size":"auto","background-attachment":"scroll","background-type":"","background-media":"","overlay-type":"","overlay-color":"","overlay-opacity":"","overlay-gradient":""}},"ast-content-background-meta":{"desktop":{"background-color":"var(--ast-global-color-5)","background-image":"","background-repeat":"repeat","background-position":"center center","background-size":"auto","background-attachment":"scroll","background-type":"","background-media":"","overlay-type":"","overlay-color":"","overlay-opacity":"","overlay-gradient":""},"tablet":{"background-color":"var(--ast-global-color-5)","background-image":"","background-repeat":"repeat","background-position":"center center","background-size":"auto","background-attachment":"scroll","background-type":"","background-media":"","overlay-type":"","overlay-color":"","overlay-opacity":"","overlay-gradient":""},"mobile":{"background-color":"var(--ast-global-color-5)","background-image":"","background-repeat":"repeat","background-position":"center center","background-size":"auto","background-attachment":"scroll","background-type":"","background-media":"","overlay-type":"","overlay-color":"","overlay-opacity":"","overlay-gradient":""}}},"product_brand":[],"product_cat":[94,63,57],"product_tag":[189,113,114,191,264,190,92],"class_list":{"0":"post-5456","1":"product","2":"type-product","3":"status-publish","4":"has-post-thumbnail","6":"product_cat-accessoires-pour-meubles-sm","7":"product_cat-attache","8":"product_cat-nouveautes","9":"product_tag-accessoires-bdsm","10":"product_tag-accessoires-de-bondage","11":"product_tag-accessoires-pour-meubles-sm","12":"product_tag-ceinture-de-chastete","13":"product_tag-ceinture-de-chastete-fr","14":"product_tag-equipement-sm","15":"product_tag-meubles-de-bondage","16":"desktop-align-left","17":"tablet-align-left","18":"mobile-align-left","20":"first","21":"instock","22":"sale","23":"taxable","24":"shipping-taxable","25":"purchasable","26":"product-type-simple"},"aioseo_notices":[],"jetpack_sharing_enabled":true,"_links":{"self":[{"href":"https:\/\/bondagefurniture.eu\/fr\/wp-json\/wp\/v2\/product\/5456","targetHints":{"allow":["GET"]}}],"collection":[{"href":"https:\/\/bondagefurniture.eu\/fr\/wp-json\/wp\/v2\/product"}],"about":[{"href":"https:\/\/bondagefurniture.eu\/fr\/wp-json\/wp\/v2\/types\/product"}],"wp:featuredmedia":[{"embeddable":true,"href":"https:\/\/bondagefurniture.eu\/fr\/wp-json\/wp\/v2\/media\/5449"}],"wp:attachment":[{"href":"https:\/\/bondagefurniture.eu\/fr\/wp-json\/wp\/v2\/media?parent=5456"}],"wp:term":[{"taxonomy":"product_brand","embeddable":true,"href":"https:\/\/bondagefurniture.eu\/fr\/wp-json\/wp\/v2\/product_brand?post=5456"},{"taxonomy":"product_cat","embeddable":true,"href":"https:\/\/bondagefurniture.eu\/fr\/wp-json\/wp\/v2\/product_cat?post=5456"},{"taxonomy":"product_tag","embeddable":true,"href":"https:\/\/bondagefurniture.eu\/fr\/wp-json\/wp\/v2\/product_tag?post=5456"}],"curies":[{"name":"wp","href":"https:\/\/api.w.org\/{rel}","templated":true}]}}