{"id":5357,"date":"2024-11-12T22:54:04","date_gmt":"2024-11-12T22:54:04","guid":{"rendered":"https:\/\/bondagefurniture.eu\/?post_type=product&#038;p=5357"},"modified":"2025-03-03T20:56:21","modified_gmt":"2025-03-03T20:56:21","slug":"bondage-chaise-longue-ou-banc-detirage-meubles-bdsm-en-tubes-dacier-bondage-furniture-kopie","status":"publish","type":"product","link":"https:\/\/bondagefurniture.eu\/fr\/produit\/bondage-chaise-longue-ou-banc-detirage-meubles-bdsm-en-tubes-dacier-bondage-furniture-kopie\/","title":{"rendered":"El\u00e9ment de pont pour chaise longue | Bondage Furniture"},"content":{"rendered":"<h2><strong>Pi\u00e8ce jointe Pont pour chaise longue<\/strong><\/h2>\n<p><strong>Notre table de bondage est plus qu&rsquo;un simple meuble &#8211; c&rsquo;est la porte d&rsquo;entr\u00e9e vers des aventures \u00e9rotiques et offre aux d\u00e9butants comme aux amateurs de bondage exp\u00e9riment\u00e9s une sc\u00e8ne parfaite pour des exp\u00e9riences sensuelles.<\/strong><\/p>\n<p>&nbsp;<\/p>\n<h3><strong>Remarque sur le contenu de la livraison :<\/strong><\/h3>\n<p>Les images servent d&rsquo;exemples des possibilit\u00e9s que vous offre l&rsquo;article command\u00e9. Les ensembles de liens, les barres de godes, les coussins et autres accessoires ne sont pas inclus. Selon la constitution physique, il se peut que tous les exemples pr\u00e9sent\u00e9s ne puissent pas \u00eatre mis en pratique. Vous trouverez le contenu exact de la livraison dans la description ci-dessous.<br \/>\n<strong>Veuillez commander les sets de menottes s\u00e9par\u00e9ment !<br \/>\n<\/strong><\/p>\n<h3><strong>Livraison UNIQUEMENT de l&rsquo;accessoire Pont pour chaise longue :<\/strong><\/h3>\n<ul>\n<li>2x tubes en acier<\/li>\n<li>4x connecteurs en fonte<\/li>\n<li>6x bouchons<\/li>\n<li>Barre d&rsquo;\u00e9cartement en aluminium<\/li>\n<\/ul>\n<h3><strong>Type : Kit<\/strong><\/h3>\n<p>Nos produits sont des kits. Comme il s&rsquo;agit d&rsquo;un kit, nous ne pouvons pas \u00eatre tenus responsables d&rsquo;une mauvaise utilisation des meubles.<\/p>\n<p><strong>Veuillez imp\u00e9rativement respecter nos consignes de s\u00e9curit\u00e9 pour l&rsquo;utilisation des meubles de bondage !<\/strong><\/p>\n<p>&nbsp;<\/p>\n","protected":false},"excerpt":{"rendered":"<p>incl. TVA sauf pour le Royaume-Uni, la Norv\u00e8ge et la Suisse<\/p>\n<h2><strong>Pi\u00e8ce jointe Pont pour chaise longue<\/strong><\/h2>\n<p>&nbsp;<\/p>\n<h3><strong>Remarque sur le contenu de la livraison :<\/strong><\/h3>\n<p>Les images servent d&rsquo;exemples des possibilit\u00e9s que vous offre l&rsquo;article command\u00e9. Les ensembles de liens, les barres de godes, les coussins et autres accessoires ne sont pas inclus. Selon la constitution physique, il se peut que tous les exemples pr\u00e9sent\u00e9s ne puissent pas \u00eatre mis en pratique. Vous trouverez le contenu exact de la livraison dans la description ci-dessous.<br \/>\n<strong>Veuillez commander les sets de menottes s\u00e9par\u00e9ment !<br \/>\n<\/strong><\/p>\n<h3><strong>Livraison UNIQUEMENT de l&rsquo;accessoire Pont pour chaise longue :<\/strong><\/h3>\n<ul>\n<li>2x tubes en acier<\/li>\n<li>4x connecteurs en fonte<\/li>\n<li>6x bouchons<\/li>\n<li>Barre d&rsquo;\u00e9cartement en aluminium<\/li>\n<\/ul>\n<p><span style=\"color: #025877;\">D\u00e9lai de livraison : 14 jours<\/span><\/p>\n","protected":false},"featured_media":4897,"template":"","meta":{"om_disable_all_campaigns":false,"_monsterinsights_skip_tracking":false,"_monsterinsights_sitenote_active":false,"_monsterinsights_sitenote_note":"","_monsterinsights_sitenote_category":0,"site-sidebar-layout":"default","site-content-layout":"","ast-site-content-layout":"default","site-content-style":"default","site-sidebar-style":"default","ast-global-header-display":"","ast-banner-title-visibility":"","ast-main-header-display":"","ast-hfb-above-header-display":"","ast-hfb-below-header-display":"","ast-hfb-mobile-header-display":"","site-post-title":"","ast-breadcrumbs-content":"","ast-featured-img":"","footer-sml-layout":"","ast-disable-related-posts":"","theme-transparent-header-meta":"default","adv-header-id-meta":"","stick-header-meta":"","header-above-stick-meta":"","header-main-stick-meta":"","header-below-stick-meta":"","astra-migrate-meta-layouts":"set","ast-page-background-enabled":"default","ast-page-background-meta":{"desktop":{"background-color":"var(--ast-global-color-4)","background-image":"","background-repeat":"repeat","background-position":"center center","background-size":"auto","background-attachment":"scroll","background-type":"","background-media":"","overlay-type":"","overlay-color":"","overlay-opacity":"","overlay-gradient":""},"tablet":{"background-color":"","background-image":"","background-repeat":"repeat","background-position":"center center","background-size":"auto","background-attachment":"scroll","background-type":"","background-media":"","overlay-type":"","overlay-color":"","overlay-opacity":"","overlay-gradient":""},"mobile":{"background-color":"","background-image":"","background-repeat":"repeat","background-position":"center center","background-size":"auto","background-attachment":"scroll","background-type":"","background-media":"","overlay-type":"","overlay-color":"","overlay-opacity":"","overlay-gradient":""}},"ast-content-background-meta":{"desktop":{"background-color":"var(--ast-global-color-5)","background-image":"","background-repeat":"repeat","background-position":"center center","background-size":"auto","background-attachment":"scroll","background-type":"","background-media":"","overlay-type":"","overlay-color":"","overlay-opacity":"","overlay-gradient":""},"tablet":{"background-color":"var(--ast-global-color-5)","background-image":"","background-repeat":"repeat","background-position":"center center","background-size":"auto","background-attachment":"scroll","background-type":"","background-media":"","overlay-type":"","overlay-color":"","overlay-opacity":"","overlay-gradient":""},"mobile":{"background-color":"var(--ast-global-color-5)","background-image":"","background-repeat":"repeat","background-position":"center center","background-size":"auto","background-attachment":"scroll","background-type":"","background-media":"","overlay-type":"","overlay-color":"","overlay-opacity":"","overlay-gradient":""}}},"product_brand":[],"product_cat":[313,314,172,273,57],"product_tag":[87,190,129,91,88,92,89,85,105],"class_list":{"0":"post-5357","1":"product","2":"type-product","3":"status-publish","4":"has-post-thumbnail","6":"product_cat-bdsm-banc-detirement","7":"product_cat-chaise-longue-bdsm","8":"product_cat-meubles-sm","9":"product_cat-meubles-sm-professionnels","10":"product_cat-nouveautes","11":"product_tag-bondage-fr","12":"product_tag-equipement-sm","13":"product_tag-ligotage-extreme","14":"product_tag-meubles-bdsm","15":"product_tag-meubles-damour","16":"product_tag-meubles-de-bondage","17":"product_tag-meubles-erotiques","18":"product_tag-meubles-sm","19":"product_tag-sm-genouillere","20":"desktop-align-left","21":"tablet-align-left","22":"mobile-align-left","24":"first","25":"instock","26":"taxable","27":"shipping-taxable","28":"purchasable","29":"product-type-variable"},"aioseo_notices":[],"jetpack_sharing_enabled":true,"_links":{"self":[{"href":"https:\/\/bondagefurniture.eu\/fr\/wp-json\/wp\/v2\/product\/5357","targetHints":{"allow":["GET"]}}],"collection":[{"href":"https:\/\/bondagefurniture.eu\/fr\/wp-json\/wp\/v2\/product"}],"about":[{"href":"https:\/\/bondagefurniture.eu\/fr\/wp-json\/wp\/v2\/types\/product"}],"wp:featuredmedia":[{"embeddable":true,"href":"https:\/\/bondagefurniture.eu\/fr\/wp-json\/wp\/v2\/media\/4897"}],"wp:attachment":[{"href":"https:\/\/bondagefurniture.eu\/fr\/wp-json\/wp\/v2\/media?parent=5357"}],"wp:term":[{"taxonomy":"product_brand","embeddable":true,"href":"https:\/\/bondagefurniture.eu\/fr\/wp-json\/wp\/v2\/product_brand?post=5357"},{"taxonomy":"product_cat","embeddable":true,"href":"https:\/\/bondagefurniture.eu\/fr\/wp-json\/wp\/v2\/product_cat?post=5357"},{"taxonomy":"product_tag","embeddable":true,"href":"https:\/\/bondagefurniture.eu\/fr\/wp-json\/wp\/v2\/product_tag?post=5357"}],"curies":[{"name":"wp","href":"https:\/\/api.w.org\/{rel}","templated":true}]}}