{"id":5232,"date":"2024-10-27T15:54:15","date_gmt":"2024-10-27T15:54:15","guid":{"rendered":"https:\/\/bondagefurniture.eu\/?post_type=product&#038;p=5232"},"modified":"2025-03-03T20:58:24","modified_gmt":"2025-03-03T20:58:24","slug":"raccord-de-tuyaux-raccord-ouvert-2-pieces-bdsm-meubles-en-tubes-dacier-bondage-furniture-kopie","status":"publish","type":"product","link":"https:\/\/bondagefurniture.eu\/fr\/produit\/raccord-de-tuyaux-raccord-ouvert-2-pieces-bdsm-meubles-en-tubes-dacier-bondage-furniture-kopie\/","title":{"rendered":"Connecteur de tubes &#8211; Connecteur crois\u00e9 &#8211; 2 pi\u00e8ces &#8211; BDSM Meubles en tubes d&rsquo;acier | Bondage Furniture (copie)"},"content":{"rendered":"<h3>Connecteur de tube &#8211; Connecteur crois\u00e9 adapt\u00e9 \u00e0 nos meubles de bondage<\/h3>\n<p>Ce connecteur crois\u00e9 permet de fixer un tube suppl\u00e9mentaire \u00e0 un meuble existant \u00e0 un angle de 90 degr\u00e9s. La fixation au tube se fait \u00e0 l&rsquo;aide de deux vis qui se bloquent facilement \u00e0 l&rsquo;aide d&rsquo;une cl\u00e9 Allen (vendue s\u00e9par\u00e9ment). <\/p>\n<p>Le paquet contient 2 pi\u00e8ces<br \/>\nMat\u00e9riau : m\u00e9tal<\/p>\n<p>2 variantes : peint en noir ou galvanis\u00e9 en argent<\/p>\n","protected":false},"excerpt":{"rendered":"<p>incl. TVA sauf pour le Royaume-Uni, la Norv\u00e8ge et la Suisse<\/p>\n<h2>Raccord crois\u00e9 &#8211; Pour des raccords stables \u00e0 90 degr\u00e9s sur les meubles<\/h2>\n<p>Ce connecteur crois\u00e9 permet de fixer un autre tube \u00e0 un meuble existant \u00e0 un angle de 90 degr\u00e9s. Il se monte \u00e0 l&rsquo;aide de deux vis qui se serrent facilement \u00e0 l&rsquo;aide d&rsquo;une cl\u00e9 Allen vendue s\u00e9par\u00e9ment, ce qui cr\u00e9e une connexion fiable et s\u00fbre. <\/p>\n<p>Contenu de la livraison : 2 pi\u00e8ces Mat\u00e9riau : m\u00e9tal robuste<\/p>\n<p>Disponible en deux finitions : Peint en noir ou galvanis\u00e9 en argent<\/p>\n<p><span style=\"color: #008080;\">D\u00e9lai de livraison : 14 jours<\/span><\/p>\n","protected":false},"featured_media":5237,"template":"","meta":{"om_disable_all_campaigns":false,"_monsterinsights_skip_tracking":false,"_monsterinsights_sitenote_active":false,"_monsterinsights_sitenote_note":"","_monsterinsights_sitenote_category":0,"site-sidebar-layout":"default","site-content-layout":"","ast-site-content-layout":"default","site-content-style":"default","site-sidebar-style":"default","ast-global-header-display":"","ast-banner-title-visibility":"","ast-main-header-display":"","ast-hfb-above-header-display":"","ast-hfb-below-header-display":"","ast-hfb-mobile-header-display":"","site-post-title":"","ast-breadcrumbs-content":"","ast-featured-img":"","footer-sml-layout":"","ast-disable-related-posts":"","theme-transparent-header-meta":"default","adv-header-id-meta":"","stick-header-meta":"","header-above-stick-meta":"","header-main-stick-meta":"","header-below-stick-meta":"","astra-migrate-meta-layouts":"set","ast-page-background-enabled":"default","ast-page-background-meta":{"desktop":{"background-color":"var(--ast-global-color-4)","background-image":"","background-repeat":"repeat","background-position":"center center","background-size":"auto","background-attachment":"scroll","background-type":"","background-media":"","overlay-type":"","overlay-color":"","overlay-opacity":"","overlay-gradient":""},"tablet":{"background-color":"","background-image":"","background-repeat":"repeat","background-position":"center center","background-size":"auto","background-attachment":"scroll","background-type":"","background-media":"","overlay-type":"","overlay-color":"","overlay-opacity":"","overlay-gradient":""},"mobile":{"background-color":"","background-image":"","background-repeat":"repeat","background-position":"center center","background-size":"auto","background-attachment":"scroll","background-type":"","background-media":"","overlay-type":"","overlay-color":"","overlay-opacity":"","overlay-gradient":""}},"ast-content-background-meta":{"desktop":{"background-color":"var(--ast-global-color-5)","background-image":"","background-repeat":"repeat","background-position":"center center","background-size":"auto","background-attachment":"scroll","background-type":"","background-media":"","overlay-type":"","overlay-color":"","overlay-opacity":"","overlay-gradient":""},"tablet":{"background-color":"var(--ast-global-color-5)","background-image":"","background-repeat":"repeat","background-position":"center center","background-size":"auto","background-attachment":"scroll","background-type":"","background-media":"","overlay-type":"","overlay-color":"","overlay-opacity":"","overlay-gradient":""},"mobile":{"background-color":"var(--ast-global-color-5)","background-image":"","background-repeat":"repeat","background-position":"center center","background-size":"auto","background-attachment":"scroll","background-type":"","background-media":"","overlay-type":"","overlay-color":"","overlay-opacity":"","overlay-gradient":""}}},"product_brand":[],"product_cat":[94,167,57],"product_tag":[189,91,92,319],"class_list":{"0":"post-5232","1":"product","2":"type-product","3":"status-publish","4":"has-post-thumbnail","6":"product_cat-accessoires-pour-meubles-sm","7":"product_cat-composants-pour-meubles-sm","8":"product_cat-nouveautes","9":"product_tag-accessoires-bdsm","10":"product_tag-meubles-bdsm","11":"product_tag-meubles-de-bondage","12":"product_tag-raccords-de-tuyaux","13":"desktop-align-left","14":"tablet-align-left","15":"mobile-align-left","17":"first","18":"instock","19":"taxable","20":"shipping-taxable","21":"purchasable","22":"product-type-variable"},"aioseo_notices":[],"jetpack_sharing_enabled":true,"_links":{"self":[{"href":"https:\/\/bondagefurniture.eu\/fr\/wp-json\/wp\/v2\/product\/5232","targetHints":{"allow":["GET"]}}],"collection":[{"href":"https:\/\/bondagefurniture.eu\/fr\/wp-json\/wp\/v2\/product"}],"about":[{"href":"https:\/\/bondagefurniture.eu\/fr\/wp-json\/wp\/v2\/types\/product"}],"wp:featuredmedia":[{"embeddable":true,"href":"https:\/\/bondagefurniture.eu\/fr\/wp-json\/wp\/v2\/media\/5237"}],"wp:attachment":[{"href":"https:\/\/bondagefurniture.eu\/fr\/wp-json\/wp\/v2\/media?parent=5232"}],"wp:term":[{"taxonomy":"product_brand","embeddable":true,"href":"https:\/\/bondagefurniture.eu\/fr\/wp-json\/wp\/v2\/product_brand?post=5232"},{"taxonomy":"product_cat","embeddable":true,"href":"https:\/\/bondagefurniture.eu\/fr\/wp-json\/wp\/v2\/product_cat?post=5232"},{"taxonomy":"product_tag","embeddable":true,"href":"https:\/\/bondagefurniture.eu\/fr\/wp-json\/wp\/v2\/product_tag?post=5232"}],"curies":[{"name":"wp","href":"https:\/\/api.w.org\/{rel}","templated":true}]}}