{"id":496,"date":"2023-10-08T13:15:59","date_gmt":"2023-10-08T13:15:59","guid":{"rendered":"https:\/\/bondagefurniture.eu\/product\/set-de-menottes-en-cuir-professionnel-hq-mains-jambes-avec-connecteurs-a-vis-convient-a-nos-meubles-de-bondage\/"},"modified":"2026-04-25T14:57:15","modified_gmt":"2026-04-25T14:57:15","slug":"profi-cuir-fesselsethand-beine-avec-raccord-visse","status":"publish","type":"product","link":"https:\/\/bondagefurniture.eu\/fr\/produit\/profi-cuir-fesselsethand-beine-avec-raccord-visse\/","title":{"rendered":"Set de menottes en cuir professionnel HQ &#8211; mains \/ jambes avec connecteurs \u00e0 vis &#8211; convient \u00e0 nos meubles de bondage"},"content":{"rendered":"<h2><strong>Set de menottes en cuir professionnel pour une fixation pr\u00e9cise des poignets et des chevilles avec nos meubles SM.<br \/>\n<\/strong><\/h2>\n<p><strong>Notre set de menottes professionnelles en cuir HQ relie fermement mais tr\u00e8s confortablement les poignets et les chevilles aux tubes de nos meubles de bondage.<\/strong><\/p>\n<p>D\u00e9couvrez notre set de menottes en cuir professionnel &#8211; le choix ultime pour des exp\u00e9riences de bondage incomparables ! Avec ce kit pour les mains et les pieds, vous pouvez vous attendre \u00e0 une exp\u00e9rience s\u00fbre, stable et excitante. Les attaches se fixent sans effort \u00e0 tous nos meubles BDSM et garantissent une stabilit\u00e9 absolue sans vacillement g\u00eanant. Ainsi, vous n&rsquo;avez pas besoin de payer des attaches suppl\u00e9mentaires pour chaque meuble de bondage !<\/p>\n<p><strong>Cette fixation pr\u00e9cise du corps sur nos meubles SM caract\u00e9rise particuli\u00e8rement notre syst\u00e8me de bondage.<\/strong><\/p>\n<p>Plongez dans le monde de la sensualit\u00e9 et profitez de moments inoubliables avec notre set de menottes en cuir de haute qualit\u00e9.<br \/>\nComme les menottes peuvent \u00eatre facilement viss\u00e9es \u00e0 n&rsquo;importe quel endroit d&rsquo;un tube sans outils, l&rsquo;adaptation aux diff\u00e9rentes tailles ne pose aucun probl\u00e8me.<\/p>\n<p><strong>Avec nos attaches, il y a deux possibilit\u00e9s de fixation :<\/strong><\/p>\n<ul>\n<li>Vous fixez d&rsquo;abord les liens au meuble, la personne \u00e0 immobiliser s&rsquo;assoit, s&rsquo;allonge ou se place contre le meuble et nous fixons.<\/li>\n<li>La personne \u00e0 attacher commence par fixer toutes les attaches sur son corps, puis se rend au meuble. Ici, les attaches peuvent alors \u00eatre reli\u00e9es au meuble exactement au bon endroit. Il n&rsquo;y a pas plus pr\u00e9cis ! Et cela vous fait gagner beaucoup de temps. <\/li>\n<\/ul>\n<h3>Les avantages de notre set de menottes en cuir professionnel r\u00e9sum\u00e9s :<\/h3>\n<div class=\"flex flex-grow flex-col gap-3 max-w-full\">\n<div class=\"min-h-[20px] flex flex-col items-start gap-3 whitespace-pre-wrap break-words overflow-x-auto\">\n<div class=\"markdown prose w-full break-words dark:prose-invert light\">\n<ul>\n<li>Pr\u00e9paration rapide : attachez facilement les attaches sur votre corps avant de commencer votre exp\u00e9rience BDSM.<\/li>\n<li>Utilisation flexible : Passez d&rsquo;un meuble ou d&rsquo;une position \u00e0 l&rsquo;autre en un clin d&rsquo;\u0153il, sans perdre de temps.<\/li>\n<li>Une fixation pr\u00e9cise : Nos attaches sont toujours bien fix\u00e9es et stables, sans glisser de mani\u00e8re g\u00eanante.<\/li>\n<li>Gain de temps : gr\u00e2ce \u00e0 notre conception intelligente, tout se fait en un clin d&rsquo;\u0153il. Plongez imm\u00e9diatement dans votre aventure de bondage ! <\/li>\n<\/ul>\n<\/div>\n<\/div>\n<\/div>\n<h3><strong>Taille Set de menottes en cuir professionnel :<\/strong><\/h3>\n<p>2x menottes pour les pieds : longueur : 30cm \/ largeur : 6,5cm.<\/p>\n<p>2x menottes : longueur : 26cm \/ largeur : 6,5cm.<strong><br \/>\n<\/strong><\/p>\n<p><strong>Couleur :<\/strong> noir \/ argent m\u00e9tallique<strong><br \/>\n<\/strong><\/p>\n<p><strong>Mati\u00e8re :<\/strong> cuir de vache. Int\u00e9rieur rembourr\u00e9 de cuir nappa doux.<strong><br \/>\n<\/strong><\/p>\n<p><strong>Autres :<\/strong> incl. 2x double mousqueton<\/p>\n","protected":false},"excerpt":{"rendered":"<p>incl. TVA sauf pour le Royaume-Uni, la Norv\u00e8ge et la Suisse<\/p>\n<p><strong>Notre set de menottes professionnelles en cuir HQ relie fermement mais tr\u00e8s confortablement les poignets et les chevilles aux tubes de nos meubles de bondage.<\/strong><\/p>\n<p><strong>Mati\u00e8re :<\/strong> cuir de vache. Int\u00e9rieur rembourr\u00e9 de cuir nappa doux.<\/p>\n<p><strong>Taille :<\/strong><br \/>\n2x menottes pour les pieds : longueur : 30cm \/ largeur : 6,5cm.<br \/>\n2x menottes pour les mains : longueur : 26cm \/ largeur : 6,5cm.<\/p>\n<p><span style=\"color: #025877;\">D\u00e9lai de livraison : 14 jours maximum<\/span><\/p>\n","protected":false},"featured_media":486,"template":"","meta":{"om_disable_all_campaigns":false,"_monsterinsights_skip_tracking":false,"_monsterinsights_sitenote_active":false,"_monsterinsights_sitenote_note":"","_monsterinsights_sitenote_category":0,"site-sidebar-layout":"default","site-content-layout":"","ast-site-content-layout":"default","site-content-style":"default","site-sidebar-style":"default","ast-global-header-display":"","ast-banner-title-visibility":"","ast-main-header-display":"","ast-hfb-above-header-display":"","ast-hfb-below-header-display":"","ast-hfb-mobile-header-display":"","site-post-title":"","ast-breadcrumbs-content":"","ast-featured-img":"","footer-sml-layout":"","ast-disable-related-posts":"","theme-transparent-header-meta":"default","adv-header-id-meta":"","stick-header-meta":"","header-above-stick-meta":"","header-main-stick-meta":"","header-below-stick-meta":"","astra-migrate-meta-layouts":"default","ast-page-background-enabled":"default","ast-page-background-meta":{"desktop":{"background-color":"var(--ast-global-color-4)","background-image":"","background-repeat":"repeat","background-position":"center center","background-size":"auto","background-attachment":"scroll","background-type":"","background-media":"","overlay-type":"","overlay-color":"","overlay-opacity":"","overlay-gradient":""},"tablet":{"background-color":"","background-image":"","background-repeat":"repeat","background-position":"center center","background-size":"auto","background-attachment":"scroll","background-type":"","background-media":"","overlay-type":"","overlay-color":"","overlay-opacity":"","overlay-gradient":""},"mobile":{"background-color":"","background-image":"","background-repeat":"repeat","background-position":"center center","background-size":"auto","background-attachment":"scroll","background-type":"","background-media":"","overlay-type":"","overlay-color":"","overlay-opacity":"","overlay-gradient":""}},"ast-content-background-meta":{"desktop":{"background-color":"var(--ast-global-color-5)","background-image":"","background-repeat":"repeat","background-position":"center center","background-size":"auto","background-attachment":"scroll","background-type":"","background-media":"","overlay-type":"","overlay-color":"","overlay-opacity":"","overlay-gradient":""},"tablet":{"background-color":"var(--ast-global-color-5)","background-image":"","background-repeat":"repeat","background-position":"center center","background-size":"auto","background-attachment":"scroll","background-type":"","background-media":"","overlay-type":"","overlay-color":"","overlay-opacity":"","overlay-gradient":""},"mobile":{"background-color":"var(--ast-global-color-5)","background-image":"","background-repeat":"repeat","background-position":"center center","background-size":"auto","background-attachment":"scroll","background-type":"","background-media":"","overlay-type":"","overlay-color":"","overlay-opacity":"","overlay-gradient":""}}},"product_brand":[],"product_cat":[94,63],"product_tag":[],"class_list":{"0":"post-496","1":"product","2":"type-product","3":"status-publish","4":"has-post-thumbnail","6":"product_cat-accessoires-pour-meubles-sm","7":"product_cat-attache","8":"desktop-align-left","9":"tablet-align-left","10":"mobile-align-left","12":"first","13":"instock","14":"taxable","15":"shipping-taxable","16":"purchasable","17":"product-type-variable"},"aioseo_notices":[],"jetpack_sharing_enabled":true,"_links":{"self":[{"href":"https:\/\/bondagefurniture.eu\/fr\/wp-json\/wp\/v2\/product\/496","targetHints":{"allow":["GET"]}}],"collection":[{"href":"https:\/\/bondagefurniture.eu\/fr\/wp-json\/wp\/v2\/product"}],"about":[{"href":"https:\/\/bondagefurniture.eu\/fr\/wp-json\/wp\/v2\/types\/product"}],"wp:featuredmedia":[{"embeddable":true,"href":"https:\/\/bondagefurniture.eu\/fr\/wp-json\/wp\/v2\/media\/486"}],"wp:attachment":[{"href":"https:\/\/bondagefurniture.eu\/fr\/wp-json\/wp\/v2\/media?parent=496"}],"wp:term":[{"taxonomy":"product_brand","embeddable":true,"href":"https:\/\/bondagefurniture.eu\/fr\/wp-json\/wp\/v2\/product_brand?post=496"},{"taxonomy":"product_cat","embeddable":true,"href":"https:\/\/bondagefurniture.eu\/fr\/wp-json\/wp\/v2\/product_cat?post=496"},{"taxonomy":"product_tag","embeddable":true,"href":"https:\/\/bondagefurniture.eu\/fr\/wp-json\/wp\/v2\/product_tag?post=496"}],"curies":[{"name":"wp","href":"https:\/\/api.w.org\/{rel}","templated":true}]}}