{"id":4850,"date":"2024-10-15T18:58:50","date_gmt":"2024-10-15T18:58:50","guid":{"rendered":"https:\/\/bondagefurniture.eu\/?post_type=product&#038;p=4850"},"modified":"2025-03-03T21:00:56","modified_gmt":"2025-03-03T21:00:56","slug":"bondage-chaise-longue-ou-banc-etirage-meuble-bdsm-en-tubes-dacier-bondage-furniture","status":"publish","type":"product","link":"https:\/\/bondagefurniture.eu\/fr\/produit\/bondage-chaise-longue-ou-banc-etirage-meuble-bdsm-en-tubes-dacier-bondage-furniture\/","title":{"rendered":"Bondage Chaise Longue ou Banc d&rsquo;Etirage &#8211; Meubles BDSM en tubes d&rsquo;acier | Bondage Furniture"},"content":{"rendered":"<h2><strong>Chaise longue de bondage au design industriel &#8211; Pour des aventures sensuelles et un contr\u00f4le maximal<\/strong><\/h2>\n<p><strong>Notre table de bondage est plus qu&rsquo;un simple meuble &#8211; c&rsquo;est la porte d&rsquo;entr\u00e9e vers des aventures \u00e9rotiques et offre aux d\u00e9butants comme aux amateurs de bondage exp\u00e9riment\u00e9s une sc\u00e8ne parfaite pour des exp\u00e9riences sensuelles.<\/strong><\/p>\n<p>&nbsp;<\/p>\n<p>Fabriqu\u00e9 \u00e0 partir de tubes d&rsquo;acier robustes au design industriel branch\u00e9, il allie une stabilit\u00e9 sans compromis \u00e0 une esth\u00e9tique attrayante. Son design discret et accueillant ne rebute pas les d\u00e9butants et les incite \u00e0 essayer, tandis que les professionnels appr\u00e9cieront les possibilit\u00e9s infinies offertes par cette chaise longue. Que vous soyez debout, couch\u00e9 ou \u00e0 genoux, cette table vous permet d&rsquo;explorer toutes les positions pour des jeux de bondage inoubliables.  <\/p>\n<p>La polyvalence de la <strong>chaise longue BDSM<\/strong> permet \u00e0 votre partenaire d&rsquo;\u00eatre immobilis\u00e9(e) et totalement \u00e0 sa merci dans toutes les positions souhait\u00e9es. Les connecteurs rapides permettent de changer de position sans effort et rapidement &#8211; l&rsquo;aventure reste ainsi toujours excitante et dynamique. Gr\u00e2ce aux diff\u00e9rentes possibilit\u00e9s de ligotage, un monde d&rsquo;exp\u00e9riences sensuelles intenses s&rsquo;ouvre \u00e0 vous.  <\/p>\n<h3><strong>Faites l&rsquo;exp\u00e9rience de la domination sensuelle et de l&rsquo;abandon absolu &#8211; cette chaise longue de bondage de Bondage Furniture vous offre le cadre parfait pour des aventures excitantes.<\/strong><\/h3>\n<p>&nbsp;<\/p>\n<p><img loading=\"lazy\" decoding=\"async\" class=\"alignnone wp-image-4862 size-full\" src=\"https:\/\/bondagefurniture.eu\/wp-content\/uploads\/2024\/10\/BDSM-Liege-Bondage-Moebel-von-Bondage-Furniture2-e1729027641862.jpeg\" alt=\"Bondage Chaise Longue - Meubles BDSM de Bondage Furniture aussi comme banc d'\u00e9tirement\" width=\"1280\" height=\"654\" srcset=\"https:\/\/bondagefurniture.eu\/wp-content\/uploads\/2024\/10\/BDSM-Liege-Bondage-Moebel-von-Bondage-Furniture2-e1729027641862.jpeg 1280w, https:\/\/bondagefurniture.eu\/wp-content\/uploads\/2024\/10\/BDSM-Liege-Bondage-Moebel-von-Bondage-Furniture2-e1729027641862-300x153.jpeg 300w, https:\/\/bondagefurniture.eu\/wp-content\/uploads\/2024\/10\/BDSM-Liege-Bondage-Moebel-von-Bondage-Furniture2-e1729027641862-1024x523.jpeg 1024w, https:\/\/bondagefurniture.eu\/wp-content\/uploads\/2024\/10\/BDSM-Liege-Bondage-Moebel-von-Bondage-Furniture2-e1729027641862-768x392.jpeg 768w, https:\/\/bondagefurniture.eu\/wp-content\/uploads\/2024\/10\/BDSM-Liege-Bondage-Moebel-von-Bondage-Furniture2-e1729027641862-800x409.jpeg 800w\" sizes=\"auto, (max-width: 1280px) 100vw, 1280px\" \/><\/p>\n<p>(couchette avec pi\u00e8ce rapport\u00e9e banc d&rsquo;\u00e9tirement et \u00e9carteur)<\/p>\n<p>Pour plus de tension et de cr\u00e9ativit\u00e9, de nombreux accessoires sont disponibles, comme des \u00e9carteurs de jambes ou de bras, d&rsquo;autres barres de maintien ou un \u00e9l\u00e9ment permettant de <strong>transformer<\/strong> la <strong>table en un banc d&rsquo;\u00e9tirement complet<\/strong>. Chaque position offre de nouvelles possibilit\u00e9s d&rsquo;augmenter le plaisir et d&rsquo;intensifier la sensation de livraison. La table vous donne le contr\u00f4le et ouvre la voie \u00e0 une aventure \u00e9rotique pour vous et votre partenaire.  <\/p>\n<p>Particuli\u00e8rement astucieux : La <strong>chaise longue BDSM<\/strong> peut \u00e9galement \u00eatre utilis\u00e9e au quotidien et \u00eatre discr\u00e8tement camoufl\u00e9e en meuble. Avec un plateau assorti de 60&#215;120 cm, elle se transforme en un clin d&rsquo;\u0153il en un bureau ou une table d&rsquo;appoint pratique &#8211; discr\u00e8te et fonctionnelle, jusqu&rsquo;\u00e0 ce qu&rsquo;elle reprenne du service pour votre prochain jeu \u00e9rotique. <\/p>\n<p>Disponible en noir ou en argent, le double cadre assure une construction extra-stable qui offre une s\u00e9curit\u00e9 maximale, m\u00eame lors de sessions intenses. Gr\u00e2ce aux nombreuses possibilit\u00e9s de fixation pour les liens et les accessoires, vos fantasmes \u00e9rotiques peuvent \u00eatre r\u00e9alis\u00e9s en toute simplicit\u00e9. Qu&rsquo;il s&rsquo;agisse de jeux doux ou de domination intense, la table de bondage r\u00e9pond \u00e0 tous vos besoins et vous offre la libert\u00e9 de r\u00e9aliser vos fantasmes cr\u00e9atifs et sensuels.  <\/p>\n<p><strong>Dimensions : couchette longueur 115 cm \/ hauteur 75 cm \/ largeur 69 cm<br \/>\nDimensions : banc d&rsquo;\u00e9tirement longueur 270 cm \/ hauteur 75 cm \/ largeur 69 cm<br \/>\n<\/strong><\/p>\n<p>&nbsp;<\/p>\n<p><img loading=\"lazy\" decoding=\"async\" class=\"alignnone wp-image-4913 size-full\" src=\"https:\/\/bondagefurniture.eu\/wp-content\/uploads\/2024\/10\/BDSM-Liege-Bondage-Moebel-von-Bondage-Furniture29.jpg\" alt=\"Bondage Chaise Longue - Meubles BDSM de Bondage Furniture aussi comme banc d'\u00e9tirement\" width=\"1582\" height=\"1582\" srcset=\"https:\/\/bondagefurniture.eu\/wp-content\/uploads\/2024\/10\/BDSM-Liege-Bondage-Moebel-von-Bondage-Furniture29.jpg 1582w, https:\/\/bondagefurniture.eu\/wp-content\/uploads\/2024\/10\/BDSM-Liege-Bondage-Moebel-von-Bondage-Furniture29-300x300.jpg 300w, https:\/\/bondagefurniture.eu\/wp-content\/uploads\/2024\/10\/BDSM-Liege-Bondage-Moebel-von-Bondage-Furniture29-1024x1024.jpg 1024w, https:\/\/bondagefurniture.eu\/wp-content\/uploads\/2024\/10\/BDSM-Liege-Bondage-Moebel-von-Bondage-Furniture29-150x150.jpg 150w, https:\/\/bondagefurniture.eu\/wp-content\/uploads\/2024\/10\/BDSM-Liege-Bondage-Moebel-von-Bondage-Furniture29-768x768.jpg 768w, https:\/\/bondagefurniture.eu\/wp-content\/uploads\/2024\/10\/BDSM-Liege-Bondage-Moebel-von-Bondage-Furniture29-1536x1536.jpg 1536w, https:\/\/bondagefurniture.eu\/wp-content\/uploads\/2024\/10\/BDSM-Liege-Bondage-Moebel-von-Bondage-Furniture29-800x800.jpg 800w, https:\/\/bondagefurniture.eu\/wp-content\/uploads\/2024\/10\/BDSM-Liege-Bondage-Moebel-von-Bondage-Furniture29-100x100.jpg 100w\" sizes=\"auto, (max-width: 1582px) 100vw, 1582px\" \/><\/p>\n<p>(Rapidement, de nombreux accessoires passionnants peuvent \u00eatre viss\u00e9s sur nos meubles BDSM !)<\/p>\n<p>&nbsp;<\/p>\n<h3><strong>Remarque sur le contenu de la livraison :<\/strong><\/h3>\n<p>Les images servent d&rsquo;exemples des possibilit\u00e9s que vous offre l&rsquo;article command\u00e9. Les ensembles de liens, les barres de godes, les coussins et autres accessoires ne sont pas inclus. Selon la constitution physique, il se peut que tous les exemples pr\u00e9sent\u00e9s ne puissent pas \u00eatre mis en pratique. Vous trouverez le contenu exact de la livraison dans la description ci-dessous.<br \/>\n<strong>Veuillez commander les sets de menottes s\u00e9par\u00e9ment !<br \/>\n<\/strong><\/p>\n<h3><strong>Contenu de la livraison Bondage Liege :<\/strong><\/h3>\n<ul>\n<li>15 tubes d&rsquo;acier de diff\u00e9rentes longueurs (peints en noir ou galvanis\u00e9s en argent)<\/li>\n<li>18x connecteurs en fonte (noirs ou argent\u00e9s)<\/li>\n<li>8x bouchons<\/li>\n<li>incl. Cl\u00e9 Allen.<\/li>\n<li>Instructions d\u00e9taill\u00e9es.<\/li>\n<li>En option &#8211; kit de montage avec 2 tubes, une barre d&rsquo;\u00e9cartement et 4 connecteurs<\/li>\n<\/ul>\n<p><strong>Pour pouvoir construire le banc d&rsquo;\u00e9tirement pr\u00e9sent\u00e9 sur les photos, vous avez \u00e9galement besoin du kit compl\u00e9mentaire \u00ab\u00a0Banc d&rsquo;\u00e9tirement\u00a0\u00bb !<\/strong><\/p>\n<h3><strong>Contenu du kit d&rsquo;extension de la table de bondage :<\/strong><\/h3>\n<ul>\n<li>18 tubes d&rsquo;acier de diff\u00e9rentes longueurs (peints en noir ou galvanis\u00e9s en argent)<\/li>\n<li>22x connecteurs en fonte (noirs ou argent\u00e9s)<\/li>\n<li>2x manilles<\/li>\n<li>2x cha\u00eene<\/li>\n<li>18x bouchons<\/li>\n<\/ul>\n<h3><strong>Type : Kit<\/strong><\/h3>\n<p>Nos produits sont des kits. Comme il s&rsquo;agit d&rsquo;un kit, nous ne pouvons pas \u00eatre tenus responsables d&rsquo;une mauvaise utilisation des meubles.<\/p>\n<p><strong>Veuillez imp\u00e9rativement respecter nos consignes de s\u00e9curit\u00e9 pour l&rsquo;utilisation des meubles de bondage !<\/strong><\/p>\n<p>&nbsp;<\/p>\n","protected":false},"excerpt":{"rendered":"<p>incl. TVA sauf pour le Royaume-Uni, la Norv\u00e8ge et la Suisse<\/p>\n<h2><strong>Chaise longue de bondage au design industriel &#8211; Pour des aventures sensuelles et un contr\u00f4le maximal<\/strong><\/h2>\n<p><strong>Notre table de bondage est plus qu&rsquo;un simple meuble &#8211; c&rsquo;est la porte d&rsquo;entr\u00e9e vers des aventures \u00e9rotiques et offre aux d\u00e9butants comme aux amateurs de bondage exp\u00e9riment\u00e9s une sc\u00e8ne parfaite pour des exp\u00e9riences sensuelles.<\/strong><\/p>\n<p>Fabriqu\u00e9 \u00e0 partir de tubes d&rsquo;acier robustes au design industriel branch\u00e9, il allie une stabilit\u00e9 sans compromis \u00e0 une esth\u00e9tique attrayante. Son design discret et accueillant ne rebute pas les d\u00e9butants et les incite \u00e0 essayer, tandis que les professionnels appr\u00e9cieront les possibilit\u00e9s infinies offertes par cette chaise longue. Que vous soyez debout, couch\u00e9 ou \u00e0 genoux, cette table vous permet d&rsquo;explorer toutes les positions pour des jeux de bondage inoubliables.  <\/p>\n<p><strong>Dimensions : <\/strong>Longueur 115 cm \/ Hauteur 75 cm \/ Largeur 69 cm<\/p>\n<p><strong>Attention ! Veuillez commander les \u0153illets ou les attaches s\u00e9par\u00e9ment !<\/strong><\/p>\n<p><span style=\"color: #025877;\">D\u00e9lai de livraison : 14 jours<\/span><\/p>\n","protected":false},"featured_media":4921,"template":"","meta":{"om_disable_all_campaigns":false,"_monsterinsights_skip_tracking":false,"_monsterinsights_sitenote_active":false,"_monsterinsights_sitenote_note":"","_monsterinsights_sitenote_category":0,"site-sidebar-layout":"default","site-content-layout":"","ast-site-content-layout":"default","site-content-style":"default","site-sidebar-style":"default","ast-global-header-display":"","ast-banner-title-visibility":"","ast-main-header-display":"","ast-hfb-above-header-display":"","ast-hfb-below-header-display":"","ast-hfb-mobile-header-display":"","site-post-title":"","ast-breadcrumbs-content":"","ast-featured-img":"","footer-sml-layout":"","ast-disable-related-posts":"","theme-transparent-header-meta":"default","adv-header-id-meta":"","stick-header-meta":"","header-above-stick-meta":"","header-main-stick-meta":"","header-below-stick-meta":"","astra-migrate-meta-layouts":"set","ast-page-background-enabled":"default","ast-page-background-meta":{"desktop":{"background-color":"var(--ast-global-color-4)","background-image":"","background-repeat":"repeat","background-position":"center center","background-size":"auto","background-attachment":"scroll","background-type":"","background-media":"","overlay-type":"","overlay-color":"","overlay-opacity":"","overlay-gradient":""},"tablet":{"background-color":"","background-image":"","background-repeat":"repeat","background-position":"center center","background-size":"auto","background-attachment":"scroll","background-type":"","background-media":"","overlay-type":"","overlay-color":"","overlay-opacity":"","overlay-gradient":""},"mobile":{"background-color":"","background-image":"","background-repeat":"repeat","background-position":"center center","background-size":"auto","background-attachment":"scroll","background-type":"","background-media":"","overlay-type":"","overlay-color":"","overlay-opacity":"","overlay-gradient":""}},"ast-content-background-meta":{"desktop":{"background-color":"var(--ast-global-color-5)","background-image":"","background-repeat":"repeat","background-position":"center center","background-size":"auto","background-attachment":"scroll","background-type":"","background-media":"","overlay-type":"","overlay-color":"","overlay-opacity":"","overlay-gradient":""},"tablet":{"background-color":"var(--ast-global-color-5)","background-image":"","background-repeat":"repeat","background-position":"center center","background-size":"auto","background-attachment":"scroll","background-type":"","background-media":"","overlay-type":"","overlay-color":"","overlay-opacity":"","overlay-gradient":""},"mobile":{"background-color":"var(--ast-global-color-5)","background-image":"","background-repeat":"repeat","background-position":"center center","background-size":"auto","background-attachment":"scroll","background-type":"","background-media":"","overlay-type":"","overlay-color":"","overlay-opacity":"","overlay-gradient":""}}},"product_brand":[],"product_cat":[313,314,172,273,57],"product_tag":[87,190,129,91,88,92,89,85,105],"class_list":{"0":"post-4850","1":"product","2":"type-product","3":"status-publish","4":"has-post-thumbnail","6":"product_cat-bdsm-banc-detirement","7":"product_cat-chaise-longue-bdsm","8":"product_cat-meubles-sm","9":"product_cat-meubles-sm-professionnels","10":"product_cat-nouveautes","11":"product_tag-bondage-fr","12":"product_tag-equipement-sm","13":"product_tag-ligotage-extreme","14":"product_tag-meubles-bdsm","15":"product_tag-meubles-damour","16":"product_tag-meubles-de-bondage","17":"product_tag-meubles-erotiques","18":"product_tag-meubles-sm","19":"product_tag-sm-genouillere","20":"desktop-align-left","21":"tablet-align-left","22":"mobile-align-left","24":"first","25":"instock","26":"taxable","27":"shipping-taxable","28":"purchasable","29":"product-type-variable"},"aioseo_notices":[],"jetpack_sharing_enabled":true,"_links":{"self":[{"href":"https:\/\/bondagefurniture.eu\/fr\/wp-json\/wp\/v2\/product\/4850","targetHints":{"allow":["GET"]}}],"collection":[{"href":"https:\/\/bondagefurniture.eu\/fr\/wp-json\/wp\/v2\/product"}],"about":[{"href":"https:\/\/bondagefurniture.eu\/fr\/wp-json\/wp\/v2\/types\/product"}],"wp:featuredmedia":[{"embeddable":true,"href":"https:\/\/bondagefurniture.eu\/fr\/wp-json\/wp\/v2\/media\/4921"}],"wp:attachment":[{"href":"https:\/\/bondagefurniture.eu\/fr\/wp-json\/wp\/v2\/media?parent=4850"}],"wp:term":[{"taxonomy":"product_brand","embeddable":true,"href":"https:\/\/bondagefurniture.eu\/fr\/wp-json\/wp\/v2\/product_brand?post=4850"},{"taxonomy":"product_cat","embeddable":true,"href":"https:\/\/bondagefurniture.eu\/fr\/wp-json\/wp\/v2\/product_cat?post=4850"},{"taxonomy":"product_tag","embeddable":true,"href":"https:\/\/bondagefurniture.eu\/fr\/wp-json\/wp\/v2\/product_tag?post=4850"}],"curies":[{"name":"wp","href":"https:\/\/api.w.org\/{rel}","templated":true}]}}