{"id":4734,"date":"2024-07-06T15:27:45","date_gmt":"2024-07-06T15:27:45","guid":{"rendered":"https:\/\/bondagefurniture.eu\/?post_type=product&#038;p=4734"},"modified":"2025-03-03T21:02:33","modified_gmt":"2025-03-03T21:02:33","slug":"set-de-menottes-sling-avec-chaine-et-raccord-rapide-pour-nos-meubles-sm-kopie","status":"publish","type":"product","link":"https:\/\/bondagefurniture.eu\/fr\/produit\/set-de-menottes-sling-avec-chaine-et-raccord-rapide-pour-nos-meubles-sm-kopie\/","title":{"rendered":"Menottes pour testicules avec connecteur rapide &#8211; Ball Cuff &#8211; Accessoires pour meubles BDSM | Bondage Furniture"},"content":{"rendered":"<div class=\"product-addition-content\">\n<h2>Menottes testiculaires &#8211; Un must pour les SUB`S masculins<\/h2>\n<p>Si la personne attach\u00e9e est un homme, cet accessoire ne doit pas manquer \u00e0 votre collection. Avec le bracelet pour testicules et la cha\u00eene fournie, y compris vous pouvez fixer rapidement et solidement le Sub \u00e0 tous les tubes de nos meubles. Les possibilit\u00e9s sont illimit\u00e9es. L&rsquo;intensit\u00e9 se r\u00e8gle \u00e9galement tr\u00e8s bien. Soit en faisant tourner le connecteur avec la cha\u00eene autour d&rsquo;un tube, soit en faisant glisser le connecteur le long d&rsquo;un tube.<\/p>\n<h3>L&rsquo;attache testiculaire peut \u00eatre r\u00e9gl\u00e9e en deux tailles diff\u00e9rentes \u00e0 l&rsquo;aide de boutons-pression.<\/h3>\n<p><strong>Couleur :<\/strong> noir \/ argent m\u00e9tallique<br \/>\n<strong>Mat\u00e9riau :<\/strong> cuir PU \/ m\u00e9tal<\/p>\n<p><strong>Support<\/strong><br \/>\nCha\u00eene, mousqueton, manille et anneau \u0152illet avec connecteur \u00e0 vis M\u00e9tal et poign\u00e9e en plastique<\/p>\n<p><strong>Type<\/strong> <strong><br \/>\n<\/strong>Le produit est livr\u00e9 pr\u00eat \u00e0 l&#8217;emploi.<\/p>\n<p><strong>Remarque :<br \/>\n<\/strong>Afin d&rsquo;\u00e9viter les blessures, il convient de faire tr\u00e8s attention \u00e0 ce type d&rsquo;entrave. Veillez \u00e0 ce que la circulation sanguine soit maintenue. Nos meubles, tout comme les sling fittings, ne sont pas adapt\u00e9s au bondage en suspension libre.<\/p>\n<p><strong>Consultez \u00e9galement nos consignes g\u00e9n\u00e9rales de s\u00e9curit\u00e9 !<\/strong><\/p>\n<\/div>\n","protected":false},"excerpt":{"rendered":"<p>incl. TVA sauf pour le Royaume-Uni, la Norv\u00e8ge et la Suisse<\/p>\n<h2>Menottes testiculaires &#8211; Un must pour les SUB`S masculins<\/h2>\n<p>Si la personne attach\u00e9e est un homme, cet accessoire ne doit pas manquer \u00e0 votre collection. Avec le bracelet pour testicules et la cha\u00eene fournie, y compris vous pouvez fixer rapidement et solidement le Sub \u00e0 tous les tubes de nos meubles. Les possibilit\u00e9s sont illimit\u00e9es. L&rsquo;intensit\u00e9 se r\u00e8gle \u00e9galement tr\u00e8s bien. Soit en faisant tourner le connecteur avec la cha\u00eene autour d&rsquo;un tube, soit en faisant glisser le connecteur le long d&rsquo;un tube.<\/p>\n<p><strong>couleur :<\/strong> noir \/ argent m\u00e9tallique<br \/>\n<strong>Mat\u00e9riau :<\/strong> cuir PU \/ m\u00e9tal<\/p>\n<p><strong>Support<\/strong><br \/>\nCha\u00eene, mousqueton, manille et anneau \u0152illet avec connecteur \u00e0 vis M\u00e9tal et poign\u00e9e en plastique<\/p>\n<p><span style=\"color: #025877;\">D\u00e9lai de livraison : 14 jours maximum<\/span><\/p>\n","protected":false},"featured_media":4773,"template":"","meta":{"om_disable_all_campaigns":false,"_monsterinsights_skip_tracking":false,"_monsterinsights_sitenote_active":false,"_monsterinsights_sitenote_note":"","_monsterinsights_sitenote_category":0,"site-sidebar-layout":"default","site-content-layout":"","ast-site-content-layout":"default","site-content-style":"default","site-sidebar-style":"default","ast-global-header-display":"","ast-banner-title-visibility":"","ast-main-header-display":"","ast-hfb-above-header-display":"","ast-hfb-below-header-display":"","ast-hfb-mobile-header-display":"","site-post-title":"","ast-breadcrumbs-content":"","ast-featured-img":"","footer-sml-layout":"","ast-disable-related-posts":"","theme-transparent-header-meta":"default","adv-header-id-meta":"","stick-header-meta":"","header-above-stick-meta":"","header-main-stick-meta":"","header-below-stick-meta":"","astra-migrate-meta-layouts":"set","ast-page-background-enabled":"default","ast-page-background-meta":{"desktop":{"background-color":"var(--ast-global-color-4)","background-image":"","background-repeat":"repeat","background-position":"center center","background-size":"auto","background-attachment":"scroll","background-type":"","background-media":"","overlay-type":"","overlay-color":"","overlay-opacity":"","overlay-gradient":""},"tablet":{"background-color":"","background-image":"","background-repeat":"repeat","background-position":"center center","background-size":"auto","background-attachment":"scroll","background-type":"","background-media":"","overlay-type":"","overlay-color":"","overlay-opacity":"","overlay-gradient":""},"mobile":{"background-color":"","background-image":"","background-repeat":"repeat","background-position":"center center","background-size":"auto","background-attachment":"scroll","background-type":"","background-media":"","overlay-type":"","overlay-color":"","overlay-opacity":"","overlay-gradient":""}},"ast-content-background-meta":{"desktop":{"background-color":"var(--ast-global-color-5)","background-image":"","background-repeat":"repeat","background-position":"center center","background-size":"auto","background-attachment":"scroll","background-type":"","background-media":"","overlay-type":"","overlay-color":"","overlay-opacity":"","overlay-gradient":""},"tablet":{"background-color":"var(--ast-global-color-5)","background-image":"","background-repeat":"repeat","background-position":"center center","background-size":"auto","background-attachment":"scroll","background-type":"","background-media":"","overlay-type":"","overlay-color":"","overlay-opacity":"","overlay-gradient":""},"mobile":{"background-color":"var(--ast-global-color-5)","background-image":"","background-repeat":"repeat","background-position":"center center","background-size":"auto","background-attachment":"scroll","background-type":"","background-media":"","overlay-type":"","overlay-color":"","overlay-opacity":"","overlay-gradient":""}}},"product_brand":[],"product_cat":[94,63],"product_tag":[113,114,87,129,138,309,92],"class_list":{"0":"post-4734","1":"product","2":"type-product","3":"status-publish","4":"has-post-thumbnail","6":"product_cat-accessoires-pour-meubles-sm","7":"product_cat-attache","8":"product_tag-accessoires-de-bondage","9":"product_tag-accessoires-pour-meubles-sm","10":"product_tag-bondage-fr","11":"product_tag-ligotage-extreme","12":"product_tag-menottes-en-cuir","13":"product_tag-menottes-testiculaires","14":"product_tag-meubles-de-bondage","15":"desktop-align-left","16":"tablet-align-left","17":"mobile-align-left","19":"first","20":"instock","21":"taxable","22":"shipping-taxable","23":"purchasable","24":"product-type-simple"},"aioseo_notices":[],"jetpack_sharing_enabled":true,"_links":{"self":[{"href":"https:\/\/bondagefurniture.eu\/fr\/wp-json\/wp\/v2\/product\/4734","targetHints":{"allow":["GET"]}}],"collection":[{"href":"https:\/\/bondagefurniture.eu\/fr\/wp-json\/wp\/v2\/product"}],"about":[{"href":"https:\/\/bondagefurniture.eu\/fr\/wp-json\/wp\/v2\/types\/product"}],"wp:featuredmedia":[{"embeddable":true,"href":"https:\/\/bondagefurniture.eu\/fr\/wp-json\/wp\/v2\/media\/4773"}],"wp:attachment":[{"href":"https:\/\/bondagefurniture.eu\/fr\/wp-json\/wp\/v2\/media?parent=4734"}],"wp:term":[{"taxonomy":"product_brand","embeddable":true,"href":"https:\/\/bondagefurniture.eu\/fr\/wp-json\/wp\/v2\/product_brand?post=4734"},{"taxonomy":"product_cat","embeddable":true,"href":"https:\/\/bondagefurniture.eu\/fr\/wp-json\/wp\/v2\/product_cat?post=4734"},{"taxonomy":"product_tag","embeddable":true,"href":"https:\/\/bondagefurniture.eu\/fr\/wp-json\/wp\/v2\/product_tag?post=4734"}],"curies":[{"name":"wp","href":"https:\/\/api.w.org\/{rel}","templated":true}]}}