{"id":4711,"date":"2024-07-06T10:25:30","date_gmt":"2024-07-06T10:25:30","guid":{"rendered":"https:\/\/bondagefurniture.eu\/?post_type=product&#038;p=4711"},"modified":"2025-07-02T17:05:52","modified_gmt":"2025-07-02T17:05:52","slug":"vibrateur-bullet-portable-oeuf-vibrant-avec-app-bondage-furniture-kopie","status":"publish","type":"product","link":"https:\/\/bondagefurniture.eu\/fr\/produit\/vibrateur-bullet-portable-oeuf-vibrant-avec-app-bondage-furniture-kopie\/","title":{"rendered":"Pinces \u00e0 seins avec deux anneaux | Bondage Furniture"},"content":{"rendered":"<h2>D\u00e9couvrez la polyvalence de nos pinces \u00e0 seins de qualit\u00e9 sup\u00e9rieure.<\/h2>\n<p>Cet ensemble de <strong>pinces \u00e0 seins<\/strong> avec cha\u00eene et deux connecteurs rapides avec anneau a \u00e9t\u00e9 assembl\u00e9 pour faire passer votre exp\u00e9rience de bondage \u00e0 un niveau sup\u00e9rieur avec notre <a href=\"https:\/\/bondagefurniture.eu\/sm-moebel\/\">mobilier BDSM<\/a>. Les connecteurs rapides vous permettent d&rsquo;attacher facilement les <strong>pinces \u00e0 seins<\/strong> aux tubes de nos meubles de bondage, sans aucun outil.<\/p>\n<p>&nbsp;<\/p>\n<p><img loading=\"lazy\" decoding=\"async\" class=\"alignnone wp-image-4718 size-full\" src=\"https:\/\/bondagefurniture.eu\/wp-content\/uploads\/2024\/07\/1011-Klammern-mit-Kette-und-Halterung-Bondage-Furniture-17-Gross.jpeg\" alt=\"Pinces \u00e0 seins avec deux connecteurs rapides adapt\u00e9s aux meubles BDSM de Bondage Furniture\" width=\"1280\" height=\"853\" srcset=\"https:\/\/bondagefurniture.eu\/wp-content\/uploads\/2024\/07\/1011-Klammern-mit-Kette-und-Halterung-Bondage-Furniture-17-Gross.jpeg 1280w, https:\/\/bondagefurniture.eu\/wp-content\/uploads\/2024\/07\/1011-Klammern-mit-Kette-und-Halterung-Bondage-Furniture-17-Gross-300x200.jpeg 300w, https:\/\/bondagefurniture.eu\/wp-content\/uploads\/2024\/07\/1011-Klammern-mit-Kette-und-Halterung-Bondage-Furniture-17-Gross-1024x682.jpeg 1024w, https:\/\/bondagefurniture.eu\/wp-content\/uploads\/2024\/07\/1011-Klammern-mit-Kette-und-Halterung-Bondage-Furniture-17-Gross-768x512.jpeg 768w, https:\/\/bondagefurniture.eu\/wp-content\/uploads\/2024\/07\/1011-Klammern-mit-Kette-und-Halterung-Bondage-Furniture-17-Gross-800x533.jpeg 800w\" sizes=\"auto, (max-width: 1280px) 100vw, 1280px\" \/><\/p>\n<h3>Ces pinces \u00e0 seins sont parfaitement adapt\u00e9es pour \u00eatre utilis\u00e9es sur les nombreuses variantes de nos meubles BDSM.<\/h3>\n<p>Gr\u00e2ce aux connecteurs rapides et flexibles qui coulissent ou tournent facilement sur les tubes, vous pouvez r\u00e9gler la force de traction des pinces de poitrine avec pr\u00e9cision et en continu. Vous trouverez ainsi toujours l&rsquo;\u00e9quilibre parfait entre confort et tension. La pression des pinces \u00e0 seins peut \u00eatre r\u00e9gl\u00e9e individuellement gr\u00e2ce \u00e0 la vis de r\u00e9glage, ce qui les rend \u00e9galement adapt\u00e9s aux d\u00e9butants. Un must-have pour tous les amateurs de notre syst\u00e8me de meubles !<\/p>\n<p>Cet accessoire noble ne se distingue pas seulement par sa fonctionnalit\u00e9, mais aussi par son design attrayant &#8211; un point fort absolu pour tout amateur de bondage !<\/p>\n<p>Bien entendu, les pinces et le connecteur \u00e0 vis avec \u0153illet peuvent \u00e9galement \u00eatre utilis\u00e9s s\u00e9par\u00e9ment pour vous offrir encore plus de libert\u00e9 cr\u00e9ative. La cha\u00eene peut facilement \u00eatre pass\u00e9e directement dans l&rsquo;\u0153illet, ce qui offre des possibilit\u00e9s d&rsquo;utilisation suppl\u00e9mentaires.<\/p>\n<h3>Bien s\u00fbr, vous n&rsquo;\u00eates pas limit\u00e9 \u00e0 l&rsquo;utilisation des mamelons. Les pinces peuvent \u00e9galement \u00eatre facilement appliqu\u00e9es sur d&rsquo;autres parties du corps !<\/h3>\n<p>&nbsp;<\/p>\n<figure id=\"attachment_4729\" aria-describedby=\"caption-attachment-4729\" style=\"width: 1280px\" class=\"wp-caption alignnone\"><img loading=\"lazy\" decoding=\"async\" class=\"wp-image-4727 size-full\" src=\"https:\/\/bondagefurniture.eu\/wp-content\/uploads\/2024\/07\/Leichte-Klammern-bondage-furniture-Gross.jpeg\" alt=\"Pinces \u00e0 seins avec deux connecteurs rapides adapt\u00e9s aux meubles BDSM de Bondage Furniture\" width=\"1280\" height=\"850\" srcset=\"https:\/\/bondagefurniture.eu\/wp-content\/uploads\/2024\/07\/Leichte-Klammern-bondage-furniture-Gross.jpeg 1280w, https:\/\/bondagefurniture.eu\/wp-content\/uploads\/2024\/07\/Leichte-Klammern-bondage-furniture-Gross-300x199.jpeg 300w, https:\/\/bondagefurniture.eu\/wp-content\/uploads\/2024\/07\/Leichte-Klammern-bondage-furniture-Gross-1024x680.jpeg 1024w, https:\/\/bondagefurniture.eu\/wp-content\/uploads\/2024\/07\/Leichte-Klammern-bondage-furniture-Gross-768x510.jpeg 768w, https:\/\/bondagefurniture.eu\/wp-content\/uploads\/2024\/07\/Leichte-Klammern-bondage-furniture-Gross-800x531.jpeg 800w\" sizes=\"auto, (max-width: 1280px) 100vw, 1280px\" \/><figcaption id=\"caption-attachment-4729\" class=\"wp-caption-text\"><a href=\"https:\/\/bondagefurniture.eu\/produkt\/set-bondage-tisch-bdsm-moebel\/\">Table de bondage avec set suppl\u00e9mentaire de chaises<\/a> et le <a href=\"https:\/\/bondagefurniture.eu\/produkt\/kunstleder-kissen-40x60-cm-kniekissen-oder-liegekissen\/\">coussin d&rsquo;allongement<\/a><\/figcaption><\/figure>\n<p>Laissez-vous convaincre par les multiples possibilit\u00e9s d&rsquo;utilisation des <strong>pinces \u00e0 seins<\/strong> et enrichissez votre r\u00e9pertoire de bondage d&rsquo;un v\u00e9ritable alrounder.<\/p>\n<p>D\u00e9tails techniques :<\/p>\n<ul>\n<li>Longueur : 370 mm<\/li>\n<li>Mat\u00e9riaux : fer, PVC<\/li>\n<li>Couleur : argent \/ noir<\/li>\n<\/ul>\n<p>D\u00e9couvrez la symbiose parfaite entre fonctionnalit\u00e9 et design &#8211; avec nos pinces \u00e0 seins pour des moments de bondage inoubliables !<\/p>\n","protected":false},"excerpt":{"rendered":"<p>incl. TVA sauf pour le Royaume-Uni, la Norv\u00e8ge et la Suisse<\/p>\n<h3>Les pinces \u00e0 seins sont parfaitement adapt\u00e9es pour \u00eatre utilis\u00e9es sur les nombreuses variantes de nos meubles BDSM.<\/h3>\n<p>Gr\u00e2ce aux connecteurs rapides et flexibles qui coulissent ou tournent facilement sur les tubes, vous pouvez r\u00e9gler la force de traction des pinces de poitrine avec pr\u00e9cision et en continu. Vous trouverez ainsi toujours l&rsquo;\u00e9quilibre parfait entre confort et tension. La pression des pinces \u00e0 seins peut \u00eatre r\u00e9gl\u00e9e individuellement gr\u00e2ce \u00e0 la vis de r\u00e9glage, ce qui les rend \u00e9galement adapt\u00e9s aux d\u00e9butants. Un must-have pour tous les amateurs de notre syst\u00e8me de meubles !<\/p>\n<ul>\n<li>Longueur : 370 mm<\/li>\n<li>Mat\u00e9riaux : fer, PVC<\/li>\n<li>Couleur : argent \/ noir<\/li>\n<\/ul>\n<p><span style=\"color: #025877;\">D\u00e9lai de livraison : 14 jours<\/span><\/p>\n","protected":false},"featured_media":4717,"template":"","meta":{"om_disable_all_campaigns":false,"_monsterinsights_skip_tracking":false,"_monsterinsights_sitenote_active":false,"_monsterinsights_sitenote_note":"","_monsterinsights_sitenote_category":0,"site-sidebar-layout":"default","site-content-layout":"","ast-site-content-layout":"default","site-content-style":"default","site-sidebar-style":"default","ast-global-header-display":"","ast-banner-title-visibility":"","ast-main-header-display":"","ast-hfb-above-header-display":"","ast-hfb-below-header-display":"","ast-hfb-mobile-header-display":"","site-post-title":"","ast-breadcrumbs-content":"","ast-featured-img":"","footer-sml-layout":"","ast-disable-related-posts":"","theme-transparent-header-meta":"default","adv-header-id-meta":"","stick-header-meta":"","header-above-stick-meta":"","header-main-stick-meta":"","header-below-stick-meta":"","astra-migrate-meta-layouts":"set","ast-page-background-enabled":"default","ast-page-background-meta":{"desktop":{"background-color":"var(--ast-global-color-4)","background-image":"","background-repeat":"repeat","background-position":"center center","background-size":"auto","background-attachment":"scroll","background-type":"","background-media":"","overlay-type":"","overlay-color":"","overlay-opacity":"","overlay-gradient":""},"tablet":{"background-color":"","background-image":"","background-repeat":"repeat","background-position":"center center","background-size":"auto","background-attachment":"scroll","background-type":"","background-media":"","overlay-type":"","overlay-color":"","overlay-opacity":"","overlay-gradient":""},"mobile":{"background-color":"","background-image":"","background-repeat":"repeat","background-position":"center center","background-size":"auto","background-attachment":"scroll","background-type":"","background-media":"","overlay-type":"","overlay-color":"","overlay-opacity":"","overlay-gradient":""}},"ast-content-background-meta":{"desktop":{"background-color":"var(--ast-global-color-5)","background-image":"","background-repeat":"repeat","background-position":"center center","background-size":"auto","background-attachment":"scroll","background-type":"","background-media":"","overlay-type":"","overlay-color":"","overlay-opacity":"","overlay-gradient":""},"tablet":{"background-color":"var(--ast-global-color-5)","background-image":"","background-repeat":"repeat","background-position":"center center","background-size":"auto","background-attachment":"scroll","background-type":"","background-media":"","overlay-type":"","overlay-color":"","overlay-opacity":"","overlay-gradient":""},"mobile":{"background-color":"var(--ast-global-color-5)","background-image":"","background-repeat":"repeat","background-position":"center center","background-size":"auto","background-attachment":"scroll","background-type":"","background-media":"","overlay-type":"","overlay-color":"","overlay-opacity":"","overlay-gradient":""}}},"product_brand":[],"product_cat":[94,68,57,301,164,292],"product_tag":[189,113,114,190,129,92,89,276,277],"class_list":{"0":"post-4711","1":"product","2":"type-product","3":"status-publish","4":"has-post-thumbnail","6":"product_cat-accessoires-pour-meubles-sm","7":"product_cat-accessoires-meubles-sm","8":"product_cat-nouveautes","9":"product_cat-pinces-a-seins","10":"product_cat-plus-daccessoires-delirants","11":"product_cat-vibrateurs","12":"product_tag-accessoires-bdsm","13":"product_tag-accessoires-de-bondage","14":"product_tag-accessoires-pour-meubles-sm","15":"product_tag-equipement-sm","16":"product_tag-ligotage-extreme","17":"product_tag-meubles-de-bondage","18":"product_tag-meubles-erotiques","19":"product_tag-pinces-a-seins","20":"product_tag-pinces-a-tetons","21":"desktop-align-left","22":"tablet-align-left","23":"mobile-align-left","25":"first","26":"instock","27":"taxable","28":"shipping-taxable","29":"purchasable","30":"product-type-simple"},"aioseo_notices":[],"jetpack_sharing_enabled":true,"_links":{"self":[{"href":"https:\/\/bondagefurniture.eu\/fr\/wp-json\/wp\/v2\/product\/4711","targetHints":{"allow":["GET"]}}],"collection":[{"href":"https:\/\/bondagefurniture.eu\/fr\/wp-json\/wp\/v2\/product"}],"about":[{"href":"https:\/\/bondagefurniture.eu\/fr\/wp-json\/wp\/v2\/types\/product"}],"wp:featuredmedia":[{"embeddable":true,"href":"https:\/\/bondagefurniture.eu\/fr\/wp-json\/wp\/v2\/media\/4717"}],"wp:attachment":[{"href":"https:\/\/bondagefurniture.eu\/fr\/wp-json\/wp\/v2\/media?parent=4711"}],"wp:term":[{"taxonomy":"product_brand","embeddable":true,"href":"https:\/\/bondagefurniture.eu\/fr\/wp-json\/wp\/v2\/product_brand?post=4711"},{"taxonomy":"product_cat","embeddable":true,"href":"https:\/\/bondagefurniture.eu\/fr\/wp-json\/wp\/v2\/product_cat?post=4711"},{"taxonomy":"product_tag","embeddable":true,"href":"https:\/\/bondagefurniture.eu\/fr\/wp-json\/wp\/v2\/product_tag?post=4711"}],"curies":[{"name":"wp","href":"https:\/\/api.w.org\/{rel}","templated":true}]}}