{"id":4374,"date":"2024-06-15T13:48:31","date_gmt":"2024-06-15T13:48:31","guid":{"rendered":"https:\/\/bondagefurniture.eu\/product\/pinces-a-seins-clover-clamps-avec-connecteur-a-cliquet-et-mousqueton-bondage-furniture\/"},"modified":"2025-11-14T01:46:25","modified_gmt":"2025-11-14T01:46:25","slug":"pinces-a-seins-clover-clamps-avec-connecteur-a-cliquet-et-mousqueton-bondage-furniture","status":"publish","type":"product","link":"https:\/\/bondagefurniture.eu\/fr\/produit\/pinces-a-seins-clover-clamps-avec-connecteur-a-cliquet-et-mousqueton-bondage-furniture\/","title":{"rendered":"Pinces \u00e0 seins &#8211; Clover Clamps avec connecteur \u00e0 cliquet et mousqueton | Bondage Furniture"},"content":{"rendered":"<div class=\"product-addition-content\">\n<h2>Les pinces \u00e0 seins &#8211; Clover Clamps avec connecteur \u00e0 cliquet et mousqueton&#8230;<\/h2>\n<p>&#8230; sont une variante nouvelle et am\u00e9lior\u00e9e des traditionnelles Clover Clamps, \u00e9galement connues sous le nom d&rsquo;agrafes japonaises. Ils peuvent \u00eatre lest\u00e9s ou munis d&rsquo;une corde pour \u00eatre attach\u00e9s \u00e0 diff\u00e9rentes parties du corps.<\/p>\n<p>Ce kit contient 2 connecteurs rapides et des mousquetons qui vous permettent de connecter les pinces \u00e0 nos meubles tubulaires. En d\u00e9pla\u00e7ant ou en tournant les connecteurs rapides, la force de traction peut \u00eatre r\u00e9gl\u00e9e avec pr\u00e9cision !<\/p>\n<p><img loading=\"lazy\" decoding=\"async\" class=\"alignnone wp-image-4365 size-full\" src=\"https:\/\/bondagefurniture.eu\/wp-content\/uploads\/2024\/06\/Nippelklemmen-Clover-Clamps-Japanische-Brustklemmen-Bondage-Furniture15.jpeg\" alt=\"Pinces \u00e0 seins - Clover Clamps avec connecteurs \u00e0 cliquet et mousquetons assortis \u00e0 nos meubles BDSM | Bondage Furniture  \" width=\"1280\" height=\"1280\" srcset=\"https:\/\/bondagefurniture.eu\/wp-content\/uploads\/2024\/06\/Nippelklemmen-Clover-Clamps-Japanische-Brustklemmen-Bondage-Furniture15.jpeg 1280w, https:\/\/bondagefurniture.eu\/wp-content\/uploads\/2024\/06\/Nippelklemmen-Clover-Clamps-Japanische-Brustklemmen-Bondage-Furniture15-300x300.jpeg 300w, https:\/\/bondagefurniture.eu\/wp-content\/uploads\/2024\/06\/Nippelklemmen-Clover-Clamps-Japanische-Brustklemmen-Bondage-Furniture15-1024x1024.jpeg 1024w, https:\/\/bondagefurniture.eu\/wp-content\/uploads\/2024\/06\/Nippelklemmen-Clover-Clamps-Japanische-Brustklemmen-Bondage-Furniture15-150x150.jpeg 150w, https:\/\/bondagefurniture.eu\/wp-content\/uploads\/2024\/06\/Nippelklemmen-Clover-Clamps-Japanische-Brustklemmen-Bondage-Furniture15-768x768.jpeg 768w, https:\/\/bondagefurniture.eu\/wp-content\/uploads\/2024\/06\/Nippelklemmen-Clover-Clamps-Japanische-Brustklemmen-Bondage-Furniture15-800x800.jpeg 800w, https:\/\/bondagefurniture.eu\/wp-content\/uploads\/2024\/06\/Nippelklemmen-Clover-Clamps-Japanische-Brustklemmen-Bondage-Furniture15-100x100.jpeg 100w\" sizes=\"auto, (max-width: 1280px) 100vw, 1280px\" \/><\/p>\n<\/div>\n<p>Image : <a href=\"https:\/\/bondagefurniture.eu\/produkt\/bondage-cube-bdsm-moebel-aus-stahlrohren-bondage-furniture\/\">Cube de bondage<\/a> avec pinces \u00e0 seins et <a href=\"https:\/\/bondagefurniture.eu\/produkt\/kunstlederkissen-mit-schnellverbinder-polster-anbauteil\/\">genouill\u00e8res<\/a><\/p>\n<div class=\"product-addition-content\">\n<h3><\/h3>\n<h3>Les pinces \u00e0 seins &#8211; Clover Clamps &#8211; se serrent fermement lorsqu&rsquo;elles sont sollicit\u00e9es ou tir\u00e9es.<\/h3>\n<p>M\u00eame sans poids suppl\u00e9mentaires, leur petite surface d&rsquo;appui les rend peu d\u00e9licats. Ils conviennent donc aussi bien aux d\u00e9butants qu&rsquo;aux utilisateurs exp\u00e9riment\u00e9s qui prennent plaisir \u00e0 une stimulation intense.<\/p>\n<p>Procurez-vous les pinces \u00e0 seins &#8211; <strong>Clover Clamps avec connecteur \u00e0 cliquet et mousqueton<\/strong> et d\u00e9couvrez une nouvelle facette excitante du plaisir !<\/p>\n<\/div>\n","protected":false},"excerpt":{"rendered":"<p>incl. TVA sauf pour le Royaume-Uni, la Norv\u00e8ge et la Suisse<\/p>\n<h2><strong>Les pinces \u00e0 seins &#8211; Clover Clamps avec connecteur \u00e0 cliquet et mousqueton &#8230;<\/strong><\/h2>\n<p>&#8230;sont une variante nouvelle et am\u00e9lior\u00e9e des traditionnelles Clover Clamps, \u00e9galement connues sous le nom d&rsquo;agrafes japonaises. Ils peuvent \u00eatre lest\u00e9s ou munis d&rsquo;une corde pour \u00eatre attach\u00e9s \u00e0 diff\u00e9rentes parties du corps.<\/p>\n<p>Ce kit contient 2 connecteurs rapides et des mousquetons qui vous permettent de connecter les pinces \u00e0 nos meubles tubulaires. En d\u00e9pla\u00e7ant ou en tournant les connecteurs rapides, la force de traction peut \u00eatre r\u00e9gl\u00e9e avec pr\u00e9cision !<\/p>\n<p>Mat\u00e9riau : m\u00e9tal<br \/>\nCouleur : argent<\/p>\n<p><span style=\"color: #025877;\">D\u00e9lai de livraison : 14 jours<\/span><\/p>\n<p>&nbsp;<\/p>\n","protected":false},"featured_media":4349,"template":"","meta":{"om_disable_all_campaigns":false,"_monsterinsights_skip_tracking":false,"_monsterinsights_sitenote_active":false,"_monsterinsights_sitenote_note":"","_monsterinsights_sitenote_category":0,"site-sidebar-layout":"default","site-content-layout":"","ast-site-content-layout":"default","site-content-style":"default","site-sidebar-style":"default","ast-global-header-display":"","ast-banner-title-visibility":"","ast-main-header-display":"","ast-hfb-above-header-display":"","ast-hfb-below-header-display":"","ast-hfb-mobile-header-display":"","site-post-title":"","ast-breadcrumbs-content":"","ast-featured-img":"","footer-sml-layout":"","ast-disable-related-posts":"","theme-transparent-header-meta":"default","adv-header-id-meta":"","stick-header-meta":"","header-above-stick-meta":"","header-main-stick-meta":"","header-below-stick-meta":"","astra-migrate-meta-layouts":"default","ast-page-background-enabled":"default","ast-page-background-meta":{"desktop":{"background-color":"var(--ast-global-color-4)","background-image":"","background-repeat":"repeat","background-position":"center center","background-size":"auto","background-attachment":"scroll","background-type":"","background-media":"","overlay-type":"","overlay-color":"","overlay-opacity":"","overlay-gradient":""},"tablet":{"background-color":"","background-image":"","background-repeat":"repeat","background-position":"center center","background-size":"auto","background-attachment":"scroll","background-type":"","background-media":"","overlay-type":"","overlay-color":"","overlay-opacity":"","overlay-gradient":""},"mobile":{"background-color":"","background-image":"","background-repeat":"repeat","background-position":"center center","background-size":"auto","background-attachment":"scroll","background-type":"","background-media":"","overlay-type":"","overlay-color":"","overlay-opacity":"","overlay-gradient":""}},"ast-content-background-meta":{"desktop":{"background-color":"var(--ast-global-color-5)","background-image":"","background-repeat":"repeat","background-position":"center center","background-size":"auto","background-attachment":"scroll","background-type":"","background-media":"","overlay-type":"","overlay-color":"","overlay-opacity":"","overlay-gradient":""},"tablet":{"background-color":"var(--ast-global-color-5)","background-image":"","background-repeat":"repeat","background-position":"center center","background-size":"auto","background-attachment":"scroll","background-type":"","background-media":"","overlay-type":"","overlay-color":"","overlay-opacity":"","overlay-gradient":""},"mobile":{"background-color":"var(--ast-global-color-5)","background-image":"","background-repeat":"repeat","background-position":"center center","background-size":"auto","background-attachment":"scroll","background-type":"","background-media":"","overlay-type":"","overlay-color":"","overlay-opacity":"","overlay-gradient":""}}},"product_brand":[],"product_cat":[94,57,164],"product_tag":[189,114,190,129,91,92,276,277],"class_list":{"0":"post-4374","1":"product","2":"type-product","3":"status-publish","4":"has-post-thumbnail","6":"product_cat-accessoires-pour-meubles-sm","7":"product_cat-nouveautes","8":"product_cat-plus-daccessoires-delirants","9":"product_tag-accessoires-bdsm","10":"product_tag-accessoires-pour-meubles-sm","11":"product_tag-equipement-sm","12":"product_tag-ligotage-extreme","13":"product_tag-meubles-bdsm","14":"product_tag-meubles-de-bondage","15":"product_tag-pinces-a-seins","16":"product_tag-pinces-a-tetons","17":"desktop-align-left","18":"tablet-align-left","19":"mobile-align-left","21":"first","22":"instock","23":"sale","24":"taxable","25":"shipping-taxable","26":"purchasable","27":"product-type-simple"},"aioseo_notices":[],"jetpack_sharing_enabled":true,"_links":{"self":[{"href":"https:\/\/bondagefurniture.eu\/fr\/wp-json\/wp\/v2\/product\/4374","targetHints":{"allow":["GET"]}}],"collection":[{"href":"https:\/\/bondagefurniture.eu\/fr\/wp-json\/wp\/v2\/product"}],"about":[{"href":"https:\/\/bondagefurniture.eu\/fr\/wp-json\/wp\/v2\/types\/product"}],"wp:featuredmedia":[{"embeddable":true,"href":"https:\/\/bondagefurniture.eu\/fr\/wp-json\/wp\/v2\/media\/4349"}],"wp:attachment":[{"href":"https:\/\/bondagefurniture.eu\/fr\/wp-json\/wp\/v2\/media?parent=4374"}],"wp:term":[{"taxonomy":"product_brand","embeddable":true,"href":"https:\/\/bondagefurniture.eu\/fr\/wp-json\/wp\/v2\/product_brand?post=4374"},{"taxonomy":"product_cat","embeddable":true,"href":"https:\/\/bondagefurniture.eu\/fr\/wp-json\/wp\/v2\/product_cat?post=4374"},{"taxonomy":"product_tag","embeddable":true,"href":"https:\/\/bondagefurniture.eu\/fr\/wp-json\/wp\/v2\/product_tag?post=4374"}],"curies":[{"name":"wp","href":"https:\/\/api.w.org\/{rel}","templated":true}]}}