{"id":4252,"date":"2024-05-22T14:29:01","date_gmt":"2024-05-22T14:29:01","guid":{"rendered":"https:\/\/bondagefurniture.eu\/product\/bondage-cube-meuble-bdsm-en-tubes-dacier-bondage-furniture\/"},"modified":"2025-03-03T21:12:28","modified_gmt":"2025-03-03T21:12:28","slug":"bondage-cube-meuble-bdsm-en-tubes-dacier-bondage-furniture","status":"publish","type":"product","link":"https:\/\/bondagefurniture.eu\/fr\/produit\/bondage-cube-meuble-bdsm-en-tubes-dacier-bondage-furniture\/","title":{"rendered":"Bondage Cube &#8211; Meuble BDSM en tubes d&rsquo;acier | Bondage Furniture"},"content":{"rendered":"<h2><strong>Le Bondage Cube &#8211; un meuble BDSM pour ceux qui recherchent l&rsquo;originalit\u00e9 !<\/strong><\/h2>\n<p>Le cube de bondage en tube d&rsquo;acier offre l&rsquo;exp\u00e9rience ultime pour les amateurs de jeux de bondage intenses. Gr\u00e2ce \u00e0 sa conception innovante, il permet trois positions de bondage excitantes sans aucune modification : Assis, \u00e0 genoux et couch\u00e9. Il peut \u00eatre facilement adapt\u00e9 \u00e0 la taille de la personne.<\/p>\n<p>En haut et sur le c\u00f4t\u00e9 du cube de bandage se trouvent des colliers int\u00e9gr\u00e9s en tube d&rsquo;acier robuste qui intensifient encore l&rsquo;exp\u00e9rience. Ces entraves garantissent un sentiment d&rsquo;abandon absolu. Il est tout simplement impossible de s&rsquo;\u00e9chapper en raison de la fixation de la t\u00eate.<\/p>\n<p>Robuste et compact, le Bondage Cube offre non seulement une stabilit\u00e9 maximale, mais aussi une flexibilit\u00e9 maximale.  <a href=\"https:\/\/bondagefurniture.eu\/produkt\/kunstlederkissen-mit-schnellverbinder-polster-anbauteil\/\"><strong>Pour les positions \u00e0 genoux et couch\u00e9es, vous avez besoin en plus de 2-3 de nos coussins !<\/strong><\/a><\/p>\n<h3><strong>Les roulettes du Bondage Cube cr\u00e9ent une exp\u00e9rience dynamique<\/strong><\/h3>\n<p>En particulier lorsqu&rsquo;il est combin\u00e9 avec les <strong>roulettes optionnelles<\/strong>, le Bondage Cube ouvre des possibilit\u00e9s insoup\u00e7onn\u00e9es et assure une exp\u00e9rience dynamique en tournant ou en se d\u00e9pla\u00e7ant. Une fois livr\u00e9, il suffit de pousser ou de tourner la personne fix\u00e9e dans la bonne position pour qu&rsquo;elle se mette \u00e0 votre service.<\/p>\n<p><strong>De nombreuses possibilit\u00e9s pour fixer nos accessoires !<\/strong><\/p>\n<p><img loading=\"lazy\" decoding=\"async\" class=\"alignnone wp-image-4214 size-full\" src=\"https:\/\/bondagefurniture.eu\/wp-content\/uploads\/2024\/05\/Bondage-Cube-aus-Stahlrohren-Bondage-Furniture-SM-Moebel-Shop16-Gross.jpeg\" alt=\"Bondage Furniture SM Meubles en tubes d'acier - Le Bondage Cube un meuble BDSM de notre segment professionnel\" width=\"1280\" height=\"1280\" srcset=\"https:\/\/bondagefurniture.eu\/wp-content\/uploads\/2024\/05\/Bondage-Cube-aus-Stahlrohren-Bondage-Furniture-SM-Moebel-Shop16-Gross.jpeg 1280w, https:\/\/bondagefurniture.eu\/wp-content\/uploads\/2024\/05\/Bondage-Cube-aus-Stahlrohren-Bondage-Furniture-SM-Moebel-Shop16-Gross-300x300.jpeg 300w, https:\/\/bondagefurniture.eu\/wp-content\/uploads\/2024\/05\/Bondage-Cube-aus-Stahlrohren-Bondage-Furniture-SM-Moebel-Shop16-Gross-1024x1024.jpeg 1024w, https:\/\/bondagefurniture.eu\/wp-content\/uploads\/2024\/05\/Bondage-Cube-aus-Stahlrohren-Bondage-Furniture-SM-Moebel-Shop16-Gross-150x150.jpeg 150w, https:\/\/bondagefurniture.eu\/wp-content\/uploads\/2024\/05\/Bondage-Cube-aus-Stahlrohren-Bondage-Furniture-SM-Moebel-Shop16-Gross-768x768.jpeg 768w, https:\/\/bondagefurniture.eu\/wp-content\/uploads\/2024\/05\/Bondage-Cube-aus-Stahlrohren-Bondage-Furniture-SM-Moebel-Shop16-Gross-800x800.jpeg 800w, https:\/\/bondagefurniture.eu\/wp-content\/uploads\/2024\/05\/Bondage-Cube-aus-Stahlrohren-Bondage-Furniture-SM-Moebel-Shop16-Gross-100x100.jpeg 100w\" sizes=\"auto, (max-width: 1280px) 100vw, 1280px\" \/><\/p>\n<p>Les tubes d&rsquo;acier robustes constituent non seulement une construction tr\u00e8s solide, mais aussi une base s\u00fbre pour de nombreux accessoires qui peuvent \u00eatre fix\u00e9s \u00e0 volont\u00e9. Des attaches aux barres de godemich\u00e9, votre cr\u00e9ativit\u00e9 n&rsquo;a pas de limites.<\/p>\n<h3><strong>Le Bondage Cube ne devrait pas manquer lors d&rsquo;un \u00e9v\u00e9nement Kinky<\/strong><\/h3>\n<p>Le Bondage Cube est id\u00e9al pour les clubs ou les \u00e9v\u00e9nements o\u00f9 le cube peut constituer une attraction centrale. Son design \u00e9l\u00e9gant et ses multiples possibilit\u00e9s d&rsquo;utilisation en font le point central de toute session de bondage et garantissent des moments inoubliables pour tous les participants. D\u00e9couvrez une nouvelle dimension du plaisir et laissez libre cours \u00e0 votre imagination avec le bondage cube en tube d&rsquo;acier.<\/p>\n<div style=\"width: 1440px;\" class=\"wp-video\"><video class=\"wp-video-shortcode\" id=\"video-4252-1\" width=\"1440\" height=\"810\" preload=\"metadata\" controls=\"controls\"><source type=\"video\/mp4\" src=\"https:\/\/bondagefurniture.eu\/wp-content\/uploads\/2024\/06\/Bondage-Cube-Bondage-Furniture-BDSM-Moebel-mit-Sophia_X_Elodie.mp4?_=1\" \/><a href=\"https:\/\/bondagefurniture.eu\/wp-content\/uploads\/2024\/06\/Bondage-Cube-Bondage-Furniture-BDSM-Moebel-mit-Sophia_X_Elodie.mp4\">https:\/\/bondagefurniture.eu\/wp-content\/uploads\/2024\/06\/Bondage-Cube-Bondage-Furniture-BDSM-Moebel-mit-Sophia_X_Elodie.mp4<\/a><\/video><\/div>\n<p><strong>Un beau meuble BDSM pour la vie priv\u00e9e \u00e9galement<\/strong><\/p>\n<p>Mais le Bondage Cube n&rsquo;est pas seulement con\u00e7u pour \u00eatre utilis\u00e9 dans les clubs et les \u00e9v\u00e9nements, il est aussi parfaitement adapt\u00e9 \u00e0 un usage priv\u00e9. Ses dimensions compactes permettent de le rouler rapidement et discr\u00e8tement dans un coin lorsque vous ne l&rsquo;utilisez pas. Vous pouvez ainsi personnaliser votre exp\u00e9rience de bondage et \u00eatre pr\u00eat \u00e0 tout moment pour la prochaine session. Profitez de la libert\u00e9 de r\u00e9aliser vos fantasmes m\u00eame dans votre propre maison. Avec le Bondage Cube, vous avez la possibilit\u00e9 de profiter pleinement de vos moments les plus intimes \u00e0 tout moment.<\/p>\n<p>Maximisez votre plaisir et faites l&rsquo;exp\u00e9rience de l&rsquo;abandon absolu avec le Bondage Cube. Sa construction bien pens\u00e9e et ses mat\u00e9riaux de haute qualit\u00e9 en font un compagnon indispensable pour tous ceux qui veulent tirer le maximum de leurs s\u00e9ances de bondage.<\/p>\n<p><img loading=\"lazy\" decoding=\"async\" class=\"alignnone wp-image-4238 size-full\" src=\"https:\/\/bondagefurniture.eu\/wp-content\/uploads\/2024\/05\/Bondage-Cube-aus-Stahlrohren-Bondage-Furniture-SM-Moebel-Shop25-Gross.jpeg\" alt=\"Bondage Furniture SM Meubles en tubes d'acier - Le Bondage Cube un meuble BDSM de notre segment professionnel\" width=\"1280\" height=\"1280\" srcset=\"https:\/\/bondagefurniture.eu\/wp-content\/uploads\/2024\/05\/Bondage-Cube-aus-Stahlrohren-Bondage-Furniture-SM-Moebel-Shop25-Gross.jpeg 1280w, https:\/\/bondagefurniture.eu\/wp-content\/uploads\/2024\/05\/Bondage-Cube-aus-Stahlrohren-Bondage-Furniture-SM-Moebel-Shop25-Gross-300x300.jpeg 300w, https:\/\/bondagefurniture.eu\/wp-content\/uploads\/2024\/05\/Bondage-Cube-aus-Stahlrohren-Bondage-Furniture-SM-Moebel-Shop25-Gross-1024x1024.jpeg 1024w, https:\/\/bondagefurniture.eu\/wp-content\/uploads\/2024\/05\/Bondage-Cube-aus-Stahlrohren-Bondage-Furniture-SM-Moebel-Shop25-Gross-150x150.jpeg 150w, https:\/\/bondagefurniture.eu\/wp-content\/uploads\/2024\/05\/Bondage-Cube-aus-Stahlrohren-Bondage-Furniture-SM-Moebel-Shop25-Gross-768x768.jpeg 768w, https:\/\/bondagefurniture.eu\/wp-content\/uploads\/2024\/05\/Bondage-Cube-aus-Stahlrohren-Bondage-Furniture-SM-Moebel-Shop25-Gross-800x800.jpeg 800w, https:\/\/bondagefurniture.eu\/wp-content\/uploads\/2024\/05\/Bondage-Cube-aus-Stahlrohren-Bondage-Furniture-SM-Moebel-Shop25-Gross-100x100.jpeg 100w\" sizes=\"auto, (max-width: 1280px) 100vw, 1280px\" \/><\/p>\n<p>Dimensions avec les roues : environ 125cm x 56cm x 56cm<\/p>\n<h3><strong>Remarque sur le contenu de la livraison :<\/strong><\/h3>\n<p>Les images servent d&rsquo;exemples des possibilit\u00e9s que vous offre l&rsquo;article command\u00e9. Les ensembles de liens, les barres de godes, les coussins et autres accessoires ne sont pas inclus. Selon la constitution physique, il se peut que tous les exemples pr\u00e9sent\u00e9s ne puissent pas \u00eatre mis en pratique. Vous trouverez le contenu exact de la livraison dans la description ci-dessous.<br \/>\n<strong>Veuillez commander les sets de menottes s\u00e9par\u00e9ment !<br \/>\n<\/strong><\/p>\n<h3><strong>Contenu de la livraison :<\/strong><\/h3>\n<ul>\n<li>24 tubes d&rsquo;acier de diff\u00e9rentes longueurs (peints en noir ou galvanis\u00e9s en argent)<\/li>\n<li>30x connecteurs en fonte (noirs ou argent\u00e9s)<\/li>\n<li>4-8x bouchons<\/li>\n<li>incl. Cl\u00e9 Allen.<\/li>\n<li>Instructions d\u00e9taill\u00e9es.<\/li>\n<li>En option &#8211; Roulettes<\/li>\n<\/ul>\n<h3><strong>Type : Kit<\/strong><\/h3>\n<p>Nos produits sont des kits. Comme il s&rsquo;agit d&rsquo;un kit, nous ne pouvons pas \u00eatre tenus responsables d&rsquo;une mauvaise utilisation des meubles.<\/p>\n<p><strong>Veuillez imp\u00e9rativement respecter nos consignes de s\u00e9curit\u00e9 pour l&rsquo;utilisation des meubles de bondage !<\/strong><\/p>\n","protected":false},"excerpt":{"rendered":"<p>incl. TVA sauf pour le Royaume-Uni, la Norv\u00e8ge et la Suisse<\/p>\n<h2><strong>Le Bondage Cube &#8211; un meuble BDSM pour ceux qui recherchent l&rsquo;originalit\u00e9 !<\/strong><\/h2>\n<p>Le cube de bondage en tube d&rsquo;acier offre l&rsquo;exp\u00e9rience ultime pour les amateurs de jeux de bondage intenses. Gr\u00e2ce \u00e0 sa conception innovante, il permet trois positions de bondage excitantes sans aucune modification : Assis, \u00e0 genoux et couch\u00e9. Il peut \u00eatre facilement adapt\u00e9 \u00e0 la taille de la personne.<\/p>\n<p>En haut et sur le c\u00f4t\u00e9 du cube de bandage se trouvent des colliers int\u00e9gr\u00e9s en tube d&rsquo;acier robuste qui intensifient encore l&rsquo;exp\u00e9rience. Ces entraves garantissent un sentiment d&rsquo;abandon absolu. Il est tout simplement impossible de s&rsquo;\u00e9chapper en raison de la fixation de la t\u00eate.<\/p>\n<p>Robuste et compact, le Bondage Cube offre non seulement une stabilit\u00e9 maximale, mais aussi une flexibilit\u00e9 maximale.  <a href=\"https:\/\/bondagefurniture.eu\/produkt\/kunstlederkissen-mit-schnellverbinder-polster-anbauteil\/\"><strong>Pour les positions \u00e0 genoux et couch\u00e9es, vous avez besoin en plus de 2-3 de nos coussins !<\/strong><\/a><\/p>\n<p><strong>Attention ! Veuillez commander les \u0153illets ou les attaches s\u00e9par\u00e9ment !<\/strong><\/p>\n<p><span style=\"color: #025877;\">D\u00e9lai de livraison : 14 jours<\/span><\/p>\n","protected":false},"featured_media":4240,"template":"","meta":{"om_disable_all_campaigns":false,"_monsterinsights_skip_tracking":false,"_monsterinsights_sitenote_active":false,"_monsterinsights_sitenote_note":"","_monsterinsights_sitenote_category":0,"site-sidebar-layout":"default","site-content-layout":"","ast-site-content-layout":"default","site-content-style":"default","site-sidebar-style":"default","ast-global-header-display":"","ast-banner-title-visibility":"","ast-main-header-display":"","ast-hfb-above-header-display":"","ast-hfb-below-header-display":"","ast-hfb-mobile-header-display":"","site-post-title":"","ast-breadcrumbs-content":"","ast-featured-img":"","footer-sml-layout":"","ast-disable-related-posts":"","theme-transparent-header-meta":"default","adv-header-id-meta":"","stick-header-meta":"","header-above-stick-meta":"","header-main-stick-meta":"","header-below-stick-meta":"","astra-migrate-meta-layouts":"default","ast-page-background-enabled":"default","ast-page-background-meta":{"desktop":{"background-color":"var(--ast-global-color-4)","background-image":"","background-repeat":"repeat","background-position":"center center","background-size":"auto","background-attachment":"scroll","background-type":"","background-media":"","overlay-type":"","overlay-color":"","overlay-opacity":"","overlay-gradient":""},"tablet":{"background-color":"","background-image":"","background-repeat":"repeat","background-position":"center center","background-size":"auto","background-attachment":"scroll","background-type":"","background-media":"","overlay-type":"","overlay-color":"","overlay-opacity":"","overlay-gradient":""},"mobile":{"background-color":"","background-image":"","background-repeat":"repeat","background-position":"center center","background-size":"auto","background-attachment":"scroll","background-type":"","background-media":"","overlay-type":"","overlay-color":"","overlay-opacity":"","overlay-gradient":""}},"ast-content-background-meta":{"desktop":{"background-color":"var(--ast-global-color-5)","background-image":"","background-repeat":"repeat","background-position":"center center","background-size":"auto","background-attachment":"scroll","background-type":"","background-media":"","overlay-type":"","overlay-color":"","overlay-opacity":"","overlay-gradient":""},"tablet":{"background-color":"var(--ast-global-color-5)","background-image":"","background-repeat":"repeat","background-position":"center center","background-size":"auto","background-attachment":"scroll","background-type":"","background-media":"","overlay-type":"","overlay-color":"","overlay-opacity":"","overlay-gradient":""},"mobile":{"background-color":"var(--ast-global-color-5)","background-image":"","background-repeat":"repeat","background-position":"center center","background-size":"auto","background-attachment":"scroll","background-type":"","background-media":"","overlay-type":"","overlay-color":"","overlay-opacity":"","overlay-gradient":""}}},"product_brand":[],"product_cat":[298,172,273,57],"product_tag":[87,190,129,91,88,92,89,85],"class_list":{"0":"post-4252","1":"product","2":"type-product","3":"status-publish","4":"has-post-thumbnail","6":"product_cat-chaise-bdsm","7":"product_cat-meubles-sm","8":"product_cat-meubles-sm-professionnels","9":"product_cat-nouveautes","10":"product_tag-bondage-fr","11":"product_tag-equipement-sm","12":"product_tag-ligotage-extreme","13":"product_tag-meubles-bdsm","14":"product_tag-meubles-damour","15":"product_tag-meubles-de-bondage","16":"product_tag-meubles-erotiques","17":"product_tag-meubles-sm","18":"desktop-align-left","19":"tablet-align-left","20":"mobile-align-left","22":"first","23":"instock","24":"taxable","25":"shipping-taxable","26":"purchasable","27":"product-type-variable"},"aioseo_notices":[],"jetpack_sharing_enabled":true,"_links":{"self":[{"href":"https:\/\/bondagefurniture.eu\/fr\/wp-json\/wp\/v2\/product\/4252","targetHints":{"allow":["GET"]}}],"collection":[{"href":"https:\/\/bondagefurniture.eu\/fr\/wp-json\/wp\/v2\/product"}],"about":[{"href":"https:\/\/bondagefurniture.eu\/fr\/wp-json\/wp\/v2\/types\/product"}],"wp:featuredmedia":[{"embeddable":true,"href":"https:\/\/bondagefurniture.eu\/fr\/wp-json\/wp\/v2\/media\/4240"}],"wp:attachment":[{"href":"https:\/\/bondagefurniture.eu\/fr\/wp-json\/wp\/v2\/media?parent=4252"}],"wp:term":[{"taxonomy":"product_brand","embeddable":true,"href":"https:\/\/bondagefurniture.eu\/fr\/wp-json\/wp\/v2\/product_brand?post=4252"},{"taxonomy":"product_cat","embeddable":true,"href":"https:\/\/bondagefurniture.eu\/fr\/wp-json\/wp\/v2\/product_cat?post=4252"},{"taxonomy":"product_tag","embeddable":true,"href":"https:\/\/bondagefurniture.eu\/fr\/wp-json\/wp\/v2\/product_tag?post=4252"}],"curies":[{"name":"wp","href":"https:\/\/api.w.org\/{rel}","templated":true}]}}