{"id":3984,"date":"2024-04-10T09:51:32","date_gmt":"2024-04-10T09:51:32","guid":{"rendered":"https:\/\/bondagefurniture.eu\/?post_type=product&#038;p=3984"},"modified":"2025-04-18T11:34:28","modified_gmt":"2025-04-18T11:34:28","slug":"menottes-de-cou-en-cuir-veritable-avec-connecteur-a-vis-pour-nos-meubles-bdsm-bondage-furniture-kopie","status":"publish","type":"product","link":"https:\/\/bondagefurniture.eu\/fr\/produit\/menottes-de-cou-en-cuir-veritable-avec-connecteur-a-vis-pour-nos-meubles-bdsm-bondage-furniture-kopie\/","title":{"rendered":"Menottes de cou en cuir PU avec rembourrage en n\u00e9opr\u00e8ne et connecteur \u00e0 vis pour nos meubles BDSM | Bondage Furniture"},"content":{"rendered":"<div class=\"product-addition-content\">\n<h2>Menottes pour le cou en cuir PU avec rembourrage en n\u00e9opr\u00e8ne , parfaites pour vivre votre passion pour le BDSM et la domination !<\/h2>\n<p>Ce <strong>collier<\/strong> en cuir PU souple, rembourr\u00e9 \u00e0 l&rsquo;int\u00e9rieur de n\u00e9opr\u00e8ne doux, est un compl\u00e9ment important \u00e0 notre gamme de produits de haute qualit\u00e9. <strong><br \/>\n  <a href=\"https:\/\/bondagefurniture.eu\/fr\/meubles-sm\/\">Meubles SM<\/a><br \/>\n<\/strong>. C&rsquo;est justement lorsque le cou est \u00e9galement fix\u00e9 que l&rsquo;exp\u00e9rience du bondage est d\u00e9cupl\u00e9e. De plus, la minerve est un signe de soumission et ne devrait pas manquer dans votre \u00e9quipement.<br \/>\nToutes les minerve sont con\u00e7ues pour \u00eatre attach\u00e9es sans effort \u00e0 nos meubles de bondage \u00e0 l&rsquo;aide des attaches rapides. Cela garantit une connexion s\u00fbre et stable.<\/p>\n<h3>Support pour le collier :<\/h3>\n<p>Pour ceux qui souhaitent avoir encore plus de marge de man\u0153uvre lors de la mise en place du collier, nous proposons un support suppl\u00e9mentaire compos\u00e9 de tubes et de connecteurs. Ce support vous permet de positionner le collier de mani\u00e8re encore plus pr\u00e9cise. Le support est un \u00e9l\u00e9ment important, en particulier pour le banc de bondage et le pilon de sol.<br \/>\nQue vous soyez un d\u00e9butant ou un amateur exp\u00e9riment\u00e9 de bondage, notre collier de bondage en cuir PU avec rembourrage en n\u00e9opr\u00e8ne est l&rsquo;accessoire id\u00e9al pour transformer vos d\u00e9sirs en r\u00e9alit\u00e9.<\/p>\n<p>Le collier est r\u00e9glable et s&rsquo;adapte \u00e0 toutes les tailles de cou. Le connecteur \u00e0 l&rsquo;arri\u00e8re du collier vous permet d&rsquo;attacher rapidement et solidement le collier \u00e0 nos meubles !<\/p>\n<ul>\n<li>Avec anneau en D.<\/li>\n<li>Couleur : noir.<\/li>\n<li>Mat\u00e9riau : cuir PU<\/li>\n<li>Int\u00e9rieur rembourr\u00e9 de n\u00e9opr\u00e8ne doux<\/li>\n<li>incl. Connecteurs rapides adapt\u00e9s \u00e0 nos meubles de bondage<\/li>\n<\/ul>\n<p><strong>Dimensions :  <\/strong><\/p>\n<p>longueur : environ 48 cm largeur : environ 4,5 cm<\/p>\n<p>Il existe \u00e9galement <a href=\"https:\/\/bondagefurniture.eu\/fr\/produkt\/fesselset-mains-jambes-avec-raccord-vis-cuir-avec-neoprene\/\">des menottes et des chevilles<\/a> assorties \u00e0 notre collier.<\/p>\n<p><strong>Toutes nos menottes de cou ne sont pas adapt\u00e9es aux fixations suspendues !  <\/strong><\/p>\n<\/div>\n","protected":false},"excerpt":{"rendered":"<p>incl. TVA sauf pour le Royaume-Uni, la Norv\u00e8ge et la Suisse<\/p>\n<p><strong>Le collier de<\/strong> bondage <strong>au look noir profond et styl\u00e9 est l\u00e9g\u00e8rement rembourr\u00e9 et donc tr\u00e8s confortable \u00e0 porter.<\/strong><br \/>\nLe collier de bondage est tr\u00e8s solidement fabriqu\u00e9 et \u00e9quip\u00e9 de m\u00e9tal noir sans nickel.<br \/>\nLe rembourrage doux agit comme un tampon, il est donc possible de porter le collier pendant une p\u00e9riode prolong\u00e9e sans que des points de pression ou des abrasions ne se forment.<\/p>\n<p>Le collier est r\u00e9glable \u00e0 plusieurs reprises gr\u00e2ce \u00e0 des boucles et s&rsquo;adapte ainsi parfaitement au cou.<\/p>\n<p>Des connecteurs tubulaires sont fix\u00e9s \u00e0 toutes les attaches de cou afin de relier directement et solidement l&rsquo;attache de cou aux meubles de bondage.<\/p>\n<p><strong>Taille : <\/strong>longueur : environ 48 cm largeur : environ 4,5 cm<\/p>\n<p><strong>Toutes nos menottes de cou ne sont pas adapt\u00e9es aux fixations suspendues !  <\/strong><\/p>\n<ul>\n<li>Couleur : noir.<\/li>\n<li>Mat\u00e9riau : cuir PU<\/li>\n<li>Int\u00e9rieur rembourr\u00e9 de n\u00e9opr\u00e8ne doux.<\/li>\n<li>incl. Connecteur rapide adapt\u00e9 \u00e0 nos meubles de bondage <strong>et \u00e0 notre laisse<\/strong><\/li>\n<\/ul>\n<p><span style=\"color: #025877;\">D\u00e9lai de livraison : 14 jours maximum<\/span><\/p>\n","protected":false},"featured_media":4023,"template":"","meta":{"om_disable_all_campaigns":false,"_monsterinsights_skip_tracking":false,"_monsterinsights_sitenote_active":false,"_monsterinsights_sitenote_note":"","_monsterinsights_sitenote_category":0,"site-sidebar-layout":"default","site-content-layout":"","ast-site-content-layout":"default","site-content-style":"default","site-sidebar-style":"default","ast-global-header-display":"","ast-banner-title-visibility":"","ast-main-header-display":"","ast-hfb-above-header-display":"","ast-hfb-below-header-display":"","ast-hfb-mobile-header-display":"","site-post-title":"","ast-breadcrumbs-content":"","ast-featured-img":"","footer-sml-layout":"","ast-disable-related-posts":"","theme-transparent-header-meta":"default","adv-header-id-meta":"","stick-header-meta":"","header-above-stick-meta":"","header-main-stick-meta":"","header-below-stick-meta":"","astra-migrate-meta-layouts":"set","ast-page-background-enabled":"default","ast-page-background-meta":{"desktop":{"background-color":"var(--ast-global-color-4)","background-image":"","background-repeat":"repeat","background-position":"center center","background-size":"auto","background-attachment":"scroll","background-type":"","background-media":"","overlay-type":"","overlay-color":"","overlay-opacity":"","overlay-gradient":""},"tablet":{"background-color":"","background-image":"","background-repeat":"repeat","background-position":"center center","background-size":"auto","background-attachment":"scroll","background-type":"","background-media":"","overlay-type":"","overlay-color":"","overlay-opacity":"","overlay-gradient":""},"mobile":{"background-color":"","background-image":"","background-repeat":"repeat","background-position":"center center","background-size":"auto","background-attachment":"scroll","background-type":"","background-media":"","overlay-type":"","overlay-color":"","overlay-opacity":"","overlay-gradient":""}},"ast-content-background-meta":{"desktop":{"background-color":"var(--ast-global-color-5)","background-image":"","background-repeat":"repeat","background-position":"center center","background-size":"auto","background-attachment":"scroll","background-type":"","background-media":"","overlay-type":"","overlay-color":"","overlay-opacity":"","overlay-gradient":""},"tablet":{"background-color":"var(--ast-global-color-5)","background-image":"","background-repeat":"repeat","background-position":"center center","background-size":"auto","background-attachment":"scroll","background-type":"","background-media":"","overlay-type":"","overlay-color":"","overlay-opacity":"","overlay-gradient":""},"mobile":{"background-color":"var(--ast-global-color-5)","background-image":"","background-repeat":"repeat","background-position":"center center","background-size":"auto","background-attachment":"scroll","background-type":"","background-media":"","overlay-type":"","overlay-color":"","overlay-opacity":"","overlay-gradient":""}}},"product_brand":[],"product_cat":[94,63,207],"product_tag":[113,114,87,270,129,143,92],"class_list":{"0":"post-3984","1":"product","2":"type-product","3":"status-publish","4":"has-post-thumbnail","6":"product_cat-accessoires-pour-meubles-sm","7":"product_cat-attache","8":"product_cat-offre-speciale","9":"product_tag-accessoires-de-bondage","10":"product_tag-accessoires-pour-meubles-sm","11":"product_tag-bondage-fr","12":"product_tag-cuir-pu","13":"product_tag-ligotage-extreme","14":"product_tag-menottes-pour-le-cou","15":"product_tag-meubles-de-bondage","16":"desktop-align-left","17":"tablet-align-left","18":"mobile-align-left","20":"first","21":"instock","22":"sale","23":"taxable","24":"shipping-taxable","25":"purchasable","26":"product-type-variable"},"aioseo_notices":[],"jetpack_sharing_enabled":true,"_links":{"self":[{"href":"https:\/\/bondagefurniture.eu\/fr\/wp-json\/wp\/v2\/product\/3984","targetHints":{"allow":["GET"]}}],"collection":[{"href":"https:\/\/bondagefurniture.eu\/fr\/wp-json\/wp\/v2\/product"}],"about":[{"href":"https:\/\/bondagefurniture.eu\/fr\/wp-json\/wp\/v2\/types\/product"}],"wp:featuredmedia":[{"embeddable":true,"href":"https:\/\/bondagefurniture.eu\/fr\/wp-json\/wp\/v2\/media\/4023"}],"wp:attachment":[{"href":"https:\/\/bondagefurniture.eu\/fr\/wp-json\/wp\/v2\/media?parent=3984"}],"wp:term":[{"taxonomy":"product_brand","embeddable":true,"href":"https:\/\/bondagefurniture.eu\/fr\/wp-json\/wp\/v2\/product_brand?post=3984"},{"taxonomy":"product_cat","embeddable":true,"href":"https:\/\/bondagefurniture.eu\/fr\/wp-json\/wp\/v2\/product_cat?post=3984"},{"taxonomy":"product_tag","embeddable":true,"href":"https:\/\/bondagefurniture.eu\/fr\/wp-json\/wp\/v2\/product_tag?post=3984"}],"curies":[{"name":"wp","href":"https:\/\/api.w.org\/{rel}","templated":true}]}}