{"id":379,"date":"2023-09-23T19:33:52","date_gmt":"2023-09-23T19:33:52","guid":{"rendered":"https:\/\/bondagefurniture.eu\/product\/poteau-de-sol-meubles-sm-erotique-bdsm-meuble-bondage-furniture\/"},"modified":"2026-03-06T18:25:34","modified_gmt":"2026-03-06T18:25:34","slug":"pilori-de-sol-meubles-sm-erotique-bdsm-meuble","status":"publish","type":"product","link":"https:\/\/bondagefurniture.eu\/fr\/produit\/pilori-de-sol-meubles-sm-erotique-bdsm-meuble\/","title":{"rendered":"Tampon de sol &#8211; Tampon de lit (5 variantes possibles)"},"content":{"rendered":"<h2>Le set pour d\u00e9butants de Bondage Furniture&#8230;<\/h2>\n<p>&#8230;est l&rsquo;occasion parfaite pour d\u00e9couvrir notre syst\u00e8me de bondage de haute qualit\u00e9 et vari\u00e9 et pour vous plonger dans le monde passionnant du bondage. Compar\u00e9 \u00e0 d&rsquo;autres jeux de sol, ce set vous permet d\u00e9j\u00e0 de d\u00e9couvrir <strong>5 variantes de ligotage diff\u00e9rentes<\/strong> et de faire passer votre vie amoureuse \u00e0 un niveau sup\u00e9rieur. Gr\u00e2ce \u00e0 notre large gamme d&rsquo;accessoires, vous pouvez \u00e9largir pas \u00e0 pas le <strong>pilori de sol<\/strong> ainsi que tous les autres <strong><br \/>\n  <u>Meubles SM <\/u><br \/>\n<\/strong>de notre assortiment.<\/p>\n<p><strong>Pr\u00eat pour l&rsquo;avenir :<\/strong> les \u00e9l\u00e9ments de ce set peuvent aussi \u00eatre combin\u00e9s plus tard avec nos autres meubles de bondage.<\/p>\n<p>Bondage Furniture attache une grande importance \u00e0 la qualit\u00e9 et \u00e0 la s\u00e9curit\u00e9, c&rsquo;est pourquoi nos produits sont soigneusement con\u00e7us pour vous offrir une exp\u00e9rience de bondage s\u00fbre et excitante.<\/p>\n<p>Commandez d\u00e8s aujourd&rsquo;hui et plongez dans le monde passionnant du bondage.<\/p>\n<h3><strong>Variations du preneur de terre :<\/strong><\/h3>\n<p>Les tubes sont disponibles en aluminium, en acier galvanis\u00e9 ou en acier peint en noir.<\/p>\n<p>Nous livrons les connecteurs en argent ou en noir.<\/p>\n<p><strong>Remarque sur le contenu de la livraison :<\/strong><\/p>\n<p>Les images sont fournies \u00e0 titre d&rsquo;exemple des possibilit\u00e9s offertes par l&rsquo;article command\u00e9.<br \/>\nBarres de godemich\u00e9 Les jeux de cha\u00eenes, les vibrateurs et autres accessoires ne sont pas inclus. Selon la constitution physique, il se peut que tous les exemples pr\u00e9sent\u00e9s ne puissent pas \u00eatre mis en pratique. Vous trouverez le contenu exact de la livraison dans la description ci-dessous.<\/p>\n<h3><strong>Contenu de la livraison :<\/strong><\/h3>\n<p>3x tubes<\/p>\n<p>2x connecteurs en croix (en fonte et test\u00e9s par le T\u00dcV)1x cl\u00e9 Allen adapt\u00e9e<\/p>\n<p>6 bouchons de tuyaux en plastique<\/p>\n<p>Instructions (\u00e9galement pour les variantes)<\/p>\n<p><span style=\"color: #ff0000;\"><strong>Attention ! Veuillez commander les \u0153illets ou les attaches s\u00e9par\u00e9ment !<\/strong><\/span><\/p>\n<p><strong>Veuillez imp\u00e9rativement respecter nos consignes de s\u00e9curit\u00e9 pour l&rsquo;utilisation des meubles de bondage !<\/strong><\/p>\n<p><strong>Type : Kit<br \/>\n<\/strong>Nos produits sont des kits, vous pouvez donc utiliser les \u00e9l\u00e9ments que nous fournissons pour cr\u00e9er les variantes les plus diverses du BDSM.<u><br \/>\n  <strong> <a href=\"https:\/\/www.bondage-furniture.de\/\">Meuble BDSM <\/a><\/strong><br \/>\n<\/u>construire. Les propositions que nous mettons \u00e0 votre disposition ne sont donn\u00e9es qu&rsquo;\u00e0 titre indicatif. Comme il s&rsquo;agit d&rsquo;un kit qui peut varier \u00e0 volont\u00e9, nous ne pouvons pas \u00eatre tenus responsables d&rsquo;une mauvaise utilisation des meubles.<\/p>\n","protected":false},"excerpt":{"rendered":"<p>incl. TVA sauf pour le Royaume-Uni, la Norv\u00e8ge et la Suisse<\/p>\n<p>Poteau de sol &#8211; Meubles SM de Bondage Furniture<\/p>\n<ul>\n<li>3x tubes<\/li>\n<li>2x connecteurs en croix (en fonte et test\u00e9s par le T\u00dcV)<\/li>\n<li>6 bouchons de tuyaux en plastique, instructions (\u00e9galement pour les variantes)<\/li>\n<\/ul>\n<p><strong>Attention ! Veuillez commander les \u0153illets ou les attaches s\u00e9par\u00e9ment !<\/strong><\/p>\n<p><span style=\"color: #025877;\">D\u00e9lai de livraison : 14 jours<\/span><\/p>\n","protected":false},"featured_media":261,"template":"","meta":{"om_disable_all_campaigns":false,"_monsterinsights_skip_tracking":false,"_monsterinsights_sitenote_active":false,"_monsterinsights_sitenote_note":"","_monsterinsights_sitenote_category":0,"site-sidebar-layout":"default","site-content-layout":"","ast-site-content-layout":"default","site-content-style":"default","site-sidebar-style":"default","ast-global-header-display":"","ast-banner-title-visibility":"","ast-main-header-display":"","ast-hfb-above-header-display":"","ast-hfb-below-header-display":"","ast-hfb-mobile-header-display":"","site-post-title":"","ast-breadcrumbs-content":"","ast-featured-img":"","footer-sml-layout":"","ast-disable-related-posts":"","theme-transparent-header-meta":"default","adv-header-id-meta":"","stick-header-meta":"","header-above-stick-meta":"","header-main-stick-meta":"","header-below-stick-meta":"","astra-migrate-meta-layouts":"set","ast-page-background-enabled":"default","ast-page-background-meta":{"desktop":{"background-color":"var(--ast-global-color-4)","background-image":"","background-repeat":"repeat","background-position":"center center","background-size":"auto","background-attachment":"scroll","background-type":"","background-media":"","overlay-type":"","overlay-color":"","overlay-opacity":"","overlay-gradient":""},"tablet":{"background-color":"","background-image":"","background-repeat":"repeat","background-position":"center center","background-size":"auto","background-attachment":"scroll","background-type":"","background-media":"","overlay-type":"","overlay-color":"","overlay-opacity":"","overlay-gradient":""},"mobile":{"background-color":"","background-image":"","background-repeat":"repeat","background-position":"center center","background-size":"auto","background-attachment":"scroll","background-type":"","background-media":"","overlay-type":"","overlay-color":"","overlay-opacity":"","overlay-gradient":""}},"ast-content-background-meta":{"desktop":{"background-color":"var(--ast-global-color-5)","background-image":"","background-repeat":"repeat","background-position":"center center","background-size":"auto","background-attachment":"scroll","background-type":"","background-media":"","overlay-type":"","overlay-color":"","overlay-opacity":"","overlay-gradient":""},"tablet":{"background-color":"var(--ast-global-color-5)","background-image":"","background-repeat":"repeat","background-position":"center center","background-size":"auto","background-attachment":"scroll","background-type":"","background-media":"","overlay-type":"","overlay-color":"","overlay-opacity":"","overlay-gradient":""},"mobile":{"background-color":"var(--ast-global-color-5)","background-image":"","background-repeat":"repeat","background-position":"center center","background-size":"auto","background-attachment":"scroll","background-type":"","background-media":"","overlay-type":"","overlay-color":"","overlay-opacity":"","overlay-gradient":""}}},"product_brand":[],"product_cat":[160,172,60,58,156],"product_tag":[91,88,92,89,85,140,158],"class_list":{"0":"post-379","1":"product","2":"type-product","3":"status-publish","4":"has-post-thumbnail","6":"product_cat-meubles-bdsm","7":"product_cat-meubles-sm","8":"product_cat-pilori","9":"product_cat-pilori-au-sol","10":"product_cat-pilori-bdsm","11":"product_tag-meubles-bdsm","12":"product_tag-meubles-damour","13":"product_tag-meubles-de-bondage","14":"product_tag-meubles-erotiques","15":"product_tag-meubles-sm","16":"product_tag-pilier-au-sol","17":"product_tag-pilori","18":"desktop-align-left","19":"tablet-align-left","20":"mobile-align-left","22":"first","23":"outofstock","24":"taxable","25":"shipping-taxable","26":"purchasable","27":"product-type-variable"},"aioseo_notices":[],"jetpack_sharing_enabled":true,"_links":{"self":[{"href":"https:\/\/bondagefurniture.eu\/fr\/wp-json\/wp\/v2\/product\/379","targetHints":{"allow":["GET"]}}],"collection":[{"href":"https:\/\/bondagefurniture.eu\/fr\/wp-json\/wp\/v2\/product"}],"about":[{"href":"https:\/\/bondagefurniture.eu\/fr\/wp-json\/wp\/v2\/types\/product"}],"wp:featuredmedia":[{"embeddable":true,"href":"https:\/\/bondagefurniture.eu\/fr\/wp-json\/wp\/v2\/media\/261"}],"wp:attachment":[{"href":"https:\/\/bondagefurniture.eu\/fr\/wp-json\/wp\/v2\/media?parent=379"}],"wp:term":[{"taxonomy":"product_brand","embeddable":true,"href":"https:\/\/bondagefurniture.eu\/fr\/wp-json\/wp\/v2\/product_brand?post=379"},{"taxonomy":"product_cat","embeddable":true,"href":"https:\/\/bondagefurniture.eu\/fr\/wp-json\/wp\/v2\/product_cat?post=379"},{"taxonomy":"product_tag","embeddable":true,"href":"https:\/\/bondagefurniture.eu\/fr\/wp-json\/wp\/v2\/product_tag?post=379"}],"curies":[{"name":"wp","href":"https:\/\/api.w.org\/{rel}","templated":true}]}}