{"id":3633,"date":"2024-02-12T20:54:52","date_gmt":"2024-02-12T20:54:52","guid":{"rendered":"https:\/\/bondagefurniture.eu\/product\/plug-anal-en-acier-inoxydable-sur-un-tube-en-acier-bondage-furniture\/"},"modified":"2025-05-15T18:18:37","modified_gmt":"2025-05-15T18:18:37","slug":"plug-anal-en-acier-inoxydable-sur-un-tube-en-acier-bondage-furniture","status":"publish","type":"product","link":"https:\/\/bondagefurniture.eu\/fr\/produit\/plug-anal-en-acier-inoxydable-sur-un-tube-en-acier-bondage-furniture\/","title":{"rendered":"Plug anal en acier inoxydable sur un tube en acier | Bondage Furniture"},"content":{"rendered":"<h2><strong>Notre plug anal en acier inoxydable sur un tube en acier cr\u00e9e une nouvelle intensit\u00e9 d&rsquo;\u00eatre livr\u00e9.<\/strong><\/h2>\n<p>&nbsp;<\/p>\n<p>D\u00e9couvrez une nouvelle dimension du bondage avec notre <strong>plug anal en acier inoxydable sur un tube en acier<\/strong>, sp\u00e9cialement con\u00e7u pour \u00e9tendre le plaisir du jeu \u00e0 presque tous nos meubles de bondage. Cet accessoire unique est compos\u00e9 d&rsquo;un tube m\u00e9tallique robuste et dispose d&rsquo;un plug en acier inoxydable \u00e0 visser. Le kit comprend \u00e9galement deux connecteurs qui permettent de multiples possibilit\u00e9s de fixation sur nos meubles de bondage.<\/p>\n<p>Ce tube m\u00e9tallique fait passer l&rsquo;entrave \u00e0 un niveau sup\u00e9rieur en cr\u00e9ant une dimension suppl\u00e9mentaire d&rsquo;impuissance. Le <strong>plug anal en acier inoxydable<\/strong>, frais et solide, procure une sensation de picotement sur la peau et conf\u00e8re \u00e0 l&rsquo;ensemble de l&rsquo;exp\u00e9rience une intensit\u00e9 incomparable.<\/p>\n<p>&nbsp;<\/p>\n<p><img loading=\"lazy\" decoding=\"async\" class=\"alignnone wp-image-3555 size-full\" src=\"https:\/\/bondagefurniture.eu\/wp-content\/uploads\/2024\/02\/Anal-Plug-aus-Edelstahl-mit-Halterung-fuer-unsere-BDSM-Moebel-Bondage-Furniture18-Gross.jpeg\" alt=\"Plug-anal-en-acier-inoxydable-avec-support-pour-notre-meuble-BDSM-Bondage-Furniture\" width=\"1280\" height=\"498\" srcset=\"https:\/\/bondagefurniture.eu\/wp-content\/uploads\/2024\/02\/Anal-Plug-aus-Edelstahl-mit-Halterung-fuer-unsere-BDSM-Moebel-Bondage-Furniture18-Gross.jpeg 1280w, https:\/\/bondagefurniture.eu\/wp-content\/uploads\/2024\/02\/Anal-Plug-aus-Edelstahl-mit-Halterung-fuer-unsere-BDSM-Moebel-Bondage-Furniture18-Gross-800x311.jpeg 800w, https:\/\/bondagefurniture.eu\/wp-content\/uploads\/2024\/02\/Anal-Plug-aus-Edelstahl-mit-Halterung-fuer-unsere-BDSM-Moebel-Bondage-Furniture18-Gross-300x117.jpeg 300w, https:\/\/bondagefurniture.eu\/wp-content\/uploads\/2024\/02\/Anal-Plug-aus-Edelstahl-mit-Halterung-fuer-unsere-BDSM-Moebel-Bondage-Furniture18-Gross-1024x398.jpeg 1024w, https:\/\/bondagefurniture.eu\/wp-content\/uploads\/2024\/02\/Anal-Plug-aus-Edelstahl-mit-Halterung-fuer-unsere-BDSM-Moebel-Bondage-Furniture18-Gross-768x299.jpeg 768w, https:\/\/bondagefurniture.eu\/wp-content\/uploads\/2024\/02\/Anal-Plug-aus-Edelstahl-mit-Halterung-fuer-unsere-BDSM-Moebel-Bondage-Furniture18-Gross-600x233.jpeg 600w\" sizes=\"auto, (max-width: 1280px) 100vw, 1280px\" \/><\/p>\n<h3><\/h3>\n<h3><\/h3>\n<h3><strong>Pas d&rsquo;\u00e9chappatoire avec notre plug anal en acier inoxydable sur un tube en acier !<\/strong><\/h3>\n<p>&nbsp;<\/p>\n<p>Gr\u00e2ce \u00e0 sa construction soign\u00e9e, il est presque impossible de s&rsquo;\u00e9chapper, ce qui rend votre jeu de bondage particuli\u00e8rement excitant et inoubliable. La facilit\u00e9 de fixation \u00e0 nos meubles de bondage vous permet de moduler votre jeu \u00e0 votre guise et d&rsquo;augmenter l&rsquo;intensit\u00e9 du bondage. Plongez dans le monde du plaisir et de la d\u00e9votion et d\u00e9couvrez avec nos meubles BDSM le m\u00e9lange excitant de fermet\u00e9, de froideur et d&rsquo;impuissance.<\/p>\n<p>Nous vous proposons \u00e9galement une variante avec un connecteur double et un connecteur rapide avec \u0153illet et cha\u00eene. Cette combinaison permet \u00e9galement de cr\u00e9er de nombreuses sessions de bondage passionnantes.<\/p>\n<p>&nbsp;<\/p>\n<p><strong>Dimensions acier inoxydable Anal Plug :<br \/>\n<\/strong><\/p>\n<p><strong>Taille M :<\/strong> longueur : 101mm \/ largeur max : 29mm<\/p>\n<p><strong>Taille L :<\/strong> longueur : 120mm \/ largeur max : 39mm<\/p>\n","protected":false},"excerpt":{"rendered":"<p>incl. TVA sauf pour le Royaume-Uni, la Norv\u00e8ge et la Suisse<\/p>\n<p><strong>Notre plug anal en acier inoxydable sur un tube en acier cr\u00e9e une nouvelle intensit\u00e9 d&rsquo;\u00eatre livr\u00e9.  <\/strong><\/p>\n<p>Cet accessoire unique est compos\u00e9 d&rsquo;un tube m\u00e9tallique robuste et dispose d&rsquo;un plug en acier inoxydable \u00e0 visser. Le kit comprend \u00e9galement deux connecteurs qui permettent de multiples possibilit\u00e9s de fixation sur nos meubles de bondage. Le plug anal frais et ferme procure une sensation de picotement sur la peau et conf\u00e8re \u00e0 l&rsquo;ensemble de l&rsquo;exp\u00e9rience une intensit\u00e9 incomparable.<\/p>\n<p><strong>Dimensions acier inoxydable Anal Plug :<br \/>\n<\/strong><\/p>\n<p><strong>Taille M :<\/strong> longueur : 101mm \/ largeur max : 29mm<\/p>\n<p><strong>Taille L :<\/strong> longueur : 120mm \/ largeur max : 39mm<\/p>\n<p><span style=\"color: #025877;\">D\u00e9lai de livraison : 14 jours<\/span><\/p>\n","protected":false},"featured_media":3595,"template":"","meta":{"om_disable_all_campaigns":false,"_monsterinsights_skip_tracking":false,"_monsterinsights_sitenote_active":false,"_monsterinsights_sitenote_note":"","_monsterinsights_sitenote_category":0,"site-sidebar-layout":"default","site-content-layout":"","ast-site-content-layout":"default","site-content-style":"default","site-sidebar-style":"default","ast-global-header-display":"","ast-banner-title-visibility":"","ast-main-header-display":"","ast-hfb-above-header-display":"","ast-hfb-below-header-display":"","ast-hfb-mobile-header-display":"","site-post-title":"","ast-breadcrumbs-content":"","ast-featured-img":"","footer-sml-layout":"","ast-disable-related-posts":"","theme-transparent-header-meta":"default","adv-header-id-meta":"","stick-header-meta":"","header-above-stick-meta":"","header-main-stick-meta":"","header-below-stick-meta":"","astra-migrate-meta-layouts":"default","ast-page-background-enabled":"default","ast-page-background-meta":{"desktop":{"background-color":"var(--ast-global-color-4)","background-image":"","background-repeat":"repeat","background-position":"center center","background-size":"auto","background-attachment":"scroll","background-type":"","background-media":"","overlay-type":"","overlay-color":"","overlay-opacity":"","overlay-gradient":""},"tablet":{"background-color":"","background-image":"","background-repeat":"repeat","background-position":"center center","background-size":"auto","background-attachment":"scroll","background-type":"","background-media":"","overlay-type":"","overlay-color":"","overlay-opacity":"","overlay-gradient":""},"mobile":{"background-color":"","background-image":"","background-repeat":"repeat","background-position":"center center","background-size":"auto","background-attachment":"scroll","background-type":"","background-media":"","overlay-type":"","overlay-color":"","overlay-opacity":"","overlay-gradient":""}},"ast-content-background-meta":{"desktop":{"background-color":"var(--ast-global-color-5)","background-image":"","background-repeat":"repeat","background-position":"center center","background-size":"auto","background-attachment":"scroll","background-type":"","background-media":"","overlay-type":"","overlay-color":"","overlay-opacity":"","overlay-gradient":""},"tablet":{"background-color":"var(--ast-global-color-5)","background-image":"","background-repeat":"repeat","background-position":"center center","background-size":"auto","background-attachment":"scroll","background-type":"","background-media":"","overlay-type":"","overlay-color":"","overlay-opacity":"","overlay-gradient":""},"mobile":{"background-color":"var(--ast-global-color-5)","background-image":"","background-repeat":"repeat","background-position":"center center","background-size":"auto","background-attachment":"scroll","background-type":"","background-media":"","overlay-type":"","overlay-color":"","overlay-opacity":"","overlay-gradient":""}}},"product_brand":[],"product_cat":[94,167,57,164],"product_tag":[189,113,114,87,190,129,92,210],"class_list":{"0":"post-3633","1":"product","2":"type-product","3":"status-publish","4":"has-post-thumbnail","6":"product_cat-accessoires-pour-meubles-sm","7":"product_cat-composants-pour-meubles-sm","8":"product_cat-nouveautes","9":"product_cat-plus-daccessoires-delirants","10":"product_tag-accessoires-bdsm","11":"product_tag-accessoires-de-bondage","12":"product_tag-accessoires-pour-meubles-sm","13":"product_tag-bondage-fr","14":"product_tag-equipement-sm","15":"product_tag-ligotage-extreme","16":"product_tag-meubles-de-bondage","17":"product_tag-plug-anal","18":"desktop-align-left","19":"tablet-align-left","20":"mobile-align-left","22":"first","23":"instock","24":"taxable","25":"shipping-taxable","26":"purchasable","27":"product-type-variable"},"aioseo_notices":[],"jetpack_sharing_enabled":true,"_links":{"self":[{"href":"https:\/\/bondagefurniture.eu\/fr\/wp-json\/wp\/v2\/product\/3633","targetHints":{"allow":["GET"]}}],"collection":[{"href":"https:\/\/bondagefurniture.eu\/fr\/wp-json\/wp\/v2\/product"}],"about":[{"href":"https:\/\/bondagefurniture.eu\/fr\/wp-json\/wp\/v2\/types\/product"}],"wp:featuredmedia":[{"embeddable":true,"href":"https:\/\/bondagefurniture.eu\/fr\/wp-json\/wp\/v2\/media\/3595"}],"wp:attachment":[{"href":"https:\/\/bondagefurniture.eu\/fr\/wp-json\/wp\/v2\/media?parent=3633"}],"wp:term":[{"taxonomy":"product_brand","embeddable":true,"href":"https:\/\/bondagefurniture.eu\/fr\/wp-json\/wp\/v2\/product_brand?post=3633"},{"taxonomy":"product_cat","embeddable":true,"href":"https:\/\/bondagefurniture.eu\/fr\/wp-json\/wp\/v2\/product_cat?post=3633"},{"taxonomy":"product_tag","embeddable":true,"href":"https:\/\/bondagefurniture.eu\/fr\/wp-json\/wp\/v2\/product_tag?post=3633"}],"curies":[{"name":"wp","href":"https:\/\/api.w.org\/{rel}","templated":true}]}}