{"id":3553,"date":"2024-02-09T21:48:54","date_gmt":"2024-02-09T21:48:54","guid":{"rendered":"https:\/\/bondagefurniture.eu\/product\/harnais-de-tete-avec-baillon-ballon-et-bandeau-pour-les-yeux-bondage-furniture\/"},"modified":"2025-07-02T17:05:52","modified_gmt":"2025-07-02T17:05:52","slug":"harnais-de-tete-avec-baillon-ballon-et-bandeau-pour-les-yeux-bondage-furniture","status":"publish","type":"product","link":"https:\/\/bondagefurniture.eu\/fr\/produit\/harnais-de-tete-avec-baillon-ballon-et-bandeau-pour-les-yeux-bondage-furniture\/","title":{"rendered":"Harnais de t\u00eate avec b\u00e2illon-ballon et bandeau pour les yeux | Bondage Furniture"},"content":{"rendered":"<h2><strong>Harnais de t\u00eate avec b\u00e2illon-ballon et bandeau pour les yeux &#8211; Ce set ne devrait pas manquer dans votre collection !<\/strong><\/h2>\n<p>&nbsp;<\/p>\n<p>Harnais de t\u00eate avec b\u00e2illon-ballon et bandeau pour les yeux, cette combinaison captivante vous permet d&rsquo;\u00e9lever vos aventures intimes \u00e0 un nouveau niveau.<\/p>\n<p>Le harnais de t\u00eate est fabriqu\u00e9 avec soin et offre un m\u00e9lange s\u00e9duisant de style et de fonctionnalit\u00e9. La mati\u00e8re r\u00e9sistante en cuir PU conf\u00e8re au <strong>harnais de t\u00eate avec b\u00e2illon de balle<\/strong> non seulement une esth\u00e9tique attrayante, mais garantit \u00e9galement une bonne durabilit\u00e9 pour des plaisirs de longue dur\u00e9e.<\/p>\n<p>Le <strong>bandeau pour les yeux<\/strong>, rembourr\u00e9 \u00e0 l&rsquo;int\u00e9rieur pour un confort suppl\u00e9mentaire, vous plonge dans un monde d&rsquo;obscurit\u00e9, tandis que le <strong>b\u00e2illon boule<\/strong> d\u00e9fie vos sens et vous procure le frisson ultime.<\/p>\n<p>&nbsp;<\/p>\n<h3><strong>Cet ajout excitant \u00e0 notre <a href=\"https:\/\/bondagefurniture.eu\/fr\/meubles-sm\/\">mobilier de bondage<\/a> vous permet de c\u00e9der ou de prendre le contr\u00f4le, selon vos pr\u00e9f\u00e9rences.<\/strong><\/h3>\n<p>&nbsp;<\/p>\n<p><img loading=\"lazy\" decoding=\"async\" class=\"aligncenter wp-image-3522 size-full\" src=\"https:\/\/bondagefurniture.eu\/wp-content\/uploads\/2024\/02\/Augenbinde-Bondage-Furniture-SM-Moebel-Gross.jpeg\" alt=\"Harnais de t\u00eate avec b\u00e2illon-ballon et bandeau rembourr\u00e9 - id\u00e9al pour les meubles SM de Bondage Furniture\" width=\"1280\" height=\"273\" srcset=\"https:\/\/bondagefurniture.eu\/wp-content\/uploads\/2024\/02\/Augenbinde-Bondage-Furniture-SM-Moebel-Gross.jpeg 1280w, https:\/\/bondagefurniture.eu\/wp-content\/uploads\/2024\/02\/Augenbinde-Bondage-Furniture-SM-Moebel-Gross-800x171.jpeg 800w, https:\/\/bondagefurniture.eu\/wp-content\/uploads\/2024\/02\/Augenbinde-Bondage-Furniture-SM-Moebel-Gross-300x64.jpeg 300w, https:\/\/bondagefurniture.eu\/wp-content\/uploads\/2024\/02\/Augenbinde-Bondage-Furniture-SM-Moebel-Gross-1024x218.jpeg 1024w, https:\/\/bondagefurniture.eu\/wp-content\/uploads\/2024\/02\/Augenbinde-Bondage-Furniture-SM-Moebel-Gross-768x164.jpeg 768w, https:\/\/bondagefurniture.eu\/wp-content\/uploads\/2024\/02\/Augenbinde-Bondage-Furniture-SM-Moebel-Gross-600x128.jpeg 600w\" sizes=\"auto, (max-width: 1280px) 100vw, 1280px\" \/><\/p>\n<p>&nbsp;<\/p>\n<p>Que vous soyez d\u00e9butant dans le monde du bondage ou que vous ayez d\u00e9j\u00e0 acquis de l&rsquo;exp\u00e9rience, ce <strong>harnais de t\u00eate avec b\u00e2illon-ballon<\/strong> est un ajout indispensable \u00e0 votre collection. Le suspense de ce qui va se passer ensuite augmente vos propres sensations et renforce les charmes de vos moments intimes.<\/p>\n<p>Investissez dans cet accessoire incontournable et d\u00e9couvrez un monde de passion et de d\u00e9votion.<\/p>\n<p>&nbsp;<\/p>\n<h3><strong>Le harnais de t\u00eate avec b\u00e2illon-ballon et bandeau pour les yeux promet des exp\u00e9riences inoubliables et vous permet d&rsquo;explorer les limites de votre plaisir.<br \/>\n<\/strong><\/h3>\n<p>&nbsp;<\/p>\n<p><strong>donn\u00e9es :<\/strong><\/p>\n<p>Taille de la balle : 4 cm<\/p>\n<p>Harnais de t\u00eate r\u00e9glable de mani\u00e8re tr\u00e8s flexible<\/p>\n<p>Bandeau pour les yeux avec \u00e9lastique adapt\u00e9 \u00e0 toutes les tailles de t\u00eate.<\/p>\n<h3><strong> <\/strong><\/h3>\n","protected":false},"excerpt":{"rendered":"<p>incl. TVA sauf pour le Royaume-Uni, la Norv\u00e8ge et la Suisse<\/p>\n<p><strong>Harnais de t\u00eate avec b\u00e2illon-ballon et bandeau pour les yeux<\/strong><\/p>\n<p>Que vous soyez d\u00e9butant dans le monde du bondage ou que vous ayez d\u00e9j\u00e0 acquis de l&rsquo;exp\u00e9rience, ce <strong>harnais de t\u00eate avec b\u00e2illon-ballon<\/strong> est un ajout indispensable \u00e0 votre collection. Le suspense de ce qui va se passer ensuite augmente vos propres sensations et renforce les charmes de vos moments intimes.<\/p>\n<p><strong>donn\u00e9es :<\/strong><\/p>\n<ul>\n<li>Taille de la balle : 4 cm<\/li>\n<li>Harnais de t\u00eate r\u00e9glable de mani\u00e8re tr\u00e8s flexible<\/li>\n<li>Bandeau pour les yeux avec \u00e9lastique adapt\u00e9 \u00e0 toutes les tailles de t\u00eate.<\/li>\n<li>Mat\u00e9riau : cuir PU<\/li>\n<\/ul>\n<p><span style=\"color: #025877;\">D\u00e9lai de livraison : 14 jours<\/span><\/p>\n","protected":false},"featured_media":3539,"template":"","meta":{"om_disable_all_campaigns":false,"_monsterinsights_skip_tracking":false,"_monsterinsights_sitenote_active":false,"_monsterinsights_sitenote_note":"","_monsterinsights_sitenote_category":0,"site-sidebar-layout":"default","site-content-layout":"","ast-site-content-layout":"default","site-content-style":"default","site-sidebar-style":"default","ast-global-header-display":"","ast-banner-title-visibility":"","ast-main-header-display":"","ast-hfb-above-header-display":"","ast-hfb-below-header-display":"","ast-hfb-mobile-header-display":"","site-post-title":"","ast-breadcrumbs-content":"","ast-featured-img":"","footer-sml-layout":"","ast-disable-related-posts":"","theme-transparent-header-meta":"default","adv-header-id-meta":"","stick-header-meta":"","header-above-stick-meta":"","header-main-stick-meta":"","header-below-stick-meta":"","astra-migrate-meta-layouts":"default","ast-page-background-enabled":"default","ast-page-background-meta":{"desktop":{"background-color":"var(--ast-global-color-4)","background-image":"","background-repeat":"repeat","background-position":"center center","background-size":"auto","background-attachment":"scroll","background-type":"","background-media":"","overlay-type":"","overlay-color":"","overlay-opacity":"","overlay-gradient":""},"tablet":{"background-color":"","background-image":"","background-repeat":"repeat","background-position":"center center","background-size":"auto","background-attachment":"scroll","background-type":"","background-media":"","overlay-type":"","overlay-color":"","overlay-opacity":"","overlay-gradient":""},"mobile":{"background-color":"","background-image":"","background-repeat":"repeat","background-position":"center center","background-size":"auto","background-attachment":"scroll","background-type":"","background-media":"","overlay-type":"","overlay-color":"","overlay-opacity":"","overlay-gradient":""}},"ast-content-background-meta":{"desktop":{"background-color":"var(--ast-global-color-5)","background-image":"","background-repeat":"repeat","background-position":"center center","background-size":"auto","background-attachment":"scroll","background-type":"","background-media":"","overlay-type":"","overlay-color":"","overlay-opacity":"","overlay-gradient":""},"tablet":{"background-color":"var(--ast-global-color-5)","background-image":"","background-repeat":"repeat","background-position":"center center","background-size":"auto","background-attachment":"scroll","background-type":"","background-media":"","overlay-type":"","overlay-color":"","overlay-opacity":"","overlay-gradient":""},"mobile":{"background-color":"var(--ast-global-color-5)","background-image":"","background-repeat":"repeat","background-position":"center center","background-size":"auto","background-attachment":"scroll","background-type":"","background-media":"","overlay-type":"","overlay-color":"","overlay-opacity":"","overlay-gradient":""}}},"product_brand":[],"product_cat":[125,68,57,207],"product_tag":[189,126,87,190,129],"class_list":{"0":"post-3553","1":"product","2":"type-product","3":"status-publish","4":"has-post-thumbnail","6":"product_cat-baillon","7":"product_cat-accessoires-meubles-sm","8":"product_cat-nouveautes","9":"product_cat-offre-speciale","10":"product_tag-accessoires-bdsm","11":"product_tag-baillon","12":"product_tag-bondage-fr","13":"product_tag-equipement-sm","14":"product_tag-ligotage-extreme","15":"desktop-align-left","16":"tablet-align-left","17":"mobile-align-left","19":"first","20":"instock","21":"sale","22":"taxable","23":"shipping-taxable","24":"purchasable","25":"product-type-simple"},"aioseo_notices":[],"jetpack_sharing_enabled":true,"_links":{"self":[{"href":"https:\/\/bondagefurniture.eu\/fr\/wp-json\/wp\/v2\/product\/3553","targetHints":{"allow":["GET"]}}],"collection":[{"href":"https:\/\/bondagefurniture.eu\/fr\/wp-json\/wp\/v2\/product"}],"about":[{"href":"https:\/\/bondagefurniture.eu\/fr\/wp-json\/wp\/v2\/types\/product"}],"wp:featuredmedia":[{"embeddable":true,"href":"https:\/\/bondagefurniture.eu\/fr\/wp-json\/wp\/v2\/media\/3539"}],"wp:attachment":[{"href":"https:\/\/bondagefurniture.eu\/fr\/wp-json\/wp\/v2\/media?parent=3553"}],"wp:term":[{"taxonomy":"product_brand","embeddable":true,"href":"https:\/\/bondagefurniture.eu\/fr\/wp-json\/wp\/v2\/product_brand?post=3553"},{"taxonomy":"product_cat","embeddable":true,"href":"https:\/\/bondagefurniture.eu\/fr\/wp-json\/wp\/v2\/product_cat?post=3553"},{"taxonomy":"product_tag","embeddable":true,"href":"https:\/\/bondagefurniture.eu\/fr\/wp-json\/wp\/v2\/product_tag?post=3553"}],"curies":[{"name":"wp","href":"https:\/\/api.w.org\/{rel}","templated":true}]}}