{"id":3481,"date":"2024-02-09T16:38:34","date_gmt":"2024-02-09T16:38:34","guid":{"rendered":"https:\/\/bondagefurniture.eu\/product\/bondage-bdsm-cadre-portemanteau-en-tube-dacier-bondage-furniture\/"},"modified":"2026-05-05T22:20:48","modified_gmt":"2026-05-05T22:20:48","slug":"bondage-bdsm-cadre-portemanteau-en-tube-dacier-bondage-furniture","status":"publish","type":"product","link":"https:\/\/bondagefurniture.eu\/fr\/produit\/bondage-bdsm-cadre-portemanteau-en-tube-dacier-bondage-furniture\/","title":{"rendered":"Bondage BDSM cadre &#8211; Portemanteau en tube d&rsquo;acier | Bondage Furniture"},"content":{"rendered":"<h2>Porte-manteau en tube d&rsquo;acier le jour &#8211; Cadre Bondage BDSM la nuit<\/h2>\n<p><strong>Porte-manteau <\/strong>polyvalent <strong>en tube d&rsquo;acier <\/strong>pour un usage quotidien. Il ne r\u00e9pond pas seulement \u00e0 un besoin pratique au quotidien, mais rec\u00e8le \u00e9galement un c\u00f4t\u00e9 s\u00e9duisant. Ce meuble exclusif n&rsquo;est pas seulement un accessoire \u00e9l\u00e9gant pour votre garde-robe, mais en m\u00eame temps un meuble BDSM excitant qui transforme votre chambre \u00e0 coucher en un lieu de d\u00e9couvertes sensuelles.<\/p>\n<h3>Offrez-vous cette exp\u00e9rience particuli\u00e8re lorsqu&rsquo;un portemanteau en tubes d&rsquo;acier se transforme en un instrument excitant pour des aventures \u00e9rotiques.<\/h3>\n<p>Sa construction robuste en tubes d&rsquo;acier lourds garantit sa stabilit\u00e9 et sa long\u00e9vit\u00e9, tandis que son design industriel discret l&rsquo;int\u00e8gre parfaitement dans diff\u00e9rents espaces de vie.<\/p>\n<p>D\u00e9j\u00e0 sans kit suppl\u00e9mentaire, ce <strong>portemanteau en tube d&rsquo;acier<\/strong> offre de nombreuses possibilit\u00e9s de bondage pour des fixations excitantes debout, \u00e0 genoux ou allong\u00e9 sur le lit. Laissez-vous inspirer par nos images de produits.<\/p>\n<p><img loading=\"lazy\" decoding=\"async\" class=\"aligncenter wp-image-3429 size-full\" src=\"https:\/\/bondagefurniture.eu\/wp-content\/uploads\/2024\/01\/Kleiderstaender-aus-Stahlrohr-BDSM-Moebel-von-Bondage-Furniture15-Gross-2.jpeg\" alt=\"Portemanteau en tube d'acier et en m\u00eame temps meuble BDSM - seulement chez Bondage Furniture\" width=\"1280\" height=\"360\" srcset=\"https:\/\/bondagefurniture.eu\/wp-content\/uploads\/2024\/01\/Kleiderstaender-aus-Stahlrohr-BDSM-Moebel-von-Bondage-Furniture15-Gross-2.jpeg 1280w, https:\/\/bondagefurniture.eu\/wp-content\/uploads\/2024\/01\/Kleiderstaender-aus-Stahlrohr-BDSM-Moebel-von-Bondage-Furniture15-Gross-2-800x225.jpeg 800w, https:\/\/bondagefurniture.eu\/wp-content\/uploads\/2024\/01\/Kleiderstaender-aus-Stahlrohr-BDSM-Moebel-von-Bondage-Furniture15-Gross-2-300x84.jpeg 300w, https:\/\/bondagefurniture.eu\/wp-content\/uploads\/2024\/01\/Kleiderstaender-aus-Stahlrohr-BDSM-Moebel-von-Bondage-Furniture15-Gross-2-1024x288.jpeg 1024w, https:\/\/bondagefurniture.eu\/wp-content\/uploads\/2024\/01\/Kleiderstaender-aus-Stahlrohr-BDSM-Moebel-von-Bondage-Furniture15-Gross-2-768x216.jpeg 768w, https:\/\/bondagefurniture.eu\/wp-content\/uploads\/2024\/01\/Kleiderstaender-aus-Stahlrohr-BDSM-Moebel-von-Bondage-Furniture15-Gross-2-600x169.jpeg 600w\" sizes=\"auto, (max-width: 1280px) 100vw, 1280px\" \/><\/p>\n<h3><\/h3>\n<h3>D\u00e9couvrez une nouvelle dimension de sensualit\u00e9 et de passion avec notre meuble BDSM innovant &#8211; nouveau et uniquement disponible dans notre boutique.<\/h3>\n<p>Mais le point fort de notre syst\u00e8me de bondage r\u00e9side dans le fait que les connecteurs rapides sont fix\u00e9s \u00e0 nos accessoires, ce qui permet de fixer rapidement partout des attaches, des barres de godes et des vibromasseurs. Ainsi, le portemanteau en tube d&rsquo;acier se transforme en un clin d&rsquo;\u0153il en un passionnant meuble SM qui enflamme l&rsquo;imagination pendant la nuit. La combinaison de la fonctionnalit\u00e9 et du design esth\u00e9tique rend ce produit unique et exclusif.<\/p>\n<h3><strong>Remarque sur le contenu de la livraison :<\/strong><\/h3>\n<p>Les images servent d&rsquo;exemples des possibilit\u00e9s que vous offre l&rsquo;article command\u00e9.  <a href=\"https:\/\/bondagefurniture.eu\/fr\/accessoires-pour-nos-meubles-de-bondage\/\">Les ensembles de liens, les barres de godes<\/a>, les <a href=\"https:\/\/bondagefurniture.eu\/fr\/product-category\/accessoires-pour-meubles-sm\/rembourrages-coussins\/\">coussins<\/a> et autres accessoires ne sont pas inclus. Selon la constitution physique, il se peut que tous les exemples pr\u00e9sent\u00e9s ne puissent pas \u00eatre mis en pratique. Vous trouverez le contenu exact de la livraison dans la description ci-dessous.<br \/>\n<strong>Veuillez commander les sets de menottes s\u00e9par\u00e9ment !  <\/strong><\/p>\n<h3><strong>Contenu de la livraison Portemanteau en tube d&rsquo;acier :<br \/>\n<\/strong><\/h3>\n<ul>\n<li>8x tubes en acier de diff\u00e9rentes longueurs (peints en noir ou galvanis\u00e9s en argent)<\/li>\n<li>12x connecteurs en fonte (noir ou argent)<\/li>\n<li>8x bouchons<\/li>\n<li>incl. Cl\u00e9 Allen.<\/li>\n<li>Instructions d\u00e9taill\u00e9es, y compris pour les variantes !<\/li>\n<\/ul>\n<p><strong>Les dimensions varient en fonction de l&rsquo;assemblage :<\/strong><\/p>\n<p>env. 146cm x 100cm x 60cm<\/p>\n<p>&nbsp;<\/p>\n<p><strong>Veuillez imp\u00e9rativement respecter nos consignes de s\u00e9curit\u00e9 pour l&rsquo;utilisation des meubles de bondage !<\/strong><\/p>\n<p>&nbsp;<\/p>\n<p><img loading=\"lazy\" decoding=\"async\" class=\"aligncenter wp-image-3432 size-full\" src=\"https:\/\/bondagefurniture.eu\/wp-content\/uploads\/2024\/01\/Kleiderstaender-aus-Stahlrohr-BDSM-Moebel-von-Bondage-Furniture30-Gross.jpeg\" alt=\"Portemanteau en tube d'acier et en m\u00eame temps meuble BDSM - seulement chez Bondage Furniture\" width=\"1280\" height=\"627\" srcset=\"https:\/\/bondagefurniture.eu\/wp-content\/uploads\/2024\/01\/Kleiderstaender-aus-Stahlrohr-BDSM-Moebel-von-Bondage-Furniture30-Gross.jpeg 1280w, https:\/\/bondagefurniture.eu\/wp-content\/uploads\/2024\/01\/Kleiderstaender-aus-Stahlrohr-BDSM-Moebel-von-Bondage-Furniture30-Gross-800x392.jpeg 800w, https:\/\/bondagefurniture.eu\/wp-content\/uploads\/2024\/01\/Kleiderstaender-aus-Stahlrohr-BDSM-Moebel-von-Bondage-Furniture30-Gross-300x147.jpeg 300w, https:\/\/bondagefurniture.eu\/wp-content\/uploads\/2024\/01\/Kleiderstaender-aus-Stahlrohr-BDSM-Moebel-von-Bondage-Furniture30-Gross-1024x502.jpeg 1024w, https:\/\/bondagefurniture.eu\/wp-content\/uploads\/2024\/01\/Kleiderstaender-aus-Stahlrohr-BDSM-Moebel-von-Bondage-Furniture30-Gross-768x376.jpeg 768w, https:\/\/bondagefurniture.eu\/wp-content\/uploads\/2024\/01\/Kleiderstaender-aus-Stahlrohr-BDSM-Moebel-von-Bondage-Furniture30-Gross-600x294.jpeg 600w\" sizes=\"auto, (max-width: 1280px) 100vw, 1280px\" \/><\/p>\n<h3><\/h3>\n<h3><strong>Type : Kit<\/strong><\/h3>\n<p>Nos produits sont des kits. Avec les \u00e9l\u00e9ments que nous fournissons, vous pouvez construire les variantes les plus diverses du meuble de bondage. Mais chaque meuble peut aussi \u00eatre assembl\u00e9 dans au moins une variante pour former un objet d&rsquo;usage quotidien.<\/p>\n<p>Les propositions que nous mettons \u00e0 votre disposition ne sont donn\u00e9es qu&rsquo;\u00e0 titre indicatif.<\/p>\n<p>Comme il s&rsquo;agit d&rsquo;un kit qui peut varier \u00e0 volont\u00e9, nous ne pouvons pas \u00eatre tenus responsables d&rsquo;une mauvaise utilisation des meubles.<\/p>\n","protected":false},"excerpt":{"rendered":"<p><strong>Porte-manteau <\/strong>polyvalent <strong>en tube d&rsquo;acier <\/strong>pour un usage quotidien. Il ne r\u00e9pond pas seulement \u00e0 un besoin pratique au quotidien, mais rec\u00e8le \u00e9galement un c\u00f4t\u00e9 s\u00e9duisant. Ce meuble exclusif n&rsquo;est pas seulement un accessoire \u00e9l\u00e9gant pour votre garde-robe, mais en m\u00eame temps un meuble BDSM excitant qui transforme votre chambre \u00e0 coucher en un lieu de d\u00e9couvertes sensuelles.<\/p>\n<p><strong>Les dimensions varient en fonction de l&rsquo;assemblage :<br \/>\n<\/strong>env. 146cm x 100cm x 60cm<\/p>\n","protected":false},"featured_media":3464,"template":"","meta":{"om_disable_all_campaigns":false,"_monsterinsights_skip_tracking":false,"_monsterinsights_sitenote_active":false,"_monsterinsights_sitenote_note":"","_monsterinsights_sitenote_category":0,"site-sidebar-layout":"default","site-content-layout":"","ast-site-content-layout":"default","site-content-style":"default","site-sidebar-style":"default","ast-global-header-display":"","ast-banner-title-visibility":"","ast-main-header-display":"","ast-hfb-above-header-display":"","ast-hfb-below-header-display":"","ast-hfb-mobile-header-display":"","site-post-title":"","ast-breadcrumbs-content":"","ast-featured-img":"","footer-sml-layout":"","ast-disable-related-posts":"","theme-transparent-header-meta":"default","adv-header-id-meta":"","stick-header-meta":"","header-above-stick-meta":"","header-main-stick-meta":"","header-below-stick-meta":"","astra-migrate-meta-layouts":"default","ast-page-background-enabled":"default","ast-page-background-meta":{"desktop":{"background-color":"var(--ast-global-color-4)","background-image":"","background-repeat":"repeat","background-position":"center center","background-size":"auto","background-attachment":"scroll","background-type":"","background-media":"","overlay-type":"","overlay-color":"","overlay-opacity":"","overlay-gradient":""},"tablet":{"background-color":"","background-image":"","background-repeat":"repeat","background-position":"center center","background-size":"auto","background-attachment":"scroll","background-type":"","background-media":"","overlay-type":"","overlay-color":"","overlay-opacity":"","overlay-gradient":""},"mobile":{"background-color":"","background-image":"","background-repeat":"repeat","background-position":"center center","background-size":"auto","background-attachment":"scroll","background-type":"","background-media":"","overlay-type":"","overlay-color":"","overlay-opacity":"","overlay-gradient":""}},"ast-content-background-meta":{"desktop":{"background-color":"var(--ast-global-color-5)","background-image":"","background-repeat":"repeat","background-position":"center center","background-size":"auto","background-attachment":"scroll","background-type":"","background-media":"","overlay-type":"","overlay-color":"","overlay-opacity":"","overlay-gradient":""},"tablet":{"background-color":"var(--ast-global-color-5)","background-image":"","background-repeat":"repeat","background-position":"center center","background-size":"auto","background-attachment":"scroll","background-type":"","background-media":"","overlay-type":"","overlay-color":"","overlay-opacity":"","overlay-gradient":""},"mobile":{"background-color":"var(--ast-global-color-5)","background-image":"","background-repeat":"repeat","background-position":"center center","background-size":"auto","background-attachment":"scroll","background-type":"","background-media":"","overlay-type":"","overlay-color":"","overlay-opacity":"","overlay-gradient":""}}},"product_brand":[],"product_cat":[160,172,57,60,58,157],"product_tag":[87,129,91,88,92,89,85,140,158],"class_list":{"0":"post-3481","1":"product","2":"type-product","3":"status-publish","4":"has-post-thumbnail","6":"product_cat-meubles-bdsm","7":"product_cat-meubles-sm","8":"product_cat-nouveautes","9":"product_cat-pilori","10":"product_cat-pilori-au-sol","11":"product_cat-poteau-de-stand","12":"product_tag-bondage-fr","13":"product_tag-ligotage-extreme","14":"product_tag-meubles-bdsm","15":"product_tag-meubles-damour","16":"product_tag-meubles-de-bondage","17":"product_tag-meubles-erotiques","18":"product_tag-meubles-sm","19":"product_tag-pilier-au-sol","20":"product_tag-pilori","21":"desktop-align-left","22":"tablet-align-left","23":"mobile-align-left","25":"first","26":"instock","27":"taxable","28":"shipping-taxable","29":"purchasable","30":"product-type-variable"},"aioseo_notices":[],"jetpack_sharing_enabled":true,"_links":{"self":[{"href":"https:\/\/bondagefurniture.eu\/fr\/wp-json\/wp\/v2\/product\/3481","targetHints":{"allow":["GET"]}}],"collection":[{"href":"https:\/\/bondagefurniture.eu\/fr\/wp-json\/wp\/v2\/product"}],"about":[{"href":"https:\/\/bondagefurniture.eu\/fr\/wp-json\/wp\/v2\/types\/product"}],"wp:featuredmedia":[{"embeddable":true,"href":"https:\/\/bondagefurniture.eu\/fr\/wp-json\/wp\/v2\/media\/3464"}],"wp:attachment":[{"href":"https:\/\/bondagefurniture.eu\/fr\/wp-json\/wp\/v2\/media?parent=3481"}],"wp:term":[{"taxonomy":"product_brand","embeddable":true,"href":"https:\/\/bondagefurniture.eu\/fr\/wp-json\/wp\/v2\/product_brand?post=3481"},{"taxonomy":"product_cat","embeddable":true,"href":"https:\/\/bondagefurniture.eu\/fr\/wp-json\/wp\/v2\/product_cat?post=3481"},{"taxonomy":"product_tag","embeddable":true,"href":"https:\/\/bondagefurniture.eu\/fr\/wp-json\/wp\/v2\/product_tag?post=3481"}],"curies":[{"name":"wp","href":"https:\/\/api.w.org\/{rel}","templated":true}]}}