{"id":3396,"date":"2024-01-24T19:54:21","date_gmt":"2024-01-24T19:54:21","guid":{"rendered":"https:\/\/bondagefurniture.eu\/product\/bondage-table-et-bureau-meubles-sm-pour-la-maison\/"},"modified":"2025-07-30T08:49:45","modified_gmt":"2025-07-30T08:49:45","slug":"bondage-table-et-bureau-meubles-sm-pour-la-maison","status":"publish","type":"product","link":"https:\/\/bondagefurniture.eu\/fr\/produit\/bondage-table-et-bureau-meubles-sm-pour-la-maison\/","title":{"rendered":"Bondage Table et Bureau &#8211; Meubles SM pour la maison"},"content":{"rendered":"<h2>D\u00e9couvrez notre table Bondage polyvalente qui s&rsquo;int\u00e8gre parfaitement dans votre vie quotidienne tout en pouvant \u00eatre utilis\u00e9e comme bureau fonctionnel.<\/h2>\n<p><strong>Avec sa double utilit\u00e9, la table de bondage vous permet non seulement de gagner de la place, mais aussi d&rsquo;\u00e9largir vos possibilit\u00e9s d&rsquo;activit\u00e9s excitantes.<\/strong><\/p>\n<p>La table de bondage, en tant que grand fr\u00e8re de notre populaire <a href=\"https:\/\/bondagefurniture.eu\/fr\/bondage-bank-de-bondage-furniture\/\">banc de bondage<\/a>, offre une surface de couchage plus haute, ce qui est un grand avantage dans diff\u00e9rentes situations. De plus, la hauteur est r\u00e9glable afin de s&rsquo;adapter au mieux \u00e0 vos besoins. Il suffit de la retourner pour qu&rsquo;elle se transforme en genouill\u00e8re en un tour de main &#8211; pour encore plus de vari\u00e9t\u00e9 dans vos variantes de ligotage.<\/p>\n<p>Pour une palette plus large de techniques de ligotage, notre kit compl\u00e9mentaire optionnel \u00ab\u00a0chaise\u00a0\u00bb est \u00e0 votre disposition. Cela vous permet d&rsquo;essayer diff\u00e9rentes positions et variantes passionnantes pour r\u00e9aliser vos fantasmes.<\/p>\n<h3>Vous cherchez un petit bureau pour votre chambre ? Notre table de bondage offre une mani\u00e8re excitante et polyvalente d&rsquo;utiliser votre espace. La valeur ajout\u00e9e est \u00e9norme, tant en termes de fonctionnalit\u00e9 que d&rsquo;esth\u00e9tique.<\/h3>\n<p>La stabilit\u00e9 de la table est convaincante \u00e0 tous points de vue. Avec un design sobre de style industriel, cette table de bondage s&rsquo;int\u00e8gre harmonieusement dans diff\u00e9rents styles d&rsquo;am\u00e9nagement. D\u00e9couvrez la combinaison parfaite entre style et fonctionnalit\u00e9 avec notre table de bondage &#8211; pour des moments excitants et un quotidien styl\u00e9.<\/p>\n<p>Pour une exp\u00e9rience encore plus intense et pour enflammer davantage vos fantasmes, notre vaste gamme d&rsquo;accessoires est \u00e0 votre disposition. Encore plus de possibilit\u00e9s de se livrer et de se sentir attendent d&rsquo;\u00eatre d\u00e9couvertes.<\/p>\n<h3>Et voil\u00e0 comment fonctionne la table BDSM :<\/h3>\n<p>La plaque est simplement pos\u00e9e, mais ne peut pas glisser. Si l&rsquo;on enl\u00e8ve maintenant la plaque <strong>(non fournie)<\/strong> et que l&rsquo;on place les deux coussins fournis, le plaisir du bondage peut d\u00e9j\u00e0 commencer. Comme pour nos autres meubles, le bureau est pr\u00eat \u00e0 l&#8217;emploi. Les barres suppl\u00e9mentaires du <a href=\"https:\/\/bondagefurniture.eu\/fr\/produkt\/chaise-bdsm-et-set-complementaire-pour-tous-les-meubles-bdsm-de-bondage-furniture\/\">set compl\u00e9mentaire \u00ab\u00a0chaise\u00a0\u00bb <\/a>permettent de cr\u00e9er \u00e0 nouveau de nombreuses variantes passionnantes.<\/p>\n<div style=\"width: 1920px;\" class=\"wp-video\"><video class=\"wp-video-shortcode\" id=\"video-3396-1\" width=\"1920\" height=\"1080\" poster=\"https:\/\/bondagefurniture.eu\/wp-content\/uploads\/2024\/01\/Bondage-Tisch-und-Schreibtisch-SM-Moebel-fuer-Zuhause-Bondage-Furniture-11.jpg\" preload=\"metadata\" controls=\"controls\"><source type=\"video\/mp4\" src=\"https:\/\/bondagefurniture.eu\/wp-content\/uploads\/2024\/01\/Bondage-Tisch-Schreibtisch-Produktvideo-Bondage-Furniture-SM-Moebel-komp.mp4?_=1\" \/><a href=\"https:\/\/bondagefurniture.eu\/wp-content\/uploads\/2024\/01\/Bondage-Tisch-Schreibtisch-Produktvideo-Bondage-Furniture-SM-Moebel-komp.mp4\">https:\/\/bondagefurniture.eu\/wp-content\/uploads\/2024\/01\/Bondage-Tisch-Schreibtisch-Produktvideo-Bondage-Furniture-SM-Moebel-komp.mp4<\/a><\/video><\/div>\n<p>&nbsp;<\/p>\n<p>Pour utiliser la table de bondage comme bureau, vous avez besoin d&rsquo;un plateau de 120 cm x 60 cm disponible dans le commerce. Vous les trouverez en diff\u00e9rentes couleurs et mat\u00e9riaux dans tous les magasins de bricolage.<\/p>\n<p><strong>Remarque sur le contenu de la livraison :<\/strong><br \/>\nLes photos sont des exemples des possibilit\u00e9s que vous offre l&rsquo;article command\u00e9. Les ensembles de liens, les barres de godes et autres accessoires ne sont pas inclus. Selon la constitution physique, il se peut que tous les exemples pr\u00e9sent\u00e9s ne puissent pas \u00eatre mis en pratique. Vous trouverez le contenu exact de la livraison dans la description ci-dessous.<br \/>\n<strong>Veuillez commander les sets de menottes et les \u0153illets s\u00e9par\u00e9ment ! Le plateau de table 120&#215;60 cm n&rsquo;est pas compris dans la livraison.<br \/>\n<\/strong><\/p>\n<p><strong>Contenu de la livraison :<\/strong><\/p>\n<ul>\n<li>Bureau en tube d&rsquo;acier avec connecteurs \u00e0 visser.<\/li>\n<li>2 coussins de couchage en similicuir<\/li>\n<li>incl. Cl\u00e9 Allen.<\/li>\n<li>1 connecteur suppl\u00e9mentaire \u00ab\u00a0angle-continu\u00a0\u00bb pour les variantes avec le kit chaise.<\/li>\n<li>Bouchons pour fermer en toute s\u00e9curit\u00e9 les tuyaux ouverts<\/li>\n<li>longueur 115 cm \/ hauteur 75 cm \/ largeur 69 cm<\/li>\n<\/ul>\n<p><strong>Veuillez imp\u00e9rativement respecter nos consignes de s\u00e9curit\u00e9 pour l&rsquo;utilisation des meubles de bondage !<\/strong><\/p>\n<p><strong>Type : Kit<\/strong><strong><br \/>\n<\/strong>Nos produits sont des kits. Avec les \u00e9l\u00e9ments que nous fournissons, vous pouvez construire les variantes les plus diverses du meuble de bondage. Mais chaque meuble peut aussi \u00eatre assembl\u00e9 dans au moins une variante pour former un objet d&rsquo;usage quotidien.<\/p>\n<p>Les propositions que nous mettons \u00e0 votre disposition ne sont donn\u00e9es qu&rsquo;\u00e0 titre indicatif.<\/p>\n<p>La cr\u00e9ation de variantes entra\u00eene des rayures sur la peinture des tubes. Mais \u00e0 notre avis, cela correspond au style industriel des meubles.<\/p>\n<p>Comme il s&rsquo;agit d&rsquo;un kit qui peut varier \u00e0 volont\u00e9, nous ne pouvons pas \u00eatre tenus responsables d&rsquo;une mauvaise utilisation des meubles.<\/p>\n","protected":false},"excerpt":{"rendered":"<p>incl. TVA sauf pour le Royaume-Uni, la Norv\u00e8ge et la Suisse<\/p>\n<p><strong>D\u00e9couvrez notre table Bondage polyvalente qui s&rsquo;int\u00e8gre parfaitement dans votre vie quotidienne tout en pouvant \u00eatre utilis\u00e9e comme bureau fonctionnel.<\/strong><\/p>\n<p>Avec sa double utilit\u00e9, la table de bondage vous permet non seulement de gagner de la place, mais aussi d&rsquo;\u00e9largir vos possibilit\u00e9s d&rsquo;activit\u00e9s excitantes. La table de bondage, en tant que grand fr\u00e8re de notre populaire <a href=\"https:\/\/bondagefurniture.eu\/fr\/bondage-bank-de-bondage-furniture\/\">banc de bondage<\/a>, offre une surface de couchage plus haute, ce qui est un grand avantage dans diff\u00e9rentes situations. De plus, la hauteur est r\u00e9glable afin de s&rsquo;adapter au mieux \u00e0 vos besoins. Il suffit de la retourner pour qu&rsquo;elle se transforme en genouill\u00e8re en un tour de main &#8211; pour encore plus de vari\u00e9t\u00e9 dans vos variantes de ligotage.  <strong>Vous trouverez une vid\u00e9o sur le produit dans la description.<\/strong><\/p>\n<ul>\n<li>longueur 115 cm \/ hauteur 75 cm \/ largeur 69 cm<\/li>\n<\/ul>\n<p><strong>Attention ! Veuillez commander les \u0153illets ou les attaches s\u00e9par\u00e9ment ! Le plateau de table 120&#215;60 cm n&rsquo;est pas compris dans la livraison.<br \/>\n<\/strong><\/p>\n<p><span style=\"color: #025877;\">D\u00e9lai de livraison : 14 jours<\/span><\/p>\n","protected":false},"featured_media":3387,"template":"","meta":{"om_disable_all_campaigns":false,"_monsterinsights_skip_tracking":false,"_monsterinsights_sitenote_active":false,"_monsterinsights_sitenote_note":"","_monsterinsights_sitenote_category":0,"site-sidebar-layout":"default","site-content-layout":"","ast-site-content-layout":"default","site-content-style":"default","site-sidebar-style":"default","ast-global-header-display":"","ast-banner-title-visibility":"","ast-main-header-display":"","ast-hfb-above-header-display":"","ast-hfb-below-header-display":"","ast-hfb-mobile-header-display":"","site-post-title":"","ast-breadcrumbs-content":"","ast-featured-img":"","footer-sml-layout":"","ast-disable-related-posts":"","theme-transparent-header-meta":"default","adv-header-id-meta":"","stick-header-meta":"","header-above-stick-meta":"","header-main-stick-meta":"","header-below-stick-meta":"","astra-migrate-meta-layouts":"default","ast-page-background-enabled":"default","ast-page-background-meta":{"desktop":{"background-color":"var(--ast-global-color-4)","background-image":"","background-repeat":"repeat","background-position":"center center","background-size":"auto","background-attachment":"scroll","background-type":"","background-media":"","overlay-type":"","overlay-color":"","overlay-opacity":"","overlay-gradient":""},"tablet":{"background-color":"","background-image":"","background-repeat":"repeat","background-position":"center center","background-size":"auto","background-attachment":"scroll","background-type":"","background-media":"","overlay-type":"","overlay-color":"","overlay-opacity":"","overlay-gradient":""},"mobile":{"background-color":"","background-image":"","background-repeat":"repeat","background-position":"center center","background-size":"auto","background-attachment":"scroll","background-type":"","background-media":"","overlay-type":"","overlay-color":"","overlay-opacity":"","overlay-gradient":""}},"ast-content-background-meta":{"desktop":{"background-color":"var(--ast-global-color-5)","background-image":"","background-repeat":"repeat","background-position":"center center","background-size":"auto","background-attachment":"scroll","background-type":"","background-media":"","overlay-type":"","overlay-color":"","overlay-opacity":"","overlay-gradient":""},"tablet":{"background-color":"var(--ast-global-color-5)","background-image":"","background-repeat":"repeat","background-position":"center center","background-size":"auto","background-attachment":"scroll","background-type":"","background-media":"","overlay-type":"","overlay-color":"","overlay-opacity":"","overlay-gradient":""},"mobile":{"background-color":"var(--ast-global-color-5)","background-image":"","background-repeat":"repeat","background-position":"center center","background-size":"auto","background-attachment":"scroll","background-type":"","background-media":"","overlay-type":"","overlay-color":"","overlay-opacity":"","overlay-gradient":""}}},"product_brand":[],"product_cat":[160,172,173],"product_tag":[87,129,91,88,92,89,85,174],"class_list":{"0":"post-3396","1":"product","2":"type-product","3":"status-publish","4":"has-post-thumbnail","6":"product_cat-meubles-bdsm","7":"product_cat-meubles-sm","8":"product_cat-table-bdsm","9":"product_tag-bondage-fr","10":"product_tag-ligotage-extreme","11":"product_tag-meubles-bdsm","12":"product_tag-meubles-damour","13":"product_tag-meubles-de-bondage","14":"product_tag-meubles-erotiques","15":"product_tag-meubles-sm","16":"product_tag-table-de-bondage","17":"desktop-align-left","18":"tablet-align-left","19":"mobile-align-left","21":"first","22":"instock","23":"taxable","24":"shipping-taxable","25":"purchasable","26":"product-type-variable"},"aioseo_notices":[],"jetpack_sharing_enabled":true,"_links":{"self":[{"href":"https:\/\/bondagefurniture.eu\/fr\/wp-json\/wp\/v2\/product\/3396","targetHints":{"allow":["GET"]}}],"collection":[{"href":"https:\/\/bondagefurniture.eu\/fr\/wp-json\/wp\/v2\/product"}],"about":[{"href":"https:\/\/bondagefurniture.eu\/fr\/wp-json\/wp\/v2\/types\/product"}],"wp:featuredmedia":[{"embeddable":true,"href":"https:\/\/bondagefurniture.eu\/fr\/wp-json\/wp\/v2\/media\/3387"}],"wp:attachment":[{"href":"https:\/\/bondagefurniture.eu\/fr\/wp-json\/wp\/v2\/media?parent=3396"}],"wp:term":[{"taxonomy":"product_brand","embeddable":true,"href":"https:\/\/bondagefurniture.eu\/fr\/wp-json\/wp\/v2\/product_brand?post=3396"},{"taxonomy":"product_cat","embeddable":true,"href":"https:\/\/bondagefurniture.eu\/fr\/wp-json\/wp\/v2\/product_cat?post=3396"},{"taxonomy":"product_tag","embeddable":true,"href":"https:\/\/bondagefurniture.eu\/fr\/wp-json\/wp\/v2\/product_tag?post=3396"}],"curies":[{"name":"wp","href":"https:\/\/api.w.org\/{rel}","templated":true}]}}