{"id":3031,"date":"2024-01-14T10:55:32","date_gmt":"2024-01-14T10:55:32","guid":{"rendered":"https:\/\/bondagefurniture.eu\/product\/tabouret-de-bondage-pour-creer-un-banc-de-punition-chaise-bdsm-tabouret-de-punition\/"},"modified":"2026-02-04T15:54:46","modified_gmt":"2026-02-04T15:54:46","slug":"tabouret-de-bondage-pour-creer-un-banc-de-punition-chaise-bdsm-tabouret-de-punition","status":"publish","type":"product","link":"https:\/\/bondagefurniture.eu\/fr\/produit\/tabouret-de-bondage-pour-creer-un-banc-de-punition-chaise-bdsm-tabouret-de-punition\/","title":{"rendered":"Tabouret de bondage pour cr\u00e9er un banc de punition &#8211; Chaise BDSM &#8211; Tabouret de punition"},"content":{"rendered":"<div class=\"product-addition\">\n<div class=\"product-addition-content\">\n<h2>Ce <strong>tabouret de bondage<\/strong> est l&rsquo;accessoire parfait pour tous ceux qui souhaitent faire passer leurs jeux amoureux au niveau sup\u00e9rieur.<\/h2>\n<p>Fabriqu\u00e9 en cuir v\u00e9ritable et synth\u00e9tique de haute qualit\u00e9, ce <strong>tabouret de bondage<\/strong> est extr\u00eamement robuste et durable.<\/p>\n<p>Gr\u00e2ce aux raccords de tubes fix\u00e9s au sol, ce <strong>tabouret de bondage<\/strong> peut \u00eatre reli\u00e9 de mani\u00e8re transparente \u00e0 d&rsquo;autres meubles de Bondage Furniture.<br \/>\nUtilisez les tubes du \u00ab\u00a0<a href=\"https:\/\/bondagefurniture.eu\/fr\/produkt\/chaise-bdsm-et-set-complementaire-pour-tous-les-meubles-bdsm-de-bondage-furniture\/\">kit compl\u00e9mentaire chaise<\/a>\u00a0\u00bb pour cr\u00e9er un chevalet de punition ou une chaise de bondage et vivre des s\u00e9ances de bondage inoubliables.<br \/>\nM\u00eame ceux qui poss\u00e8dent d\u00e9j\u00e0 notre <a href=\"https:\/\/bondagefurniture.eu\/fr\/produkt\/set-bdsm-banc-avec-chaise-bondage-et-barre-decartement-bondage-furniture\/\">banc BDSM avec le kit compl\u00e9mentaire chaise<\/a> peuvent cr\u00e9er d&rsquo;autres meubles de bondage passionnants avec ce tabouret.<\/p>\n<p>Ce tabouret de bondage n&rsquo;est pas seulement fonctionnel, il est aussi extr\u00eamement \u00e9l\u00e9gant. Ajoutez-le \u00e0 votre collection de meubles de bondage et profitez des nombreuses possibilit\u00e9s qu&rsquo;il offre.<\/p>\n<p>Pour nos exigences en mati\u00e8re de bondage, le tabouret a \u00e9t\u00e9 renforc\u00e9 \u00e0 l&rsquo;int\u00e9rieur !<\/p>\n<p><strong>Attention :<\/strong> <strong>Sans autres tubes, le tabouret ne peut pas \u00eatre utilis\u00e9 comme meuble de bondage.<\/strong><br \/>\n<strong>Pour commencer, nous recommandons \u00e9galement le \u00ab\u00a0kit compl\u00e9mentaire chaise\u00a0\u00bb.<\/strong><\/p>\n<h3>Donn\u00e9es pour le tabouret de bondage<\/h3>\n<p><strong>Taille :<\/strong><br \/>\nhauteur : 37 cm, largeur : 45 cm, profondeur : 47 cm<br \/>\n<strong>Couleur :<\/strong> Rouge<br \/>\n<strong>Mat\u00e9riaux :<\/strong><br \/>\n&#8211; Assise en cro\u00fbte de cuir enduite (Contient des parties non textiles d&rsquo;origine animale),<br \/>\n&#8211; Panneaux lat\u00e9raux en similicuir (100% polyur\u00e9thane)<strong><br \/>\n&#8211; Pieds en bois<\/strong><br \/>\n&#8211; Connecteurs en m\u00e9tal<br \/>\n<strong>Support :<\/strong><br \/>\n4x raccords de tube en fonte &#8211; noir<\/p>\n<p><strong>Variantes :<\/strong> noir et rouge bordeaux<\/p>\n<p><strong>Veuillez imp\u00e9rativement respecter nos consignes de s\u00e9curit\u00e9 concernant l&rsquo;utilisation des meubles de bondage !<\/strong><\/p>\n<\/div>\n<div class=\"product-addition-expander\"><\/div>\n<\/div>\n<div class=\"product-addition\">\n<h2 class=\"product-addition-headline\"><\/h2>\n<\/div>\n","protected":false},"excerpt":{"rendered":"<p>incl. TVA sauf pour le Royaume-Uni, la Norv\u00e8ge et la Suisse<\/p>\n<p><strong>Ce tabouret de bondage est l&rsquo;accessoire parfait pour tous ceux qui souhaitent faire passer leurs jeux amoureux au niveau sup\u00e9rieur.<\/strong><\/p>\n<p>Fabriqu\u00e9 en cuir v\u00e9ritable et synth\u00e9tique de haute qualit\u00e9, ce <strong>tabouret de bondage<\/strong> est extr\u00eamement robuste et durable.<\/p>\n<p>Gr\u00e2ce aux connecteurs tubulaires fix\u00e9s au sol, ce <strong>tabouret Bondage<\/strong> peut \u00eatre reli\u00e9 de mani\u00e8re transparente \u00e0 d&rsquo;autres meubles de Bondage Furniture. Utilisez les tubes du \u00ab\u00a0kit compl\u00e9mentaire chaise\u00a0\u00bb pour cr\u00e9er un chevalet de punition ou une chaise de bondage et vivez des sessions de bondage inoubliables.<\/p>\n<p><span style=\"color: #800000;\"><strong>Les derni\u00e8res images du produit montrent le tabouret avec des achats suppl\u00e9mentaires !<br \/>\n<\/strong><\/span><strong>Attention :<\/strong> Sans tubes suppl\u00e9mentaires, le tabouret ne peut pas \u00eatre utilis\u00e9 comme meuble de bondage.<br \/>\nPour commencer, nous recommandons \u00e9galement le \u00ab\u00a0Set compl\u00e9mentaire chaise\u00a0\u00bb.<\/p>\n<p>Hauteur : 37 cm, Largeur : 45 cm, Profondeur : 47 cm<\/p>\n<p><span style=\"color: #025877;\">D\u00e9lai de livraison : 14 jours<\/span><\/p>\n","protected":false},"featured_media":3026,"template":"","meta":{"om_disable_all_campaigns":false,"_monsterinsights_skip_tracking":false,"_monsterinsights_sitenote_active":false,"_monsterinsights_sitenote_note":"","_monsterinsights_sitenote_category":0,"site-sidebar-layout":"default","site-content-layout":"","ast-site-content-layout":"default","site-content-style":"default","site-sidebar-style":"default","ast-global-header-display":"","ast-banner-title-visibility":"","ast-main-header-display":"","ast-hfb-above-header-display":"","ast-hfb-below-header-display":"","ast-hfb-mobile-header-display":"","site-post-title":"","ast-breadcrumbs-content":"","ast-featured-img":"","footer-sml-layout":"","ast-disable-related-posts":"","theme-transparent-header-meta":"default","adv-header-id-meta":"","stick-header-meta":"","header-above-stick-meta":"","header-main-stick-meta":"","header-below-stick-meta":"","astra-migrate-meta-layouts":"default","ast-page-background-enabled":"default","ast-page-background-meta":{"desktop":{"background-color":"var(--ast-global-color-4)","background-image":"","background-repeat":"repeat","background-position":"center center","background-size":"auto","background-attachment":"scroll","background-type":"","background-media":"","overlay-type":"","overlay-color":"","overlay-opacity":"","overlay-gradient":""},"tablet":{"background-color":"","background-image":"","background-repeat":"repeat","background-position":"center center","background-size":"auto","background-attachment":"scroll","background-type":"","background-media":"","overlay-type":"","overlay-color":"","overlay-opacity":"","overlay-gradient":""},"mobile":{"background-color":"","background-image":"","background-repeat":"repeat","background-position":"center center","background-size":"auto","background-attachment":"scroll","background-type":"","background-media":"","overlay-type":"","overlay-color":"","overlay-opacity":"","overlay-gradient":""}},"ast-content-background-meta":{"desktop":{"background-color":"var(--ast-global-color-5)","background-image":"","background-repeat":"repeat","background-position":"center center","background-size":"auto","background-attachment":"scroll","background-type":"","background-media":"","overlay-type":"","overlay-color":"","overlay-opacity":"","overlay-gradient":""},"tablet":{"background-color":"var(--ast-global-color-5)","background-image":"","background-repeat":"repeat","background-position":"center center","background-size":"auto","background-attachment":"scroll","background-type":"","background-media":"","overlay-type":"","overlay-color":"","overlay-opacity":"","overlay-gradient":""},"mobile":{"background-color":"var(--ast-global-color-5)","background-image":"","background-repeat":"repeat","background-position":"center center","background-size":"auto","background-attachment":"scroll","background-type":"","background-media":"","overlay-type":"","overlay-color":"","overlay-opacity":"","overlay-gradient":""}}},"product_brand":[],"product_cat":[94,202],"product_tag":[],"class_list":{"0":"post-3031","1":"product","2":"type-product","3":"status-publish","4":"has-post-thumbnail","6":"product_cat-accessoires-pour-meubles-sm","7":"product_cat-rembourrages-coussins","8":"desktop-align-left","9":"tablet-align-left","10":"mobile-align-left","12":"first","13":"instock","14":"taxable","15":"shipping-taxable","16":"purchasable","17":"product-type-variable"},"aioseo_notices":[],"jetpack_sharing_enabled":true,"_links":{"self":[{"href":"https:\/\/bondagefurniture.eu\/fr\/wp-json\/wp\/v2\/product\/3031","targetHints":{"allow":["GET"]}}],"collection":[{"href":"https:\/\/bondagefurniture.eu\/fr\/wp-json\/wp\/v2\/product"}],"about":[{"href":"https:\/\/bondagefurniture.eu\/fr\/wp-json\/wp\/v2\/types\/product"}],"wp:featuredmedia":[{"embeddable":true,"href":"https:\/\/bondagefurniture.eu\/fr\/wp-json\/wp\/v2\/media\/3026"}],"wp:attachment":[{"href":"https:\/\/bondagefurniture.eu\/fr\/wp-json\/wp\/v2\/media?parent=3031"}],"wp:term":[{"taxonomy":"product_brand","embeddable":true,"href":"https:\/\/bondagefurniture.eu\/fr\/wp-json\/wp\/v2\/product_brand?post=3031"},{"taxonomy":"product_cat","embeddable":true,"href":"https:\/\/bondagefurniture.eu\/fr\/wp-json\/wp\/v2\/product_cat?post=3031"},{"taxonomy":"product_tag","embeddable":true,"href":"https:\/\/bondagefurniture.eu\/fr\/wp-json\/wp\/v2\/product_tag?post=3031"}],"curies":[{"name":"wp","href":"https:\/\/api.w.org\/{rel}","templated":true}]}}