{"id":2960,"date":"2024-01-13T21:33:53","date_gmt":"2024-01-13T21:33:53","guid":{"rendered":"https:\/\/bondagefurniture.eu\/product\/coussin-en-similicuir-40x60-cm-coussin-pour-les-genoux-ou-pour-sallonger\/"},"modified":"2025-04-18T11:34:27","modified_gmt":"2025-04-18T11:34:27","slug":"coussin-en-similicuir-40x60-cm-coussin-pour-les-genoux-ou-pour-sallonger","status":"publish","type":"product","link":"https:\/\/bondagefurniture.eu\/fr\/produit\/coussin-en-similicuir-40x60-cm-coussin-pour-les-genoux-ou-pour-sallonger\/","title":{"rendered":"Coussin en similicuir 40&#215;60 cm Coussin pour les genoux ou pour s&rsquo;allonger"},"content":{"rendered":"<p>Ce <strong>coussin en similicuir<\/strong> est le compl\u00e9ment parfait pour nos <a href=\"https:\/\/bondagefurniture.eu\/fr\/meubles-sm-pour-la-maison\/\">meubles de bondage<\/a>. Fabriqu\u00e9 en similicuir noir r\u00e9sistant et rempli d&rsquo;une mousse ferme de haute qualit\u00e9, ce coussin offre beaucoup de confort et de soutien pendant votre s\u00e9ance de bondage.<\/p>\n<p>La taille a \u00e9t\u00e9 adapt\u00e9e \u00e0 nos meubles, ce qui permet de l&rsquo;utiliser de diverses mani\u00e8res. Le coussin en similicuir est particuli\u00e8rement adapt\u00e9 \u00e0 l&rsquo;utilisation avec notre <a href=\"https:\/\/bondagefurniture.eu\/fr\/produkt\/bondage-pranger-meubles-bdsm-pour-la-chambre-bondage-furniture\/\">pilon sur pied ou \u00e0 genoux<\/a> ou avec la <a href=\"https:\/\/bondagefurniture.eu\/fr\/produkt\/table-bdsm-plateau-de-bondage-meubles-bdsm-pour-la-maison-bondage-furniture\/\">table de bondage<\/a>.<\/p>\n<p>Comme vous pouvez le voir sur les photos, le coussin est cousu proprement sur les bords.<\/p>\n<p>Nous recommandons ce <strong>coussin en similicuir<\/strong> surtout aux d\u00e9butants, car ils le trouvent souvent g\u00eanant lorsqu&rsquo;il devient trop inconfortable.<\/p>\n<p><strong>Taille :<\/strong> 60&#215;40 cm<br \/>\n<strong>Mat\u00e9riau : <\/strong>cuir synth\u00e9tique<br \/>\n<strong>Couleur : <\/strong>Noir<\/p>\n","protected":false},"excerpt":{"rendered":"<p>incl. TVA sauf pour le Royaume-Uni, la Norv\u00e8ge et la Suisse<\/p>\n<p>Ce <strong>coussin en similicuir<\/strong> est le compl\u00e9ment parfait pour nos <a href=\"https:\/\/bondagefurniture.eu\/fr\/meubles-sm-pour-la-maison\/\">meubles de bondage<\/a>. Fabriqu\u00e9 en similicuir noir r\u00e9sistant et rempli d&rsquo;une mousse ferme de haute qualit\u00e9, ce coussin offre beaucoup de confort et de soutien pendant votre s\u00e9ance de bondage.<\/p>\n<p>La taille a \u00e9t\u00e9 adapt\u00e9e \u00e0 nos meubles, ce qui permet de l&rsquo;utiliser de diverses mani\u00e8res. Le coussin en similicuir est particuli\u00e8rement adapt\u00e9 \u00e0 l&rsquo;utilisation avec notre <a href=\"https:\/\/bondagefurniture.eu\/fr\/produkt\/bondage-pranger-meubles-bdsm-pour-la-chambre-bondage-furniture\/\">pilon sur pied ou \u00e0 genoux<\/a> ou avec la <a href=\"https:\/\/bondagefurniture.eu\/fr\/produkt\/table-bdsm-plateau-de-bondage-meubles-bdsm-pour-la-maison-bondage-furniture\/\">table de bondage<\/a>.<\/p>\n<p><strong>Taille :<\/strong> 60&#215;40 cm<br \/>\n<strong>Mat\u00e9riau : <\/strong>cuir synth\u00e9tique<br \/>\n<strong>Couleur : <\/strong>Noir<\/p>\n<p><span style=\"color: #025877;\">D\u00e9lai de livraison : max. 14 jours<\/span><\/p>\n","protected":false},"featured_media":2955,"template":"","meta":{"om_disable_all_campaigns":false,"_monsterinsights_skip_tracking":false,"_monsterinsights_sitenote_active":false,"_monsterinsights_sitenote_note":"","_monsterinsights_sitenote_category":0,"site-sidebar-layout":"default","site-content-layout":"","ast-site-content-layout":"default","site-content-style":"default","site-sidebar-style":"default","ast-global-header-display":"","ast-banner-title-visibility":"","ast-main-header-display":"","ast-hfb-above-header-display":"","ast-hfb-below-header-display":"","ast-hfb-mobile-header-display":"","site-post-title":"","ast-breadcrumbs-content":"","ast-featured-img":"","footer-sml-layout":"","ast-disable-related-posts":"","theme-transparent-header-meta":"default","adv-header-id-meta":"","stick-header-meta":"","header-above-stick-meta":"","header-main-stick-meta":"","header-below-stick-meta":"","astra-migrate-meta-layouts":"default","ast-page-background-enabled":"default","ast-page-background-meta":{"desktop":{"background-color":"var(--ast-global-color-4)","background-image":"","background-repeat":"repeat","background-position":"center center","background-size":"auto","background-attachment":"scroll","background-type":"","background-media":"","overlay-type":"","overlay-color":"","overlay-opacity":"","overlay-gradient":""},"tablet":{"background-color":"","background-image":"","background-repeat":"repeat","background-position":"center center","background-size":"auto","background-attachment":"scroll","background-type":"","background-media":"","overlay-type":"","overlay-color":"","overlay-opacity":"","overlay-gradient":""},"mobile":{"background-color":"","background-image":"","background-repeat":"repeat","background-position":"center center","background-size":"auto","background-attachment":"scroll","background-type":"","background-media":"","overlay-type":"","overlay-color":"","overlay-opacity":"","overlay-gradient":""}},"ast-content-background-meta":{"desktop":{"background-color":"var(--ast-global-color-5)","background-image":"","background-repeat":"repeat","background-position":"center center","background-size":"auto","background-attachment":"scroll","background-type":"","background-media":"","overlay-type":"","overlay-color":"","overlay-opacity":"","overlay-gradient":""},"tablet":{"background-color":"var(--ast-global-color-5)","background-image":"","background-repeat":"repeat","background-position":"center center","background-size":"auto","background-attachment":"scroll","background-type":"","background-media":"","overlay-type":"","overlay-color":"","overlay-opacity":"","overlay-gradient":""},"mobile":{"background-color":"var(--ast-global-color-5)","background-image":"","background-repeat":"repeat","background-position":"center center","background-size":"auto","background-attachment":"scroll","background-type":"","background-media":"","overlay-type":"","overlay-color":"","overlay-opacity":"","overlay-gradient":""}}},"product_brand":[],"product_cat":[94,202],"product_tag":[113,114,87,92,203],"class_list":{"0":"post-2960","1":"product","2":"type-product","3":"status-publish","4":"has-post-thumbnail","6":"product_cat-accessoires-pour-meubles-sm","7":"product_cat-rembourrages-coussins","8":"product_tag-accessoires-de-bondage","9":"product_tag-accessoires-pour-meubles-sm","10":"product_tag-bondage-fr","11":"product_tag-meubles-de-bondage","12":"product_tag-rembourrage-et-coussins","13":"desktop-align-left","14":"tablet-align-left","15":"mobile-align-left","17":"first","18":"instock","19":"taxable","20":"shipping-taxable","21":"purchasable","22":"product-type-simple"},"aioseo_notices":[],"jetpack_sharing_enabled":true,"_links":{"self":[{"href":"https:\/\/bondagefurniture.eu\/fr\/wp-json\/wp\/v2\/product\/2960","targetHints":{"allow":["GET"]}}],"collection":[{"href":"https:\/\/bondagefurniture.eu\/fr\/wp-json\/wp\/v2\/product"}],"about":[{"href":"https:\/\/bondagefurniture.eu\/fr\/wp-json\/wp\/v2\/types\/product"}],"wp:featuredmedia":[{"embeddable":true,"href":"https:\/\/bondagefurniture.eu\/fr\/wp-json\/wp\/v2\/media\/2955"}],"wp:attachment":[{"href":"https:\/\/bondagefurniture.eu\/fr\/wp-json\/wp\/v2\/media?parent=2960"}],"wp:term":[{"taxonomy":"product_brand","embeddable":true,"href":"https:\/\/bondagefurniture.eu\/fr\/wp-json\/wp\/v2\/product_brand?post=2960"},{"taxonomy":"product_cat","embeddable":true,"href":"https:\/\/bondagefurniture.eu\/fr\/wp-json\/wp\/v2\/product_cat?post=2960"},{"taxonomy":"product_tag","embeddable":true,"href":"https:\/\/bondagefurniture.eu\/fr\/wp-json\/wp\/v2\/product_tag?post=2960"}],"curies":[{"name":"wp","href":"https:\/\/api.w.org\/{rel}","templated":true}]}}