{"id":2916,"date":"2024-01-13T15:54:39","date_gmt":"2024-01-13T15:54:39","guid":{"rendered":"https:\/\/bondagefurniture.eu\/product\/ensemble-bondage-table-avec-chaise-plus-de-10-variantes-possibles-bondage-furniture\/"},"modified":"2025-04-18T11:34:28","modified_gmt":"2025-04-18T11:34:28","slug":"ensemble-bondage-table-avec-chaise-plus-de-10-variantes-possibles-bondage-furniture","status":"publish","type":"product","link":"https:\/\/bondagefurniture.eu\/fr\/produit\/ensemble-bondage-table-avec-chaise-plus-de-10-variantes-possibles-bondage-furniture\/","title":{"rendered":"Ensemble &#8211; Bondage table avec chaise &#8211; plus de 10 variantes possibles | Bondage Furniture"},"content":{"rendered":"<h2 class=\"product-addition-headline\">Table de bondage avec chaise et barre d&rsquo;\u00e9cartement &#8211; BDSM Meubles<\/h2>\n<div class=\"product-addition-content\">\n<p><strong>Avec cet ensemble table et chaise de bondage, vous ne vous ennuierez pas de sit\u00f4t ! Plus de 10 variantes de bondage sont possibles avec ces deux meubles !<\/strong><\/p>\n<p>La table Bondage peut \u00eatre id\u00e9alement utilis\u00e9e comme table basse au quotidien. Avec les tubes suppl\u00e9mentaires, il serait \u00e9galement possible de cr\u00e9er un autre niveau pour les magazines (planche de rangement non comprise). En retournant la table, on obtient rapidement un <strong>plateau de bondage<\/strong> flexible. Avec le set compl\u00e9mentaire chaise, il est possible de cr\u00e9er rapidement de nombreuses variantes (voir galerie). En outre, la plaque est dot\u00e9e d&rsquo;un filetage permettant de fixer un pied pour <strong>un tube vertical<\/strong> sur le bord ou au milieu.<\/p>\n<p>M\u00eame pos\u00e9e sur un lit, la <strong>table de bondage<\/strong> peut \u00eatre utilis\u00e9e de diverses mani\u00e8res. En vissant l&rsquo;un des tubes suppl\u00e9mentaires sur les quatre pieds de la table, on obtient une croix d&rsquo;attache sur le lit.<\/p>\n<p><strong>Remarque sur le contenu de la livraison :<\/strong><\/p>\n<p>Les photos servent d&rsquo;exemples pour illustrer les possibilit\u00e9s que vous offre l&rsquo;article command\u00e9. Les <a href=\"https:\/\/bondagefurniture.eu\/fr\/attaches-pour-nos-meubles-bdsm\/\">ensembles de liens<\/a>, les <a href=\"https:\/\/bondagefurniture.eu\/fr\/product-category\/accessoires-pour-meubles-sm\/plus-daccessoires-delirants\/\">barres de godes<\/a>, les coussins et autres accessoires ne sont pas inclus. Selon la constitution physique, il se peut que tous les exemples pr\u00e9sent\u00e9s ne puissent pas \u00eatre mis en pratique. Vous trouverez le contenu exact de la livraison dans la description ci-dessous.<\/p>\n<p><span style=\"color: #800000;\"><strong>Attention ! Veuillez commander les \u0153illets ou les attaches s\u00e9par\u00e9ment !<\/strong><\/span><br \/>\n<strong>Dimensions :<\/strong> longueur 80 cm \/ hauteur 35 cm \/ largeur 60 cm<\/p>\n<h2><strong>Contenu de la livraison : table BDSM :<\/strong><\/h2>\n<p><strong>Variantes :<\/strong><br \/>\n&#8211; Blanc avec bord blanc<br \/>\n&#8211; Feelwood ch\u00eane rustique sur panneau de particules avec bord noir<\/p>\n<p>incl. Cl\u00e9 Allen.<\/p>\n<p>&#8211; Instructions d\u00e9taill\u00e9es (\u00e9galement pour les variantes)<\/p>\n<p><strong>Contenu de la livraison : chaise de bondage (set compl\u00e9mentaire) :<br \/>\n<\/strong><\/p>\n<p>10x tubes en acier de diff\u00e9rentes longueurs<\/p>\n<p>6x connecteurs en croix (en fonte et test\u00e9s par le T\u00dcV)<\/p>\n<p>2x connecteurs en T (en fonte et test\u00e9s par le T\u00dcV)<\/p>\n<p>2x raccords rapides doubles avec barre d&rsquo;\u00e9cartement en bois de h\u00eatre<\/p>\n<p>1x instructions (\u00e9galement pour les variantes)<\/p>\n<p><strong>Veuillez imp\u00e9rativement respecter nos consignes de s\u00e9curit\u00e9 pour l&rsquo;utilisation des meubles de bondage !<\/strong><\/p>\n<p><strong>Type : Kit<br \/>\n<\/strong>Nos produits sont des kits. Avec les \u00e9l\u00e9ments que nous fournissons, vous pouvez construire les variantes les plus diverses du <a href=\"https:\/\/bondagefurniture.eu\/fr\/meubles-sm-pour-la-maison\/\">meuble de bondage<\/a>. Mais chaque meuble peut aussi \u00eatre assembl\u00e9 dans au moins une variante pour former un objet d&rsquo;usage quotidien.<\/p>\n<p>Les propositions que nous mettons \u00e0 votre disposition ne sont donn\u00e9es qu&rsquo;\u00e0 titre indicatif.<\/p>\n<p>Comme il s&rsquo;agit d&rsquo;un kit qui peut varier \u00e0 volont\u00e9, nous ne pouvons pas \u00eatre tenus responsables d&rsquo;une mauvaise utilisation des meubles.<\/p>\n<\/div>\n","protected":false},"excerpt":{"rendered":"<p>incl. TVA sauf pour le Royaume-Uni, la Norv\u00e8ge et la Suisse<\/p>\n<p class=\"product-addition-headline\"><strong>Table de bondage avec chaise et barre d&rsquo;\u00e9cartement &#8211; BDSM Meubles<\/strong><\/p>\n<div class=\"product-addition-content\">\n<p>Avec cet ensemble table et chaise de bondage, vous ne vous ennuierez pas de sit\u00f4t ! Plus de 10 variantes de bondage sont possibles avec ces deux meubles !<\/p>\n<p>La table Bondage peut \u00eatre id\u00e9alement utilis\u00e9e comme <strong>table basse<\/strong> au quotidien. En retournant la table, on obtient rapidement un <strong>plateau de bondage<\/strong> flexible. Avec le set compl\u00e9mentaire chaise, il est possible de cr\u00e9er de nombreuses variantes en peu de temps. En outre, la plaque est dot\u00e9e d&rsquo;un filetage permettant de fixer un pied pour <strong>un tube vertical<\/strong> sur le bord ou au milieu.<\/p>\n<p><strong>Dimensions de la table :<\/strong> longueur 80 cm \/ hauteur 35 cm \/ largeur 60 cm<\/p>\n<p><strong><span style=\"color: #800000;\">Attention ! Veuillez commander les \u0153illets ou les attaches s\u00e9par\u00e9ment !<\/span> <\/strong><\/p>\n<p><span style=\"color: #025877;\">D\u00e9lai de livraison : 14 jours<\/span><\/p>\n<p>&nbsp;<\/p>\n<\/div>\n","protected":false},"featured_media":2915,"template":"","meta":{"om_disable_all_campaigns":false,"_monsterinsights_skip_tracking":false,"_monsterinsights_sitenote_active":false,"_monsterinsights_sitenote_note":"","_monsterinsights_sitenote_category":0,"site-sidebar-layout":"default","site-content-layout":"","ast-site-content-layout":"default","site-content-style":"default","site-sidebar-style":"default","ast-global-header-display":"","ast-banner-title-visibility":"","ast-main-header-display":"","ast-hfb-above-header-display":"","ast-hfb-below-header-display":"","ast-hfb-mobile-header-display":"","site-post-title":"","ast-breadcrumbs-content":"","ast-featured-img":"","footer-sml-layout":"","ast-disable-related-posts":"","theme-transparent-header-meta":"default","adv-header-id-meta":"","stick-header-meta":"","header-above-stick-meta":"","header-main-stick-meta":"","header-below-stick-meta":"","astra-migrate-meta-layouts":"default","ast-page-background-enabled":"default","ast-page-background-meta":{"desktop":{"background-color":"var(--ast-global-color-4)","background-image":"","background-repeat":"repeat","background-position":"center center","background-size":"auto","background-attachment":"scroll","background-type":"","background-media":"","overlay-type":"","overlay-color":"","overlay-opacity":"","overlay-gradient":""},"tablet":{"background-color":"","background-image":"","background-repeat":"repeat","background-position":"center center","background-size":"auto","background-attachment":"scroll","background-type":"","background-media":"","overlay-type":"","overlay-color":"","overlay-opacity":"","overlay-gradient":""},"mobile":{"background-color":"","background-image":"","background-repeat":"repeat","background-position":"center center","background-size":"auto","background-attachment":"scroll","background-type":"","background-media":"","overlay-type":"","overlay-color":"","overlay-opacity":"","overlay-gradient":""}},"ast-content-background-meta":{"desktop":{"background-color":"var(--ast-global-color-5)","background-image":"","background-repeat":"repeat","background-position":"center center","background-size":"auto","background-attachment":"scroll","background-type":"","background-media":"","overlay-type":"","overlay-color":"","overlay-opacity":"","overlay-gradient":""},"tablet":{"background-color":"var(--ast-global-color-5)","background-image":"","background-repeat":"repeat","background-position":"center center","background-size":"auto","background-attachment":"scroll","background-type":"","background-media":"","overlay-type":"","overlay-color":"","overlay-opacity":"","overlay-gradient":""},"mobile":{"background-color":"var(--ast-global-color-5)","background-image":"","background-repeat":"repeat","background-position":"center center","background-size":"auto","background-attachment":"scroll","background-type":"","background-media":"","overlay-type":"","overlay-color":"","overlay-opacity":"","overlay-gradient":""}}},"product_brand":[],"product_cat":[160,172,56,173],"product_tag":[87,129,91,88,92,89,85,174],"class_list":{"0":"post-2916","1":"product","2":"type-product","3":"status-publish","4":"has-post-thumbnail","6":"product_cat-meubles-bdsm","7":"product_cat-meubles-sm","8":"product_cat-sets-de-meubles-sm","9":"product_cat-table-bdsm","10":"product_tag-bondage-fr","11":"product_tag-ligotage-extreme","12":"product_tag-meubles-bdsm","13":"product_tag-meubles-damour","14":"product_tag-meubles-de-bondage","15":"product_tag-meubles-erotiques","16":"product_tag-meubles-sm","17":"product_tag-table-de-bondage","18":"desktop-align-left","19":"tablet-align-left","20":"mobile-align-left","22":"first","23":"instock","24":"taxable","25":"shipping-taxable","26":"purchasable","27":"product-type-variable"},"aioseo_notices":[],"jetpack_sharing_enabled":true,"_links":{"self":[{"href":"https:\/\/bondagefurniture.eu\/fr\/wp-json\/wp\/v2\/product\/2916","targetHints":{"allow":["GET"]}}],"collection":[{"href":"https:\/\/bondagefurniture.eu\/fr\/wp-json\/wp\/v2\/product"}],"about":[{"href":"https:\/\/bondagefurniture.eu\/fr\/wp-json\/wp\/v2\/types\/product"}],"wp:featuredmedia":[{"embeddable":true,"href":"https:\/\/bondagefurniture.eu\/fr\/wp-json\/wp\/v2\/media\/2915"}],"wp:attachment":[{"href":"https:\/\/bondagefurniture.eu\/fr\/wp-json\/wp\/v2\/media?parent=2916"}],"wp:term":[{"taxonomy":"product_brand","embeddable":true,"href":"https:\/\/bondagefurniture.eu\/fr\/wp-json\/wp\/v2\/product_brand?post=2916"},{"taxonomy":"product_cat","embeddable":true,"href":"https:\/\/bondagefurniture.eu\/fr\/wp-json\/wp\/v2\/product_cat?post=2916"},{"taxonomy":"product_tag","embeddable":true,"href":"https:\/\/bondagefurniture.eu\/fr\/wp-json\/wp\/v2\/product_tag?post=2916"}],"curies":[{"name":"wp","href":"https:\/\/api.w.org\/{rel}","templated":true}]}}