{"id":2438,"date":"2024-01-11T18:24:56","date_gmt":"2024-01-11T18:24:56","guid":{"rendered":"https:\/\/bondagefurniture.eu\/product\/set-de-menottes-sling-avec-chaine-et-raccord-rapide-pour-nos-meubles-sm\/"},"modified":"2025-04-18T11:34:24","modified_gmt":"2025-04-18T11:34:24","slug":"set-de-menottes-sling-avec-chaine-et-raccord-rapide-pour-nos-meubles-sm","status":"publish","type":"product","link":"https:\/\/bondagefurniture.eu\/fr\/produit\/set-de-menottes-sling-avec-chaine-et-raccord-rapide-pour-nos-meubles-sm\/","title":{"rendered":"Set de menottes Sling &#8211; avec cha\u00eene et raccord rapide pour nos meubles SM"},"content":{"rendered":"<h1 class=\"product-addition-headline\">Bondage Sling-Fers pour des fixations particuli\u00e8rement tendues !<\/h1>\n<h2>Les <strong>attaches Sling<\/strong> permettent d&rsquo;attacher les bras ou les jambes en traction en combinaison avec nos meubles de bondage.<\/h2>\n<div class=\"product-addition-content\">\n<p>C&rsquo;est justement le fait d&rsquo;\u00eatre fix\u00e9 qui attire particuli\u00e8rement de nombreuses personnes. Les deux <strong>attaches sling<\/strong> sont livr\u00e9es avec chacune une cha\u00eene et un connecteur \u00e0 vis avec \u0153illet. Cette combinaison vous donne beaucoup de flexibilit\u00e9 lors de la mise en place des attaches. En d\u00e9pla\u00e7ant ou en tournant les connecteurs \u00e0 vis, vous augmentez la force de traction sur la cheville et donc sur les articulations.<\/p>\n<p>Les deux manchettes sont tr\u00e8s facilement r\u00e9glables en resserrant la boucle form\u00e9e par les larges lani\u00e8res. Convient \u00e0 tous nos <a href=\"https:\/\/bondagefurniture.eu\/fr\/meubles-sm\/\"><br \/>\n  <strong>Meubles SM<\/strong><br \/>\n<\/a>.<\/p>\n<p><strong>Attache sling :<\/strong><\/p>\n<ul>\n<li>largeur : 4 cm<\/li>\n<li>diam\u00e8tre maximal : environ 10cm<\/li>\n<li><strong>Couleur :<\/strong> noir, argent<\/li>\n<li><strong>Mat\u00e9riaux :<\/strong> polyur\u00e9thane, fer<\/li>\n<\/ul>\n<p><strong>Support :<br \/>\n<\/strong><br \/>\n 2x attaches rapides avec \u0153illet rond &#8211; m\u00e9tal (argent\u00e9) et poign\u00e9e en plastique (noir<br \/>\n2x cha\u00eenes m\u00e9talliques \u00e0 maillons longs 3,0mm x 40cm<br \/>\n2x mousquetons m\u00e9talliques argent\u00e9s<\/p>\n<p><strong>Type<\/strong> <strong><br \/>\n<\/strong>Le produit est livr\u00e9 pr\u00eat \u00e0 l&#8217;emploi.<\/p>\n<p><strong>Remarque :<br \/>\n<\/strong>Afin d&rsquo;\u00e9viter les blessures, il convient de faire tr\u00e8s attention \u00e0 ce type d&rsquo;entrave. Veillez \u00e0 ce que la circulation sanguine soit maintenue. Nos meubles, tout comme les sling fittings, ne sont pas adapt\u00e9s au bondage en suspension libre.<\/p>\n<p><strong>Consultez \u00e9galement nos consignes g\u00e9n\u00e9rales de s\u00e9curit\u00e9 !<\/strong><\/p>\n<\/div>\n","protected":false},"excerpt":{"rendered":"<p>incl. TVA sauf pour le Royaume-Uni, la Norv\u00e8ge et la Suisse<\/p>\n<p><strong>Les attaches Sling permettent d&rsquo;attacher les bras ou les jambes en traction en combinaison avec nos meubles de bondage.<br \/>\n<\/strong>C&rsquo;est justement la fixation ferme qui attire le plus de monde. Les deux <strong>attaches sling<\/strong> sont livr\u00e9es avec chacune une cha\u00eene et un connecteur \u00e0 vis avec \u0153illet. Cette combinaison vous donne beaucoup de flexibilit\u00e9 lors de la mise en place des attaches. En d\u00e9pla\u00e7ant ou en tournant les connecteurs \u00e0 vis, vous augmentez la force de traction sur la cheville et donc sur les articulations.<\/p>\n<ul>\n<li>largeur : 4 cm<\/li>\n<li>diam\u00e8tre maximal : environ 10cm<\/li>\n<li><strong>Couleur :<\/strong> noir, argent<\/li>\n<li><strong>Mat\u00e9riaux :<\/strong> polyur\u00e9thane, fer<\/li>\n<\/ul>\n<p><span style=\"color: #025877;\">D\u00e9lai de livraison : 14 jours maximum<\/span><\/p>\n","protected":false},"featured_media":2436,"template":"","meta":{"om_disable_all_campaigns":false,"_monsterinsights_skip_tracking":false,"_monsterinsights_sitenote_active":false,"_monsterinsights_sitenote_note":"","_monsterinsights_sitenote_category":0,"site-sidebar-layout":"default","site-content-layout":"","ast-site-content-layout":"default","site-content-style":"default","site-sidebar-style":"default","ast-global-header-display":"","ast-banner-title-visibility":"","ast-main-header-display":"","ast-hfb-above-header-display":"","ast-hfb-below-header-display":"","ast-hfb-mobile-header-display":"","site-post-title":"","ast-breadcrumbs-content":"","ast-featured-img":"","footer-sml-layout":"","ast-disable-related-posts":"","theme-transparent-header-meta":"default","adv-header-id-meta":"","stick-header-meta":"","header-above-stick-meta":"","header-main-stick-meta":"","header-below-stick-meta":"","astra-migrate-meta-layouts":"set","ast-page-background-enabled":"default","ast-page-background-meta":{"desktop":{"background-color":"var(--ast-global-color-4)","background-image":"","background-repeat":"repeat","background-position":"center center","background-size":"auto","background-attachment":"scroll","background-type":"","background-media":"","overlay-type":"","overlay-color":"","overlay-opacity":"","overlay-gradient":""},"tablet":{"background-color":"","background-image":"","background-repeat":"repeat","background-position":"center center","background-size":"auto","background-attachment":"scroll","background-type":"","background-media":"","overlay-type":"","overlay-color":"","overlay-opacity":"","overlay-gradient":""},"mobile":{"background-color":"","background-image":"","background-repeat":"repeat","background-position":"center center","background-size":"auto","background-attachment":"scroll","background-type":"","background-media":"","overlay-type":"","overlay-color":"","overlay-opacity":"","overlay-gradient":""}},"ast-content-background-meta":{"desktop":{"background-color":"var(--ast-global-color-5)","background-image":"","background-repeat":"repeat","background-position":"center center","background-size":"auto","background-attachment":"scroll","background-type":"","background-media":"","overlay-type":"","overlay-color":"","overlay-opacity":"","overlay-gradient":""},"tablet":{"background-color":"var(--ast-global-color-5)","background-image":"","background-repeat":"repeat","background-position":"center center","background-size":"auto","background-attachment":"scroll","background-type":"","background-media":"","overlay-type":"","overlay-color":"","overlay-opacity":"","overlay-gradient":""},"mobile":{"background-color":"var(--ast-global-color-5)","background-image":"","background-repeat":"repeat","background-position":"center center","background-size":"auto","background-attachment":"scroll","background-type":"","background-media":"","overlay-type":"","overlay-color":"","overlay-opacity":"","overlay-gradient":""}}},"product_brand":[],"product_cat":[94,63],"product_tag":[113,114,87,129,138,179,92],"class_list":{"0":"post-2438","1":"product","2":"type-product","3":"status-publish","4":"has-post-thumbnail","6":"product_cat-accessoires-pour-meubles-sm","7":"product_cat-attache","8":"product_tag-accessoires-de-bondage","9":"product_tag-accessoires-pour-meubles-sm","10":"product_tag-bondage-fr","11":"product_tag-ligotage-extreme","12":"product_tag-menottes-en-cuir","13":"product_tag-menottes-sling","14":"product_tag-meubles-de-bondage","15":"desktop-align-left","16":"tablet-align-left","17":"mobile-align-left","19":"first","20":"instock","21":"taxable","22":"shipping-taxable","23":"purchasable","24":"product-type-simple"},"aioseo_notices":[],"jetpack_sharing_enabled":true,"_links":{"self":[{"href":"https:\/\/bondagefurniture.eu\/fr\/wp-json\/wp\/v2\/product\/2438","targetHints":{"allow":["GET"]}}],"collection":[{"href":"https:\/\/bondagefurniture.eu\/fr\/wp-json\/wp\/v2\/product"}],"about":[{"href":"https:\/\/bondagefurniture.eu\/fr\/wp-json\/wp\/v2\/types\/product"}],"wp:featuredmedia":[{"embeddable":true,"href":"https:\/\/bondagefurniture.eu\/fr\/wp-json\/wp\/v2\/media\/2436"}],"wp:attachment":[{"href":"https:\/\/bondagefurniture.eu\/fr\/wp-json\/wp\/v2\/media?parent=2438"}],"wp:term":[{"taxonomy":"product_brand","embeddable":true,"href":"https:\/\/bondagefurniture.eu\/fr\/wp-json\/wp\/v2\/product_brand?post=2438"},{"taxonomy":"product_cat","embeddable":true,"href":"https:\/\/bondagefurniture.eu\/fr\/wp-json\/wp\/v2\/product_cat?post=2438"},{"taxonomy":"product_tag","embeddable":true,"href":"https:\/\/bondagefurniture.eu\/fr\/wp-json\/wp\/v2\/product_tag?post=2438"}],"curies":[{"name":"wp","href":"https:\/\/api.w.org\/{rel}","templated":true}]}}