{"id":2268,"date":"2024-01-09T22:02:30","date_gmt":"2024-01-09T22:02:30","guid":{"rendered":"https:\/\/bondagefurniture.eu\/product\/baillon-balle-en-silicone-avec-3-trous-de-respiration-bdsm-bondage-accessoires-bondage-furniture\/"},"modified":"2025-09-15T20:53:19","modified_gmt":"2025-09-15T20:53:19","slug":"baillon-balle-en-silicone-avec-3-trous-de-respiration-bdsm-bondage-accessoires-bondage-furniture","status":"publish","type":"product","link":"https:\/\/bondagefurniture.eu\/fr\/produit\/baillon-balle-en-silicone-avec-3-trous-de-respiration-bdsm-bondage-accessoires-bondage-furniture\/","title":{"rendered":"B\u00e2illon balle en silicone avec 3 trous de respiration &#8211; BDSM Bondage Accessoires | Bondage Furniture"},"content":{"rendered":"<div class=\"product-addition-content\">\n<h1>Un bon b\u00e2illon de bal ne doit manquer dans aucun \u00e9quipement !<\/h1>\n<p>D\u00e9couvrez l&rsquo;ultime <strong>b\u00e2illon balle <\/strong>en silicone de haute qualit\u00e9 ! Avec ses caract\u00e9ristiques exceptionnelles, il vous offrira une exp\u00e9rience inoubliable.<\/p>\n<p>Notre <strong>b\u00e2illon balle<\/strong> est parfait pour tous ceux qui sont \u00e0 la recherche de nouvelles aventures et de jeux passionnants. Fabriqu\u00e9 en silicone, il offre un ajustement confortable et permet une exp\u00e9rience s\u00fbre mais intense. Contrairement aux balles de b\u00e2illon en plastique, le silicone m\u00e9nage parfaitement les dents et est beaucoup plus agr\u00e9able dans la bouche.<\/p>\n<h2>B\u00e2illon balle avec trois trous pour respirer<\/h2>\n<p>Avec ses trois trous de respiration, le <strong>b\u00e2illon balle<\/strong> offre un apport d&rsquo;air optimal pour vous permettre de respirer confortablement et de mani\u00e8re contr\u00f4l\u00e9e.<\/p>\n<p>La sangle du b\u00e2illon, \u00e9galement fabriqu\u00e9e en silicone, s&rsquo;adapte \u00e0 toutes les tailles de t\u00eate gr\u00e2ce \u00e0 huit trous et assure la stabilit\u00e9 et la solidit\u00e9 n\u00e9cessaires. Gr\u00e2ce \u00e0 la boucle verrouillable, un cadenas permet d&rsquo;\u00e9viter que votre partenaire ne retire le b\u00e2illon sans autorisation.<\/p>\n<h3>Conclusion de la balle-b\u00e2illon :<\/h3>\n<p>Avec ce <strong>b\u00e2illon-ballon <\/strong>, vous pouvez vous concentrer enti\u00e8rement sur votre plaisir sans avoir \u00e0 vous soucier de glisser ou de vous d\u00e9tacher. Que vous souhaitiez explorer vos fantasmes BDSM ou simplement profiter d&rsquo;un jeu de r\u00f4le excitant, notre <strong>b\u00e2illon boule <\/strong>en silicone est le choix parfait. D\u00e9couvrez les limites de votre plaisir et vivez des moments incomparables d&rsquo;abandon et de soumission.<\/p>\n<p>Comme pour tous nos produits, la qualit\u00e9 a \u00e9t\u00e9 test\u00e9e dans la pratique.<br \/>\n<strong>Seuls les produits qui fonctionnent \u00e0 l&rsquo;usage sont propos\u00e9s dans notre boutique !<\/strong><\/p>\n<h3>D\u00e9tails de la balle<\/h3>\n<ul>\n<li>Mat\u00e9riau : silicone<\/li>\n<li>Diam\u00e8tre de la balle : 37mm (M), ou 45 mm (L)<\/li>\n<li>La balle poss\u00e8de trois trous de respiration<\/li>\n<li>boucle verrouillable (cadenas non fourni)<\/li>\n<li>Couleur : Noir<\/li>\n<li>circonf\u00e9rence de la ceinture 37-45 cm<\/li>\n<\/ul>\n<\/div>\n","protected":false},"excerpt":{"rendered":"<p>incl. TVA sauf pour le Royaume-Uni, la Norv\u00e8ge et la Suisse<\/p>\n<p><strong>Un bon b\u00e2illon de bal ne doit manquer dans aucun \u00e9quipement !<\/strong><\/p>\n<p>Avec ce <strong>b\u00e2illon-ballon <\/strong>, vous pouvez vous concentrer enti\u00e8rement sur votre plaisir sans avoir \u00e0 vous soucier de glisser ou de vous d\u00e9tacher. Que vous souhaitiez explorer vos fantasmes BDSM ou simplement profiter d&rsquo;un jeu de r\u00f4le excitant, notre <strong>b\u00e2illon boule <\/strong>en silicone est le choix parfait.<\/p>\n<h3>D\u00e9tails de la balle<\/h3>\n<ul>\n<li>Mat\u00e9riau : silicone<\/li>\n<li>Diam\u00e8tre de la balle : 37mm (M), ou 45 mm (L)<\/li>\n<li>La balle poss\u00e8de trois trous de respiration<\/li>\n<li>boucle verrouillable (cadenas non fourni)<\/li>\n<li>Couleur : Noir<\/li>\n<li>circonf\u00e9rence de la ceinture 37-45 cm<\/li>\n<\/ul>\n<p><span style=\"color: #025877;\">D\u00e9lai de livraison : 14 jours<\/span><\/p>\n","protected":false},"featured_media":2266,"template":"","meta":{"om_disable_all_campaigns":false,"_monsterinsights_skip_tracking":false,"_monsterinsights_sitenote_active":false,"_monsterinsights_sitenote_note":"","_monsterinsights_sitenote_category":0,"site-sidebar-layout":"default","site-content-layout":"","ast-site-content-layout":"default","site-content-style":"default","site-sidebar-style":"default","ast-global-header-display":"","ast-banner-title-visibility":"","ast-main-header-display":"","ast-hfb-above-header-display":"","ast-hfb-below-header-display":"","ast-hfb-mobile-header-display":"","site-post-title":"","ast-breadcrumbs-content":"","ast-featured-img":"","footer-sml-layout":"","ast-disable-related-posts":"","theme-transparent-header-meta":"default","adv-header-id-meta":"","stick-header-meta":"","header-above-stick-meta":"","header-main-stick-meta":"","header-below-stick-meta":"","astra-migrate-meta-layouts":"default","ast-page-background-enabled":"default","ast-page-background-meta":{"desktop":{"background-color":"var(--ast-global-color-4)","background-image":"","background-repeat":"repeat","background-position":"center center","background-size":"auto","background-attachment":"scroll","background-type":"","background-media":"","overlay-type":"","overlay-color":"","overlay-opacity":"","overlay-gradient":""},"tablet":{"background-color":"","background-image":"","background-repeat":"repeat","background-position":"center center","background-size":"auto","background-attachment":"scroll","background-type":"","background-media":"","overlay-type":"","overlay-color":"","overlay-opacity":"","overlay-gradient":""},"mobile":{"background-color":"","background-image":"","background-repeat":"repeat","background-position":"center center","background-size":"auto","background-attachment":"scroll","background-type":"","background-media":"","overlay-type":"","overlay-color":"","overlay-opacity":"","overlay-gradient":""}},"ast-content-background-meta":{"desktop":{"background-color":"var(--ast-global-color-5)","background-image":"","background-repeat":"repeat","background-position":"center center","background-size":"auto","background-attachment":"scroll","background-type":"","background-media":"","overlay-type":"","overlay-color":"","overlay-opacity":"","overlay-gradient":""},"tablet":{"background-color":"var(--ast-global-color-5)","background-image":"","background-repeat":"repeat","background-position":"center center","background-size":"auto","background-attachment":"scroll","background-type":"","background-media":"","overlay-type":"","overlay-color":"","overlay-opacity":"","overlay-gradient":""},"mobile":{"background-color":"var(--ast-global-color-5)","background-image":"","background-repeat":"repeat","background-position":"center center","background-size":"auto","background-attachment":"scroll","background-type":"","background-media":"","overlay-type":"","overlay-color":"","overlay-opacity":"","overlay-gradient":""}}},"product_brand":[],"product_cat":[125,68],"product_tag":[113,126,87,129,92],"class_list":{"0":"post-2268","1":"product","2":"type-product","3":"status-publish","4":"has-post-thumbnail","6":"product_cat-baillon","7":"product_cat-accessoires-meubles-sm","8":"product_tag-accessoires-de-bondage","9":"product_tag-baillon","10":"product_tag-bondage-fr","11":"product_tag-ligotage-extreme","12":"product_tag-meubles-de-bondage","13":"desktop-align-left","14":"tablet-align-left","15":"mobile-align-left","17":"first","18":"instock","19":"taxable","20":"shipping-taxable","21":"purchasable","22":"product-type-variable"},"aioseo_notices":[],"jetpack_sharing_enabled":true,"_links":{"self":[{"href":"https:\/\/bondagefurniture.eu\/fr\/wp-json\/wp\/v2\/product\/2268","targetHints":{"allow":["GET"]}}],"collection":[{"href":"https:\/\/bondagefurniture.eu\/fr\/wp-json\/wp\/v2\/product"}],"about":[{"href":"https:\/\/bondagefurniture.eu\/fr\/wp-json\/wp\/v2\/types\/product"}],"wp:featuredmedia":[{"embeddable":true,"href":"https:\/\/bondagefurniture.eu\/fr\/wp-json\/wp\/v2\/media\/2266"}],"wp:attachment":[{"href":"https:\/\/bondagefurniture.eu\/fr\/wp-json\/wp\/v2\/media?parent=2268"}],"wp:term":[{"taxonomy":"product_brand","embeddable":true,"href":"https:\/\/bondagefurniture.eu\/fr\/wp-json\/wp\/v2\/product_brand?post=2268"},{"taxonomy":"product_cat","embeddable":true,"href":"https:\/\/bondagefurniture.eu\/fr\/wp-json\/wp\/v2\/product_cat?post=2268"},{"taxonomy":"product_tag","embeddable":true,"href":"https:\/\/bondagefurniture.eu\/fr\/wp-json\/wp\/v2\/product_tag?post=2268"}],"curies":[{"name":"wp","href":"https:\/\/api.w.org\/{rel}","templated":true}]}}