{"id":2238,"date":"2024-01-09T21:16:03","date_gmt":"2024-01-09T21:16:03","guid":{"rendered":"https:\/\/bondagefurniture.eu\/product\/crochet-anal-avec-chaine-et-connecteur-rapide-oeillet-avec-ou-sans-boule\/"},"modified":"2025-10-26T10:22:13","modified_gmt":"2025-10-26T10:22:13","slug":"crochet-anal-avec-chaine-et-connecteur-rapide-oeillet-avec-ou-sans-boule","status":"publish","type":"product","link":"https:\/\/bondagefurniture.eu\/fr\/produit\/crochet-anal-avec-chaine-et-connecteur-rapide-oeillet-avec-ou-sans-boule\/","title":{"rendered":"Crochet anal avec cha\u00eene et connecteur rapide Oeillet avec ou sans boule"},"content":{"rendered":"<div class=\"text-orange-500 markdown prose w-full break-words dark:prose-invert light\">\n<h2>Le crochet anal &#8211; \u00e9prouve une sensation excitante lorsque l&rsquo;acier lisse et frais te p\u00e9n\u00e8tre en douceur !<\/h2>\n<p>Pour un bondage kick excitant, nous proposons le <strong>crochet anal<\/strong> avec connecteur rapide. Plonge dans le monde de l&rsquo;abandon impuissant et \u00e9prouve une sensation excitante lorsque l&rsquo;acier lisse et froid te p\u00e9n\u00e8tre en douceur.<\/p>\n<p>Ce <strong>crochet anal<\/strong> est plus qu&rsquo;un simple accessoire &#8211; c&rsquo;est la promesse de moments de plaisir inoubliables. La finition de haute qualit\u00e9 en acier froid assure une exp\u00e9rience intense et stimulante qui \u00e9veille tes sens. D\u00e8s l&rsquo;introduction, tu es parcouru de frissons qui enflamment ta passion.<\/p>\n<p>La fixation \u00e0 nos meubles de bondage se fait rapidement et avec pr\u00e9cision, et tu es d\u00e9j\u00e0 pr\u00eat \u00e0 te lancer dans le monde du bondage sensuel. Exp\u00e9rimente la libert\u00e9 de l&rsquo;abandon et le pouvoir du contr\u00f4le avec notre <strong>crochet anal<\/strong> &#8211; un must absolu pour tous ceux qui recherchent l&rsquo;originalit\u00e9. Offre-toi cette sensation incomparable et d\u00e9couvre de nouvelles dimensions de plaisir !<\/p>\n<\/div>\n<p>&nbsp;<\/p>\n<h3>Le crochet anal est disponible chez nous en deux versions,&#8230;<\/h3>\n<p>&#8230; avec ou sans boule. Les deux variantes sont en tout cas un enrichissement, tant sur le plan optique que sur celui de la sensation de bondage, et peuvent \u00eatre combin\u00e9es de multiples fa\u00e7ons avec nos meubles de bondage. Avec le <strong>crochet anal<\/strong> et la cha\u00eene fournie, y compris vous pouvez fixer rapidement et solidement le ou les sub \u00e0 tous les tubes de nos <a href=\"https:\/\/bondagefurniture.eu\/fr\/meubles-sm\/\">meubles SM<\/a>. Les possibilit\u00e9s sont presque illimit\u00e9es. L&rsquo;intensit\u00e9 se r\u00e8gle \u00e9galement tr\u00e8s bien. Soit en faisant tourner le connecteur avec la cha\u00eene autour d&rsquo;un tube, soit en faisant glisser le connecteur le long d&rsquo;un tube.<\/p>\n<h3>Donn\u00e9es relatives au produit :<\/h3>\n<p><strong>Crochet avec boule :<\/strong><br \/>\nLongueur : 23cm<br \/>\nPoids : 192 grammes<br \/>\nEn acier de haute qualit\u00e9<br \/>\nDiam\u00e8tre de la boule : 29mm<\/p>\n<p><strong>Crochet sans bille :<\/strong><br \/>\nPoids : 220 grammes<br \/>\nFabriqu\u00e9 en acier de haute qualit\u00e9<br \/>\n\u0152illet long<br \/>\nLongueur jusqu&rsquo;\u00e0 l&rsquo;arc : 18 cm<\/p>\n<p><span style=\"color: #ff0000;\"><strong>Attention : le crochet anal n&rsquo;est pas adapt\u00e9 aux fixations suspendues !<\/strong><\/span><\/p>\n","protected":false},"excerpt":{"rendered":"<p>incl. TVA sauf pour le Royaume-Uni, la Norv\u00e8ge et la Suisse<\/p>\n<p><strong>Le crochet anal &#8211; \u00e9prouve une sensation excitante lorsque l&rsquo;acier lisse et frais te p\u00e9n\u00e8tre en douceur !<\/strong><\/p>\n<p>Pour un bondage kick excitant, nous proposons le <strong>crochet anal<\/strong> avec connecteur rapide. Plonge dans le monde de l&rsquo;abandon impuissant et \u00e9prouve une sensation excitante lorsque l&rsquo;acier lisse et froid te p\u00e9n\u00e8tre en douceur.<\/p>\n<p><strong>Donn\u00e9es relatives au produit :<\/strong><\/p>\n<p><strong>Crochet anal avec boule<\/strong><br \/>\nLongueur : 23cm<br \/>\nPoids : 192 grammes<br \/>\nEn acier de haute qualit\u00e9<br \/>\nDiam\u00e8tre de la boule : 29mm<\/p>\n<p><strong>Crochet anal sans boule<\/strong><br \/>\nPoids : 220 grammes<br \/>\nEn acier de haute qualit\u00e9<br \/>\nLong oeillet<br \/>\nLongueur jusqu&rsquo;\u00e0 l&rsquo;arc : 18 cm<\/p>\n<p><span style=\"color: #025877;\">D\u00e9lai de livraison : 14 jours<\/span><\/p>\n","protected":false},"featured_media":2231,"template":"","meta":{"om_disable_all_campaigns":false,"_monsterinsights_skip_tracking":false,"_monsterinsights_sitenote_active":false,"_monsterinsights_sitenote_note":"","_monsterinsights_sitenote_category":0,"site-sidebar-layout":"default","site-content-layout":"","ast-site-content-layout":"default","site-content-style":"default","site-sidebar-style":"default","ast-global-header-display":"","ast-banner-title-visibility":"","ast-main-header-display":"","ast-hfb-above-header-display":"","ast-hfb-below-header-display":"","ast-hfb-mobile-header-display":"","site-post-title":"","ast-breadcrumbs-content":"","ast-featured-img":"","footer-sml-layout":"","ast-disable-related-posts":"","theme-transparent-header-meta":"default","adv-header-id-meta":"","stick-header-meta":"","header-above-stick-meta":"","header-main-stick-meta":"","header-below-stick-meta":"","astra-migrate-meta-layouts":"default","ast-page-background-enabled":"default","ast-page-background-meta":{"desktop":{"background-color":"var(--ast-global-color-4)","background-image":"","background-repeat":"repeat","background-position":"center center","background-size":"auto","background-attachment":"scroll","background-type":"","background-media":"","overlay-type":"","overlay-color":"","overlay-opacity":"","overlay-gradient":""},"tablet":{"background-color":"","background-image":"","background-repeat":"repeat","background-position":"center center","background-size":"auto","background-attachment":"scroll","background-type":"","background-media":"","overlay-type":"","overlay-color":"","overlay-opacity":"","overlay-gradient":""},"mobile":{"background-color":"","background-image":"","background-repeat":"repeat","background-position":"center center","background-size":"auto","background-attachment":"scroll","background-type":"","background-media":"","overlay-type":"","overlay-color":"","overlay-opacity":"","overlay-gradient":""}},"ast-content-background-meta":{"desktop":{"background-color":"var(--ast-global-color-5)","background-image":"","background-repeat":"repeat","background-position":"center center","background-size":"auto","background-attachment":"scroll","background-type":"","background-media":"","overlay-type":"","overlay-color":"","overlay-opacity":"","overlay-gradient":""},"tablet":{"background-color":"var(--ast-global-color-5)","background-image":"","background-repeat":"repeat","background-position":"center center","background-size":"auto","background-attachment":"scroll","background-type":"","background-media":"","overlay-type":"","overlay-color":"","overlay-opacity":"","overlay-gradient":""},"mobile":{"background-color":"var(--ast-global-color-5)","background-image":"","background-repeat":"repeat","background-position":"center center","background-size":"auto","background-attachment":"scroll","background-type":"","background-media":"","overlay-type":"","overlay-color":"","overlay-opacity":"","overlay-gradient":""}}},"product_brand":[],"product_cat":[94,164],"product_tag":[113,114,87,129,92],"class_list":{"0":"post-2238","1":"product","2":"type-product","3":"status-publish","4":"has-post-thumbnail","6":"product_cat-accessoires-pour-meubles-sm","7":"product_cat-plus-daccessoires-delirants","8":"product_tag-accessoires-de-bondage","9":"product_tag-accessoires-pour-meubles-sm","10":"product_tag-bondage-fr","11":"product_tag-ligotage-extreme","12":"product_tag-meubles-de-bondage","13":"desktop-align-left","14":"tablet-align-left","15":"mobile-align-left","17":"first","18":"instock","19":"taxable","20":"shipping-taxable","21":"purchasable","22":"product-type-variable"},"aioseo_notices":[],"jetpack_sharing_enabled":true,"_links":{"self":[{"href":"https:\/\/bondagefurniture.eu\/fr\/wp-json\/wp\/v2\/product\/2238","targetHints":{"allow":["GET"]}}],"collection":[{"href":"https:\/\/bondagefurniture.eu\/fr\/wp-json\/wp\/v2\/product"}],"about":[{"href":"https:\/\/bondagefurniture.eu\/fr\/wp-json\/wp\/v2\/types\/product"}],"wp:featuredmedia":[{"embeddable":true,"href":"https:\/\/bondagefurniture.eu\/fr\/wp-json\/wp\/v2\/media\/2231"}],"wp:attachment":[{"href":"https:\/\/bondagefurniture.eu\/fr\/wp-json\/wp\/v2\/media?parent=2238"}],"wp:term":[{"taxonomy":"product_brand","embeddable":true,"href":"https:\/\/bondagefurniture.eu\/fr\/wp-json\/wp\/v2\/product_brand?post=2238"},{"taxonomy":"product_cat","embeddable":true,"href":"https:\/\/bondagefurniture.eu\/fr\/wp-json\/wp\/v2\/product_cat?post=2238"},{"taxonomy":"product_tag","embeddable":true,"href":"https:\/\/bondagefurniture.eu\/fr\/wp-json\/wp\/v2\/product_tag?post=2238"}],"curies":[{"name":"wp","href":"https:\/\/api.w.org\/{rel}","templated":true}]}}