{"id":1801,"date":"2024-01-05T21:35:07","date_gmt":"2024-01-05T21:35:07","guid":{"rendered":"https:\/\/bondagefurniture.eu\/product\/bondage-pranger-meubles-bdsm-pour-la-chambre-bondage-furniture\/"},"modified":"2025-06-03T19:41:54","modified_gmt":"2025-06-03T19:41:54","slug":"bondage-pranger-meubles-bdsm-pour-la-chambre-bondage-furniture","status":"publish","type":"product","link":"https:\/\/bondagefurniture.eu\/fr\/produit\/bondage-pranger-meubles-bdsm-pour-la-chambre-bondage-furniture\/","title":{"rendered":"Bondage Pranger &#8211; Meubles BDSM pour la chambre | Bondage Furniture"},"content":{"rendered":"<div class=\"product-addition-content\">\n<h2>Bondage Pranger &#8211; Meubles BDSM pour la chambre \u00e0 coucher<\/h2>\n<p>Notre pilori de bondage offre d\u00e9j\u00e0 dans sa version de base de nombreuses variantes de bondage passionnantes. Il ne prend que peu de place et est donc id\u00e9al pour les petits appartements.<\/p>\n<p>Notre Buttler peut sans probl\u00e8me \u00eatre plac\u00e9 dans votre chambre \u00e0 coucher comme meuble industriel chic et accueillir les v\u00eatements le soir. Les courtes tiges en bois r\u00e9glables de mani\u00e8re variable peuvent id\u00e9alement servir \u00e0 suspendre des v\u00eatements plus longs. Il suffit d&rsquo;enlever les v\u00eatements et il peut imm\u00e9diatement \u00eatre utilis\u00e9 comme pilori avec nos kits de ligotage (non inclus).<\/p>\n<h3><strong>Remarque sur le contenu de la livraison du Bondage Pranger :<\/strong><\/h3>\n<p>Les images servent d&rsquo;exemples des possibilit\u00e9s que vous offre l&rsquo;article command\u00e9. Les ensembles de liens, les barres de godes, les coussins et autres accessoires ne sont pas inclus. Selon la constitution physique, il se peut que tous les exemples pr\u00e9sent\u00e9s ne puissent pas \u00eatre mis en pratique. Vous trouverez le contenu exact de la livraison dans la description ci-dessous.<br \/>\n<span style=\"color: #800000;\"><strong>Veuillez commander les sets de menottes s\u00e9par\u00e9ment !  <\/strong><\/span><\/p>\n<p><strong>Contenu de la livraison Bondage Pranger \/ Butler :<\/strong><\/p>\n<p>10x Tubes de diff\u00e9rentes longueurs<br \/>\n2x Connecteur en T Grand (fonte et test\u00e9 T\u00dcV)<br \/>\n6x Connecteur en T (fonte et test\u00e9 T\u00dcV)<br \/>\n1x Cl\u00e9 Allen adapt\u00e9e<br \/>\n4x Bouchons de tube en plastique<br \/>\nInstructions (\u00e9galement pour les variantes)2 Coussins de si\u00e8ge en similicuir, y compris Cl\u00e9 Allen.<\/p>\n<p><strong>Dimensions :<\/strong> longueur 68cm \/ hauteur 140 cm \/ largeur 58cm<\/p>\n<h3><strong>Variantes possibles<\/strong><\/h3>\n<p><strong>Variante tubes :<\/strong> laqu\u00e9 noir, acier galvanis\u00e9 argent\u00e9<br \/>\n<strong>Variante connecteur :<\/strong> argent galvanis\u00e9 ou laqu\u00e9 noir<br \/>\n<strong>Variante 1x tube transversal et 2x tubes lat\u00e9raux :<\/strong> couleur comme les autres tubes, bois de h\u00eatre<\/p>\n<p><strong>Veuillez imp\u00e9rativement respecter nos <a href=\"https:\/\/bondagefurniture.eu\/fr\/consignes-de-securite\/\">consignes de s\u00e9curit\u00e9 pour l&rsquo;utilisation des meubles de bondage<\/a>!<\/strong><\/p>\n<p><strong>Type : Kit<\/strong><\/p>\n<p>Nos produits sont des kits. Avec les \u00e9l\u00e9ments que nous fournissons, vous pouvez construire les variantes les plus diverses du meuble de bondage. Mais chaque meuble peut aussi \u00eatre assembl\u00e9 dans au moins une variante pour former un objet d&rsquo;usage quotidien.<\/p>\n<p>Les propositions que nous mettons \u00e0 votre disposition ne sont donn\u00e9es qu&rsquo;\u00e0 titre indicatif.<\/p>\n<p>Comme il s&rsquo;agit d&rsquo;un kit qui peut varier \u00e0 volont\u00e9, nous ne pouvons pas \u00eatre tenus responsables d&rsquo;une mauvaise utilisation des meubles.<\/p>\n<\/div>\n","protected":false},"excerpt":{"rendered":"<p>incl. TVA sauf pour le Royaume-Uni, la Norv\u00e8ge et la Suisse<\/p>\n<p>Le pilori de bondage offre d\u00e9j\u00e0 dans sa forme de base des possibilit\u00e9s de ligotage excitantes en position debout, pench\u00e9e en avant et \u00e0 genoux. La personne est rapidement si bien fix\u00e9e qu&rsquo;elle est impuissante devant toi et \u00e0 la merci de tes d\u00e9sirs. Et lorsqu&rsquo;il n&rsquo;est pas en \u00ab\u00a0service\u00a0\u00bb, il tr\u00f4ne dans ta chambre \u00e0 coucher comme un meuble industriel chic et accueille tes v\u00eatements le soir.<\/p>\n<p><span style=\"color: #800000;\"><strong>Attention ! Veuillez commander les \u0153illets ou les attaches s\u00e9par\u00e9ment !<\/strong><\/span><\/p>\n<p><span style=\"color: #025877;\">D\u00e9lai de livraison : 14 jours<\/span><\/p>\n","protected":false},"featured_media":1787,"template":"","meta":{"om_disable_all_campaigns":false,"_monsterinsights_skip_tracking":false,"_monsterinsights_sitenote_active":false,"_monsterinsights_sitenote_note":"","_monsterinsights_sitenote_category":0,"site-sidebar-layout":"default","site-content-layout":"","ast-site-content-layout":"default","site-content-style":"default","site-sidebar-style":"default","ast-global-header-display":"","ast-banner-title-visibility":"","ast-main-header-display":"","ast-hfb-above-header-display":"","ast-hfb-below-header-display":"","ast-hfb-mobile-header-display":"","site-post-title":"","ast-breadcrumbs-content":"","ast-featured-img":"","footer-sml-layout":"","ast-disable-related-posts":"","theme-transparent-header-meta":"default","adv-header-id-meta":"","stick-header-meta":"","header-above-stick-meta":"","header-main-stick-meta":"","header-below-stick-meta":"","astra-migrate-meta-layouts":"default","ast-page-background-enabled":"default","ast-page-background-meta":{"desktop":{"background-color":"var(--ast-global-color-4)","background-image":"","background-repeat":"repeat","background-position":"center center","background-size":"auto","background-attachment":"scroll","background-type":"","background-media":"","overlay-type":"","overlay-color":"","overlay-opacity":"","overlay-gradient":""},"tablet":{"background-color":"","background-image":"","background-repeat":"repeat","background-position":"center center","background-size":"auto","background-attachment":"scroll","background-type":"","background-media":"","overlay-type":"","overlay-color":"","overlay-opacity":"","overlay-gradient":""},"mobile":{"background-color":"","background-image":"","background-repeat":"repeat","background-position":"center center","background-size":"auto","background-attachment":"scroll","background-type":"","background-media":"","overlay-type":"","overlay-color":"","overlay-opacity":"","overlay-gradient":""}},"ast-content-background-meta":{"desktop":{"background-color":"var(--ast-global-color-5)","background-image":"","background-repeat":"repeat","background-position":"center center","background-size":"auto","background-attachment":"scroll","background-type":"","background-media":"","overlay-type":"","overlay-color":"","overlay-opacity":"","overlay-gradient":""},"tablet":{"background-color":"var(--ast-global-color-5)","background-image":"","background-repeat":"repeat","background-position":"center center","background-size":"auto","background-attachment":"scroll","background-type":"","background-media":"","overlay-type":"","overlay-color":"","overlay-opacity":"","overlay-gradient":""},"mobile":{"background-color":"var(--ast-global-color-5)","background-image":"","background-repeat":"repeat","background-position":"center center","background-size":"auto","background-attachment":"scroll","background-type":"","background-media":"","overlay-type":"","overlay-color":"","overlay-opacity":"","overlay-gradient":""}}},"product_brand":[],"product_cat":[298,160,172,60,156,157],"product_tag":[87,129,91,88,92,89,85,158],"class_list":{"0":"post-1801","1":"product","2":"type-product","3":"status-publish","4":"has-post-thumbnail","6":"product_cat-chaise-bdsm","7":"product_cat-meubles-bdsm","8":"product_cat-meubles-sm","9":"product_cat-pilori","10":"product_cat-pilori-bdsm","11":"product_cat-poteau-de-stand","12":"product_tag-bondage-fr","13":"product_tag-ligotage-extreme","14":"product_tag-meubles-bdsm","15":"product_tag-meubles-damour","16":"product_tag-meubles-de-bondage","17":"product_tag-meubles-erotiques","18":"product_tag-meubles-sm","19":"product_tag-pilori","20":"desktop-align-left","21":"tablet-align-left","22":"mobile-align-left","24":"first","25":"instock","26":"taxable","27":"shipping-taxable","28":"purchasable","29":"product-type-variable"},"aioseo_notices":[],"jetpack_sharing_enabled":true,"_links":{"self":[{"href":"https:\/\/bondagefurniture.eu\/fr\/wp-json\/wp\/v2\/product\/1801","targetHints":{"allow":["GET"]}}],"collection":[{"href":"https:\/\/bondagefurniture.eu\/fr\/wp-json\/wp\/v2\/product"}],"about":[{"href":"https:\/\/bondagefurniture.eu\/fr\/wp-json\/wp\/v2\/types\/product"}],"wp:featuredmedia":[{"embeddable":true,"href":"https:\/\/bondagefurniture.eu\/fr\/wp-json\/wp\/v2\/media\/1787"}],"wp:attachment":[{"href":"https:\/\/bondagefurniture.eu\/fr\/wp-json\/wp\/v2\/media?parent=1801"}],"wp:term":[{"taxonomy":"product_brand","embeddable":true,"href":"https:\/\/bondagefurniture.eu\/fr\/wp-json\/wp\/v2\/product_brand?post=1801"},{"taxonomy":"product_cat","embeddable":true,"href":"https:\/\/bondagefurniture.eu\/fr\/wp-json\/wp\/v2\/product_cat?post=1801"},{"taxonomy":"product_tag","embeddable":true,"href":"https:\/\/bondagefurniture.eu\/fr\/wp-json\/wp\/v2\/product_tag?post=1801"}],"curies":[{"name":"wp","href":"https:\/\/api.w.org\/{rel}","templated":true}]}}