{"id":1527,"date":"2023-11-11T19:06:27","date_gmt":"2023-11-11T19:06:27","guid":{"rendered":"https:\/\/bondagefurniture.eu\/product\/set-bdsm-pilori-avec-chaise-de-bondage-et-barre-decartement-bondage-furniture\/"},"modified":"2025-10-26T10:22:11","modified_gmt":"2025-10-26T10:22:11","slug":"set-bdsm-pilori-avec-chaise-de-bondage-et-barre-decartement-bondage-furniture","status":"publish","type":"product","link":"https:\/\/bondagefurniture.eu\/fr\/produit\/set-bdsm-pilori-avec-chaise-de-bondage-et-barre-decartement-bondage-furniture\/","title":{"rendered":"Set &#8211; BDSM pilori avec chaise de bondage et barre d&rsquo;\u00e9cartement | Bondage Furniture"},"content":{"rendered":"<div class=\"product-addition-content\">\n<h2>Pilier BDSM avec set compl\u00e9mentaire chaise de bondage<\/h2>\n<p><strong>Avec ce set, vous ne vous ennuierez pas de sit\u00f4t ! Plus de 10 variantes de bondage sont possibles avec ces deux <a href=\"https:\/\/bondagefurniture.eu\/fr\/meubles-sm\/\">meubles SM<\/a>!<\/strong><\/p>\n<p>Sans probl\u00e8me, notre pilori BDSM (Butler) peut \u00eatre plac\u00e9 dans votre chambre \u00e0 coucher comme meuble industriel chic et recevoir les v\u00eatements le soir. Les courtes tiges r\u00e9glables de mani\u00e8re variable peuvent id\u00e9alement servir \u00e0 suspendre des v\u00eatements plus longs. Il suffit d&rsquo;enlever les v\u00eatements et il peut imm\u00e9diatement \u00eatre utilis\u00e9 comme pilori de bondage avec nos kits de ligotage (non inclus).<\/p>\n<p>Le pilori BDSM offre d\u00e9j\u00e0 dans sa forme de base des possibilit\u00e9s de ligotage excitantes en position debout, pench\u00e9e en avant et \u00e0 genoux (nous recommandons ici notre coussin pour genoux en similicuir). La personne est rapidement si bien fix\u00e9e qu&rsquo;elle est impuissante devant toi et \u00e0 la merci de tes d\u00e9sirs.<\/p>\n<p>Nous sommes d&rsquo;avis que tout le monde devrait avoir un majordome aussi sp\u00e9cial dans sa chambre \u00e0 coucher, on ne sait jamais quand on en aura besoin.<\/p>\n<p>De nombreuses autres variantes passionnantes peuvent \u00eatre cr\u00e9\u00e9es avec le meuble suppl\u00e9mentaire \u00ab\u00a0chaise\u00a0\u00bb inclus dans le kit. Avec les \u00e9l\u00e9ments de la chaise, vous pouvez m\u00eame transformer le pilori BDSM en croix de bondage debout (voir la galerie).<\/p>\n<h3><strong>Remarque sur le contenu de la livraison de notre set de pilori BDSM :<\/strong><\/h3>\n<p>Les images servent d&rsquo;exemples des possibilit\u00e9s que vous offre l&rsquo;article command\u00e9. Les ensembles de liens, les barres de godes et autres accessoires ne sont pas inclus. Selon la constitution physique, il se peut que tous les exemples pr\u00e9sent\u00e9s ne puissent pas \u00eatre mis en pratique. Vous trouverez le contenu exact de la livraison dans la description ci-dessous.<br \/>\n<strong>Veuillez commander les sets de menottes s\u00e9par\u00e9ment !<\/strong><\/p>\n<p><strong>Volume de livraison du pilori BDSM (Butler) :<br \/>\n<\/strong><\/p>\n<p>10x tubes de diff\u00e9rentes longueurs<br \/>\n12x raccords (en fonte et test\u00e9s par le T\u00dcV)<br \/>\n1x cl\u00e9 Allen adapt\u00e9e<br \/>\n4 bouchons de tubes en plastique<br \/>\ny compris cl\u00e9 Allen.<br \/>\nInstructions (\u00e9galement pour les variantes) <\/p>\n<p><strong>Contenu de la livraison : chaise de bondage :<br \/>\n<\/strong><\/p>\n<p>10x Tubes de diff\u00e9rentes longueurs<br \/>\n6x Raccords en croix (en fonte et test\u00e9s par le T\u00dcV)<br \/>\n2x Raccords en T (en fonte et test\u00e9s par le T\u00dcV)<br \/>\n1x Cl\u00e9 Allen adapt\u00e9e<br \/>\n18 Bouchons de tubes en plastique<br \/>\n4 \u00e9crous en \u00e9toile (mont\u00e9s)<br \/>\nInstructions (\u00e9galement pour les variantes)<\/p>\n<p>+ <strong>barre d&rsquo;\u00e9cartement avec deux connecteurs rapides doubles<\/strong><\/p>\n<p><strong>Variantes possibles <\/strong>(les deux meubles sont envoy\u00e9s dans la m\u00eame s\u00e9lection) :<\/p>\n<p><strong>Variante tubes :<\/strong> laqu\u00e9 noir ou acier galvanis\u00e9 argent\u00e9<br \/>\n<strong>Variante connecteur :<\/strong> argent galvanis\u00e9 ou laqu\u00e9 noir<br \/>\n<strong>Variante connecteur transversal :<\/strong> couleur comme les autres tubes, bois de h\u00eatre<br \/>\n<strong>Barre d&rsquo;\u00e9cartement :<\/strong> aluminium ou bois de h\u00eatre<\/p>\n<p><strong>Veuillez imp\u00e9rativement respecter nos <a href=\"https:\/\/bondagefurniture.eu\/fr\/consignes-de-securite\/\">consignes de s\u00e9curit\u00e9 pour l&rsquo;utilisation des meubles de bondage<\/a>!<\/strong><\/p>\n<p><strong>Type : Kit<br \/>\n<\/strong>Nos produits sont des kits. Avec les \u00e9l\u00e9ments que nous fournissons, vous pouvez construire les variantes les plus diverses du meuble de bondage. Mais chaque meuble peut aussi \u00eatre assembl\u00e9 dans au moins une variante pour former un objet d&rsquo;usage quotidien.<\/p>\n<p>Les propositions que nous mettons \u00e0 votre disposition ne sont donn\u00e9es qu&rsquo;\u00e0 titre indicatif.<\/p>\n<p>Comme il s&rsquo;agit d&rsquo;un kit qui peut varier \u00e0 volont\u00e9, nous ne pouvons pas \u00eatre tenus responsables d&rsquo;une mauvaise utilisation des meubles.<\/p>\n<\/div>\n","protected":false},"excerpt":{"rendered":"<p>incl. TVA sauf pour le Royaume-Uni, la Norv\u00e8ge et la Suisse<\/p>\n<p>Le pilori BDSM offre d\u00e9j\u00e0 dans sa forme de base des possibilit\u00e9s de ligotage excitantes en position debout, pench\u00e9e en avant et \u00e0 genoux. La personne est rapidement si bien fix\u00e9e qu&rsquo;elle est impuissante devant toi et \u00e0 la merci de tes d\u00e9sirs. Et lorsqu&rsquo;il n&rsquo;est pas en \u00ab\u00a0service\u00a0\u00bb, il tr\u00f4ne dans ta chambre \u00e0 coucher comme un meuble industriel chic et accueille tes v\u00eatements le soir. De nombreuses autres variantes passionnantes peuvent \u00eatre cr\u00e9\u00e9es avec le meuble suppl\u00e9mentaire \u00ab\u00a0chaise\u00a0\u00bb inclus dans le kit.<\/p>\n<p><strong>Attention ! Veuillez commander les \u0153illets ou les attaches s\u00e9par\u00e9ment !<\/strong><\/p>\n<p><span style=\"color: #025877;\">D\u00e9lai de livraison : 14 jours<\/span><\/p>\n","protected":false},"featured_media":1482,"template":"","meta":{"om_disable_all_campaigns":false,"_monsterinsights_skip_tracking":false,"_monsterinsights_sitenote_active":false,"_monsterinsights_sitenote_note":"","_monsterinsights_sitenote_category":0,"site-sidebar-layout":"default","site-content-layout":"","ast-site-content-layout":"default","site-content-style":"default","site-sidebar-style":"default","ast-global-header-display":"","ast-banner-title-visibility":"","ast-main-header-display":"","ast-hfb-above-header-display":"","ast-hfb-below-header-display":"","ast-hfb-mobile-header-display":"","site-post-title":"","ast-breadcrumbs-content":"","ast-featured-img":"","footer-sml-layout":"","ast-disable-related-posts":"","theme-transparent-header-meta":"default","adv-header-id-meta":"","stick-header-meta":"","header-above-stick-meta":"","header-main-stick-meta":"","header-below-stick-meta":"","astra-migrate-meta-layouts":"default","ast-page-background-enabled":"default","ast-page-background-meta":{"desktop":{"background-color":"var(--ast-global-color-4)","background-image":"","background-repeat":"repeat","background-position":"center center","background-size":"auto","background-attachment":"scroll","background-type":"","background-media":"","overlay-type":"","overlay-color":"","overlay-opacity":"","overlay-gradient":""},"tablet":{"background-color":"","background-image":"","background-repeat":"repeat","background-position":"center center","background-size":"auto","background-attachment":"scroll","background-type":"","background-media":"","overlay-type":"","overlay-color":"","overlay-opacity":"","overlay-gradient":""},"mobile":{"background-color":"","background-image":"","background-repeat":"repeat","background-position":"center center","background-size":"auto","background-attachment":"scroll","background-type":"","background-media":"","overlay-type":"","overlay-color":"","overlay-opacity":"","overlay-gradient":""}},"ast-content-background-meta":{"desktop":{"background-color":"var(--ast-global-color-5)","background-image":"","background-repeat":"repeat","background-position":"center center","background-size":"auto","background-attachment":"scroll","background-type":"","background-media":"","overlay-type":"","overlay-color":"","overlay-opacity":"","overlay-gradient":""},"tablet":{"background-color":"var(--ast-global-color-5)","background-image":"","background-repeat":"repeat","background-position":"center center","background-size":"auto","background-attachment":"scroll","background-type":"","background-media":"","overlay-type":"","overlay-color":"","overlay-opacity":"","overlay-gradient":""},"mobile":{"background-color":"var(--ast-global-color-5)","background-image":"","background-repeat":"repeat","background-position":"center center","background-size":"auto","background-attachment":"scroll","background-type":"","background-media":"","overlay-type":"","overlay-color":"","overlay-opacity":"","overlay-gradient":""}}},"product_brand":[],"product_cat":[160,172,156,157,56],"product_tag":[87,129,91,88,92,89,85,158],"class_list":{"0":"post-1527","1":"product","2":"type-product","3":"status-publish","4":"has-post-thumbnail","6":"product_cat-meubles-bdsm","7":"product_cat-meubles-sm","8":"product_cat-pilori-bdsm","9":"product_cat-poteau-de-stand","10":"product_cat-sets-de-meubles-sm","11":"product_tag-bondage-fr","12":"product_tag-ligotage-extreme","13":"product_tag-meubles-bdsm","14":"product_tag-meubles-damour","15":"product_tag-meubles-de-bondage","16":"product_tag-meubles-erotiques","17":"product_tag-meubles-sm","18":"product_tag-pilori","19":"desktop-align-left","20":"tablet-align-left","21":"mobile-align-left","23":"first","24":"instock","25":"taxable","26":"shipping-taxable","27":"purchasable","28":"product-type-variable"},"aioseo_notices":[],"jetpack_sharing_enabled":true,"_links":{"self":[{"href":"https:\/\/bondagefurniture.eu\/fr\/wp-json\/wp\/v2\/product\/1527","targetHints":{"allow":["GET"]}}],"collection":[{"href":"https:\/\/bondagefurniture.eu\/fr\/wp-json\/wp\/v2\/product"}],"about":[{"href":"https:\/\/bondagefurniture.eu\/fr\/wp-json\/wp\/v2\/types\/product"}],"wp:featuredmedia":[{"embeddable":true,"href":"https:\/\/bondagefurniture.eu\/fr\/wp-json\/wp\/v2\/media\/1482"}],"wp:attachment":[{"href":"https:\/\/bondagefurniture.eu\/fr\/wp-json\/wp\/v2\/media?parent=1527"}],"wp:term":[{"taxonomy":"product_brand","embeddable":true,"href":"https:\/\/bondagefurniture.eu\/fr\/wp-json\/wp\/v2\/product_brand?post=1527"},{"taxonomy":"product_cat","embeddable":true,"href":"https:\/\/bondagefurniture.eu\/fr\/wp-json\/wp\/v2\/product_cat?post=1527"},{"taxonomy":"product_tag","embeddable":true,"href":"https:\/\/bondagefurniture.eu\/fr\/wp-json\/wp\/v2\/product_tag?post=1527"}],"curies":[{"name":"wp","href":"https:\/\/api.w.org\/{rel}","templated":true}]}}