{"id":1386,"date":"2023-10-22T16:56:44","date_gmt":"2023-10-22T16:56:44","guid":{"rendered":"https:\/\/bondagefurniture.eu\/product\/menottes-de-cou-en-tube-dacier-bondage-furniture\/"},"modified":"2025-04-18T11:34:25","modified_gmt":"2025-04-18T11:34:25","slug":"collier-en-tube-dacier-bondage-furniture","status":"publish","type":"product","link":"https:\/\/bondagefurniture.eu\/fr\/produit\/collier-en-tube-dacier-bondage-furniture\/","title":{"rendered":"Menottes de cou en tube d&rsquo;acier | Bondage Furniture"},"content":{"rendered":"<div class=\"product-addition-content\">\n<h2>Le collier en tube d&rsquo;acier est un autre point fort de notre syst\u00e8me de bondage.<\/h2>\n<p>Faites l&rsquo;exp\u00e9rience d&rsquo;un bondage pr\u00e9cis avec notre <strong>menotte de cou en tube d&rsquo;acier<\/strong>! Cette menotte pour le cou a \u00e9t\u00e9 con\u00e7ue pour vous offrir une exp\u00e9rience de bondage intense. Fabriqu\u00e9 en acier solide et froid, il ne permet d\u00e9finitivement pas de s&rsquo;\u00e9chapper, ce qui augmente consid\u00e9rablement le plaisir et le d\u00e9sir.<\/p>\n<p>Ce collier est l&rsquo;accessoire parfait pour faire passer vos aventures BDSM au niveau sup\u00e9rieur et s&rsquo;accorde parfaitement avec nos meubles SM. Que vous soyez un passionn\u00e9 de bondage exp\u00e9riment\u00e9 ou que vous d\u00e9butiez, cet accessoire \u00ab\u00a0must have\u00a0\u00bb enrichira d\u00e9finitivement vos s\u00e9ances de bondage.<\/p>\n<p>Notre collier en tube d&rsquo;acier est ajustable et s&rsquo;adapte parfaitement pour offrir une exp\u00e9rience optimale aux d\u00e9butants comme aux plus exp\u00e9riment\u00e9s.<br \/>\nCommandez d\u00e8s aujourd&rsquo;hui et enrichissez votre jeu de bondage !<\/p>\n<p>Le collier en tube d&rsquo;acier peut \u00eatre fix\u00e9 \u00e0 tous nos <a href=\"https:\/\/bondagefurniture.eu\/fr\/meubles-sm\/\">meubles SM<\/a>. Le collier en tube d&rsquo;acier s&rsquo;utilise particuli\u00e8rement bien sur les <a href=\"https:\/\/bondagefurniture.eu\/fr\/product-tag\/pilori\/\">prangers<\/a>, sur le <a href=\"https:\/\/bondagefurniture.eu\/fr\/product-tag\/banque-de-bondage\/\">banc<\/a> ou sur nos tables.<\/p>\n<div style=\"width: 1440px;\" class=\"wp-video\"><video class=\"wp-video-shortcode\" id=\"video-1386-1\" width=\"1440\" height=\"810\" preload=\"metadata\" controls=\"controls\"><source type=\"video\/mp4\" src=\"https:\/\/bondagefurniture.eu\/wp-content\/uploads\/2023\/10\/Stahlrohr-Halsfessel-Bondage-Furniture-SM-Moebel2.mp4?_=1\" \/><a href=\"https:\/\/bondagefurniture.eu\/wp-content\/uploads\/2023\/10\/Stahlrohr-Halsfessel-Bondage-Furniture-SM-Moebel2.mp4\">https:\/\/bondagefurniture.eu\/wp-content\/uploads\/2023\/10\/Stahlrohr-Halsfessel-Bondage-Furniture-SM-Moebel2.mp4<\/a><\/video><\/div>\n<p><strong>Donn\u00e9es :<br \/>\nLargeur :<\/strong> 24 cm<br \/>\n<strong>longueur :<\/strong> 30 cm<\/p>\n<p><strong>Couleur :<\/strong> noir, argent, bois<br \/>\n<strong>Mat\u00e9riaux :<\/strong> acier, bois, aluminium<\/p>\n<h3>Variantes du collier en tube d&rsquo;acier<\/h3>\n<ul>\n<li>Tubes : noir ou alu<\/li>\n<li>Barre transversale : bois de h\u00eatre ou aluminium<\/li>\n<li>Connecteur : noir ou argent\u00e9<\/li>\n<\/ul>\n<p><strong>Type<\/strong> <strong><br \/>\n<\/strong>Kit &#8211; le produit peut \u00eatre assembl\u00e9 \u00e0 l&rsquo;aide des outils fournis.<strong><br \/>\n<\/strong><\/p>\n<p><strong>Remarque :<br \/>\n<\/strong>Afin d&rsquo;\u00e9viter les blessures, il convient de faire tr\u00e8s attention \u00e0 ce type d&rsquo;entrave. Veillez \u00e0 ce que la circulation sanguine soit maintenue et que la respiration ne soit pas interrompue. La cl\u00e9 Allen fournie doit \u00eatre conserv\u00e9e \u00e0 proximit\u00e9, \u00e0 port\u00e9e de main. Nos meubles, tout comme les menottes de cou en tube d&rsquo;acier, ne sont pas adapt\u00e9s aux menottes en suspension libre.<\/p>\n<p><strong>Consultez \u00e9galement nos consignes g\u00e9n\u00e9rales de s\u00e9curit\u00e9 !<\/strong><\/p>\n<\/div>\n","protected":false},"excerpt":{"rendered":"<p>Ce collier en tube d&rsquo;acier ou en aluminium est l&rsquo;accessoire parfait pour faire passer vos aventures BDSM au niveau sup\u00e9rieur et s&rsquo;accorde parfaitement avec nos meubles SM. Faites l&rsquo;exp\u00e9rience d&rsquo;un bondage pr\u00e9cis avec notre <strong>menotte de cou en tube d&rsquo;acier<\/strong>! Il a \u00e9t\u00e9 con\u00e7u pour vous offrir une exp\u00e9rience de bondage intense. Fabriqu\u00e9 en acier solide et froid, il ne permet d\u00e9finitivement pas de s&rsquo;\u00e9chapper, ce qui augmente consid\u00e9rablement le plaisir et le d\u00e9sir.<br \/>\nQue vous soyez un passionn\u00e9 de bondage exp\u00e9riment\u00e9 ou que vous d\u00e9butiez, cet accessoire \u00ab\u00a0must have\u00a0\u00bb enrichira d\u00e9finitivement vos sessions de bondage.<\/p>\n","protected":false},"featured_media":1341,"template":"","meta":{"om_disable_all_campaigns":false,"_monsterinsights_skip_tracking":false,"_monsterinsights_sitenote_active":false,"_monsterinsights_sitenote_note":"","_monsterinsights_sitenote_category":0,"site-sidebar-layout":"default","site-content-layout":"","ast-site-content-layout":"default","site-content-style":"default","site-sidebar-style":"default","ast-global-header-display":"","ast-banner-title-visibility":"","ast-main-header-display":"","ast-hfb-above-header-display":"","ast-hfb-below-header-display":"","ast-hfb-mobile-header-display":"","site-post-title":"","ast-breadcrumbs-content":"","ast-featured-img":"","footer-sml-layout":"","ast-disable-related-posts":"","theme-transparent-header-meta":"default","adv-header-id-meta":"","stick-header-meta":"","header-above-stick-meta":"","header-main-stick-meta":"","header-below-stick-meta":"","astra-migrate-meta-layouts":"default","ast-page-background-enabled":"default","ast-page-background-meta":{"desktop":{"background-color":"var(--ast-global-color-4)","background-image":"","background-repeat":"repeat","background-position":"center center","background-size":"auto","background-attachment":"scroll","background-type":"","background-media":"","overlay-type":"","overlay-color":"","overlay-opacity":"","overlay-gradient":""},"tablet":{"background-color":"","background-image":"","background-repeat":"repeat","background-position":"center center","background-size":"auto","background-attachment":"scroll","background-type":"","background-media":"","overlay-type":"","overlay-color":"","overlay-opacity":"","overlay-gradient":""},"mobile":{"background-color":"","background-image":"","background-repeat":"repeat","background-position":"center center","background-size":"auto","background-attachment":"scroll","background-type":"","background-media":"","overlay-type":"","overlay-color":"","overlay-opacity":"","overlay-gradient":""}},"ast-content-background-meta":{"desktop":{"background-color":"var(--ast-global-color-5)","background-image":"","background-repeat":"repeat","background-position":"center center","background-size":"auto","background-attachment":"scroll","background-type":"","background-media":"","overlay-type":"","overlay-color":"","overlay-opacity":"","overlay-gradient":""},"tablet":{"background-color":"var(--ast-global-color-5)","background-image":"","background-repeat":"repeat","background-position":"center center","background-size":"auto","background-attachment":"scroll","background-type":"","background-media":"","overlay-type":"","overlay-color":"","overlay-opacity":"","overlay-gradient":""},"mobile":{"background-color":"var(--ast-global-color-5)","background-image":"","background-repeat":"repeat","background-position":"center center","background-size":"auto","background-attachment":"scroll","background-type":"","background-media":"","overlay-type":"","overlay-color":"","overlay-opacity":"","overlay-gradient":""}}},"product_brand":[],"product_cat":[94,63,164],"product_tag":[113,114,87,129,143],"class_list":{"0":"post-1386","1":"product","2":"type-product","3":"status-publish","4":"has-post-thumbnail","6":"product_cat-accessoires-pour-meubles-sm","7":"product_cat-attache","8":"product_cat-plus-daccessoires-delirants","9":"product_tag-accessoires-de-bondage","10":"product_tag-accessoires-pour-meubles-sm","11":"product_tag-bondage-fr","12":"product_tag-ligotage-extreme","13":"product_tag-menottes-pour-le-cou","14":"desktop-align-left","15":"tablet-align-left","16":"mobile-align-left","18":"first","19":"instock","20":"taxable","21":"shipping-taxable","22":"purchasable","23":"product-type-variable"},"aioseo_notices":[],"jetpack_sharing_enabled":true,"_links":{"self":[{"href":"https:\/\/bondagefurniture.eu\/fr\/wp-json\/wp\/v2\/product\/1386","targetHints":{"allow":["GET"]}}],"collection":[{"href":"https:\/\/bondagefurniture.eu\/fr\/wp-json\/wp\/v2\/product"}],"about":[{"href":"https:\/\/bondagefurniture.eu\/fr\/wp-json\/wp\/v2\/types\/product"}],"wp:featuredmedia":[{"embeddable":true,"href":"https:\/\/bondagefurniture.eu\/fr\/wp-json\/wp\/v2\/media\/1341"}],"wp:attachment":[{"href":"https:\/\/bondagefurniture.eu\/fr\/wp-json\/wp\/v2\/media?parent=1386"}],"wp:term":[{"taxonomy":"product_brand","embeddable":true,"href":"https:\/\/bondagefurniture.eu\/fr\/wp-json\/wp\/v2\/product_brand?post=1386"},{"taxonomy":"product_cat","embeddable":true,"href":"https:\/\/bondagefurniture.eu\/fr\/wp-json\/wp\/v2\/product_cat?post=1386"},{"taxonomy":"product_tag","embeddable":true,"href":"https:\/\/bondagefurniture.eu\/fr\/wp-json\/wp\/v2\/product_tag?post=1386"}],"curies":[{"name":"wp","href":"https:\/\/api.w.org\/{rel}","templated":true}]}}