{"id":1283,"date":"2023-10-21T18:56:13","date_gmt":"2023-10-21T18:56:13","guid":{"rendered":"https:\/\/bondagefurniture.eu\/product\/double-menottes-en-similicuir-convenant-a-nos-meubles-bdsm-bondage-furniture\/"},"modified":"2025-07-02T17:05:52","modified_gmt":"2025-07-02T17:05:52","slug":"double-manchettes-en-simili-cuir-compatible-avec-notre-mobilier-bdsm-bondage-furniture","status":"publish","type":"product","link":"https:\/\/bondagefurniture.eu\/fr\/produit\/double-manchettes-en-simili-cuir-compatible-avec-notre-mobilier-bdsm-bondage-furniture\/","title":{"rendered":"Double menottes en similicuir convenant \u00e0 nos meubles BDSM | Bondage Furniture"},"content":{"rendered":"<h2>Double menottes en simili-cuir assorties \u00e0 nos meubles BDSM<\/h2>\n<p>Chaque fois que les deux poignets doivent \u00eatre \u00e9troitement li\u00e9s l&rsquo;un \u00e0 l&rsquo;autre, la <strong>double menotte<\/strong> rend de bons services. Que ce soit devant ou derri\u00e8re le corps, les menottes rembourr\u00e9es sont agr\u00e9ables \u00e0 porter et enserrent fermement les poignets.<strong><br \/>\n<\/strong><\/p>\n<p>Notre double menotte peut \u00eatre fix\u00e9e rapidement et solidement, sans outil, \u00e0 tous nos produits gr\u00e2ce au connecteur \u00e0 vis fourni. <a href=\"https:\/\/bondagefurniture.eu\/fr\/meubles-sm\/\"><br \/>\n  <strong>Meubles SM<\/strong><br \/>\n<\/a> de mani\u00e8re flexible.<\/p>\n<p><strong>Type : <\/strong>verrouillable<br \/>\n<strong>Circonf\u00e9rence :<\/strong> Menottes ferm\u00e9es : 22-34cm<br \/>\n<strong>Couleur :<\/strong> noir \/ argent m\u00e9tallique \/ h\u00eatre<br \/>\n<strong>Mat\u00e9riau :<\/strong> paturon en cuir synth\u00e9tique \/ h\u00eatre massif<\/p>\n<p><strong>Support<\/strong>:<br \/>\nConnecteur \u00e0 vis &#8211; m\u00e9tal et poign\u00e9e en plastique<\/p>\n","protected":false},"excerpt":{"rendered":"<p>incl. TVA sauf pour le Royaume-Uni, la Norv\u00e8ge et la Suisse<\/p>\n<p><strong>Double menottes en similicuir adapt\u00e9es \u00e0 nos meubles BDSM<br \/>\n<\/strong>Notre double menottes peut \u00eatre fix\u00e9e rapidement et solidement \u00e0 tous nos <a href=\"https:\/\/bondagefurniture.eu\/fr\/meubles-sm\/\">meubles SM<\/a> sans outil, gr\u00e2ce au connecteur \u00e0 vis fourni.<strong><br \/>\n<\/strong><\/p>\n<p><strong>Circonf\u00e9rence :<\/strong> Menottes ferm\u00e9es : 22-34cm<br \/>\n<strong>Couleur :<\/strong> noir \/ argent m\u00e9tallique \/ h\u00eatre<br \/>\n<strong>Mat\u00e9riau :<\/strong> paturon en cuir synth\u00e9tique \/ h\u00eatre massif<\/p>\n<p><span style=\"color: #025877;\">D\u00e9lai de livraison : 14 jours maximum<\/span><\/p>\n","protected":false},"featured_media":1278,"template":"","meta":{"om_disable_all_campaigns":false,"_monsterinsights_skip_tracking":false,"_monsterinsights_sitenote_active":false,"_monsterinsights_sitenote_note":"","_monsterinsights_sitenote_category":0,"site-sidebar-layout":"default","site-content-layout":"","ast-site-content-layout":"default","site-content-style":"default","site-sidebar-style":"default","ast-global-header-display":"","ast-banner-title-visibility":"","ast-main-header-display":"","ast-hfb-above-header-display":"","ast-hfb-below-header-display":"","ast-hfb-mobile-header-display":"","site-post-title":"","ast-breadcrumbs-content":"","ast-featured-img":"","footer-sml-layout":"","ast-disable-related-posts":"","theme-transparent-header-meta":"default","adv-header-id-meta":"","stick-header-meta":"","header-above-stick-meta":"","header-main-stick-meta":"","header-below-stick-meta":"","astra-migrate-meta-layouts":"default","ast-page-background-enabled":"default","ast-page-background-meta":{"desktop":{"background-color":"var(--ast-global-color-4)","background-image":"","background-repeat":"repeat","background-position":"center center","background-size":"auto","background-attachment":"scroll","background-type":"","background-media":"","overlay-type":"","overlay-color":"","overlay-opacity":"","overlay-gradient":""},"tablet":{"background-color":"","background-image":"","background-repeat":"repeat","background-position":"center center","background-size":"auto","background-attachment":"scroll","background-type":"","background-media":"","overlay-type":"","overlay-color":"","overlay-opacity":"","overlay-gradient":""},"mobile":{"background-color":"","background-image":"","background-repeat":"repeat","background-position":"center center","background-size":"auto","background-attachment":"scroll","background-type":"","background-media":"","overlay-type":"","overlay-color":"","overlay-opacity":"","overlay-gradient":""}},"ast-content-background-meta":{"desktop":{"background-color":"var(--ast-global-color-5)","background-image":"","background-repeat":"repeat","background-position":"center center","background-size":"auto","background-attachment":"scroll","background-type":"","background-media":"","overlay-type":"","overlay-color":"","overlay-opacity":"","overlay-gradient":""},"tablet":{"background-color":"var(--ast-global-color-5)","background-image":"","background-repeat":"repeat","background-position":"center center","background-size":"auto","background-attachment":"scroll","background-type":"","background-media":"","overlay-type":"","overlay-color":"","overlay-opacity":"","overlay-gradient":""},"mobile":{"background-color":"var(--ast-global-color-5)","background-image":"","background-repeat":"repeat","background-position":"center center","background-size":"auto","background-attachment":"scroll","background-type":"","background-media":"","overlay-type":"","overlay-color":"","overlay-opacity":"","overlay-gradient":""}}},"product_brand":[],"product_cat":[94,63,207],"product_tag":[114,87,149,138,92],"class_list":{"0":"post-1283","1":"product","2":"type-product","3":"status-publish","4":"has-post-thumbnail","6":"product_cat-accessoires-pour-meubles-sm","7":"product_cat-attache","8":"product_cat-offre-speciale","9":"product_tag-accessoires-pour-meubles-sm","10":"product_tag-bondage-fr","11":"product_tag-menottes","12":"product_tag-menottes-en-cuir","13":"product_tag-meubles-de-bondage","14":"desktop-align-left","15":"tablet-align-left","16":"mobile-align-left","18":"first","19":"instock","20":"sale","21":"taxable","22":"shipping-taxable","23":"purchasable","24":"product-type-simple"},"aioseo_notices":[],"jetpack_sharing_enabled":true,"_links":{"self":[{"href":"https:\/\/bondagefurniture.eu\/fr\/wp-json\/wp\/v2\/product\/1283","targetHints":{"allow":["GET"]}}],"collection":[{"href":"https:\/\/bondagefurniture.eu\/fr\/wp-json\/wp\/v2\/product"}],"about":[{"href":"https:\/\/bondagefurniture.eu\/fr\/wp-json\/wp\/v2\/types\/product"}],"wp:featuredmedia":[{"embeddable":true,"href":"https:\/\/bondagefurniture.eu\/fr\/wp-json\/wp\/v2\/media\/1278"}],"wp:attachment":[{"href":"https:\/\/bondagefurniture.eu\/fr\/wp-json\/wp\/v2\/media?parent=1283"}],"wp:term":[{"taxonomy":"product_brand","embeddable":true,"href":"https:\/\/bondagefurniture.eu\/fr\/wp-json\/wp\/v2\/product_brand?post=1283"},{"taxonomy":"product_cat","embeddable":true,"href":"https:\/\/bondagefurniture.eu\/fr\/wp-json\/wp\/v2\/product_cat?post=1283"},{"taxonomy":"product_tag","embeddable":true,"href":"https:\/\/bondagefurniture.eu\/fr\/wp-json\/wp\/v2\/product_tag?post=1283"}],"curies":[{"name":"wp","href":"https:\/\/api.w.org\/{rel}","templated":true}]}}