{"id":1259,"date":"2023-10-21T18:15:18","date_gmt":"2023-10-21T18:15:18","guid":{"rendered":"https:\/\/bondagefurniture.eu\/product\/set-de-menottes-mains-jambes-avec-raccord-a-visser-cuir-pu-avec-neoprene\/"},"modified":"2026-05-05T22:20:48","modified_gmt":"2026-05-05T22:20:48","slug":"fesselset-mains-jambes-avec-raccord-vis-cuir-avec-neoprene","status":"publish","type":"product","link":"https:\/\/bondagefurniture.eu\/fr\/produit\/fesselset-mains-jambes-avec-raccord-vis-cuir-avec-neoprene\/","title":{"rendered":"Set de menottes &#8211; mains \/ jambes avec raccord \u00e0 visser &#8211; cuir PU avec n\u00e9opr\u00e8ne"},"content":{"rendered":"<div class=\"product-addition-content\">\n<h2>Set de bondage robuste de haute qualit\u00e9 (main &amp; pied) en cuir PU avec n\u00e9opr\u00e8ne en noir.<\/h2>\n<p>Le <strong>set de menottes<\/strong> dans un look noir profond styl\u00e9 est l\u00e9g\u00e8rement rembourr\u00e9 et donc tr\u00e8s confortable \u00e0 porter.<br \/>\nLes manchettes de bondage sont tr\u00e8s robustes et \u00e9quip\u00e9es de fermetures en m\u00e9tal noir sans nickel.<br \/>\nLa doublure int\u00e9rieure est en n\u00e9opr\u00e8ne doux pour la peau, ce qui permet de porter les menottes et les chevilles pendant une longue p\u00e9riode sans que des points de pression ou des abrasions ne se forment.<br \/>\nLes manchettes sont r\u00e9glables \u00e0 plusieurs reprises gr\u00e2ce \u00e0 des boucles et s&rsquo;adaptent ainsi parfaitement au corps.<\/p>\n<p>Ce <strong>set de menottes<\/strong> s&rsquo;adapte sans peine \u00e0 tous nos <strong><a href=\"https:\/\/bondagefurniture.eu\/fr\/meubles-sm\/\">Meubles SM<\/a> <\/strong>et garantissent une stabilit\u00e9 absolue sans vacillement g\u00eanant. Ainsi, vous n&rsquo;avez pas besoin de payer des attaches suppl\u00e9mentaires pour chaque meuble de bondage !<\/p>\n<p><strong>Cette fixation pr\u00e9cise du corps sur nos meubles SM caract\u00e9rise particuli\u00e8rement notre syst\u00e8me de bondage.<\/strong><\/p>\n<p>Plongez dans le monde de la sensualit\u00e9 et profitez de moments inoubliables avec notre <strong>set de menottes de<\/strong> haute qualit\u00e9 en cuir PU avec doublure en n\u00e9opr\u00e8ne.<\/p>\n<h3>Les avantages de notre set de menottes r\u00e9sum\u00e9s :<\/h3>\n<div class=\"flex flex-grow flex-col gap-3 max-w-full\">\n<div class=\"min-h-[20px] flex flex-col items-start gap-3 whitespace-pre-wrap break-words overflow-x-auto\">\n<div class=\"markdown prose w-full break-words dark:prose-invert light\">\n<ul>\n<li>Pr\u00e9paration rapide : Fixez facilement les attaches sur votre corps avant de commencer votre exp\u00e9rience BDSM.<\/li>\n<li>Utilisation flexible : Passez d&rsquo;un meuble ou d&rsquo;une position BDSM \u00e0 l&rsquo;autre en un clin d&rsquo;\u0153il, sans perdre de temps.<\/li>\n<li>Une fixation pr\u00e9cise : Nos attaches sont toujours bien fix\u00e9es et stables, sans glisser de mani\u00e8re g\u00eanante.<\/li>\n<li>Gain de temps : gr\u00e2ce \u00e0 notre conception intelligente, tout se fait en un clin d&rsquo;\u0153il. Plongez imm\u00e9diatement dans votre aventure de bondage !<\/li>\n<\/ul>\n<\/div>\n<\/div>\n<\/div>\n<p><strong>Taille :<br \/>\n<\/strong>2x menottes pour les pieds : longueur : 29cm \/ largeur : 5,5cm.<br \/>\n2x menottes pour les mains : longueur : 24cm \/ largeur : 5,5cm.<strong><br \/>\n<\/strong><\/p>\n<p><strong>Couleur :<\/strong> Noir<br \/>\n<strong>Mat\u00e9riau :<\/strong> manchons &#8211; n\u00e9opr\u00e8ne \/ connecteurs &#8211; m\u00e9tal<\/p>\n<p><strong>Autres :<\/strong> incl. Cha\u00eene de connexion (noir)<\/p>\n<h3><strong>Avec notre set de contention, il y a deux possibilit\u00e9s de fixation :<\/strong><\/h3>\n<ul>\n<li>Ils fixent d&rsquo;abord les liens au meuble, la personne \u00e0 immobiliser s&rsquo;assoit, se couche ou se place contre le meuble et nous fixons.<\/li>\n<li>La personne \u00e0 attacher commence par fixer toutes les attaches sur son corps, puis se rend au meuble. Ici, les attaches peuvent alors \u00eatre reli\u00e9es au meuble exactement au bon endroit.  <strong>Il n&rsquo;y a pas plus ajust\u00e9 ! Et cela permet de gagner beaucoup de temps.<\/strong><\/li>\n<\/ul>\n<p>Vous trouverez ici le collier assorti au set : <a href=\"https:\/\/bondagefurniture.eu\/fr\/produkt\/menottes-de-cou-en-cuir-veritable-avec-connecteur-a-vis-pour-nos-meubles-bdsm-bondage-furniture-kopie\/\">collier en cuir PU avec rembourrage en n\u00e9opr\u00e8ne<\/a><\/p>\n<p>&nbsp;<\/p>\n<\/div>\n","protected":false},"excerpt":{"rendered":"<p>incl. TVA sauf pour le Royaume-Uni, la Norv\u00e8ge et la Suisse<\/p>\n<p><strong>Set de bondage robuste de haute qualit\u00e9<\/strong> (main &amp; pied) en cuir PU avec n\u00e9opr\u00e8ne en noir.<\/p>\n<p>Le <strong>set de menottes<\/strong> dans un look noir profond styl\u00e9 est l\u00e9g\u00e8rement rembourr\u00e9 et donc tr\u00e8s confortable \u00e0 porter. Il s&rsquo;adapte facilement \u00e0 tous nos <strong><a href=\"https:\/\/bondagefurniture.eu\/fr\/meubles-sm\/\">Meubles SM<\/a> <\/strong>et garantissent une stabilit\u00e9 absolue sans vacillement g\u00eanant. Ainsi, vous n&rsquo;avez pas besoin de payer des attaches suppl\u00e9mentaires pour chaque meuble de bondage !<\/p>\n<p><strong>taille :<\/strong><\/p>\n<ul>\n<li>2x menottes pour les pieds : longueur : 29cm \/ largeur : 5,5cm.<\/li>\n<li>2x menottes : longueur : 24cm \/ largeur : 5,5cm.<\/li>\n<\/ul>\n<p><span style=\"color: #025877;\">D\u00e9lai de livraison : 14 jours maximum<\/span><\/p>\n<p>&nbsp;<\/p>\n","protected":false},"featured_media":1227,"template":"","meta":{"om_disable_all_campaigns":false,"_monsterinsights_skip_tracking":false,"_monsterinsights_sitenote_active":false,"_monsterinsights_sitenote_note":"","_monsterinsights_sitenote_category":0,"site-sidebar-layout":"default","site-content-layout":"","ast-site-content-layout":"default","site-content-style":"default","site-sidebar-style":"default","ast-global-header-display":"","ast-banner-title-visibility":"","ast-main-header-display":"","ast-hfb-above-header-display":"","ast-hfb-below-header-display":"","ast-hfb-mobile-header-display":"","site-post-title":"","ast-breadcrumbs-content":"","ast-featured-img":"","footer-sml-layout":"","ast-disable-related-posts":"","theme-transparent-header-meta":"default","adv-header-id-meta":"","stick-header-meta":"","header-above-stick-meta":"","header-main-stick-meta":"","header-below-stick-meta":"","astra-migrate-meta-layouts":"default","ast-page-background-enabled":"default","ast-page-background-meta":{"desktop":{"background-color":"var(--ast-global-color-4)","background-image":"","background-repeat":"repeat","background-position":"center center","background-size":"auto","background-attachment":"scroll","background-type":"","background-media":"","overlay-type":"","overlay-color":"","overlay-opacity":"","overlay-gradient":""},"tablet":{"background-color":"","background-image":"","background-repeat":"repeat","background-position":"center center","background-size":"auto","background-attachment":"scroll","background-type":"","background-media":"","overlay-type":"","overlay-color":"","overlay-opacity":"","overlay-gradient":""},"mobile":{"background-color":"","background-image":"","background-repeat":"repeat","background-position":"center center","background-size":"auto","background-attachment":"scroll","background-type":"","background-media":"","overlay-type":"","overlay-color":"","overlay-opacity":"","overlay-gradient":""}},"ast-content-background-meta":{"desktop":{"background-color":"var(--ast-global-color-5)","background-image":"","background-repeat":"repeat","background-position":"center center","background-size":"auto","background-attachment":"scroll","background-type":"","background-media":"","overlay-type":"","overlay-color":"","overlay-opacity":"","overlay-gradient":""},"tablet":{"background-color":"var(--ast-global-color-5)","background-image":"","background-repeat":"repeat","background-position":"center center","background-size":"auto","background-attachment":"scroll","background-type":"","background-media":"","overlay-type":"","overlay-color":"","overlay-opacity":"","overlay-gradient":""},"mobile":{"background-color":"var(--ast-global-color-5)","background-image":"","background-repeat":"repeat","background-position":"center center","background-size":"auto","background-attachment":"scroll","background-type":"","background-media":"","overlay-type":"","overlay-color":"","overlay-opacity":"","overlay-gradient":""}}},"product_brand":[],"product_cat":[94,63],"product_tag":[113,87,150,149,138,92],"class_list":{"0":"post-1259","1":"product","2":"type-product","3":"status-publish","4":"has-post-thumbnail","6":"product_cat-accessoires-pour-meubles-sm","7":"product_cat-attache","8":"product_tag-accessoires-de-bondage","9":"product_tag-bondage-fr","10":"product_tag-bracelet-electronique","11":"product_tag-menottes","12":"product_tag-menottes-en-cuir","13":"product_tag-meubles-de-bondage","14":"desktop-align-left","15":"tablet-align-left","16":"mobile-align-left","18":"first","19":"instock","20":"taxable","21":"shipping-taxable","22":"purchasable","23":"product-type-simple"},"aioseo_notices":[],"jetpack_sharing_enabled":true,"_links":{"self":[{"href":"https:\/\/bondagefurniture.eu\/fr\/wp-json\/wp\/v2\/product\/1259","targetHints":{"allow":["GET"]}}],"collection":[{"href":"https:\/\/bondagefurniture.eu\/fr\/wp-json\/wp\/v2\/product"}],"about":[{"href":"https:\/\/bondagefurniture.eu\/fr\/wp-json\/wp\/v2\/types\/product"}],"wp:featuredmedia":[{"embeddable":true,"href":"https:\/\/bondagefurniture.eu\/fr\/wp-json\/wp\/v2\/media\/1227"}],"wp:attachment":[{"href":"https:\/\/bondagefurniture.eu\/fr\/wp-json\/wp\/v2\/media?parent=1259"}],"wp:term":[{"taxonomy":"product_brand","embeddable":true,"href":"https:\/\/bondagefurniture.eu\/fr\/wp-json\/wp\/v2\/product_brand?post=1259"},{"taxonomy":"product_cat","embeddable":true,"href":"https:\/\/bondagefurniture.eu\/fr\/wp-json\/wp\/v2\/product_cat?post=1259"},{"taxonomy":"product_tag","embeddable":true,"href":"https:\/\/bondagefurniture.eu\/fr\/wp-json\/wp\/v2\/product_tag?post=1259"}],"curies":[{"name":"wp","href":"https:\/\/api.w.org\/{rel}","templated":true}]}}