{"id":1169,"date":"2023-10-19T10:15:53","date_gmt":"2023-10-19T10:15:53","guid":{"rendered":"https:\/\/bondagefurniture.eu\/product\/menottes-de-cou-en-cuir-veritable-avec-connecteur-a-vis-pour-nos-meubles-bdsm-bondage-furniture\/"},"modified":"2026-01-02T18:29:43","modified_gmt":"2026-01-02T18:29:43","slug":"menottes-cuir-veritable-avec-raccords-a-visser-bdsm-mobilier","status":"publish","type":"product","link":"https:\/\/bondagefurniture.eu\/fr\/produit\/menottes-cuir-veritable-avec-raccords-a-visser-bdsm-mobilier\/","title":{"rendered":"Menottes de cou en cuir v\u00e9ritable avec connecteur \u00e0 vis pour nos meubles BDSM | Bondage Furniture"},"content":{"rendered":"<div class=\"product-addition-content\">\n<h2>Collier en cuir v\u00e9ritable de haute qualit\u00e9, parfait pour vivre votre passion pour le BDSM et la domination !<\/h2>\n<p>Ce <strong>collier professionnel en cuir v\u00e9ritable<\/strong>, en cuir de vache souple, rembourr\u00e9 \u00e0 l&rsquo;int\u00e9rieur de cuir nappa doux, est un compl\u00e9ment important \u00e0 notre gamme de produits de haute qualit\u00e9. <strong><br \/>\n  <a href=\"https:\/\/bondagefurniture.eu\/fr\/meubles-sm\/\">Meubles SM<\/a><br \/>\n<\/strong>. C&rsquo;est justement lorsque le cou est \u00e9galement fix\u00e9 que l&rsquo;exp\u00e9rience du bondage est d\u00e9cupl\u00e9e. De plus, la minerve est un signe de soumission et ne devrait pas manquer dans votre \u00e9quipement.<br \/>\nToutes les minerve sont con\u00e7ues pour \u00eatre attach\u00e9es sans effort \u00e0 nos meubles de bondage \u00e0 l&rsquo;aide des attaches rapides. Cela garantit une connexion s\u00fbre et stable.<\/p>\n<h3>Support pour le collier en cuir v\u00e9ritable :<\/h3>\n<p>Pour ceux qui souhaitent avoir encore plus de marge de man\u0153uvre lors de la mise en place du collier, nous proposons un support suppl\u00e9mentaire compos\u00e9 de tubes et de connecteurs. Ce support vous permet de positionner le collier de mani\u00e8re encore plus pr\u00e9cise. Le support est un \u00e9l\u00e9ment important, en particulier pour le banc de bondage et le pilon au sol.<br \/>\nQue vous soyez un d\u00e9butant ou un amateur exp\u00e9riment\u00e9 de bondage, notre collier est l&rsquo;accessoire id\u00e9al pour faire de vos d\u00e9sirs une r\u00e9alit\u00e9. D\u00e9couvrez le monde passionnant de l&rsquo;engagement et du contr\u00f4le dans une toute nouvelle dimension.<\/p>\n<p>Le large collier noir en cuir v\u00e9ritable est r\u00e9glable et s&rsquo;adapte \u00e0 toutes les tailles de cou. Le connecteur \u00e0 l&rsquo;arri\u00e8re du collier vous permet d&rsquo;attacher rapidement et solidement le collier \u00e0 nos meubles !<\/p>\n<ul>\n<li>Avec anneau en D.<\/li>\n<li>Couleur : noir.<\/li>\n<li>Mati\u00e8re : cuir de vache.<\/li>\n<li>Int\u00e9rieur rembourr\u00e9 de cuir nappa doux.<\/li>\n<li>incl. Connecteurs rapides adapt\u00e9s \u00e0 nos meubles de bondage<\/li>\n<\/ul>\n<p><strong>Dimensions :  <\/strong><\/p>\n<p>Longueur du coussin : 42cm. Largeur : 6,5cm.<\/p>\n<p>Il existe \u00e9galement <a href=\"https:\/\/bondagefurniture.eu\/fr\/produkt\/profi-cuir-fesselsethand-beine-avec-raccord-visse\/\">des menottes et des chevilles<\/a> assorties \u00e0 notre collier.<\/p>\n<p><strong>Toutes nos menottes de cou ne sont pas adapt\u00e9es aux fixations suspendues !  <\/strong><\/p>\n<\/div>\n","protected":false},"excerpt":{"rendered":"<p>incl. TVA sauf pour le Royaume-Uni, la Norv\u00e8ge et la Suisse<\/p>\n<p>Ce <strong>collier professionnel en cuir v\u00e9ritable<\/strong>, en cuir de vache souple, rembourr\u00e9 \u00e0 l&rsquo;int\u00e9rieur de cuir nappa doux, est un compl\u00e9ment important \u00e0 notre gamme de produits de haute qualit\u00e9. <strong><br \/>\n  <a href=\"https:\/\/bondagefurniture.eu\/fr\/meubles-sm\/\">Meubles SM<\/a><br \/>\n<\/strong>. C&rsquo;est justement lorsque le cou est \u00e9galement fix\u00e9 que l&rsquo;exp\u00e9rience du bondage est d\u00e9cupl\u00e9e.<\/p>\n<ul>\n<li>Couleur : noir.<\/li>\n<li>Mati\u00e8re : cuir de vache.<\/li>\n<li>Int\u00e9rieur rembourr\u00e9 de cuir nappa doux.<\/li>\n<li>incl. Connecteurs rapides adapt\u00e9s \u00e0 nos meubles de bondage<\/li>\n<\/ul>\n<p><span style=\"color: #025877;\">D\u00e9lai de livraison : 14 jours maximum<\/span><\/p>\n","protected":false},"featured_media":1122,"template":"","meta":{"om_disable_all_campaigns":false,"_monsterinsights_skip_tracking":false,"_monsterinsights_sitenote_active":false,"_monsterinsights_sitenote_note":"","_monsterinsights_sitenote_category":0,"site-sidebar-layout":"default","site-content-layout":"","ast-site-content-layout":"default","site-content-style":"default","site-sidebar-style":"default","ast-global-header-display":"","ast-banner-title-visibility":"","ast-main-header-display":"","ast-hfb-above-header-display":"","ast-hfb-below-header-display":"","ast-hfb-mobile-header-display":"","site-post-title":"","ast-breadcrumbs-content":"","ast-featured-img":"","footer-sml-layout":"","ast-disable-related-posts":"","theme-transparent-header-meta":"default","adv-header-id-meta":"","stick-header-meta":"","header-above-stick-meta":"","header-main-stick-meta":"","header-below-stick-meta":"","astra-migrate-meta-layouts":"default","ast-page-background-enabled":"default","ast-page-background-meta":{"desktop":{"background-color":"var(--ast-global-color-4)","background-image":"","background-repeat":"repeat","background-position":"center center","background-size":"auto","background-attachment":"scroll","background-type":"","background-media":"","overlay-type":"","overlay-color":"","overlay-opacity":"","overlay-gradient":""},"tablet":{"background-color":"","background-image":"","background-repeat":"repeat","background-position":"center center","background-size":"auto","background-attachment":"scroll","background-type":"","background-media":"","overlay-type":"","overlay-color":"","overlay-opacity":"","overlay-gradient":""},"mobile":{"background-color":"","background-image":"","background-repeat":"repeat","background-position":"center center","background-size":"auto","background-attachment":"scroll","background-type":"","background-media":"","overlay-type":"","overlay-color":"","overlay-opacity":"","overlay-gradient":""}},"ast-content-background-meta":{"desktop":{"background-color":"var(--ast-global-color-5)","background-image":"","background-repeat":"repeat","background-position":"center center","background-size":"auto","background-attachment":"scroll","background-type":"","background-media":"","overlay-type":"","overlay-color":"","overlay-opacity":"","overlay-gradient":""},"tablet":{"background-color":"var(--ast-global-color-5)","background-image":"","background-repeat":"repeat","background-position":"center center","background-size":"auto","background-attachment":"scroll","background-type":"","background-media":"","overlay-type":"","overlay-color":"","overlay-opacity":"","overlay-gradient":""},"mobile":{"background-color":"var(--ast-global-color-5)","background-image":"","background-repeat":"repeat","background-position":"center center","background-size":"auto","background-attachment":"scroll","background-type":"","background-media":"","overlay-type":"","overlay-color":"","overlay-opacity":"","overlay-gradient":""}}},"product_brand":[],"product_cat":[94,63,207],"product_tag":[113,114,87,129,138,143,92],"class_list":{"0":"post-1169","1":"product","2":"type-product","3":"status-publish","4":"has-post-thumbnail","6":"product_cat-accessoires-pour-meubles-sm","7":"product_cat-attache","8":"product_cat-offre-speciale","9":"product_tag-accessoires-de-bondage","10":"product_tag-accessoires-pour-meubles-sm","11":"product_tag-bondage-fr","12":"product_tag-ligotage-extreme","13":"product_tag-menottes-en-cuir","14":"product_tag-menottes-pour-le-cou","15":"product_tag-meubles-de-bondage","16":"desktop-align-left","17":"tablet-align-left","18":"mobile-align-left","20":"first","21":"instock","22":"sale","23":"taxable","24":"shipping-taxable","25":"purchasable","26":"product-type-variable"},"aioseo_notices":[],"jetpack_sharing_enabled":true,"_links":{"self":[{"href":"https:\/\/bondagefurniture.eu\/fr\/wp-json\/wp\/v2\/product\/1169","targetHints":{"allow":["GET"]}}],"collection":[{"href":"https:\/\/bondagefurniture.eu\/fr\/wp-json\/wp\/v2\/product"}],"about":[{"href":"https:\/\/bondagefurniture.eu\/fr\/wp-json\/wp\/v2\/types\/product"}],"wp:featuredmedia":[{"embeddable":true,"href":"https:\/\/bondagefurniture.eu\/fr\/wp-json\/wp\/v2\/media\/1122"}],"wp:attachment":[{"href":"https:\/\/bondagefurniture.eu\/fr\/wp-json\/wp\/v2\/media?parent=1169"}],"wp:term":[{"taxonomy":"product_brand","embeddable":true,"href":"https:\/\/bondagefurniture.eu\/fr\/wp-json\/wp\/v2\/product_brand?post=1169"},{"taxonomy":"product_cat","embeddable":true,"href":"https:\/\/bondagefurniture.eu\/fr\/wp-json\/wp\/v2\/product_cat?post=1169"},{"taxonomy":"product_tag","embeddable":true,"href":"https:\/\/bondagefurniture.eu\/fr\/wp-json\/wp\/v2\/product_tag?post=1169"}],"curies":[{"name":"wp","href":"https:\/\/api.w.org\/{rel}","templated":true}]}}