{"id":1165,"date":"2023-10-19T08:10:54","date_gmt":"2023-10-19T08:10:54","guid":{"rendered":"https:\/\/bondagefurniture.eu\/product\/2x-menottes-pour-cuisses-avec-connecteur-a-vis-menottes-bdsm-ceinture-de-menottes-meubles-bdsm\/"},"modified":"2025-11-14T01:46:25","modified_gmt":"2025-11-14T01:46:25","slug":"2x-fixation-de-la-cuisse-sm-moebel","status":"publish","type":"product","link":"https:\/\/bondagefurniture.eu\/fr\/produit\/2x-fixation-de-la-cuisse-sm-moebel\/","title":{"rendered":"2x Menottes pour cuisses avec connecteur \u00e0 vis &#8211; Menottes BDSM, ceinture de menottes, meubles BDSM"},"content":{"rendered":"<h2><strong>Menottes pour cuisses avec connecteur \u00e0 vis <\/strong>pour nos meubles de bondage<\/h2>\n<p>Que vous soyez un d\u00e9butant ou un passionn\u00e9 de bondage exp\u00e9riment\u00e9, nos menottes pour cuisses sont l&rsquo;accessoire parfait pour fixer votre partenaire de mani\u00e8re plus intense. Les attaches peuvent \u00eatre facilement viss\u00e9es \u00e0 un endroit libre sur les tubes de nos meubles, ce qui les rend tr\u00e8s flexibles et adaptables \u00e0 toutes les tailles.<\/p>\n<p>Nos <strong>menottes \u00e0 cuisses<\/strong> se fixent rapidement et sans outils g\u00eanants avec nos <strong><a href=\"https:\/\/bondagefurniture.eu\/fr\/meubles-sm\/\">Meubles SM<\/a> <\/strong>de sorte que vous puissiez vous concentrer enti\u00e8rement sur l&rsquo;exp\u00e9rience excitante.<\/p>\n<p>En particulier dans le bondage, c&rsquo;est une sensation tr\u00e8s excitante lorsque les cuisses peuvent \u00eatre fermement fix\u00e9es. Vivez cette intensit\u00e9 du bondage dans sa plus belle forme avec nos menottes pour cuisses.<\/p>\n<p><strong>Les menottes pour cuisses avec connecteur \u00e0 vis direct ne sont pas adapt\u00e9es aux fixations suspendues.  <\/strong><\/p>\n<p><strong>Notre conseil :<\/strong> s&rsquo;il est possible d&rsquo;attacher les cuisses, il faut le faire. La sensation de ne plus pouvoir rapprocher les jambes est un frisson particulier pour les d\u00e9butants comme pour les professionnels du bondage.<\/p>\n<h3>Menottes pour cuisses Dimensions et donn\u00e9es :<\/h3>\n<p>longueur : 60 cm<\/p>\n<p>R\u00e9glable : de 36 \u00e0 57 cm<\/p>\n<p>Mat\u00e9riau : cuir PU \/ nylon \/ m\u00e9tal<br \/>\nCouleur : noir<\/p>\n<p>avec 2x mousquetons et 2x petits cadenas<\/p>\n<p>2x connecteurs \u00e0 visser pour la fixation \u00e0 nos meubles de bondage (m\u00e9tal)<\/p>\n","protected":false},"excerpt":{"rendered":"<p>incl. TVA sauf pour le Royaume-Uni, la Norv\u00e8ge et la Suisse<\/p>\n<p>Que tu sois un d\u00e9butant ou un passionn\u00e9 de bondage exp\u00e9riment\u00e9, nos menottes pour cuisses sont l&rsquo;accessoire parfait pour fixer ton partenaire de mani\u00e8re encore plus intense. Nos menottes pour cuisses se connectent rapidement et sans outils g\u00eanants \u00e0 nos meubles SM, ce qui vous permet de vous concentrer enti\u00e8rement sur l&rsquo;exp\u00e9rience excitante.<\/p>\n<ul>\n<li>longueur : 60 cm<\/li>\n<li>R\u00e9glable : de 36 \u00e0 57 cm<\/li>\n<li>Mat\u00e9riau : cuir PU \/ nylon \/ m\u00e9tal<\/li>\n<li>couleur : noir<\/li>\n<li>2x connecteurs \u00e0 visser pour la fixation \u00e0 nos meubles de bondage (m\u00e9tal)<\/li>\n<\/ul>\n<p><span style=\"color: #025877;\">D\u00e9lai de livraison : 14 jours maximum<\/span><\/p>\n<p>&nbsp;<\/p>\n","protected":false},"featured_media":1074,"template":"","meta":{"om_disable_all_campaigns":false,"_monsterinsights_skip_tracking":false,"_monsterinsights_sitenote_active":false,"_monsterinsights_sitenote_note":"","_monsterinsights_sitenote_category":0,"site-sidebar-layout":"default","site-content-layout":"","ast-site-content-layout":"default","site-content-style":"default","site-sidebar-style":"default","ast-global-header-display":"","ast-banner-title-visibility":"","ast-main-header-display":"","ast-hfb-above-header-display":"","ast-hfb-below-header-display":"","ast-hfb-mobile-header-display":"","site-post-title":"","ast-breadcrumbs-content":"","ast-featured-img":"","footer-sml-layout":"","ast-disable-related-posts":"","theme-transparent-header-meta":"default","adv-header-id-meta":"","stick-header-meta":"","header-above-stick-meta":"","header-main-stick-meta":"","header-below-stick-meta":"","astra-migrate-meta-layouts":"default","ast-page-background-enabled":"default","ast-page-background-meta":{"desktop":{"background-color":"var(--ast-global-color-4)","background-image":"","background-repeat":"repeat","background-position":"center center","background-size":"auto","background-attachment":"scroll","background-type":"","background-media":"","overlay-type":"","overlay-color":"","overlay-opacity":"","overlay-gradient":""},"tablet":{"background-color":"","background-image":"","background-repeat":"repeat","background-position":"center center","background-size":"auto","background-attachment":"scroll","background-type":"","background-media":"","overlay-type":"","overlay-color":"","overlay-opacity":"","overlay-gradient":""},"mobile":{"background-color":"","background-image":"","background-repeat":"repeat","background-position":"center center","background-size":"auto","background-attachment":"scroll","background-type":"","background-media":"","overlay-type":"","overlay-color":"","overlay-opacity":"","overlay-gradient":""}},"ast-content-background-meta":{"desktop":{"background-color":"var(--ast-global-color-5)","background-image":"","background-repeat":"repeat","background-position":"center center","background-size":"auto","background-attachment":"scroll","background-type":"","background-media":"","overlay-type":"","overlay-color":"","overlay-opacity":"","overlay-gradient":""},"tablet":{"background-color":"var(--ast-global-color-5)","background-image":"","background-repeat":"repeat","background-position":"center center","background-size":"auto","background-attachment":"scroll","background-type":"","background-media":"","overlay-type":"","overlay-color":"","overlay-opacity":"","overlay-gradient":""},"mobile":{"background-color":"var(--ast-global-color-5)","background-image":"","background-repeat":"repeat","background-position":"center center","background-size":"auto","background-attachment":"scroll","background-type":"","background-media":"","overlay-type":"","overlay-color":"","overlay-opacity":"","overlay-gradient":""}}},"product_brand":[],"product_cat":[94,63],"product_tag":[113,114,129,137,138,92],"class_list":{"0":"post-1165","1":"product","2":"type-product","3":"status-publish","4":"has-post-thumbnail","6":"product_cat-accessoires-pour-meubles-sm","7":"product_cat-attache","8":"product_tag-accessoires-de-bondage","9":"product_tag-accessoires-pour-meubles-sm","10":"product_tag-ligotage-extreme","11":"product_tag-menottes-de-cuisses","12":"product_tag-menottes-en-cuir","13":"product_tag-meubles-de-bondage","14":"desktop-align-left","15":"tablet-align-left","16":"mobile-align-left","18":"first","19":"instock","20":"taxable","21":"shipping-taxable","22":"purchasable","23":"product-type-simple"},"aioseo_notices":[],"jetpack_sharing_enabled":true,"_links":{"self":[{"href":"https:\/\/bondagefurniture.eu\/fr\/wp-json\/wp\/v2\/product\/1165","targetHints":{"allow":["GET"]}}],"collection":[{"href":"https:\/\/bondagefurniture.eu\/fr\/wp-json\/wp\/v2\/product"}],"about":[{"href":"https:\/\/bondagefurniture.eu\/fr\/wp-json\/wp\/v2\/types\/product"}],"wp:featuredmedia":[{"embeddable":true,"href":"https:\/\/bondagefurniture.eu\/fr\/wp-json\/wp\/v2\/media\/1074"}],"wp:attachment":[{"href":"https:\/\/bondagefurniture.eu\/fr\/wp-json\/wp\/v2\/media?parent=1165"}],"wp:term":[{"taxonomy":"product_brand","embeddable":true,"href":"https:\/\/bondagefurniture.eu\/fr\/wp-json\/wp\/v2\/product_brand?post=1165"},{"taxonomy":"product_cat","embeddable":true,"href":"https:\/\/bondagefurniture.eu\/fr\/wp-json\/wp\/v2\/product_cat?post=1165"},{"taxonomy":"product_tag","embeddable":true,"href":"https:\/\/bondagefurniture.eu\/fr\/wp-json\/wp\/v2\/product_tag?post=1165"}],"curies":[{"name":"wp","href":"https:\/\/api.w.org\/{rel}","templated":true}]}}