{"id":1051,"date":"2023-10-15T18:37:02","date_gmt":"2023-10-15T18:37:02","guid":{"rendered":"https:\/\/bondagefurniture.eu\/product\/baillon-a-anneau-en-silicone-bdsm-bondage-accessoires-bondage-furniture\/"},"modified":"2025-05-15T18:13:36","modified_gmt":"2025-05-15T18:13:36","slug":"baillon-anneau-silicone-bdsm-bondage-accessoire","status":"publish","type":"product","link":"https:\/\/bondagefurniture.eu\/fr\/produit\/baillon-anneau-silicone-bdsm-bondage-accessoire\/","title":{"rendered":"B\u00e2illon \u00e0 anneau en silicone &#8211; BDSM Bondage Accessoires | Bondage Furniture"},"content":{"rendered":"<h2>B\u00e2illon \u00e0 anneaux en silicone<\/h2>\n<p>D\u00e9couvrez l&rsquo;ultime <strong>b\u00e2illon \u00e0 anneau <\/strong>en silicone de haute qualit\u00e9 ! Gr\u00e2ce \u00e0 ses caract\u00e9ristiques exceptionnelles, il vous permettra, avec nos <strong><br \/>\n  <a href=\"https:\/\/bondagefurniture.eu\/fr\/meubles-sm\/\">Meubles SM<\/a><br \/>\n<\/strong> vous offrira une exp\u00e9rience inoubliable.<\/p>\n<p>Notre <strong>b\u00e2illon \u00e0 anneaux<\/strong> est parfait pour tous ceux qui sont \u00e0 la recherche de nouvelles aventures et de jeux passionnants. Fabriqu\u00e9 en silicone, il offre un ajustement confortable et permet une exp\u00e9rience s\u00fbre mais intense. Contrairement aux b\u00e2illons en m\u00e9tal, le silicone m\u00e9nage les dents de mani\u00e8re optimale et est beaucoup plus agr\u00e9able dans la bouche.<\/p>\n<h3>B\u00e2illon \u00e0 anneau avec sangle en silicone<\/h3>\n<p>La sangle de l&rsquo;<strong>anneau-bouchon<\/strong>, \u00e9galement en silicone, s&rsquo;adapte \u00e0 toutes les tailles de t\u00eate gr\u00e2ce \u00e0 huit trous et assure la stabilit\u00e9 et la solidit\u00e9 n\u00e9cessaires. Gr\u00e2ce \u00e0 la boucle verrouillable, un cadenas permet d&rsquo;\u00e9viter que votre partenaire ne retire le b\u00e2illon sans autorisation.<\/p>\n<h3><strong>Conclusion du b\u00e2illon \u00e0 anneaux :<\/strong><\/h3>\n<p>Avec ce <strong>b\u00e2illon \u00e0 anneau <\/strong>, vous pouvez vous concentrer enti\u00e8rement sur votre plaisir sans vous soucier de le faire glisser ou de le desserrer. Que vous souhaitiez explorer vos fantasmes BDSM ou simplement profiter d&rsquo;un jeu de r\u00f4le excitant, notre <strong>b\u00e2illon \u00e0 anneau <\/strong>en silicone est le choix parfait. D\u00e9couvrez les limites de votre plaisir et vivez des moments incomparables d&rsquo;abandon et de soumission.<\/p>\n<p>Comme pour tous nos produits, la qualit\u00e9 a \u00e9t\u00e9 test\u00e9e dans la pratique. Seuls les produits qui fonctionnent \u00e0 l&rsquo;usage sont propos\u00e9s dans notre boutique !<\/p>\n<p><strong>D\u00e9tails de Ringkenbel :<\/strong><\/p>\n<ul>\n<li>Mat\u00e9riau : silicone<\/li>\n<li>diam\u00e8tre ext\u00e9rieur de l&rsquo;anneau : 50 mm -1,96 in<\/li>\n<li>boucle verrouillable (cadenas non fourni)<\/li>\n<li>Couleur : Noir<\/li>\n<li>circonf\u00e9rence de la ceinture maximale 56 cm &#8211; 22,4 in<\/li>\n<\/ul>\n","protected":false},"excerpt":{"rendered":"<p>incl. TVA sauf pour le Royaume-Uni, la Norv\u00e8ge et la Suisse<\/p>\n<p>Notre <strong>b\u00e2illon \u00e0 anneaux<\/strong> est parfait pour tous ceux qui sont \u00e0 la recherche de nouvelles aventures et de jeux passionnants. Fabriqu\u00e9 en silicone, il offre un ajustement confortable et permet une exp\u00e9rience s\u00fbre mais intense. Contrairement aux b\u00e2illons en m\u00e9tal, le silicone m\u00e9nage les dents de mani\u00e8re optimale et est beaucoup plus agr\u00e9able dans la bouche.<\/p>\n<ul>\n<li>Mat\u00e9riau : silicone<\/li>\n<li>Diam\u00e8tre ext\u00e9rieur de l&rsquo;anneau : 50 mm -1,96 pouce<\/li>\n<li>boucle verrouillable (cadenas non fourni)<\/li>\n<li>Couleur : Noir<\/li>\n<li>circonf\u00e9rence de la ceinture maximale 56 cm &#8211; 22,4 in<\/li>\n<\/ul>\n<p><span style=\"color: #025877;\">D\u00e9lai de livraison : 14 jours maximum<\/span><\/p>\n","protected":false},"featured_media":1043,"template":"","meta":{"om_disable_all_campaigns":false,"_monsterinsights_skip_tracking":false,"_monsterinsights_sitenote_active":false,"_monsterinsights_sitenote_note":"","_monsterinsights_sitenote_category":0,"site-sidebar-layout":"default","site-content-layout":"","ast-site-content-layout":"default","site-content-style":"default","site-sidebar-style":"default","ast-global-header-display":"","ast-banner-title-visibility":"","ast-main-header-display":"","ast-hfb-above-header-display":"","ast-hfb-below-header-display":"","ast-hfb-mobile-header-display":"","site-post-title":"","ast-breadcrumbs-content":"","ast-featured-img":"","footer-sml-layout":"","ast-disable-related-posts":"","theme-transparent-header-meta":"default","adv-header-id-meta":"","stick-header-meta":"","header-above-stick-meta":"","header-main-stick-meta":"","header-below-stick-meta":"","astra-migrate-meta-layouts":"default","ast-page-background-enabled":"default","ast-page-background-meta":{"desktop":{"background-color":"var(--ast-global-color-4)","background-image":"","background-repeat":"repeat","background-position":"center center","background-size":"auto","background-attachment":"scroll","background-type":"","background-media":"","overlay-type":"","overlay-color":"","overlay-opacity":"","overlay-gradient":""},"tablet":{"background-color":"","background-image":"","background-repeat":"repeat","background-position":"center center","background-size":"auto","background-attachment":"scroll","background-type":"","background-media":"","overlay-type":"","overlay-color":"","overlay-opacity":"","overlay-gradient":""},"mobile":{"background-color":"","background-image":"","background-repeat":"repeat","background-position":"center center","background-size":"auto","background-attachment":"scroll","background-type":"","background-media":"","overlay-type":"","overlay-color":"","overlay-opacity":"","overlay-gradient":""}},"ast-content-background-meta":{"desktop":{"background-color":"var(--ast-global-color-5)","background-image":"","background-repeat":"repeat","background-position":"center center","background-size":"auto","background-attachment":"scroll","background-type":"","background-media":"","overlay-type":"","overlay-color":"","overlay-opacity":"","overlay-gradient":""},"tablet":{"background-color":"var(--ast-global-color-5)","background-image":"","background-repeat":"repeat","background-position":"center center","background-size":"auto","background-attachment":"scroll","background-type":"","background-media":"","overlay-type":"","overlay-color":"","overlay-opacity":"","overlay-gradient":""},"mobile":{"background-color":"var(--ast-global-color-5)","background-image":"","background-repeat":"repeat","background-position":"center center","background-size":"auto","background-attachment":"scroll","background-type":"","background-media":"","overlay-type":"","overlay-color":"","overlay-opacity":"","overlay-gradient":""}}},"product_brand":[],"product_cat":[125,68],"product_tag":[113,126,128,87,129],"class_list":{"0":"post-1051","1":"product","2":"type-product","3":"status-publish","4":"has-post-thumbnail","6":"product_cat-baillon","7":"product_cat-accessoires-meubles-sm","8":"product_tag-accessoires-de-bondage","9":"product_tag-baillon","10":"product_tag-baillon-a-anneaux","11":"product_tag-bondage-fr","12":"product_tag-ligotage-extreme","13":"desktop-align-left","14":"tablet-align-left","15":"mobile-align-left","17":"first","18":"instock","19":"taxable","20":"shipping-taxable","21":"purchasable","22":"product-type-simple"},"aioseo_notices":[],"jetpack_sharing_enabled":true,"_links":{"self":[{"href":"https:\/\/bondagefurniture.eu\/fr\/wp-json\/wp\/v2\/product\/1051","targetHints":{"allow":["GET"]}}],"collection":[{"href":"https:\/\/bondagefurniture.eu\/fr\/wp-json\/wp\/v2\/product"}],"about":[{"href":"https:\/\/bondagefurniture.eu\/fr\/wp-json\/wp\/v2\/types\/product"}],"wp:featuredmedia":[{"embeddable":true,"href":"https:\/\/bondagefurniture.eu\/fr\/wp-json\/wp\/v2\/media\/1043"}],"wp:attachment":[{"href":"https:\/\/bondagefurniture.eu\/fr\/wp-json\/wp\/v2\/media?parent=1051"}],"wp:term":[{"taxonomy":"product_brand","embeddable":true,"href":"https:\/\/bondagefurniture.eu\/fr\/wp-json\/wp\/v2\/product_brand?post=1051"},{"taxonomy":"product_cat","embeddable":true,"href":"https:\/\/bondagefurniture.eu\/fr\/wp-json\/wp\/v2\/product_cat?post=1051"},{"taxonomy":"product_tag","embeddable":true,"href":"https:\/\/bondagefurniture.eu\/fr\/wp-json\/wp\/v2\/product_tag?post=1051"}],"curies":[{"name":"wp","href":"https:\/\/api.w.org\/{rel}","templated":true}]}}