{"id":1017,"date":"2023-10-14T20:19:06","date_gmt":"2023-10-14T20:19:06","guid":{"rendered":"https:\/\/bondagefurniture.eu\/product\/barre-de-godemiche-avec-connecteur-rapide-pour-nos-meubles-bdsm\/"},"modified":"2025-07-02T17:05:52","modified_gmt":"2025-07-02T17:05:52","slug":"barre-de-godes-pour-meubles-bdsm","status":"publish","type":"product","link":"https:\/\/bondagefurniture.eu\/fr\/produit\/barre-de-godes-pour-meubles-bdsm\/","title":{"rendered":"Barre de godemich\u00e9 avec connecteur rapide pour nos meubles BDSM"},"content":{"rendered":"<h2><strong>Barre de godemich\u00e9 &#8211; Godemich\u00e9 de marque sur rondin de h\u00eatre avec double raccord rapide<\/strong><\/h2>\n<p>Cette <strong>barre de godemich\u00e9<\/strong> est un must pour tous les propri\u00e9taires de nos meubles de bondage. Gr\u00e2ce au double connecteur rapide, elle peut \u00eatre reli\u00e9e aux meubles de mani\u00e8re pr\u00e9cise, rapide et flexible.<\/p>\n<ul>\n<li>Le godemich\u00e9 est en mati\u00e8re souple.<\/li>\n<li>silicone doux pour la peau<\/li>\n<li>16 cm de longueur env. 35mm de diam\u00e8tre<\/li>\n<li>Bois rond en h\u00eatre (l&rsquo;utilisation peut laisser des traces de rayures)<\/li>\n<li>1x connecteur double<\/li>\n<\/ul>\n<p>Le gode noir a une surface glissante et un corps ondul\u00e9. Avec sa pointe volumineuse et ses picots \u00e0 la base, il masse habilement tout ce qu&rsquo;il doit masser.<\/p>\n<h3><strong>Variantes de la barre de godemich\u00e9 :<\/strong><\/h3>\n<p>Le manche de notre barre de godemich\u00e9 est disponible en 2 longueurs : 30 cm ou, moyennant un suppl\u00e9ment, 50 cm de long.<\/p>\n<h3><strong>Nettoyage et entretien :<\/strong><\/h3>\n<p>Le silicone, qui respecte la peau, est tr\u00e8s hygi\u00e9nique gr\u00e2ce \u00e0 sa surface non poreuse. Pour le nettoyage, nous vous recommandons d&rsquo;utiliser de l&rsquo;eau et du savon doux.<br \/>\nLe godemich\u00e9 peut \u00e9galement \u00eatre d\u00e9viss\u00e9 de la tige pour \u00eatre nettoy\u00e9.<\/p>\n","protected":false},"excerpt":{"rendered":"<p>Cette <strong>barre de godemich\u00e9<\/strong> est un must pour tous les propri\u00e9taires de nos meubles de bondage. Gr\u00e2ce au double connecteur rapide, elle peut \u00eatre reli\u00e9e aux meubles de mani\u00e8re pr\u00e9cise, rapide et flexible.<\/p>\n<ul>\n<li>Le godemich\u00e9 est en mati\u00e8re souple.<\/li>\n<li>silicone doux pour la peau<\/li>\n<li>16 cm de longueur env. 35mm de diam\u00e8tre<\/li>\n<li>Bois rond en h\u00eatre (l&rsquo;utilisation peut laisser des traces de rayures)<\/li>\n<li>1x connecteur double<\/li>\n<\/ul>\n<p><span style=\"color: #025877;\">D\u00e9lai de livraison : 14 jours maximum<\/span><\/p>\n","protected":false},"featured_media":1011,"template":"","meta":{"om_disable_all_campaigns":false,"_monsterinsights_skip_tracking":false,"_monsterinsights_sitenote_active":false,"_monsterinsights_sitenote_note":"","_monsterinsights_sitenote_category":0,"site-sidebar-layout":"default","site-content-layout":"","ast-site-content-layout":"default","site-content-style":"default","site-sidebar-style":"default","ast-global-header-display":"","ast-banner-title-visibility":"","ast-main-header-display":"","ast-hfb-above-header-display":"","ast-hfb-below-header-display":"","ast-hfb-mobile-header-display":"","site-post-title":"","ast-breadcrumbs-content":"","ast-featured-img":"","footer-sml-layout":"","ast-disable-related-posts":"","theme-transparent-header-meta":"default","adv-header-id-meta":"","stick-header-meta":"","header-above-stick-meta":"","header-main-stick-meta":"","header-below-stick-meta":"","astra-migrate-meta-layouts":"default","ast-page-background-enabled":"default","ast-page-background-meta":{"desktop":{"background-color":"var(--ast-global-color-4)","background-image":"","background-repeat":"repeat","background-position":"center center","background-size":"auto","background-attachment":"scroll","background-type":"","background-media":"","overlay-type":"","overlay-color":"","overlay-opacity":"","overlay-gradient":""},"tablet":{"background-color":"","background-image":"","background-repeat":"repeat","background-position":"center center","background-size":"auto","background-attachment":"scroll","background-type":"","background-media":"","overlay-type":"","overlay-color":"","overlay-opacity":"","overlay-gradient":""},"mobile":{"background-color":"","background-image":"","background-repeat":"repeat","background-position":"center center","background-size":"auto","background-attachment":"scroll","background-type":"","background-media":"","overlay-type":"","overlay-color":"","overlay-opacity":"","overlay-gradient":""}},"ast-content-background-meta":{"desktop":{"background-color":"var(--ast-global-color-5)","background-image":"","background-repeat":"repeat","background-position":"center center","background-size":"auto","background-attachment":"scroll","background-type":"","background-media":"","overlay-type":"","overlay-color":"","overlay-opacity":"","overlay-gradient":""},"tablet":{"background-color":"var(--ast-global-color-5)","background-image":"","background-repeat":"repeat","background-position":"center center","background-size":"auto","background-attachment":"scroll","background-type":"","background-media":"","overlay-type":"","overlay-color":"","overlay-opacity":"","overlay-gradient":""},"mobile":{"background-color":"var(--ast-global-color-5)","background-image":"","background-repeat":"repeat","background-position":"center center","background-size":"auto","background-attachment":"scroll","background-type":"","background-media":"","overlay-type":"","overlay-color":"","overlay-opacity":"","overlay-gradient":""}}},"product_brand":[],"product_cat":[94,295,164],"product_tag":[113,114,112,91,88,92,89],"class_list":{"0":"post-1017","1":"product","2":"type-product","3":"status-publish","4":"has-post-thumbnail","6":"product_cat-accessoires-pour-meubles-sm","7":"product_cat-godemiches","8":"product_cat-plus-daccessoires-delirants","9":"product_tag-accessoires-de-bondage","10":"product_tag-accessoires-pour-meubles-sm","11":"product_tag-barre-de-godemiche","12":"product_tag-meubles-bdsm","13":"product_tag-meubles-damour","14":"product_tag-meubles-de-bondage","15":"product_tag-meubles-erotiques","16":"desktop-align-left","17":"tablet-align-left","18":"mobile-align-left","20":"first","21":"instock","22":"taxable","23":"shipping-taxable","24":"purchasable","25":"product-type-variable"},"aioseo_notices":[],"jetpack_sharing_enabled":true,"_links":{"self":[{"href":"https:\/\/bondagefurniture.eu\/fr\/wp-json\/wp\/v2\/product\/1017","targetHints":{"allow":["GET"]}}],"collection":[{"href":"https:\/\/bondagefurniture.eu\/fr\/wp-json\/wp\/v2\/product"}],"about":[{"href":"https:\/\/bondagefurniture.eu\/fr\/wp-json\/wp\/v2\/types\/product"}],"wp:featuredmedia":[{"embeddable":true,"href":"https:\/\/bondagefurniture.eu\/fr\/wp-json\/wp\/v2\/media\/1011"}],"wp:attachment":[{"href":"https:\/\/bondagefurniture.eu\/fr\/wp-json\/wp\/v2\/media?parent=1017"}],"wp:term":[{"taxonomy":"product_brand","embeddable":true,"href":"https:\/\/bondagefurniture.eu\/fr\/wp-json\/wp\/v2\/product_brand?post=1017"},{"taxonomy":"product_cat","embeddable":true,"href":"https:\/\/bondagefurniture.eu\/fr\/wp-json\/wp\/v2\/product_cat?post=1017"},{"taxonomy":"product_tag","embeddable":true,"href":"https:\/\/bondagefurniture.eu\/fr\/wp-json\/wp\/v2\/product_tag?post=1017"}],"curies":[{"name":"wp","href":"https:\/\/api.w.org\/{rel}","templated":true}]}}