{"id":5943,"date":"2025-05-15T19:12:47","date_gmt":"2025-05-15T19:12:47","guid":{"rendered":"https:\/\/bondagefurniture.eu\/accessibilite\/"},"modified":"2025-05-15T19:13:01","modified_gmt":"2025-05-15T19:13:01","slug":"accessibilite","status":"publish","type":"page","link":"https:\/\/bondagefurniture.eu\/fr\/accessibilite\/","title":{"rendered":"Accessibilit\u00e9"},"content":{"rendered":"\n<h2 class=\"wp-block-heading\">D\u00e9claration d&rsquo;accessibilit\u00e9 (en langage facile)<\/h2>\n\n<p>Ce site Internet fait partie de la boutique Bondage Furniture.<\/p>\n\n<p>Nous vendons des meubles pour le bondage et le BDSM.<\/p>\n\n<p>Nous souhaitons que tout le monde puisse utiliser notre site Internet dans de bonnes conditions.<\/p>\n\n<p>Cela inclut : les personnes handicap\u00e9es.<\/p>\n\n<p>C&rsquo;est pourquoi nous nous effor\u00e7ons de cr\u00e9er un site accessible \u00e0 tous.<\/p>\n\n<p>Cela signifie que tout le monde doit pouvoir comprendre et utiliser facilement le site.<\/p>\n\n<p>Cette d\u00e9claration a \u00e9t\u00e9 mise \u00e0 jour le 15.05.2025<\/p>\n\n<h3 class=\"wp-block-heading\"><strong>Qu&rsquo;est-ce qui est accessible ?<\/strong><\/h3>\n\n<p>Certaines parties du site Internet sont d\u00e9j\u00e0 accessibles aux personnes handicap\u00e9es.<\/p>\n\n<p><strong>Par exemple<\/strong><\/p>\n\n<ul class=\"wp-block-list\">\n<li>La police est bien lisible. Nous avons mis l&rsquo;arri\u00e8re-plan en blanc pour am\u00e9liorer la lisibilit\u00e9.<\/li>\n\n\n\n<li>La taille des caract\u00e8res a \u00e9t\u00e9 augment\u00e9e<\/li>\n\n\n\n<li>Presque toutes les images ont \u00e9t\u00e9 accompagn\u00e9es d&rsquo;une description textuelle<\/li>\n<\/ul>\n\n<p>Qu&rsquo;est-ce qui n&rsquo;est pas encore accessible ?<\/p>\n\n<p><strong>Il manque encore quelques \u00e9l\u00e9ments :<\/strong><\/p>\n\n<ul class=\"wp-block-list\">\n<li>Langage facile : toutes les informations ne sont pas encore disponibles en langage facile. Nous y travaillons.<\/li>\n\n\n\n<li>Les banni\u00e8res lat\u00e9rales doivent encore \u00eatre r\u00e9duites pour faciliter l&rsquo;utilisation.<\/li>\n<\/ul>\n\n<p><\/p>\n\n<p>Nous voulons am\u00e9liorer ces choses le plus rapidement possible.<\/p>\n\n<p>Vous avez des questions ou des probl\u00e8mes ?<\/p>\n\n<p><\/p>\n\n<p>Dans ce cas, veuillez nous envoyer un e-mail :<\/p>\n\n<p>information@bondage-furniture.de<\/p>\n\n<p><\/p>\n\n<p>Nous nous ferons un plaisir de vous aider.<\/p>\n\n<p>Votre \u00e9quipe de Bondage Furniture<\/p>\n","protected":false},"excerpt":{"rendered":"<p>D\u00e9claration d&rsquo;accessibilit\u00e9 (en langage facile) Ce site Internet fait partie de la boutique Bondage Furniture. Nous vendons des meubles pour [&hellip;]<\/p>\n","protected":false},"author":1,"featured_media":0,"parent":0,"menu_order":0,"comment_status":"closed","ping_status":"closed","template":"","meta":{"om_disable_all_campaigns":false,"_monsterinsights_skip_tracking":false,"_monsterinsights_sitenote_active":false,"_monsterinsights_sitenote_note":"","_monsterinsights_sitenote_category":0,"site-sidebar-layout":"default","site-content-layout":"","ast-site-content-layout":"default","site-content-style":"default","site-sidebar-style":"default","ast-global-header-display":"","ast-banner-title-visibility":"","ast-main-header-display":"","ast-hfb-above-header-display":"","ast-hfb-below-header-display":"","ast-hfb-mobile-header-display":"","site-post-title":"","ast-breadcrumbs-content":"","ast-featured-img":"","footer-sml-layout":"","ast-disable-related-posts":"","theme-transparent-header-meta":"","adv-header-id-meta":"","stick-header-meta":"","header-above-stick-meta":"","header-main-stick-meta":"","header-below-stick-meta":"","astra-migrate-meta-layouts":"default","ast-page-background-enabled":"default","ast-page-background-meta":{"desktop":{"background-color":"var(--ast-global-color-4)","background-image":"","background-repeat":"repeat","background-position":"center center","background-size":"auto","background-attachment":"scroll","background-type":"","background-media":"","overlay-type":"","overlay-color":"","overlay-opacity":"","overlay-gradient":""},"tablet":{"background-color":"","background-image":"","background-repeat":"repeat","background-position":"center center","background-size":"auto","background-attachment":"scroll","background-type":"","background-media":"","overlay-type":"","overlay-color":"","overlay-opacity":"","overlay-gradient":""},"mobile":{"background-color":"","background-image":"","background-repeat":"repeat","background-position":"center center","background-size":"auto","background-attachment":"scroll","background-type":"","background-media":"","overlay-type":"","overlay-color":"","overlay-opacity":"","overlay-gradient":""}},"ast-content-background-meta":{"desktop":{"background-color":"var(--ast-global-color-5)","background-image":"","background-repeat":"repeat","background-position":"center center","background-size":"auto","background-attachment":"scroll","background-type":"","background-media":"","overlay-type":"","overlay-color":"","overlay-opacity":"","overlay-gradient":""},"tablet":{"background-color":"var(--ast-global-color-5)","background-image":"","background-repeat":"repeat","background-position":"center center","background-size":"auto","background-attachment":"scroll","background-type":"","background-media":"","overlay-type":"","overlay-color":"","overlay-opacity":"","overlay-gradient":""},"mobile":{"background-color":"var(--ast-global-color-5)","background-image":"","background-repeat":"repeat","background-position":"center center","background-size":"auto","background-attachment":"scroll","background-type":"","background-media":"","overlay-type":"","overlay-color":"","overlay-opacity":"","overlay-gradient":""}},"footnotes":""},"class_list":["post-5943","page","type-page","status-publish","hentry"],"aioseo_notices":[],"jetpack_sharing_enabled":true,"_links":{"self":[{"href":"https:\/\/bondagefurniture.eu\/fr\/wp-json\/wp\/v2\/pages\/5943","targetHints":{"allow":["GET"]}}],"collection":[{"href":"https:\/\/bondagefurniture.eu\/fr\/wp-json\/wp\/v2\/pages"}],"about":[{"href":"https:\/\/bondagefurniture.eu\/fr\/wp-json\/wp\/v2\/types\/page"}],"author":[{"embeddable":true,"href":"https:\/\/bondagefurniture.eu\/fr\/wp-json\/wp\/v2\/users\/1"}],"replies":[{"embeddable":true,"href":"https:\/\/bondagefurniture.eu\/fr\/wp-json\/wp\/v2\/comments?post=5943"}],"version-history":[{"count":1,"href":"https:\/\/bondagefurniture.eu\/fr\/wp-json\/wp\/v2\/pages\/5943\/revisions"}],"predecessor-version":[{"id":5944,"href":"https:\/\/bondagefurniture.eu\/fr\/wp-json\/wp\/v2\/pages\/5943\/revisions\/5944"}],"wp:attachment":[{"href":"https:\/\/bondagefurniture.eu\/fr\/wp-json\/wp\/v2\/media?parent=5943"}],"curies":[{"name":"wp","href":"https:\/\/api.w.org\/{rel}","templated":true}]}}