{"id":333,"date":"2023-09-23T20:05:39","date_gmt":"2023-09-23T20:05:39","guid":{"rendered":"https:\/\/bondagefurniture.eu\/paiement-et-livraison\/"},"modified":"2024-07-04T19:50:22","modified_gmt":"2024-07-04T19:50:22","slug":"paiement-et-livraison","status":"publish","type":"page","link":"https:\/\/bondagefurniture.eu\/fr\/paiement-et-livraison\/","title":{"rendered":"Paiement et livraison"},"content":{"rendered":"<p><main class=\"main\"><\/p>\n<div class=\"legal\">\n<section class=\"section\">\n<div class=\"wrapper\">\n<div class=\"content\">\n<div class=\"dali-grid-element\">\n<div class=\"dali-grid-element-wrapper\">\n<div class=\"dali-plugin-text\">\n<div class=\"dali-plugin-text-content\">\n<p><strong>Infos sur le paiement et la livraison<\/strong><\/p>\n<p><strong>1. la discr\u00e9tion<\/strong><\/p>\n<p>Nos envois sont neutres, il n&rsquo;y a pas de publicit\u00e9 sur l&#8217;emballage !<\/p>\n<p>L&rsquo;adresse d&rsquo;exp\u00e9dition est \u00e9galement neutre :<\/p>\n<p>Commerce &amp; Customize GmbH<\/p>\n<p>Gu\u00e9 de pierre 72<\/p>\n<p>86167 Augsbourg<\/p>\n<p><strong>2. livraison<\/strong> \/ <strong>d\u00e9lai de livraison<\/strong> (extrait des \u00ab\u00a0Conditions g\u00e9n\u00e9rales de vente\u00a0\u00bb)<\/p>\n<p>Nous livrons les produits exclusivement par voie postale. Il n&rsquo;est malheureusement pas possible d&rsquo;aller chercher soi-m\u00eame la marchandise. Nous ne livrons pas aux stations d&#8217;emballage. Le d\u00e9lai de livraison indiqu\u00e9 dans les descriptions d&rsquo;articles donne une indication sur le d\u00e9lai de livraison \u00e0 pr\u00e9voir ; en fonction de l&rsquo;\u00e9tat des commandes, ce d\u00e9lai peut \u00e9galement \u00eatre retard\u00e9. Les dates de livraison ou les d\u00e9lais qui n&rsquo;ont pas \u00e9t\u00e9 express\u00e9ment convenus comme contraignants sont exclusivement des indications sans engagement. Nous avons toutefois le droit de d\u00e9passer le temps imparti dans une mesure raisonnable, m\u00eame en cas de handicap relevant de notre responsabilit\u00e9.<\/p>\n<p>En cas de livraisons partielles, le contrat n&rsquo;est conclu que pour les articles respectivement livr\u00e9s, les articles manquants \u00e9tant livr\u00e9s s\u00e9par\u00e9ment. Si Commerce &amp; Customize GmbH satisfait votre commande par des livraisons partielles, l&rsquo;acheteur n&rsquo;aura pas de frais suppl\u00e9mentaires.<\/p>\n<p>Toutefois, si les livraisons partielles sont effectu\u00e9es \u00e0 votre demande, nous facturons des frais de livraison pour chaque livraison partielle. Si le d\u00e9lai de livraison est d\u00e9pass\u00e9 de plus de 14 jours, le client est en droit de r\u00e9silier le contrat par une d\u00e9claration \u00e9crite apr\u00e8s avoir \u00e9t\u00e9 mis en demeure par \u00e9crit et s&rsquo;\u00eatre vu accorder un d\u00e9lai suppl\u00e9mentaire de 14 jours.<\/p>\n<p><strong>3. disponibilit\u00e9 des marchandises<\/strong><\/p>\n<p>Si la livraison de la marchandise command\u00e9e n&rsquo;est pas possible, par exemple parce que la marchandise correspondante n&rsquo;est pas en stock ou que le produit n&rsquo;est durablement pas disponible ou ne peut pas \u00eatre fabriqu\u00e9, Commerce &amp; Customize GmbH renonce \u00e0 une d\u00e9claration d&rsquo;acceptation. Dans ce cas, aucun contrat n&rsquo;est conclu. Commerce &amp; Customize GmbH en informera imm\u00e9diatement le client et remboursera sans d\u00e9lai les contreparties d\u00e9j\u00e0 re\u00e7ues.<\/p>\n<p><strong>4. paiement<\/strong><\/p>\n<p>Dans notre boutique, les modes de paiement suivants sont \u00e0 votre disposition :<\/p>\n<p>4.1. PayPal<\/p>\n<p>Si vous poss\u00e9dez un compte PayPal, ce service de paiement en ligne est \u00e0 votre disposition.<\/p>\n<p>Normalement, vous serez redirig\u00e9 vers le site PayPal directement apr\u00e8s le processus de commande afin d&rsquo;effectuer votre paiement. Des informations d\u00e9taill\u00e9es sont disponibles ici directement aupr\u00e8s de PayPal.<\/p>\n<p>Ou envoyez le montant manuellement avec la fonction : Envoyer de l&rsquo;argent, via PayPal \u00e0 : information@bondage-furniture.de<\/p>\n<p>Pour les deux variantes, il n&rsquo;y a pas de frais suppl\u00e9mentaires pour vous.<\/p>\n<p>4.2. Carte de cr\u00e9dit via PayPal<\/p>\n<p>Le d\u00e9bit de votre carte de cr\u00e9dit est effectu\u00e9 \u00e0 la fin de la commande.<\/p>\n<p>4.3. Pr\u00e9l\u00e8vement automatique via PayPal<\/p>\n<p>Le pr\u00e9l\u00e8vement du montant total s&rsquo;effectue via PayPal<\/p>\n<p>4.4. Contre remboursement<\/p>\n<p>Vous payez le montant de la facture \u00e0 la r\u00e9ception de la livraison au livreur DHL. Un <strong>montant maximum de 3.500 EUR <\/strong>peut \u00eatre encaiss\u00e9 par le livreur. Paiement en esp\u00e8ces uniquement par le b\u00e9n\u00e9ficiaire. Ce mode de paiement entra\u00eene des frais suppl\u00e9mentaires sous forme de frais de contre-remboursement d&rsquo;un montant de 5,95 \u20ac.<\/p>\n<p>4.5. Paiement anticip\u00e9 \/ Virement bancaire<\/p>\n<p>Il s&rsquo;agit du virement bancaire normal, que vous devez initier vous-m\u00eame apr\u00e8s confirmation de la commande, soit par formulaire aupr\u00e8s de votre banque habituelle, soit bien s\u00fbr en ligne. N&rsquo;oubliez pas d&rsquo;indiquer le <strong>num\u00e9ro de commande lors du virement <\/strong>, car c&rsquo;est le seul moyen d&rsquo;\u00e9tablir une correspondance claire avec votre commande. Selon la banque, il faut compter environ 1 \u00e0 3 jours (parfois plus depuis l&rsquo;\u00e9tranger) pour que l&rsquo;argent parvienne \u00e0 notre banque et que la r\u00e9ception du paiement puisse ainsi \u00eatre comptabilis\u00e9e. Pour les virements de l&rsquo;\u00e9tranger, il y a \u00e9ventuellement des frais suppl\u00e9mentaires. d&rsquo;autres frais de votre banque s&rsquo;appliquent \u00e0 vous.<\/p>\n<p>Veuillez adresser votre paiement \u00e0<\/p>\n<p>Commerce &amp; Customize GmbH<\/p>\n<p>Commerzbank<\/p>\n<p>IBAN : DE06 7204 0046 0111 6086 00<\/p>\n<p>Veuillez imp\u00e9rativement indiquer le num\u00e9ro de commande comme motif de paiement.<\/p>\n<p>(Vous trouverez \u00e9galement les coordonn\u00e9es bancaires dans l&rsquo;e-mail de confirmation de commande)<\/p>\n<p><strong>4. frais d&rsquo;exp\u00e9dition :<\/strong><\/p>\n<p>Les frais de livraison sont calcul\u00e9s automatiquement en fonction des marchandises command\u00e9es.<\/p>\n<p>Comme nos meubles sont en acier massif et qu&rsquo;ils ont \u00e9ventuellement une longueur suppl\u00e9mentaire, il n&rsquo;est pas possible de donner une indication globale.<\/p>\n<p>Avant de finaliser la commande, les frais de livraison sont affich\u00e9s et inclus dans le total.<\/p>\n<p>En r\u00e8gle g\u00e9n\u00e9rale, nous exp\u00e9dions par DHL.<\/p>\n<p>Pour les livraisons en dehors de l&rsquo;UE, des frais suppl\u00e9mentaires peuvent \u00eatre factur\u00e9s sous forme de droits de douane ou de taxes d&rsquo;importation, qui sont \u00e0 votre charge.<\/p>\n<\/div>\n<\/div>\n<\/div>\n<\/div>\n<\/div>\n<\/div>\n<\/section>\n<\/div>\n<p><\/main><\/p>\n","protected":false},"excerpt":{"rendered":"<p>Infos sur le paiement et la livraison 1. la discr\u00e9tion Nos envois sont neutres, il n&rsquo;y a pas de publicit\u00e9 [&hellip;]<\/p>\n","protected":false},"author":1,"featured_media":3114,"parent":0,"menu_order":0,"comment_status":"closed","ping_status":"closed","template":"","meta":{"om_disable_all_campaigns":false,"_monsterinsights_skip_tracking":false,"_monsterinsights_sitenote_active":false,"_monsterinsights_sitenote_note":"","_monsterinsights_sitenote_category":0,"site-sidebar-layout":"right-sidebar","site-content-layout":"","ast-site-content-layout":"default","site-content-style":"default","site-sidebar-style":"default","ast-global-header-display":"","ast-banner-title-visibility":"","ast-main-header-display":"","ast-hfb-above-header-display":"","ast-hfb-below-header-display":"","ast-hfb-mobile-header-display":"","site-post-title":"","ast-breadcrumbs-content":"","ast-featured-img":"","footer-sml-layout":"","ast-disable-related-posts":"","theme-transparent-header-meta":"","adv-header-id-meta":"","stick-header-meta":"","header-above-stick-meta":"","header-main-stick-meta":"","header-below-stick-meta":"","astra-migrate-meta-layouts":"default","ast-page-background-enabled":"default","ast-page-background-meta":{"desktop":{"background-color":"var(--ast-global-color-4)","background-image":"","background-repeat":"repeat","background-position":"center center","background-size":"auto","background-attachment":"scroll","background-type":"","background-media":"","overlay-type":"","overlay-color":"","overlay-opacity":"","overlay-gradient":""},"tablet":{"background-color":"","background-image":"","background-repeat":"repeat","background-position":"center center","background-size":"auto","background-attachment":"scroll","background-type":"","background-media":"","overlay-type":"","overlay-color":"","overlay-opacity":"","overlay-gradient":""},"mobile":{"background-color":"","background-image":"","background-repeat":"repeat","background-position":"center center","background-size":"auto","background-attachment":"scroll","background-type":"","background-media":"","overlay-type":"","overlay-color":"","overlay-opacity":"","overlay-gradient":""}},"ast-content-background-meta":{"desktop":{"background-color":"var(--ast-global-color-5)","background-image":"","background-repeat":"repeat","background-position":"center center","background-size":"auto","background-attachment":"scroll","background-type":"","background-media":"","overlay-type":"","overlay-color":"","overlay-opacity":"","overlay-gradient":""},"tablet":{"background-color":"var(--ast-global-color-5)","background-image":"","background-repeat":"repeat","background-position":"center center","background-size":"auto","background-attachment":"scroll","background-type":"","background-media":"","overlay-type":"","overlay-color":"","overlay-opacity":"","overlay-gradient":""},"mobile":{"background-color":"var(--ast-global-color-5)","background-image":"","background-repeat":"repeat","background-position":"center center","background-size":"auto","background-attachment":"scroll","background-type":"","background-media":"","overlay-type":"","overlay-color":"","overlay-opacity":"","overlay-gradient":""}},"footnotes":""},"class_list":["post-333","page","type-page","status-publish","has-post-thumbnail","hentry"],"aioseo_notices":[],"jetpack_sharing_enabled":true,"_links":{"self":[{"href":"https:\/\/bondagefurniture.eu\/fr\/wp-json\/wp\/v2\/pages\/333","targetHints":{"allow":["GET"]}}],"collection":[{"href":"https:\/\/bondagefurniture.eu\/fr\/wp-json\/wp\/v2\/pages"}],"about":[{"href":"https:\/\/bondagefurniture.eu\/fr\/wp-json\/wp\/v2\/types\/page"}],"author":[{"embeddable":true,"href":"https:\/\/bondagefurniture.eu\/fr\/wp-json\/wp\/v2\/users\/1"}],"replies":[{"embeddable":true,"href":"https:\/\/bondagefurniture.eu\/fr\/wp-json\/wp\/v2\/comments?post=333"}],"version-history":[{"count":0,"href":"https:\/\/bondagefurniture.eu\/fr\/wp-json\/wp\/v2\/pages\/333\/revisions"}],"wp:featuredmedia":[{"embeddable":true,"href":"https:\/\/bondagefurniture.eu\/fr\/wp-json\/wp\/v2\/media\/3114"}],"wp:attachment":[{"href":"https:\/\/bondagefurniture.eu\/fr\/wp-json\/wp\/v2\/media?parent=333"}],"curies":[{"name":"wp","href":"https:\/\/api.w.org\/{rel}","templated":true}]}}