{"id":320,"date":"2023-09-23T20:05:39","date_gmt":"2023-09-23T20:05:39","guid":{"rendered":"https:\/\/bondagefurniture.eu\/declaration-de-confidentialite\/"},"modified":"2024-07-04T19:50:41","modified_gmt":"2024-07-04T19:50:41","slug":"declaration-de-confidentialite","status":"publish","type":"page","link":"https:\/\/bondagefurniture.eu\/fr\/declaration-de-confidentialite\/","title":{"rendered":"D\u00e9claration de confidentialit\u00e9"},"content":{"rendered":"\n<p><strong>1. g\u00e9n\u00e9ralit\u00e9s<\/strong><\/p>\n\n<p>Vos donn\u00e9es personnelles (par ex. titre, nom, adresse, adresse e-mail, num\u00e9ro de t\u00e9l\u00e9phone, coordonn\u00e9es bancaires, num\u00e9ro de carte de cr\u00e9dit) ne sont trait\u00e9es par nous que conform\u00e9ment aux dispositions de la loi allemande sur la protection des donn\u00e9es et de la loi sur la protection des donn\u00e9es de l&rsquo;Union europ\u00e9enne (UE). Les dispositions suivantes vous informent non seulement sur les finalit\u00e9s du traitement, les destinataires, les bases juridiques, les d\u00e9lais de conservation, mais aussi sur vos droits et sur le responsable du traitement de vos donn\u00e9es. Cette d\u00e9claration de confidentialit\u00e9 ne concerne que notre site web \u00ab\u00a0Bondage-Furniture\u00a0\u00bb. Si vous \u00eates redirig\u00e9 vers d&rsquo;autres sites par des liens sur nos pages, veuillez vous y informer sur la mani\u00e8re dont vos donn\u00e9es sont trait\u00e9es.<\/p>\n\n<p><strong>2. traitement des donn\u00e9es pour l&rsquo;ex\u00e9cution du contrat<\/strong><\/p>\n\n<p>2.1. Finalit\u00e9 du traitement<\/p>\n\n<p>Les donn\u00e9es personnelles que vous mettez \u00e0 notre disposition dans le cadre du processus de commande sont n\u00e9cessaires \u00e0 la conclusion d&rsquo;un contrat (processus de commande) avec nous. Vous n&rsquo;\u00eates pas oblig\u00e9 de transmettre vos donn\u00e9es personnelles. Si vous ne nous communiquez pas votre adresse, nous ne pourrons pas vous envoyer la marchandise. Pour certaines proc\u00e9dures de paiement, nous avons besoin des donn\u00e9es de paiement n\u00e9cessaires afin de les transmettre \u00e0 un prestataire de services de paiement que nous avons mandat\u00e9. Le traitement des donn\u00e9es que vous avez saisies lors du processus de commande a donc lieu dans le but d&rsquo;ex\u00e9cuter le contrat.<\/p>\n\n<p>Si vous nous adressez une demande par e-mail, ou via un formulaire de contact, etc. avant la conclusion d&rsquo;un contrat, nous traitons les donn\u00e9es re\u00e7ues par ce biais afin d&rsquo;ex\u00e9cuter des mesures pr\u00e9contractuelles. Cela permet de r\u00e9pondre \u00e0 vos questions par mail ou par t\u00e9l\u00e9phone.<\/p>\n\n<p>2.2. Base juridique<\/p>\n\n<p>La base juridique de ce traitement est l&rsquo;art. 6, al. 1 b) du RGPD.<\/p>\n\n<p>2.3. Partenaires externes qui re\u00e7oivent vos donn\u00e9es pour le traitement des commandes.<\/p>\n\n<p>Prestataires de services de paiement, prestataires de services d&rsquo;exp\u00e9dition, fournisseurs d&rsquo;h\u00e9bergement, syst\u00e8me de gestion des marchandises, fournisseurs (dropshipping)<\/p>\n\n<p>2.4. Dur\u00e9e de conservation de vos donn\u00e9es<\/p>\n\n<p>Les donn\u00e9es trait\u00e9es pour l&rsquo;ex\u00e9cution de mesures pr\u00e9contractuelles sont supprim\u00e9es d\u00e8s que les mesures ont \u00e9t\u00e9 ex\u00e9cut\u00e9es et qu&rsquo;il n&rsquo;y a manifestement pas de conclusion de contrat.<\/p>\n\n<p>Nous enregistrons les donn\u00e9es n\u00e9cessaires \u00e0 l&rsquo;ex\u00e9cution du contrat jusqu&rsquo;\u00e0 l&rsquo;expiration des d\u00e9lais de garantie l\u00e9gaux et, le cas \u00e9ch\u00e9ant, des d\u00e9lais de garantie contractuels.<\/p>\n\n<p>Nous conservons les donn\u00e9es requises par le droit commercial et fiscal pendant les p\u00e9riodes d\u00e9finies par la loi, r\u00e9guli\u00e8rement dix ans (cf. \u00a7 257 HGB, \u00a7 147 AO).<\/p>\n\n<p><strong>3. les transactions PayPal<\/strong><\/p>\n\n<p>Veuillez noter que toutes les transactions PayPal sont soumises \u00e0 la d\u00e9claration de confidentialit\u00e9 de PayPal :<\/p>\n\n<figure class=\"wp-block-embed\"><div class=\"wp-block-embed__wrapper\">\nhttps:\/\/www.paypal.com\/de\/webapps\/mpp\/ua\/privacy-full\n<\/div><\/figure>\n\n<p><strong>4. v\u00e9rification de la solvabilit\u00e9 par Klarna<\/strong><\/p>\n\n<p>Veuillez prendre connaissance des dispositions suivantes en mati\u00e8re de protection des donn\u00e9es si vous d\u00e9cidez d&rsquo;utiliser les services de paiement de Klarna :<\/p>\n\n<p>http:\/\/cdn.klarna.com\/1.0\/shared\/content\/legal\/terms\/0\/de_de\/privacy<\/p>\n\n<p><strong>5. informations sur les cookies<\/strong><\/p>\n\n<p>5.1. Finalit\u00e9 du traitement<\/p>\n\n<p>Des cookies techniquement n\u00e9cessaires sont utilis\u00e9s sur ce site web. Il s&rsquo;agit de petits fichiers texte qui sont enregistr\u00e9s dans ou par votre navigateur Internet sur votre syst\u00e8me informatique. Ces cookies permettent par exemple d&rsquo;ajouter plusieurs produits dans un panier.<\/p>\n\n<p>5.2. Base juridique<\/p>\n\n<p>La base juridique de ce traitement est l&rsquo;article 6, paragraphe 1, point f) du RGPD.<\/p>\n\n<p>5.3. Int\u00e9r\u00eat l\u00e9gitime<\/p>\n\n<p>Notre int\u00e9r\u00eat l\u00e9gitime est le bon fonctionnement de notre site web. Les donn\u00e9es d&rsquo;utilisateur collect\u00e9es par les cookies techniquement n\u00e9cessaires ne sont pas utilis\u00e9es pour cr\u00e9er des profils d&rsquo;utilisateur. Votre int\u00e9r\u00eat pour la protection des donn\u00e9es est ainsi pr\u00e9serv\u00e9.<\/p>\n\n<p>5.4. Dur\u00e9e de stockage<\/p>\n\n<p>Les cookies n\u00e9cessaires d&rsquo;un point de vue technique sont g\u00e9n\u00e9ralement supprim\u00e9s \u00e0 la fermeture du navigateur.Les cookies enregistr\u00e9s de mani\u00e8re permanente ont une dur\u00e9e de vie variable, allant de quelques minutes \u00e0 plusieurs ann\u00e9es.<\/p>\n\n<p>5.5. Droit d&rsquo;opposition<\/p>\n\n<p>Si vous ne souhaitez pas que ces cookies soient enregistr\u00e9s, veuillez d\u00e9sactiver l&rsquo;acceptation de ces cookies dans votre navigateur Internet. Cela peut toutefois entra\u00eener une restriction des fonctions de notre site web. Vous pouvez \u00e9galement supprimer \u00e0 tout moment les cookies enregistr\u00e9s de mani\u00e8re permanente via votre navigateur.<\/p>\n\n<p><strong>6. vos droits en tant qu&rsquo;utilisateur \/ personne concern\u00e9e<\/strong><\/p>\n\n<p>Si des donn\u00e9es \u00e0 caract\u00e8re personnel vous concernant sont trait\u00e9es, vous \u00eates une personne concern\u00e9e au sens du RGPD et vous disposez des droits suivants \u00e0 notre \u00e9gard en tant que responsable du traitement :<\/p>\n\n<p>6.1. Droit \u00e0 l&rsquo;information<\/p>\n\n<p>Dans le cadre de l&rsquo;article 15 du RGPD, vous pouvez demander des informations sur les donn\u00e9es \u00e0 caract\u00e8re personnel que nous traitons.<\/p>\n\n<p>6.2. Droit de rectification<\/p>\n\n<p>Si les informations vous concernant ne sont pas (ou plus) exactes, vous pouvez en demander la rectification conform\u00e9ment \u00e0 l&rsquo;article 16 du RGPD. Si vos donn\u00e9es sont incompl\u00e8tes, vous pouvez demander \u00e0 ce qu&rsquo;elles soient compl\u00e9t\u00e9es.<\/p>\n\n<p>6.3. Droit \u00e0 l&rsquo;effacement<\/p>\n\n<p>Vous pouvez demander la suppression de vos donn\u00e9es personnelles dans les conditions de l&rsquo;article 17 du RGPD.<\/p>\n\n<p>6.4. Droit \u00e0 la limitation du traitement<\/p>\n\n<p>Dans le cadre des dispositions de l&rsquo;article 18 du RGPD, vous avez le droit d&rsquo;exiger une limitation du traitement des donn\u00e9es vous concernant.<\/p>\n\n<p>6.5. Droit \u00e0 la portabilit\u00e9 des donn\u00e9es<\/p>\n\n<p>Conform\u00e9ment \u00e0 l&rsquo;article 20 du RGPD, vous avez le droit de recevoir les donn\u00e9es \u00e0 caract\u00e8re personnel vous concernant que vous nous avez fournies dans un format structur\u00e9, couramment utilis\u00e9 et lisible par machine, ou de demander leur transmission \u00e0 un autre responsable.<\/p>\n\n<p>6.6. Droit de r\u00e9voquer la d\u00e9claration de consentement en mati\u00e8re de protection des donn\u00e9es<\/p>\n\n<p>Vous avez le droit, en vertu de l&rsquo;article 7, paragraphe 1, de la loi sur la protection des donn\u00e9es, de vous opposer au traitement de vos donn\u00e9es personnelles. 3 RGPD, vous avez le droit de r\u00e9voquer \u00e0 tout moment votre d\u00e9claration de consentement en mati\u00e8re de protection des donn\u00e9es. La lic\u00e9it\u00e9 du traitement effectu\u00e9 sur la base du consentement jusqu&rsquo;\u00e0 la r\u00e9vocation n&rsquo;en est pas affect\u00e9e.<\/p>\n\n<p>6.7. Droit de recours aupr\u00e8s d&rsquo;une autorit\u00e9 de contr\u00f4le<\/p>\n\n<p>Si vous estimez que le traitement des donn\u00e9es \u00e0 caract\u00e8re personnel vous concernant enfreint le RGPD, vous disposez, en vertu de l&rsquo;article 77 du RGPD, d&rsquo;un droit de recours aupr\u00e8s d&rsquo;une autorit\u00e9 de contr\u00f4le (notamment dans l&rsquo;\u00c9tat membre de votre lieu de r\u00e9sidence, de votre lieu de travail ou du lieu de l&rsquo;infraction pr\u00e9sum\u00e9e).<\/p>\n\n<p>Veuillez \u00e9galement tenir compte de votre droit d&rsquo;opposition conform\u00e9ment \u00e0 l&rsquo;article 21 du RGPD :<\/p>\n\n<p>a) En g\u00e9n\u00e9ral : une opposition motiv\u00e9e est n\u00e9cessaire<\/p>\n\n<p>Lorsque le traitement de donn\u00e9es \u00e0 caract\u00e8re personnel vous concernant est effectu\u00e9<\/p>\n\n<p>&#8211; pour pr\u00e9server notre int\u00e9r\u00eat l\u00e9gitime pr\u00e9pond\u00e9rant (base juridique selon l&rsquo;article 6, paragraphe 1, f) du RGPD) ou<\/p>\n\n<p>&#8211; dans l&rsquo;int\u00e9r\u00eat public (base juridique selon l&rsquo;article 6, paragraphe 1, point e) du RGPD),<\/p>\n\n<p>vous avez le droit de vous opposer \u00e0 tout moment au traitement pour des raisons tenant \u00e0 votre situation particuli\u00e8re ; cela vaut \u00e9galement pour le profilage fond\u00e9 sur les dispositions du RGPD.<\/p>\n\n<p>En cas d&rsquo;opposition, nous ne traitons plus les donn\u00e9es \u00e0 caract\u00e8re personnel vous concernant, \u00e0 moins que nous puissions d\u00e9montrer qu&rsquo;il existe des motifs l\u00e9gitimes et imp\u00e9rieux pour le traitement qui pr\u00e9valent sur vos int\u00e9r\u00eats, vos droits et vos libert\u00e9s, ou que le traitement sert \u00e0 faire valoir, \u00e0 exercer ou \u00e0 d\u00e9fendre des droits en justice.<\/p>\n\n<p>b) Cas particulier de la publicit\u00e9 directe : une simple opposition suffit<\/p>\n\n<p>Si les donn\u00e9es \u00e0 caract\u00e8re personnel vous concernant sont trait\u00e9es \u00e0 des fins de publicit\u00e9 directe, vous avez le droit de vous opposer \u00e0 tout moment et sans justification \u00e0 ce traitement ; cela vaut \u00e9galement pour le profilage dans la mesure o\u00f9 il est li\u00e9 \u00e0 une telle publicit\u00e9 directe.<\/p>\n\n<p>Si vous vous opposez au traitement \u00e0 des fins de publicit\u00e9 directe, les donn\u00e9es \u00e0 caract\u00e8re personnel vous concernant ne seront plus trait\u00e9es \u00e0 ces fins.<\/p>\n\n<p><strong>Responsable du traitement des donn\u00e9es :<\/strong><\/p>\n\n<p>Commerce &amp; Customize GmbH<\/p>\n\n<p>Gu\u00e9 de pierre 72<\/p>\n\n<p>86167 Augsbourg<\/p>\n\n<p>Commerce &amp; Customize GmbH est repr\u00e9sent\u00e9e par la direction Joachim Ley.<\/p>\n\n<p>Tribunal d&rsquo;enregistrement : Tribunal d&rsquo;instance d&rsquo;Augsbourg<\/p>\n\n<p>Num\u00e9ro d&rsquo;enregistrement : HRB 36723<\/p>\n\n<p>www.bondagefurniture.eu<\/p>\n","protected":false},"excerpt":{"rendered":"<p>1. g\u00e9n\u00e9ralit\u00e9s Vos donn\u00e9es personnelles (par ex. titre, nom, adresse, adresse e-mail, num\u00e9ro de t\u00e9l\u00e9phone, coordonn\u00e9es bancaires, num\u00e9ro de carte [&hellip;]<\/p>\n","protected":false},"author":1,"featured_media":3206,"parent":0,"menu_order":0,"comment_status":"closed","ping_status":"closed","template":"","meta":{"om_disable_all_campaigns":false,"_monsterinsights_skip_tracking":false,"_monsterinsights_sitenote_active":false,"_monsterinsights_sitenote_note":"","_monsterinsights_sitenote_category":0,"site-sidebar-layout":"right-sidebar","site-content-layout":"","ast-site-content-layout":"default","site-content-style":"default","site-sidebar-style":"default","ast-global-header-display":"","ast-banner-title-visibility":"","ast-main-header-display":"","ast-hfb-above-header-display":"","ast-hfb-below-header-display":"","ast-hfb-mobile-header-display":"","site-post-title":"","ast-breadcrumbs-content":"","ast-featured-img":"","footer-sml-layout":"","ast-disable-related-posts":"","theme-transparent-header-meta":"","adv-header-id-meta":"","stick-header-meta":"","header-above-stick-meta":"","header-main-stick-meta":"","header-below-stick-meta":"","astra-migrate-meta-layouts":"default","ast-page-background-enabled":"default","ast-page-background-meta":{"desktop":{"background-color":"var(--ast-global-color-4)","background-image":"","background-repeat":"repeat","background-position":"center center","background-size":"auto","background-attachment":"scroll","background-type":"","background-media":"","overlay-type":"","overlay-color":"","overlay-opacity":"","overlay-gradient":""},"tablet":{"background-color":"","background-image":"","background-repeat":"repeat","background-position":"center center","background-size":"auto","background-attachment":"scroll","background-type":"","background-media":"","overlay-type":"","overlay-color":"","overlay-opacity":"","overlay-gradient":""},"mobile":{"background-color":"","background-image":"","background-repeat":"repeat","background-position":"center center","background-size":"auto","background-attachment":"scroll","background-type":"","background-media":"","overlay-type":"","overlay-color":"","overlay-opacity":"","overlay-gradient":""}},"ast-content-background-meta":{"desktop":{"background-color":"var(--ast-global-color-5)","background-image":"","background-repeat":"repeat","background-position":"center center","background-size":"auto","background-attachment":"scroll","background-type":"","background-media":"","overlay-type":"","overlay-color":"","overlay-opacity":"","overlay-gradient":""},"tablet":{"background-color":"var(--ast-global-color-5)","background-image":"","background-repeat":"repeat","background-position":"center center","background-size":"auto","background-attachment":"scroll","background-type":"","background-media":"","overlay-type":"","overlay-color":"","overlay-opacity":"","overlay-gradient":""},"mobile":{"background-color":"var(--ast-global-color-5)","background-image":"","background-repeat":"repeat","background-position":"center center","background-size":"auto","background-attachment":"scroll","background-type":"","background-media":"","overlay-type":"","overlay-color":"","overlay-opacity":"","overlay-gradient":""}},"footnotes":""},"class_list":["post-320","page","type-page","status-publish","has-post-thumbnail","hentry"],"aioseo_notices":[],"jetpack_sharing_enabled":true,"_links":{"self":[{"href":"https:\/\/bondagefurniture.eu\/fr\/wp-json\/wp\/v2\/pages\/320","targetHints":{"allow":["GET"]}}],"collection":[{"href":"https:\/\/bondagefurniture.eu\/fr\/wp-json\/wp\/v2\/pages"}],"about":[{"href":"https:\/\/bondagefurniture.eu\/fr\/wp-json\/wp\/v2\/types\/page"}],"author":[{"embeddable":true,"href":"https:\/\/bondagefurniture.eu\/fr\/wp-json\/wp\/v2\/users\/1"}],"replies":[{"embeddable":true,"href":"https:\/\/bondagefurniture.eu\/fr\/wp-json\/wp\/v2\/comments?post=320"}],"version-history":[{"count":0,"href":"https:\/\/bondagefurniture.eu\/fr\/wp-json\/wp\/v2\/pages\/320\/revisions"}],"wp:featuredmedia":[{"embeddable":true,"href":"https:\/\/bondagefurniture.eu\/fr\/wp-json\/wp\/v2\/media\/3206"}],"wp:attachment":[{"href":"https:\/\/bondagefurniture.eu\/fr\/wp-json\/wp\/v2\/media?parent=320"}],"curies":[{"name":"wp","href":"https:\/\/api.w.org\/{rel}","templated":true}]}}