{"id":314,"date":"2023-09-23T20:05:39","date_gmt":"2023-09-23T20:05:39","guid":{"rendered":"https:\/\/bondagefurniture.eu\/mentions-legales\/"},"modified":"2024-07-04T19:50:29","modified_gmt":"2024-07-04T19:50:29","slug":"mentions-legales","status":"publish","type":"page","link":"https:\/\/bondagefurniture.eu\/fr\/mentions-legales\/","title":{"rendered":"Mentions l\u00e9gales"},"content":{"rendered":"\n<p><strong>Commerce &amp; Customize GmbH<\/strong><\/p>\n\n<p>Gu\u00e9 de pierre 72<\/p>\n\n<p>86167 Augsbourg<\/p>\n\n<p>Commerce &amp; Customize GmbH est repr\u00e9sent\u00e9e par la direction Joachim Ley.<\/p>\n\n<p>Tribunal d&rsquo;enregistrement : Tribunal d&rsquo;instance d&rsquo;Augsbourg<\/p>\n\n<p>Num\u00e9ro d&rsquo;enregistrement : HRB 36723<\/p>\n\n<p><strong>Contact :<\/strong><\/p>\n\n<p>T\u00e9l\u00e9phone : +49 160 4360890<\/p>\n\n<p>Courrier \u00e9lectronique : information@bondage-furniture.de<\/p>\n\n<p>Page d&rsquo;accueil : www.bondagefurniture.eu<\/p>\n\n<p>Num\u00e9ro d&rsquo;identification de la taxe sur le chiffre d&rsquo;affaires conform\u00e9ment au \u00a7 27a de la loi sur la taxe sur le chiffre d&rsquo;affaires : DE349491774<\/p>\n\n<p><strong>Fournisseur de services pour les domaines suivants<\/strong>:<\/p>\n\n<p>&#8211; Boutique en ligne<\/p>\n\n<p>&#8211; Assemblage de kits<\/p>\n\n<p>&#8211; Pr\u00e9sentations publicitaires sur www.bondagefurniture.eu<\/p>\n\n<p><strong>Mention de responsabilit\u00e9 :<\/strong><\/p>\n\n<p>Malgr\u00e9 un contr\u00f4le minutieux du contenu, nous n&rsquo;assumons aucune responsabilit\u00e9 pour le contenu des liens externes. Les exploitants de ces sites sont seuls responsables de leur contenu.<\/p>\n\n<p><strong>Proc\u00e9dure de recours<\/strong><\/p>\n\n<p>La Commission europ\u00e9enne met \u00e0 disposition une plateforme de r\u00e8glement extrajudiciaire des litiges. Les consommateurs ont ainsi la possibilit\u00e9 de r\u00e9gler d&rsquo;abord \u00e0 l&rsquo;amiable les litiges li\u00e9s \u00e0 leur commande en ligne.<\/p>\n\n<p>Vous trouverez la plateforme de r\u00e8glement des litiges ici :<\/p>\n\n<p><a href=\"https:\/\/ec.europa.eu\/consumers\/odr\/\">https:\/\/ec.europa.eu\/consumers\/odr\/<\/a><\/p>\n\n<p>Notre e-mail pour les r\u00e9clamations est le suivant : information@bondage-furniture.de<\/p>\n\n<p><strong>Responsable de la protection des mineurs<\/strong><\/p>\n\n<p>Responsable de la protection des mineurs conform\u00e9ment \u00e0 l&rsquo;art. \u00a77 JMStV pos\u00e9 par :<\/p>\n\n<p>Charg\u00e9 JS.fr<\/p>\n\n<p>Anna Laduch, Landsberger Str. 4, 45219 Essen<\/p>\n\n<p>Uniquement des sujets relatifs \u00e0 la protection des mineurs, pas de support !<\/p>\n\n<p>T\u00e9l. : +49 2054\/124 43 -48, Fax : -49<\/p>\n\n<p>Mail : info(at)js-beauftragter.de<\/p>\n\n<p>Web :<\/p>\n\n<p><a href=\"https:\/\/www.js-beauftragter.de\/\" target=\"_blank\" rel=\"noreferrer noopener\">www.js-beauftragter.de<\/a><\/p>\n","protected":false},"excerpt":{"rendered":"<p>Commerce &amp; Customize GmbH Gu\u00e9 de pierre 72 86167 Augsbourg Commerce &amp; Customize GmbH est repr\u00e9sent\u00e9e par la direction Joachim [&hellip;]<\/p>\n","protected":false},"author":1,"featured_media":3209,"parent":0,"menu_order":0,"comment_status":"closed","ping_status":"closed","template":"","meta":{"om_disable_all_campaigns":false,"_monsterinsights_skip_tracking":false,"_monsterinsights_sitenote_active":false,"_monsterinsights_sitenote_note":"","_monsterinsights_sitenote_category":0,"site-sidebar-layout":"right-sidebar","site-content-layout":"","ast-site-content-layout":"default","site-content-style":"default","site-sidebar-style":"default","ast-global-header-display":"","ast-banner-title-visibility":"","ast-main-header-display":"","ast-hfb-above-header-display":"","ast-hfb-below-header-display":"","ast-hfb-mobile-header-display":"","site-post-title":"","ast-breadcrumbs-content":"","ast-featured-img":"","footer-sml-layout":"","ast-disable-related-posts":"","theme-transparent-header-meta":"","adv-header-id-meta":"","stick-header-meta":"","header-above-stick-meta":"","header-main-stick-meta":"","header-below-stick-meta":"","astra-migrate-meta-layouts":"default","ast-page-background-enabled":"default","ast-page-background-meta":{"desktop":{"background-color":"var(--ast-global-color-4)","background-image":"","background-repeat":"repeat","background-position":"center center","background-size":"auto","background-attachment":"scroll","background-type":"","background-media":"","overlay-type":"","overlay-color":"","overlay-opacity":"","overlay-gradient":""},"tablet":{"background-color":"","background-image":"","background-repeat":"repeat","background-position":"center center","background-size":"auto","background-attachment":"scroll","background-type":"","background-media":"","overlay-type":"","overlay-color":"","overlay-opacity":"","overlay-gradient":""},"mobile":{"background-color":"","background-image":"","background-repeat":"repeat","background-position":"center center","background-size":"auto","background-attachment":"scroll","background-type":"","background-media":"","overlay-type":"","overlay-color":"","overlay-opacity":"","overlay-gradient":""}},"ast-content-background-meta":{"desktop":{"background-color":"var(--ast-global-color-5)","background-image":"","background-repeat":"repeat","background-position":"center center","background-size":"auto","background-attachment":"scroll","background-type":"","background-media":"","overlay-type":"","overlay-color":"","overlay-opacity":"","overlay-gradient":""},"tablet":{"background-color":"var(--ast-global-color-5)","background-image":"","background-repeat":"repeat","background-position":"center center","background-size":"auto","background-attachment":"scroll","background-type":"","background-media":"","overlay-type":"","overlay-color":"","overlay-opacity":"","overlay-gradient":""},"mobile":{"background-color":"var(--ast-global-color-5)","background-image":"","background-repeat":"repeat","background-position":"center center","background-size":"auto","background-attachment":"scroll","background-type":"","background-media":"","overlay-type":"","overlay-color":"","overlay-opacity":"","overlay-gradient":""}},"footnotes":""},"class_list":["post-314","page","type-page","status-publish","has-post-thumbnail","hentry"],"aioseo_notices":[],"jetpack_sharing_enabled":true,"_links":{"self":[{"href":"https:\/\/bondagefurniture.eu\/fr\/wp-json\/wp\/v2\/pages\/314","targetHints":{"allow":["GET"]}}],"collection":[{"href":"https:\/\/bondagefurniture.eu\/fr\/wp-json\/wp\/v2\/pages"}],"about":[{"href":"https:\/\/bondagefurniture.eu\/fr\/wp-json\/wp\/v2\/types\/page"}],"author":[{"embeddable":true,"href":"https:\/\/bondagefurniture.eu\/fr\/wp-json\/wp\/v2\/users\/1"}],"replies":[{"embeddable":true,"href":"https:\/\/bondagefurniture.eu\/fr\/wp-json\/wp\/v2\/comments?post=314"}],"version-history":[{"count":0,"href":"https:\/\/bondagefurniture.eu\/fr\/wp-json\/wp\/v2\/pages\/314\/revisions"}],"wp:featuredmedia":[{"embeddable":true,"href":"https:\/\/bondagefurniture.eu\/fr\/wp-json\/wp\/v2\/media\/3209"}],"wp:attachment":[{"href":"https:\/\/bondagefurniture.eu\/fr\/wp-json\/wp\/v2\/media?parent=314"}],"curies":[{"name":"wp","href":"https:\/\/api.w.org\/{rel}","templated":true}]}}