{"id":2450,"date":"2024-01-11T19:08:58","date_gmt":"2024-01-11T19:08:58","guid":{"rendered":"https:\/\/bondagefurniture.eu\/videos-des-produits-bondage-furniture\/"},"modified":"2025-10-20T09:16:57","modified_gmt":"2025-10-20T09:16:57","slug":"videos-des-produits-bondage-furniture","status":"publish","type":"page","link":"https:\/\/bondagefurniture.eu\/fr\/videos-des-produits-bondage-furniture\/","title":{"rendered":"Vid\u00e9os sur les produits"},"content":{"rendered":"\n<h1 class=\"wp-block-heading has-text-align-center\">Vid\u00e9os et plus de Bondage Furniture<\/h1>\n\n<h2 class=\"wp-block-heading has-text-align-center has-ast-global-color-3-color has-text-color has-link-color wp-elements-9b6b566ab99c5c2a5a2e328ecec02563\" style=\"font-size:24px\">D\u00e9couvrez le Bondage Furniture Magazine \ud83d\ude08<\/h2>\n\n<p class=\"has-text-align-center has-ast-global-color-2-color has-text-color has-link-color has-medium-font-size wp-elements-d3b8162d2d592c787542b38d05d2fbc9\">Chez <strong><a href=\"https:\/\/www.bondage-furniture-magazine.com\" target=\"_blank\" rel=\"noreferrer noopener\">Bondage Furniture Magazine<\/a><\/strong> vous trouverez tout &#8211; <strong>du plus sage au plus m\u00e9chant<\/strong>. <strong>Des vid\u00e9os<\/strong> non censur\u00e9es, des tutoriels coquins et des histoires torrides vous montrent ce que notre syst\u00e8me de meubles de bondage a vraiment dans le ventre.<\/p>\n\n<hr class=\"wp-block-separator has-text-color has-ast-global-color-0-color has-alpha-channel-opacity has-ast-global-color-0-background-color has-background is-style-wide\"\/>\n\n<div class=\"wp-block-columns is-layout-flex wp-container-core-columns-is-layout-28f84493 wp-block-columns-is-layout-flex\">\n<div class=\"wp-block-column is-layout-flow wp-block-column-is-layout-flow\" style=\"flex-basis:33.33%\">\n<figure class=\"wp-block-image size-large\"><a href=\"https:\/\/www.bondage-furniture-magazine.com\/collections\"><img loading=\"lazy\" decoding=\"async\" width=\"1024\" height=\"1024\" src=\"https:\/\/bondagefurniture.eu\/wp-content\/uploads\/2025\/10\/Einsatz-einer-Fickmaschiene-mit-unseren-BDSM-Moebeln-bondage-furniture-1024x1024.jpeg\" alt=\"\" class=\"wp-image-6714\" srcset=\"https:\/\/bondagefurniture.eu\/wp-content\/uploads\/2025\/10\/Einsatz-einer-Fickmaschiene-mit-unseren-BDSM-Moebeln-bondage-furniture-1024x1024.jpeg 1024w, https:\/\/bondagefurniture.eu\/wp-content\/uploads\/2025\/10\/Einsatz-einer-Fickmaschiene-mit-unseren-BDSM-Moebeln-bondage-furniture-300x300.jpeg 300w, https:\/\/bondagefurniture.eu\/wp-content\/uploads\/2025\/10\/Einsatz-einer-Fickmaschiene-mit-unseren-BDSM-Moebeln-bondage-furniture-150x150.jpeg 150w, https:\/\/bondagefurniture.eu\/wp-content\/uploads\/2025\/10\/Einsatz-einer-Fickmaschiene-mit-unseren-BDSM-Moebeln-bondage-furniture-768x768.jpeg 768w, https:\/\/bondagefurniture.eu\/wp-content\/uploads\/2025\/10\/Einsatz-einer-Fickmaschiene-mit-unseren-BDSM-Moebeln-bondage-furniture-800x800.jpeg 800w, https:\/\/bondagefurniture.eu\/wp-content\/uploads\/2025\/10\/Einsatz-einer-Fickmaschiene-mit-unseren-BDSM-Moebeln-bondage-furniture-100x100.jpeg 100w, https:\/\/bondagefurniture.eu\/wp-content\/uploads\/2025\/10\/Einsatz-einer-Fickmaschiene-mit-unseren-BDSM-Moebeln-bondage-furniture.jpeg 1074w\" sizes=\"auto, (max-width: 1024px) 100vw, 1024px\" \/><\/a><\/figure>\n<\/div>\n\n\n\n<div class=\"wp-block-column is-layout-flow wp-block-column-is-layout-flow\" style=\"flex-basis:66.66%\">\n<h3 class=\"wp-block-heading\">Utilisation d&rsquo;une machine \u00e0 baiser avec nos meubles BDSM<\/h3>\n\n\n\n<p>Dans cette vid\u00e9o, notre designer Lukas vous montre comment fixer une machine \u00e0 baiser sur nos meubles de bondage. Mia est attach\u00e9e \u00e0 un pilier de sol et est travaill\u00e9e par la machine \u00e0 sexe \ud83d\ude0f. \ud83d\ude08<\/p>\n\n\n\n<p>Si vous \u00eates int\u00e9ress\u00e9 par le sujet, vous devriez consulter notre <a href=\"https:\/\/www.bondage-furniture-magazine.com\/collections\" target=\"_blank\" rel=\"noreferrer noopener\"><strong>Bondage Furniture MAGAZINE (en anglais)<\/strong> <\/a>s&rsquo;abonner.<\/p>\n\n\n\n<p>Vous pouvez voir cet article ici : <a href=\"https:\/\/www.bondage-furniture-magazine.com\/collections\/use-of-a-fucking-machine-with-our-bondage-furniture?locale=en\" target=\"_blank\" rel=\"noopener\" title=\"\">ANGLAIS<\/a> \/ <a href=\"https:\/\/www.bondage-furniture-magazine.com\/collections\/use-of-a-fucking-machine-with-our-bondage-furniture\" target=\"_blank\" rel=\"noopener\" title=\"\">ALLEMAND<\/a><\/p>\n<\/div>\n<\/div>\n\n<div class=\"wp-block-columns has-ast-global-color-0-background-color has-background is-layout-flex wp-container-core-columns-is-layout-28f84493 wp-block-columns-is-layout-flex\">\n<div class=\"wp-block-column is-layout-flow wp-block-column-is-layout-flow\" style=\"flex-basis:33.33%\">\n<figure class=\"wp-block-image size-large\"><a href=\"https:\/\/www.bondage-furniture-magazine.com\/collections\/one-bench-one-chair-set-three-attractive-options-hardly-any-conversion-required-part-1?locale=en\" target=\"_blank\" rel=\" noreferrer noopener\"><img loading=\"lazy\" decoding=\"async\" width=\"1024\" height=\"1024\" src=\"https:\/\/bondagefurniture.eu\/wp-content\/uploads\/2025\/09\/Bondage-Furniture-Magazine-Tutorial-Bondage-Bank-1024x1024.jpg\" alt=\"Un banc, un ensemble de chaises - trois variantes chaudes, peu de transformations n&#xE9;cessaires - Partie 1\" class=\"wp-image-6642\" srcset=\"https:\/\/bondagefurniture.eu\/wp-content\/uploads\/2025\/09\/Bondage-Furniture-Magazine-Tutorial-Bondage-Bank-1024x1024.jpg 1024w, https:\/\/bondagefurniture.eu\/wp-content\/uploads\/2025\/09\/Bondage-Furniture-Magazine-Tutorial-Bondage-Bank-300x300.jpg 300w, https:\/\/bondagefurniture.eu\/wp-content\/uploads\/2025\/09\/Bondage-Furniture-Magazine-Tutorial-Bondage-Bank-150x150.jpg 150w, https:\/\/bondagefurniture.eu\/wp-content\/uploads\/2025\/09\/Bondage-Furniture-Magazine-Tutorial-Bondage-Bank-768x768.jpg 768w, https:\/\/bondagefurniture.eu\/wp-content\/uploads\/2025\/09\/Bondage-Furniture-Magazine-Tutorial-Bondage-Bank-800x800.jpg 800w, https:\/\/bondagefurniture.eu\/wp-content\/uploads\/2025\/09\/Bondage-Furniture-Magazine-Tutorial-Bondage-Bank-100x100.jpg 100w, https:\/\/bondagefurniture.eu\/wp-content\/uploads\/2025\/09\/Bondage-Furniture-Magazine-Tutorial-Bondage-Bank.jpg 1080w\" sizes=\"auto, (max-width: 1024px) 100vw, 1024px\" \/><\/a><\/figure>\n<\/div>\n\n\n\n<div class=\"wp-block-column is-layout-flow wp-block-column-is-layout-flow\" style=\"flex-basis:66.66%\">\n<h3 class=\"wp-block-heading has-ast-global-color-4-color has-text-color has-link-color wp-elements-98daf9d0d11d2e81d3af6fd5f1315921\">Un banc, un ensemble de chaises &#8211; trois variantes chaudes, peu de transformations n\u00e9cessaires &#8211; Partie 1<\/h3>\n\n\n\n<p class=\"has-ast-global-color-4-color has-text-color has-link-color wp-elements-b66d890629bf239f952ddfac10a564b1\">Vous ne voulez pas passer trop de temps \u00e0 visser, mais plut\u00f4t passer rapidement \u00e0 l&rsquo;action ?<br\/>Dans notre tutoriel, nous vous montrons comment monter le banc en combinaison avec le set de chaises,<br\/>de mani\u00e8re \u00e0 ce que vous puissiez passer de trois variantes de bondage diff\u00e9rentes sans trop de transformations.<br\/>Plus de tension, plus de contr\u00f4le &#8211; parfait pour des sessions intenses et excitantes.<\/p>\n\n\n\n<p class=\"has-ast-global-color-4-color has-text-color has-link-color wp-elements-153e8d50f8f1ff59fad0f5cd885f1883\">Vous pouvez voir cet article ici : <a href=\"https:\/\/www.bondage-furniture-magazine.com\/collections\/one-bench-one-chair-set-three-attractive-options-hardly-any-conversion-required-part-1?locale=en\" target=\"_blank\" rel=\"noreferrer noopener\">ANGLAIS<\/a> \/ <a href=\"https:\/\/www.bondage-furniture-magazine.com\/collections\/one-bench-one-chair-set-three-attractive-options-hardly-any-conversion-required-part-1?locale=de\" target=\"_blank\" rel=\"noreferrer noopener\">ALLEMAND<\/a><\/p>\n<\/div>\n<\/div>\n\n<p><\/p>\n\n<div class=\"wp-block-columns is-layout-flex wp-container-core-columns-is-layout-28f84493 wp-block-columns-is-layout-flex\">\n<div class=\"wp-block-column is-layout-flow wp-block-column-is-layout-flow\" style=\"flex-basis:33.33%\">\n<figure class=\"wp-block-image size-full\"><a href=\"https:\/\/www.bondage-furniture-magazine.com\/collections\/mia-s-sofa-version-of-the-bondage-chair-part-2?locale=en\" target=\"_blank\" rel=\" noreferrer noopener\"><img loading=\"lazy\" decoding=\"async\" width=\"536\" height=\"538\" src=\"https:\/\/bondagefurniture.eu\/wp-content\/uploads\/2025\/09\/Screenshot-2025-09-28-at-21-10-11-Bondage-Furniture-THE-MAGAZINE-Mias-Sofa-Variante-des.png\" alt=\"\" class=\"wp-image-6672\" srcset=\"https:\/\/bondagefurniture.eu\/wp-content\/uploads\/2025\/09\/Screenshot-2025-09-28-at-21-10-11-Bondage-Furniture-THE-MAGAZINE-Mias-Sofa-Variante-des.png 536w, https:\/\/bondagefurniture.eu\/wp-content\/uploads\/2025\/09\/Screenshot-2025-09-28-at-21-10-11-Bondage-Furniture-THE-MAGAZINE-Mias-Sofa-Variante-des-300x300.png 300w, https:\/\/bondagefurniture.eu\/wp-content\/uploads\/2025\/09\/Screenshot-2025-09-28-at-21-10-11-Bondage-Furniture-THE-MAGAZINE-Mias-Sofa-Variante-des-150x150.png 150w, https:\/\/bondagefurniture.eu\/wp-content\/uploads\/2025\/09\/Screenshot-2025-09-28-at-21-10-11-Bondage-Furniture-THE-MAGAZINE-Mias-Sofa-Variante-des-100x100.png 100w\" sizes=\"auto, (max-width: 536px) 100vw, 536px\" \/><\/a><\/figure>\n<\/div>\n\n\n\n<div class=\"wp-block-column is-layout-flow wp-block-column-is-layout-flow\" style=\"flex-basis:66.66%\">\n<h3 class=\"wp-block-heading\">La version canap\u00e9 de la chaise de bondage de Mia &#8211; Partie 2<\/h3>\n\n\n\n<p>C&rsquo;est reparti&#8230; et cette fois-ci, \u00e7a va \u00eatre vraiment m\u00e9chant \ud83d\ude08<br\/>Lukas vous montre d&rsquo;abord comment transformer la chaise en un v\u00e9ritable d\u00e9fi avec une pi\u00e8ce suppl\u00e9mentaire pointue. Ensuite, il met la cha\u00eene sous tension avec notre syst\u00e8me de bondage \u26d3\ufe0f\ud83e\udd75 &#8211; le tout expliqu\u00e9 clairement et bien s\u00fbr non censur\u00e9 \ud83c\udfa5. <\/p>\n\n\n\n<p>Et ensuite ? \ud83d\ude0f Notre Mia doit tout endurer &#8211; \u00e0 fleur de peau, intens\u00e9ment et si chaudement que vous aurez certainement envie de l&rsquo;essayer vous-m\u00eame \ud83d\udd25\ud83d\udc8b <\/p>\n\n\n\n<p>Vous pouvez voir cet article ici : <a href=\"https:\/\/www.bondage-furniture-magazine.com\/collections\/mia-s-sofa-version-of-the-bondage-chair-part-2?locale=en\" target=\"_blank\" rel=\"noopener\" title=\"\">ANGLAIS<\/a> \/ <a href=\"https:\/\/www.bondage-furniture-magazine.com\/collections\/mia-s-sofa-version-of-the-bondage-chair-part-2\" target=\"_blank\" rel=\"noopener\" title=\"\">ALLEMAND<\/a><\/p>\n<\/div>\n<\/div>\n\n<p class=\"has-ast-global-color-3-color has-text-color has-link-color has-medium-font-size wp-elements-57d8ad0a58814e20856e3957927efa72\"><\/p>\n\n<div class=\"wp-block-columns has-ast-global-color-0-background-color has-background is-layout-flex wp-container-core-columns-is-layout-28f84493 wp-block-columns-is-layout-flex\">\n<div class=\"wp-block-column is-layout-flow wp-block-column-is-layout-flow\" style=\"flex-basis:33.33%\">\n<figure class=\"wp-block-image size-full\"><img loading=\"lazy\" decoding=\"async\" width=\"621\" height=\"621\" src=\"https:\/\/bondagefurniture.eu\/wp-content\/uploads\/2025\/09\/Screenshot-2025-09-28-at-21-20-19-Bondage-Furniture-THE-MAGAZINE-All-in-latex-Sophie-standing.png\" alt=\"\" class=\"wp-image-6687\" srcset=\"https:\/\/bondagefurniture.eu\/wp-content\/uploads\/2025\/09\/Screenshot-2025-09-28-at-21-20-19-Bondage-Furniture-THE-MAGAZINE-All-in-latex-Sophie-standing.png 621w, https:\/\/bondagefurniture.eu\/wp-content\/uploads\/2025\/09\/Screenshot-2025-09-28-at-21-20-19-Bondage-Furniture-THE-MAGAZINE-All-in-latex-Sophie-standing-300x300.png 300w, https:\/\/bondagefurniture.eu\/wp-content\/uploads\/2025\/09\/Screenshot-2025-09-28-at-21-20-19-Bondage-Furniture-THE-MAGAZINE-All-in-latex-Sophie-standing-150x150.png 150w, https:\/\/bondagefurniture.eu\/wp-content\/uploads\/2025\/09\/Screenshot-2025-09-28-at-21-20-19-Bondage-Furniture-THE-MAGAZINE-All-in-latex-Sophie-standing-100x100.png 100w\" sizes=\"auto, (max-width: 621px) 100vw, 621px\" \/><\/figure>\n<\/div>\n\n\n\n<div class=\"wp-block-column is-layout-flow wp-block-column-is-layout-flow\" style=\"flex-basis:66.66%\">\n<h3 class=\"wp-block-heading has-ast-global-color-4-color has-text-color has-link-color wp-elements-fa1acd6c8e528881a6536ed7117e0cac\">Tout en latex &#8211; Sophie debout fix\u00e9e \u00e0 la table de bondage<\/h3>\n\n\n\n<p class=\"has-ast-global-color-5-color has-text-color has-link-color wp-elements-8d4aef7f8569537ed5dba3c5368f18b3\">Avec cette variante, vous transformez rapidement notre lit de bondage ou notre bureau en un nouveau setup favori !<br\/>Vous n&rsquo;avez besoin que du <strong>set de chaises avec barre d&rsquo;\u00e9cartement<\/strong> &#8211; et pour la barre d&rsquo;\u00e9cartement sup\u00e9rieure, vous pouvez facilement utiliser le tube d&rsquo;acier de 80 cm du set.<br\/><strong>Le r\u00e9sultat :<\/strong> un set chaud \ud83d\udd25 qui vous permet m\u00eame d&rsquo;immobiliser <strong>deux personnes en m\u00eame temps<\/strong>.<br\/>Parfait pour tous ceux qui veulent rendre leurs sessions encore plus cr\u00e9atives et intenses.  <\/p>\n\n\n\n<p class=\"has-ast-global-color-4-color has-text-color has-link-color wp-elements-44d5aa710efd16b2cb5cf88a04e371a0\">Vous pouvez voir cet article ici : <a href=\"https:\/\/www.bondage-furniture-magazine.com\/collections\/all-in-latex-sophie-standing-fixed-to-the-bondage-couch?locale=en\" target=\"_blank\" rel=\"noopener\" title=\"\">ANGLAIS<\/a> \/ <a href=\"https:\/\/www.bondage-furniture-magazine.com\/collections\/all-in-latex-sophie-standing-fixed-to-the-bondage-couch?locale=de\" target=\"_blank\" rel=\"noopener\" title=\"\">ALLEMAND<\/a><\/p>\n<\/div>\n<\/div>\n","protected":false},"excerpt":{"rendered":"<p>Vid\u00e9os et plus de Bondage Furniture D\u00e9couvrez le Bondage Furniture Magazine \ud83d\ude08 Chez Bondage Furniture Magazine vous trouverez tout &#8211; [&hellip;]<\/p>\n","protected":false},"author":1,"featured_media":0,"parent":0,"menu_order":0,"comment_status":"closed","ping_status":"closed","template":"","meta":{"om_disable_all_campaigns":false,"_monsterinsights_skip_tracking":false,"_monsterinsights_sitenote_active":false,"_monsterinsights_sitenote_note":"","_monsterinsights_sitenote_category":0,"site-sidebar-layout":"no-sidebar","site-content-layout":"","ast-site-content-layout":"normal-width-container","site-content-style":"default","site-sidebar-style":"default","ast-global-header-display":"","ast-banner-title-visibility":"","ast-main-header-display":"","ast-hfb-above-header-display":"","ast-hfb-below-header-display":"","ast-hfb-mobile-header-display":"","site-post-title":"disabled","ast-breadcrumbs-content":"","ast-featured-img":"","footer-sml-layout":"","ast-disable-related-posts":"","theme-transparent-header-meta":"","adv-header-id-meta":"","stick-header-meta":"","header-above-stick-meta":"","header-main-stick-meta":"","header-below-stick-meta":"","astra-migrate-meta-layouts":"default","ast-page-background-enabled":"default","ast-page-background-meta":{"desktop":{"background-color":"var(--ast-global-color-4)","background-image":"","background-repeat":"repeat","background-position":"center center","background-size":"auto","background-attachment":"scroll","background-type":"","background-media":"","overlay-type":"","overlay-color":"","overlay-opacity":"","overlay-gradient":""},"tablet":{"background-color":"","background-image":"","background-repeat":"repeat","background-position":"center center","background-size":"auto","background-attachment":"scroll","background-type":"","background-media":"","overlay-type":"","overlay-color":"","overlay-opacity":"","overlay-gradient":""},"mobile":{"background-color":"","background-image":"","background-repeat":"repeat","background-position":"center center","background-size":"auto","background-attachment":"scroll","background-type":"","background-media":"","overlay-type":"","overlay-color":"","overlay-opacity":"","overlay-gradient":""}},"ast-content-background-meta":{"desktop":{"background-color":"var(--ast-global-color-5)","background-image":"","background-repeat":"repeat","background-position":"center center","background-size":"auto","background-attachment":"scroll","background-type":"","background-media":"","overlay-type":"","overlay-color":"","overlay-opacity":"","overlay-gradient":""},"tablet":{"background-color":"var(--ast-global-color-5)","background-image":"","background-repeat":"repeat","background-position":"center center","background-size":"auto","background-attachment":"scroll","background-type":"","background-media":"","overlay-type":"","overlay-color":"","overlay-opacity":"","overlay-gradient":""},"mobile":{"background-color":"var(--ast-global-color-5)","background-image":"","background-repeat":"repeat","background-position":"center center","background-size":"auto","background-attachment":"scroll","background-type":"","background-media":"","overlay-type":"","overlay-color":"","overlay-opacity":"","overlay-gradient":""}},"footnotes":""},"class_list":["post-2450","page","type-page","status-publish","hentry"],"aioseo_notices":[],"jetpack_sharing_enabled":true,"_links":{"self":[{"href":"https:\/\/bondagefurniture.eu\/fr\/wp-json\/wp\/v2\/pages\/2450","targetHints":{"allow":["GET"]}}],"collection":[{"href":"https:\/\/bondagefurniture.eu\/fr\/wp-json\/wp\/v2\/pages"}],"about":[{"href":"https:\/\/bondagefurniture.eu\/fr\/wp-json\/wp\/v2\/types\/page"}],"author":[{"embeddable":true,"href":"https:\/\/bondagefurniture.eu\/fr\/wp-json\/wp\/v2\/users\/1"}],"replies":[{"embeddable":true,"href":"https:\/\/bondagefurniture.eu\/fr\/wp-json\/wp\/v2\/comments?post=2450"}],"version-history":[{"count":27,"href":"https:\/\/bondagefurniture.eu\/fr\/wp-json\/wp\/v2\/pages\/2450\/revisions"}],"predecessor-version":[{"id":6728,"href":"https:\/\/bondagefurniture.eu\/fr\/wp-json\/wp\/v2\/pages\/2450\/revisions\/6728"}],"wp:attachment":[{"href":"https:\/\/bondagefurniture.eu\/fr\/wp-json\/wp\/v2\/media?parent=2450"}],"curies":[{"name":"wp","href":"https:\/\/api.w.org\/{rel}","templated":true}]}}